{"id":9798,"date":"2023-03-13T11:55:24","date_gmt":"2023-03-13T11:55:24","guid":{"rendered":"https:\/\/www.amorlingua.com\/?post_type=product&#038;p=9798"},"modified":"2023-03-13T12:13:15","modified_gmt":"2023-03-13T12:13:15","slug":"ljetni-kamp-njemackog-jezika-u-pakostanima-classic-program","status":"publish","type":"product","link":"https:\/\/amorlingua.com\/en\/\u0161kola\/ljetni-kamp-njemackog-jezika-u-pakostanima-classic-program\/","title":{"rendered":"Ljetni kamp njema\u010dkog jezika u Pako\u0161tanima-Classic program"},"content":{"rendered":"<h2>Ljetni kamp njema\u010dkog jezika u Pako\u0161tanima-Classic program<\/h2>\n<h3><strong>DATUM: 2.7.-16.7.2023.<\/strong><\/h3>\n<h3><strong>UZRAST: 9-17 godina<\/strong><\/h3>\n<h3><strong>SMJE\u0160TAJ: 1\/5 kolibe od trstike<\/strong><\/h3>\n<p class=\"_04xlpA direction-ltr align-justify para-style-body\"><span class=\"S1PPyQ\">Pako\u0161tane su predivno dalmatinsko mjesto bogate bioraznolikosti smje\u0161tene izme\u0111u mora i jezera. Neodoljivom \u0161armu ovog tipi\u010dnog dalmatinskog mjesta pridonosi blizina triju oto\u010di\u0107a (Sveta Ju\u0161tina, \u0160kolj i Babulja\u0161).<\/span><\/p>\n<p class=\"_04xlpA direction-ltr align-justify para-style-body\"><span class=\"S1PPyQ\">Ljetni kamp se nalazi u srcu prekrasne mediteranske borove \u0161ume. Smje\u0161taj je osiguran u \u0161armantnim kolibama od trstike koje omogu\u0107uju potpuno iskustvo kampiranja. U\u010denici su pod 24-satnim nadzorom iskusnog osoblja kampa Blue Butterfly. Osiguran je puni pansion koji uklju\u010duje buffet doru\u010dak, ru\u010dak, popodnevni vo\u0107ni snack, ve\u010deru.<\/span><\/p>\n<p class=\"_04xlpA direction-ltr align-justify para-style-body\"><span class=\"S1PPyQ\">U kampu se nalaze: ko\u0161arka\u0161ki teren, nogometni teren, teren za odbojku na pijesku, stolni tenis, tenis, SUP, kajak, aerobic, aquapark, badminton, streli\u010darstvo, bo\u0107anje, adrenalinski park, mini golf i mini gym.<\/span><\/p>\n<p>&nbsp;<\/p>\n<div><img fetchpriority=\"high\" decoding=\"async\" class=\"alignnone size-medium wp-image-9804\" src=\"https:\/\/amorlingua.com\/wp-content\/uploads\/2023\/03\/28052017230723_pine-beach-pakostane-bungalow-0973-300x200.jpg\" alt=\"\" width=\"300\" height=\"200\" srcset=\"https:\/\/amorlingua.com\/wp-content\/uploads\/2023\/03\/28052017230723_pine-beach-pakostane-bungalow-0973-300x200.jpg 300w, https:\/\/amorlingua.com\/wp-content\/uploads\/2023\/03\/28052017230723_pine-beach-pakostane-bungalow-0973-1024x683.jpg 1024w, https:\/\/amorlingua.com\/wp-content\/uploads\/2023\/03\/28052017230723_pine-beach-pakostane-bungalow-0973-768x512.jpg 768w, https:\/\/amorlingua.com\/wp-content\/uploads\/2023\/03\/28052017230723_pine-beach-pakostane-bungalow-0973-18x12.jpg 18w, https:\/\/amorlingua.com\/wp-content\/uploads\/2023\/03\/28052017230723_pine-beach-pakostane-bungalow-0973-600x400.jpg 600w, https:\/\/amorlingua.com\/wp-content\/uploads\/2023\/03\/28052017230723_pine-beach-pakostane-bungalow-0973.jpg 1536w\" sizes=\"(max-width: 300px) 100vw, 300px\" \/><\/div>\n<div><\/div>\n<div><\/div>\n<h3><strong>U CIJENU UKLJU\u010cENO:<\/strong><\/h3>\n<ul>\n<li><span class=\"S1PPyQ\">20 lekcija njema\u010dkog jezika tjedno<\/span><\/li>\n<li><span class=\"S1PPyQ\">smje\u0161taj u 1\/5 bungalovima<\/span><\/li>\n<li><span class=\"S1PPyQ\">puni pansion<\/span><\/li>\n<li><span class=\"S1PPyQ\">dnevna animacija<\/span><\/li>\n<li><span class=\"S1PPyQ\">ve\u010dernji program na njema\u010dkom jeziku (filmske, kviza\u0161ke, dance, party ve\u010deri)<\/span><\/li>\n<li><span class=\"S1PPyQ\">igre, turniri, radionice<\/span><\/li>\n<li><span class=\"S1PPyQ\">24-satni nadzor<\/span><\/li>\n<li><span class=\"S1PPyQ\">materijal za u\u010denje<\/span><\/li>\n<li><span class=\"S1PPyQ\">lije\u010dni\u010dka skrb<\/span><\/li>\n<li><span class=\"S1PPyQ\">diploma<\/span><\/li>\n<\/ul>\n<p>&nbsp;<\/p>\n<h4 class=\"_04xlpA direction-ltr align-start para-style-body\"><strong><span class=\"S1PPyQ\">Dodatne aktivnosti <\/span><\/strong><strong><span class=\"S1PPyQ\">uklju\u010dene u paket:<\/span><\/strong><\/h4>\n<p class=\"_04xlpA direction-ltr align-start para-style-body\"><span class=\"S1PPyQ\">Adrenalinski park, SUP, kajak, aerobic, aquapark, badminton, streli\u010darstvo, bo\u0107anje, mini golf i mini gym, ko\u0161arka, nogomet, odbojka na pijesku, stolni tenis, tenis&#8230;<\/span><\/p>\n<p>&nbsp;<\/p>\n<div>\n<h3><strong>CIJENA NE UKLJU\u010cUJE<\/strong>:<\/h3>\n<ul>\n<li>insurance<\/li>\n<li>excursions<\/li>\n<li>prijevoz<\/li>\n<\/ul>\n<p>&nbsp;<\/p>\n<p><img decoding=\"async\" class=\"alignnone size-medium wp-image-9806\" src=\"https:\/\/amorlingua.com\/wp-content\/uploads\/2023\/03\/Lucian-Drambarean-5-300x225.jpg\" alt=\"\" width=\"300\" height=\"225\" srcset=\"https:\/\/amorlingua.com\/wp-content\/uploads\/2023\/03\/Lucian-Drambarean-5-300x225.jpg 300w, https:\/\/amorlingua.com\/wp-content\/uploads\/2023\/03\/Lucian-Drambarean-5-768x576.jpg 768w, https:\/\/amorlingua.com\/wp-content\/uploads\/2023\/03\/Lucian-Drambarean-5-16x12.jpg 16w, https:\/\/amorlingua.com\/wp-content\/uploads\/2023\/03\/Lucian-Drambarean-5-600x450.jpg 600w, https:\/\/amorlingua.com\/wp-content\/uploads\/2023\/03\/Lucian-Drambarean-5.jpg 1008w\" sizes=\"(max-width: 300px) 100vw, 300px\" \/><\/p>\n<h3><\/h3>\n<h3><strong>DODATNI IZLETI:<\/strong><\/h3>\n<ul>\n<li>NP Krka -75\u20ac<\/li>\n<li>\u0160ibenik i sokolarski centar &#8211; 65\u20ac<\/li>\n<li>Zadar i Nin- 65\u20ac<\/li>\n<li>Split i\u00a0 Trogir- 75\u20ac<\/li>\n<\/ul>\n<\/div>","protected":false},"excerpt":{"rendered":"<p>Ljetni kamp njema\u010dkog jezika u Pako\u0161tanima-Classic program DATUM: 2.7.-16.7.2023. UZRAST: 9-17 godina SMJE\u0160TAJ: 1\/5 kolibe od trstike Pako\u0161tane su predivno dalmatinsko mjesto bogate bioraznolikosti smje\u0161tene izme\u0111u mora i jezera. Neodoljivom \u0161armu ovog tipi\u010dnog dalmatinskog mjesta pridonosi blizina triju oto\u010di\u0107a (Sveta Ju\u0161tina, \u0160kolj i Babulja\u0161). Ljetni kamp se nalazi u srcu prekrasne mediteranske borove \u0161ume. Smje\u0161taj [&hellip;]<\/p>\n","protected":false},"featured_media":9802,"template":"","meta":{"om_disable_all_campaigns":false,"_monsterinsights_skip_tracking":false,"_monsterinsights_sitenote_active":false,"_monsterinsights_sitenote_note":"","_monsterinsights_sitenote_category":0,"_uf_show_specific_survey":0,"_uf_disable_surveys":false,"h5ap_radio_sources":[]},"product_brand":[],"product_cat":[364,365],"product_tag":[],"class_list":{"0":"post-9798","1":"product","2":"type-product","3":"status-publish","4":"has-post-thumbnail","6":"product_cat-blue-butterfly","7":"product_cat-blue-butterfly-blue-butterfly","9":"entry","10":"has-media","12":"first","13":"instock","14":"shipping-taxable","15":"purchasable","16":"product-type-simple","17":"has-product-nav","18":"col","19":"span_1_of_3","20":"owp-content-center","21":"owp-thumbs-layout-horizontal","22":"owp-btn-big","23":"owp-tabs-layout-section"},"_links":{"self":[{"href":"https:\/\/amorlingua.com\/en\/wp-json\/wp\/v2\/product\/9798","targetHints":{"allow":["GET"]}}],"collection":[{"href":"https:\/\/amorlingua.com\/en\/wp-json\/wp\/v2\/product"}],"about":[{"href":"https:\/\/amorlingua.com\/en\/wp-json\/wp\/v2\/types\/product"}],"wp:featuredmedia":[{"embeddable":true,"href":"https:\/\/amorlingua.com\/en\/wp-json\/wp\/v2\/media\/9802"}],"wp:attachment":[{"href":"https:\/\/amorlingua.com\/en\/wp-json\/wp\/v2\/media?parent=9798"}],"wp:term":[{"taxonomy":"product_brand","embeddable":true,"href":"https:\/\/amorlingua.com\/en\/wp-json\/wp\/v2\/product_brand?post=9798"},{"taxonomy":"product_cat","embeddable":true,"href":"https:\/\/amorlingua.com\/en\/wp-json\/wp\/v2\/product_cat?post=9798"},{"taxonomy":"product_tag","embeddable":true,"href":"https:\/\/amorlingua.com\/en\/wp-json\/wp\/v2\/product_tag?post=9798"}],"curies":[{"name":"wp","href":"https:\/\/api.w.org\/{rel}","templated":true}]}}