{"id":9745,"date":"2023-03-13T09:31:03","date_gmt":"2023-03-13T09:31:03","guid":{"rendered":"https:\/\/www.amorlingua.com\/?post_type=product&#038;p=9745"},"modified":"2023-03-13T10:45:21","modified_gmt":"2023-03-13T10:45:21","slug":"americki-ljetni-kamp-engleskog-jezika-u-plitvickim-jezerima-classic-program","status":"publish","type":"product","link":"https:\/\/amorlingua.com\/en\/\u0161kola\/americki-ljetni-kamp-engleskog-jezika-u-plitvickim-jezerima-classic-program\/","title":{"rendered":"Ameri\u010dki ljetni kamp engleskog jezika u Plitvi\u010dkim jezerima &#8211; Classic program"},"content":{"rendered":"<h2>Ameri\u010dki ljetni kamp engleskog jezika u Plitvi\u010dkim jezerima &#8211; Classic program<\/h2>\n<p><strong>Blue Butterfly me\u0111unarodni ljetni<\/strong>\u00a0<strong>kamp engleskog jezika<br \/>\n<\/strong><\/p>\n<h4>Ameri\u010dki ljetni kamp engleskog jezika nalazi se u Plitvi\u010dkim jezerima. Kamp se odr\u017eava u Plitvice Holiday Resortu s 4 zvjezdice. Polaznici imaju mogu\u0107nost odabira smje\u0161taja: Indijski \u0161atori ili paviljon Jelena.<\/h4>\n<h1>NOVO!<\/h1>\n<h2>Cijena: 750 \u20ac<\/h2>\n<ul class=\"custom-attributes\">\n<li><strong><span class=\"attribute-label\">Termin: 1.7.-15.7.2023.<\/span><\/strong><span class=\"attribute-value\"><br \/>\n<\/span><\/li>\n<li class=\"location savudrija-croatia\"><span class=\"attribute-label\">Lokacija: Plitvi\u010dka jezera<\/span><\/li>\n<li class=\"age 9-17\"><span class=\"attribute-label\">Uzrast 9<\/span><span class=\"attribute-value\">\u00a0\u2013 17<\/span><\/li>\n<li class=\"minimum-duration-of-stay 2-weeks\"><span class=\"attribute-label\">Minimal stay:<\/span><span class=\"attribute-value\"> 1 week<\/span><\/li>\n<li class=\"teachers native-speakers\"><span class=\"attribute-label\">Professors: <\/span><span class=\"attribute-value\">native speakers from the United States<\/span><\/li>\n<\/ul>\n<p><img fetchpriority=\"high\" decoding=\"async\" class=\"alignnone size-medium wp-image-9774\" src=\"https:\/\/amorlingua.com\/wp-content\/uploads\/2023\/03\/tipi_satori2_plitvice-holiday-resort-1-1-300x174.jpg\" alt=\"\" width=\"300\" height=\"174\" srcset=\"https:\/\/amorlingua.com\/wp-content\/uploads\/2023\/03\/tipi_satori2_plitvice-holiday-resort-1-1-300x174.jpg 300w, https:\/\/amorlingua.com\/wp-content\/uploads\/2023\/03\/tipi_satori2_plitvice-holiday-resort-1-1-1024x593.jpg 1024w, https:\/\/amorlingua.com\/wp-content\/uploads\/2023\/03\/tipi_satori2_plitvice-holiday-resort-1-1-768x445.jpg 768w, https:\/\/amorlingua.com\/wp-content\/uploads\/2023\/03\/tipi_satori2_plitvice-holiday-resort-1-1-18x10.jpg 18w, https:\/\/amorlingua.com\/wp-content\/uploads\/2023\/03\/tipi_satori2_plitvice-holiday-resort-1-1-600x347.jpg 600w, https:\/\/amorlingua.com\/wp-content\/uploads\/2023\/03\/tipi_satori2_plitvice-holiday-resort-1-1.jpg 1235w\" sizes=\"(max-width: 300px) 100vw, 300px\" \/><\/p>\n<p>&nbsp;<\/p>\n<h3 class=\"et_pb_text_inner\">Ljetni kamp Blue Butterfly odr\u017eava se u Plitvice Holiday Resortu &#8211; u Indijanskom selu.<\/h3>\n<div class=\"et_pb_module et_pb_text et_pb_text_9 et_pb_text_align_left et_pb_bg_layout_dark\">\n<div class=\"et_pb_text_inner\">\n<p id=\"tw-target-text\" class=\"tw-data-text tw-text-large tw-ta\" dir=\"ltr\" data-placeholder=\"Prijevod\"><span class=\"Y2IQFc\" lang=\"hr\">Postoje 2 vrste smje\u0161taja: indijanski \u0161atori i dvokrevetne sobe u paviljonima. Indijansko selo sastavljeno je od ukupno 6 tipi \u0161atora po uzoru na prave \u0161atore indijanskih plemena, idealni za pravi avanturisti\u010dki odmor! U neposrednoj blizini indijanskog sela nalazi se dje\u010dje igrali\u0161te i novoizgra\u0111eni bazen. Prepustite se prirodi i provedite nezaboravne trenutke u na\u0161em indijanskom selu. Polaznici koriste zajedni\u010dku kupaonicu u neposrednoj blizini tipi \u0161atora.<\/span><\/p>\n<h3>Opis indijanskog \u0161atora:<\/h3>\n<div class=\"et_pb_module et_pb_text et_pb_text_10 list_wrapper et_pb_text_align_left et_pb_bg_layout_dark\">\n<div class=\"et_pb_text_inner\">\n<ul>\n<li>Kapacitet: 4 osobe<\/li>\n<li>\u010cetiri unikatna sanduka za odje\u0107u<\/li>\n<li>Stol sa 4 stolice<\/li>\n<li>Struja<\/li>\n<li>Besplatan WiFi<\/li>\n<\/ul>\n<p><img decoding=\"async\" class=\"alignnone size-medium wp-image-9772\" src=\"https:\/\/amorlingua.com\/wp-content\/uploads\/2023\/03\/UCR5064-2-\u2013-kopija-640x408-1-1-300x191.jpg\" alt=\"\" width=\"300\" height=\"191\" srcset=\"https:\/\/amorlingua.com\/wp-content\/uploads\/2023\/03\/UCR5064-2-\u2013-kopija-640x408-1-1-300x191.jpg 300w, https:\/\/amorlingua.com\/wp-content\/uploads\/2023\/03\/UCR5064-2-\u2013-kopija-640x408-1-1-18x12.jpg 18w, https:\/\/amorlingua.com\/wp-content\/uploads\/2023\/03\/UCR5064-2-\u2013-kopija-640x408-1-1-600x383.jpg 600w, https:\/\/amorlingua.com\/wp-content\/uploads\/2023\/03\/UCR5064-2-\u2013-kopija-640x408-1-1.jpg 640w\" sizes=\"(max-width: 300px) 100vw, 300px\" \/><\/p>\n<\/div>\n<\/div>\n<h4 id=\"tw-target-text\" class=\"tw-data-text tw-text-large tw-ta\" dir=\"ltr\" data-placeholder=\"Prijevod\"><span class=\"Y2IQFc\" lang=\"hr\">U paviljonu \u201cJelena\u201d nalazi se <\/span><span class=\"Y2IQFc\" lang=\"hr\">16 dvokrevetnih soba s potpuno opremljenim kupaonicama i grijanjem za hladnije dane. Sve sobe opremljene su SAT TV-om kako bi Va\u0161 boravak bio \u0161to ugodniji.<\/span><\/h4>\n<h3 class=\"tw-data-text tw-text-large tw-ta\" dir=\"ltr\" data-placeholder=\"Prijevod\"><span class=\"Y2IQFc\" lang=\"hr\">Opis soba \u201cJelena\u201d: <\/span><\/h3>\n<ul>\n<li class=\"tw-data-text tw-text-large tw-ta\" dir=\"ltr\" data-placeholder=\"Prijevod\"><span class=\"Y2IQFc\" lang=\"hr\">Bra\u010dni krevet ili dva spojena le\u017eaja\u00a0<\/span><\/li>\n<li class=\"tw-data-text tw-text-large tw-ta\" dir=\"ltr\" data-placeholder=\"Prijevod\"><span class=\"Y2IQFc\" lang=\"hr\">SAT TV <\/span><\/li>\n<li class=\"tw-data-text tw-text-large tw-ta\" dir=\"ltr\" data-placeholder=\"Prijevod\"><span class=\"Y2IQFc\" lang=\"hr\">Centralno grijanje <\/span><\/li>\n<li class=\"tw-data-text tw-text-large tw-ta\" dir=\"ltr\" data-placeholder=\"Prijevod\"><span class=\"Y2IQFc\" lang=\"hr\">Klimatizacija <\/span><\/li>\n<li class=\"tw-data-text tw-text-large tw-ta\" dir=\"ltr\" data-placeholder=\"Prijevod\"><span class=\"Y2IQFc\" lang=\"hr\">Minibar <\/span><\/li>\n<li class=\"tw-data-text tw-text-large tw-ta\" dir=\"ltr\" data-placeholder=\"Prijevod\"><span class=\"Y2IQFc\" lang=\"hr\">Sef, su\u0161ilo za kosu <\/span><\/li>\n<li class=\"tw-data-text tw-text-large tw-ta\" dir=\"ltr\" data-placeholder=\"Prijevod\"><span class=\"Y2IQFc\" lang=\"hr\">Tu\u0161 kabina u kupaonici<\/span><\/li>\n<\/ul>\n<\/div>\n<\/div>\n<div><img decoding=\"async\" class=\"alignnone size-medium wp-image-9757\" src=\"https:\/\/amorlingua.com\/wp-content\/uploads\/2023\/03\/PLITVICE-HOLIDAY-RESORT-49-300x200.jpg\" alt=\"\" width=\"300\" height=\"200\" srcset=\"https:\/\/amorlingua.com\/wp-content\/uploads\/2023\/03\/PLITVICE-HOLIDAY-RESORT-49-300x200.jpg 300w, https:\/\/amorlingua.com\/wp-content\/uploads\/2023\/03\/PLITVICE-HOLIDAY-RESORT-49-1024x683.jpg 1024w, https:\/\/amorlingua.com\/wp-content\/uploads\/2023\/03\/PLITVICE-HOLIDAY-RESORT-49-768x512.jpg 768w, https:\/\/amorlingua.com\/wp-content\/uploads\/2023\/03\/PLITVICE-HOLIDAY-RESORT-49-1536x1024.jpg 1536w, https:\/\/amorlingua.com\/wp-content\/uploads\/2023\/03\/PLITVICE-HOLIDAY-RESORT-49-2048x1365.jpg 2048w, https:\/\/amorlingua.com\/wp-content\/uploads\/2023\/03\/PLITVICE-HOLIDAY-RESORT-49-18x12.jpg 18w, https:\/\/amorlingua.com\/wp-content\/uploads\/2023\/03\/PLITVICE-HOLIDAY-RESORT-49-600x400.jpg 600w\" sizes=\"(max-width: 300px) 100vw, 300px\" \/><\/div>\n<p>Osiguran je puni pansion koji uklju\u010duje buffet doru\u010dak, ru\u010dak, popodnevni vo\u0107ni snack, ve\u010dera.<\/p>\n<h3><strong>Raspored:<\/strong><\/h3>\n<ul>\n<li>7.30 &#8211; bu\u0111enje<\/li>\n<li>7.45 &#8211; tjelovje\u017eba<\/li>\n<li>8.00 &#8211; 8.30 &#8211; doru\u010dak<\/li>\n<li>9.00 -12.30 &#8211; nastava<\/li>\n<li>13.00 -13.30 &#8211; ru\u010dak<\/li>\n<li>14.00 &#8211; 16.00 radionice (izrada nakita, herbarij, dru\u0161tvene igre, vodeni sportovi&#8230;)<\/li>\n<li>17.00 &#8211; 19.00 kupanje uz pratnju animatora<\/li>\n<li>19.15 &#8211; 20.00 ve\u010dera<\/li>\n<li>20.00 &#8211; 22.30 &#8211; ve\u010dernji program (disco, karaoke, astronomija&#8230;)<\/li>\n<\/ul>\n<p>Jutarnji sati rezervirani su za tjelovje\u017ebu i u\u010denje, a popodnevni za sportske i dru\u0161tvene aktivnosti te razli\u010dite radionice.<\/p>\n<p><img loading=\"lazy\" decoding=\"async\" class=\"alignnone size-medium wp-image-9752\" src=\"https:\/\/amorlingua.com\/wp-content\/uploads\/2023\/03\/croatia-g7d5c0a311_1920-300x200.jpg\" alt=\"\" width=\"300\" height=\"200\" srcset=\"https:\/\/amorlingua.com\/wp-content\/uploads\/2023\/03\/croatia-g7d5c0a311_1920-300x200.jpg 300w, https:\/\/amorlingua.com\/wp-content\/uploads\/2023\/03\/croatia-g7d5c0a311_1920-1024x683.jpg 1024w, https:\/\/amorlingua.com\/wp-content\/uploads\/2023\/03\/croatia-g7d5c0a311_1920-768x512.jpg 768w, https:\/\/amorlingua.com\/wp-content\/uploads\/2023\/03\/croatia-g7d5c0a311_1920-1536x1024.jpg 1536w, https:\/\/amorlingua.com\/wp-content\/uploads\/2023\/03\/croatia-g7d5c0a311_1920-18x12.jpg 18w, https:\/\/amorlingua.com\/wp-content\/uploads\/2023\/03\/croatia-g7d5c0a311_1920-600x400.jpg 600w, https:\/\/amorlingua.com\/wp-content\/uploads\/2023\/03\/croatia-g7d5c0a311_1920.jpg 1920w\" sizes=\"(max-width: 300px) 100vw, 300px\" \/><\/p>\n<h3>Izleti:<\/h3>\n<ul>\n<li>Adrenalinski park Ogi: Olympijske igre &#8211; 40 \u20ac<\/li>\n<li>Paintball &#8211; 60\u20ac<\/li>\n<li>Bara\u0107eve \u0161pilje &#8211;\u00a0 31 \u20ac<\/li>\n<li>Np Plitiv\u010dka jezera 35 \u20ac<\/li>\n<li>Kayaking 70 \u20ac<\/li>\n<li>Konji\u010dki centar Fairyland 60 \u20ac<\/li>\n<li>Dolina Jelena 40 \u20ac<\/li>\n<\/ul>\n<p><img loading=\"lazy\" decoding=\"async\" class=\"alignnone size-medium wp-image-9766\" src=\"https:\/\/amorlingua.com\/wp-content\/uploads\/2023\/03\/Paintball-300x225.jpg\" alt=\"\" width=\"300\" height=\"225\" srcset=\"https:\/\/amorlingua.com\/wp-content\/uploads\/2023\/03\/Paintball-300x225.jpg 300w, https:\/\/amorlingua.com\/wp-content\/uploads\/2023\/03\/Paintball-1024x768.jpg 1024w, https:\/\/amorlingua.com\/wp-content\/uploads\/2023\/03\/Paintball-768x576.jpg 768w, https:\/\/amorlingua.com\/wp-content\/uploads\/2023\/03\/Paintball-1536x1152.jpg 1536w, https:\/\/amorlingua.com\/wp-content\/uploads\/2023\/03\/Paintball-16x12.jpg 16w, https:\/\/amorlingua.com\/wp-content\/uploads\/2023\/03\/Paintball-600x450.jpg 600w, https:\/\/amorlingua.com\/wp-content\/uploads\/2023\/03\/Paintball.jpg 1632w\" sizes=\"(max-width: 300px) 100vw, 300px\" \/><\/p>\n<h3><strong>Price includes:<\/strong><\/h3>\n<ul>\n<li>18 lekcija engleskog jezika tjedno (1 lekcija = 50 minuta)<\/li>\n<li>profesori su izvorni govornici iz SAD-a<\/li>\n<li>izlet na Rastoke<\/li>\n<li>slu\u017ebeni jezik kampa: engleski<\/li>\n<li>smje\u0161taj u 1\/4 indijanskim \u0161atorima<\/li>\n<li>puni pansion (doru\u010dak, ru\u010dak, ve\u010dera, u\u017eina)<\/li>\n<li>dnevna animacija na engleskom jeziku<\/li>\n<li>ve\u010dernji program na engleskom jeziku (filmske, kviza\u0161ke, dance, party ve\u010deri)<\/li>\n<li>programs of social, cultural and sports activities<\/li>\n<li>sportske aktivnosti (yoga, tjelovje\u017eba, plivanje&#8230;)<\/li>\n<li>igre, turniri, natjecanja i druge aktivnosti<\/li>\n<li>umjetni\u010dke radionice<\/li>\n<li>24-hour supervision, study material<\/li>\n<li>bed linen<\/li>\n<li>lije\u010dni\u010dka skrb<\/li>\n<li>diploma and certificate<\/li>\n<\/ul>\n<p>&nbsp;<\/p>\n<h3><strong>Cijena ne uklju\u010duje:<\/strong><\/h3>\n<ul>\n<li>Izlete<\/li>\n<li>Nadoplata za smje\u0161taj u paviljonu &#8220;Jelena&#8221; u iznosu od 200,00 \u20ac\/tjedan<\/li>\n<li>Transfere<\/li>\n<li>Osiguranje<\/li>\n<li>Prijevoz iz Zagreba<\/li>\n<\/ul>\n<p>&nbsp;<\/p>\n<p><strong>Prijevoz: cijena po osobi i po smjeru iz Zagreba: 50\u20ac<\/strong><\/p>","protected":false},"excerpt":{"rendered":"<p>Ameri\u010dki ljetni kamp engleskog jezika u Plitvi\u010dkim jezerima &#8211; Classic program Blue Butterfly me\u0111unarodni ljetni\u00a0kamp engleskog jezika Ameri\u010dki ljetni kamp engleskog jezika nalazi se u Plitvi\u010dkim jezerima. Kamp se odr\u017eava u Plitvice Holiday Resortu s 4 zvjezdice. Polaznici imaju mogu\u0107nost odabira smje\u0161taja: Indijski \u0161atori ili paviljon Jelena. NOVO! Cijena: 750 \u20ac Termin: 1.7.-15.7.2023. Lokacija: Plitvi\u010dka [&hellip;]<\/p>\n","protected":false},"featured_media":9774,"template":"","meta":{"om_disable_all_campaigns":false,"_monsterinsights_skip_tracking":false,"_monsterinsights_sitenote_active":false,"_monsterinsights_sitenote_note":"","_monsterinsights_sitenote_category":0,"_uf_show_specific_survey":0,"_uf_disable_surveys":false,"h5ap_radio_sources":[]},"product_brand":[],"product_cat":[364,365],"product_tag":[],"class_list":{"0":"post-9745","1":"product","2":"type-product","3":"status-publish","4":"has-post-thumbnail","6":"product_cat-blue-butterfly","7":"product_cat-blue-butterfly-blue-butterfly","9":"entry","10":"has-media","12":"first","13":"instock","14":"shipping-taxable","15":"purchasable","16":"product-type-simple","17":"has-product-nav","18":"col","19":"span_1_of_3","20":"owp-content-center","21":"owp-thumbs-layout-horizontal","22":"owp-btn-big","23":"owp-tabs-layout-section"},"_links":{"self":[{"href":"https:\/\/amorlingua.com\/en\/wp-json\/wp\/v2\/product\/9745","targetHints":{"allow":["GET"]}}],"collection":[{"href":"https:\/\/amorlingua.com\/en\/wp-json\/wp\/v2\/product"}],"about":[{"href":"https:\/\/amorlingua.com\/en\/wp-json\/wp\/v2\/types\/product"}],"wp:featuredmedia":[{"embeddable":true,"href":"https:\/\/amorlingua.com\/en\/wp-json\/wp\/v2\/media\/9774"}],"wp:attachment":[{"href":"https:\/\/amorlingua.com\/en\/wp-json\/wp\/v2\/media?parent=9745"}],"wp:term":[{"taxonomy":"product_brand","embeddable":true,"href":"https:\/\/amorlingua.com\/en\/wp-json\/wp\/v2\/product_brand?post=9745"},{"taxonomy":"product_cat","embeddable":true,"href":"https:\/\/amorlingua.com\/en\/wp-json\/wp\/v2\/product_cat?post=9745"},{"taxonomy":"product_tag","embeddable":true,"href":"https:\/\/amorlingua.com\/en\/wp-json\/wp\/v2\/product_tag?post=9745"}],"curies":[{"name":"wp","href":"https:\/\/api.w.org\/{rel}","templated":true}]}}