{"id":7106,"date":"2022-09-08T10:42:17","date_gmt":"2022-09-08T10:42:17","guid":{"rendered":"https:\/\/www.amorlingua.com\/?post_type=product&#038;p=7106"},"modified":"2023-03-29T10:04:45","modified_gmt":"2023-03-29T10:04:45","slug":"asistent-za-upravljanje-projektima","status":"publish","type":"product","link":"https:\/\/amorlingua.com\/en\/\u0161kola\/asistent-za-upravljanje-projektima\/","title":{"rendered":"Asistent za upravljanje projektima \/ asistentica za upravljanje projektima"},"content":{"rendered":"<h1><strong>Asistent za upravljanje projektima \/ asistentica za upravljanje projektima<\/strong><\/h1>\n<p>&nbsp;<\/p>\n<p>Cijena programa: 751,61 \u20ac \/5663,00 kn<\/p>\n<p>Iznos vau\u010dera: 751,61 \u20ac\u00a0 \/5663,00 kn<\/p>\n<h3><strong>Besplatna edukacija uz upis s vau\u010derom HZZ-a!\u00a0 \u00a0 \u00a0 \u00a0 \u00a0 \u00a0<\/strong><\/h3>\n<h3><\/h3>\n<h3>\u00a0 <img fetchpriority=\"high\" decoding=\"async\" class=\"alignnone size-medium wp-image-4924\" src=\"https:\/\/amorlingua.com\/wp-content\/uploads\/2022\/03\/pexels-lukas-669609-300x199.jpg\" alt=\"Web dizajn &amp; Marketing\" width=\"300\" height=\"199\" srcset=\"https:\/\/amorlingua.com\/wp-content\/uploads\/2022\/03\/pexels-lukas-669609-300x199.jpg 300w, https:\/\/amorlingua.com\/wp-content\/uploads\/2022\/03\/pexels-lukas-669609-1024x678.jpg 1024w, https:\/\/amorlingua.com\/wp-content\/uploads\/2022\/03\/pexels-lukas-669609-768x509.jpg 768w, https:\/\/amorlingua.com\/wp-content\/uploads\/2022\/03\/pexels-lukas-669609-1536x1017.jpg 1536w, https:\/\/amorlingua.com\/wp-content\/uploads\/2022\/03\/pexels-lukas-669609-2048x1356.jpg 2048w, https:\/\/amorlingua.com\/wp-content\/uploads\/2022\/03\/pexels-lukas-669609-600x397.jpg 600w\" sizes=\"(max-width: 300px) 100vw, 300px\" \/><\/h3>\n<p>&nbsp;<\/p>\n<table width=\"100%\">\n<tbody>\n<tr>\n<td><strong>Program description<\/strong><\/td>\n<\/tr>\n<tr>\n<td>Program \u0107e polaznicima omogu\u0107iti stjecanje znanja i vje\u0161tina potrebnih za sudjelovanje u pripremi projekta u skladu s natje\u010dajima za dodjelu sredstava za financiranje projekta. Polaznici \u0107e mo\u0107i razlikovati vrste EU fondova i programa Europske unije te identificirati nadle\u017ene institucije u Republici Hrvatskoj u cilju pronala\u017eenja optimalnih izvora financiranja projekta. Polaznicima \u0107e se omogu\u0107iti stjecanje znanja i vje\u0161tina potrebnih za sudjelovanje u svim fazama projektnog ciklusa. Polaznici \u0107e mo\u0107i izra\u0111ivati dokumentaciju u svim fazama projektnog ciklusa, odabirati na\u010dine komunikacija s dionicima projekta, izra\u0111ivati logi\u010dku matricu projekta i planirati marketin\u0161ke aktivnosti u cilju vidljivosti projekta. Uz navedeno, polaznici \u0107e mo\u0107i i izra\u0111ivati izvje\u0161\u0107a za sve faze projektnih aktivnosti. Polaznicima \u0107e se omogu\u0107iti stjecanje znanja i vje\u0161tina potrebnih za sudjelovanje u svim fazama provedbe postupka javne nabave. Polaznici \u0107e mo\u0107i razlikovati postupke javne nabave, poznavati slijed kreiranja dokumentacije u postupcima javne nabave te napraviti plan nabave. Uz navedeno, polaznici \u0107e mo\u0107i raspore\u0111ivati i arhivirati dokumente proiza\u0161le iz postupka javne nabave.<\/td>\n<\/tr>\n<\/tbody>\n<\/table>\n<p>&nbsp;<\/p>\n<table width=\"100%\">\n<tbody>\n<tr>\n<td><strong>Uvjeti upisa<\/strong><\/td>\n<\/tr>\n<tr>\n<td>Zavr\u0161etak srednjo\u0161kolskog obrazovanja u trajanju od \u010detiri ili vi\u0161e godina<\/td>\n<\/tr>\n<\/tbody>\n<\/table>\n<p>&nbsp;<\/p>\n<table width=\"100%\">\n<tbody>\n<tr>\n<td><strong>Na\u010din izvo\u0111enja nastave<\/strong><\/td>\n<\/tr>\n<tr>\n<td>Online<\/td>\n<\/tr>\n<\/tbody>\n<\/table>\n<p>&nbsp;<\/p>\n<table width=\"100%\">\n<tbody>\n<tr>\n<td><strong>Trajanje programa<\/strong><\/td>\n<\/tr>\n<tr>\n<td>350 sati od \u010dega su 102 sata vo\u0111eni proces u\u010denja i pou\u010davanja, 118 sata u\u010denje temeljeno na radu te 130 sata samostalne aktivnosti polaznika<\/td>\n<\/tr>\n<\/tbody>\n<\/table>\n<p>&nbsp;<\/p>\n<p><img decoding=\"async\" class=\"size-medium wp-image-1594 aligncenter\" src=\"https:\/\/amorlingua.com\/wp-content\/uploads\/2020\/10\/banner-small-rbc-student_402x-300x180.jpg\" alt=\"Konverzacijski te\u010daj - njema\u010dki jezik\" width=\"300\" height=\"180\" srcset=\"https:\/\/amorlingua.com\/wp-content\/uploads\/2020\/10\/banner-small-rbc-student_402x-300x180.jpg 300w, https:\/\/amorlingua.com\/wp-content\/uploads\/2020\/10\/banner-small-rbc-student_402x-1024x614.jpg 1024w, https:\/\/amorlingua.com\/wp-content\/uploads\/2020\/10\/banner-small-rbc-student_402x-768x461.jpg 768w, https:\/\/amorlingua.com\/wp-content\/uploads\/2020\/10\/banner-small-rbc-student_402x-600x360.jpg 600w, https:\/\/amorlingua.com\/wp-content\/uploads\/2020\/10\/banner-small-rbc-student_402x.jpg 1200w\" sizes=\"(max-width: 300px) 100vw, 300px\" \/><\/p>\n<table width=\"100%\">\n<tbody>\n<tr>\n<td><strong>Vje\u0161tina\/e koju polaznik usvaja programom<\/strong><\/td>\n<\/tr>\n<tr>\n<td>Kompetencije koje se programom stje\u010du:<br \/>\n1. sudjelovati u planiranju i provedbi projektnih aktivnosti u narednom periodu\/izvje\u0161tajnom razdoblju<br \/>\n2. planirati izradu potrebne dokumentacije vezanu uz projektne aktivnosti prema fazama projektnog prijedloga u svom podru\u010dju\/djelokrugu rada<br \/>\n3. odabirati na\u010dine komunikacije sa svim dionicima pri organizaciji rada, izvo\u0111enju poslovnih\/projektnih aktivnosti i rje\u0161avanju problema<br \/>\n4. osiguravati vidljivost projekta sukladno pravilima<br \/>\n5. sudjelovati u pra\u0107enju tro\u0161kova i osiguravanju likvidnosti u svim fazama projekta<br \/>\n6. upravljati e-dokumentima u cilju pru\u017eanja administrativne podr\u0161ke pri upravljanju projektom<br \/>\n7. sudjelovati u izradi izvje\u0161\u0107a o postignutim mjerljivim ishodima projekta i ostvarenosti projektnih ciljeva<br \/>\n8. identificirati faze provedbe projekta, svrhu, cilj i mjerljive ishode projekta<br \/>\n9. sudjelovati u izradi projektnog prijedloga\/projektne prijave za klijente (poduzetnike)<br \/>\n10. provoditi propisane normativne akte, procedure i standarde u poslovanju u svojem podru\u010dju\/djelokrugu rada<\/td>\n<\/tr>\n<\/tbody>\n<\/table>\n<p>&nbsp;<\/p>\n<p>&nbsp;<\/p>","protected":false},"excerpt":{"rendered":"<p>Asistent za upravljanje projektima \/ asistentica za upravljanje projektima &nbsp; Cijena programa: 751,61 \u20ac \/5663,00 kn Iznos vau\u010dera: 751,61 \u20ac\u00a0 \/5663,00 kn Besplatna edukacija uz upis s vau\u010derom HZZ-a!\u00a0 \u00a0 \u00a0 \u00a0 \u00a0 \u00a0 \u00a0 &nbsp; Opis programa Program \u0107e polaznicima omogu\u0107iti stjecanje znanja i vje\u0161tina potrebnih za sudjelovanje u pripremi projekta u skladu s [&hellip;]<\/p>\n","protected":false},"featured_media":1473,"template":"","meta":{"om_disable_all_campaigns":false,"_monsterinsights_skip_tracking":false,"_monsterinsights_sitenote_active":false,"_monsterinsights_sitenote_note":"","_monsterinsights_sitenote_category":0,"_uf_show_specific_survey":0,"_uf_disable_surveys":false,"h5ap_radio_sources":[]},"product_brand":[],"product_cat":[43],"product_tag":[398,93,98,397,399,400],"class_list":{"0":"post-7106","1":"product","2":"type-product","3":"status-publish","4":"has-post-thumbnail","6":"product_cat-vauceri-besplatno-obrazovanje","7":"product_tag-besplatno-obrazovanje","8":"product_tag-eu-fondovi","9":"product_tag-eu-projekti","10":"product_tag-obrazovanje","11":"product_tag-projekti","12":"product_tag-vauceri","14":"entry","15":"has-media","17":"first","18":"instock","19":"shipping-taxable","20":"product-type-simple","21":"has-product-nav","22":"col","23":"span_1_of_3","24":"owp-content-center","25":"owp-thumbs-layout-horizontal","26":"owp-btn-big","27":"owp-tabs-layout-section"},"_links":{"self":[{"href":"https:\/\/amorlingua.com\/en\/wp-json\/wp\/v2\/product\/7106","targetHints":{"allow":["GET"]}}],"collection":[{"href":"https:\/\/amorlingua.com\/en\/wp-json\/wp\/v2\/product"}],"about":[{"href":"https:\/\/amorlingua.com\/en\/wp-json\/wp\/v2\/types\/product"}],"wp:featuredmedia":[{"embeddable":true,"href":"https:\/\/amorlingua.com\/en\/wp-json\/wp\/v2\/media\/1473"}],"wp:attachment":[{"href":"https:\/\/amorlingua.com\/en\/wp-json\/wp\/v2\/media?parent=7106"}],"wp:term":[{"taxonomy":"product_brand","embeddable":true,"href":"https:\/\/amorlingua.com\/en\/wp-json\/wp\/v2\/product_brand?post=7106"},{"taxonomy":"product_cat","embeddable":true,"href":"https:\/\/amorlingua.com\/en\/wp-json\/wp\/v2\/product_cat?post=7106"},{"taxonomy":"product_tag","embeddable":true,"href":"https:\/\/amorlingua.com\/en\/wp-json\/wp\/v2\/product_tag?post=7106"}],"curies":[{"name":"wp","href":"https:\/\/api.w.org\/{rel}","templated":true}]}}