{"id":7105,"date":"2022-09-08T10:15:24","date_gmt":"2022-09-08T10:15:24","guid":{"rendered":"https:\/\/www.amorlingua.com\/?post_type=product&#038;p=7105"},"modified":"2023-03-29T09:34:18","modified_gmt":"2023-03-29T09:34:18","slug":"knjigovoda-knjigovotkinja","status":"publish","type":"product","link":"https:\/\/amorlingua.com\/en\/\u0161kola\/knjigovoda-knjigovotkinja\/","title":{"rendered":"Knjigovo\u0111a \/ knjigovotkinja"},"content":{"rendered":"<h1><strong>Knjigovo\u0111a \/Knjigovotkinja<\/strong><\/h1>\n<p>&nbsp;<\/p>\n<p>Cijena programa: 767,27 \u20ac\/ 5781,00 kn<\/p>\n<p>Iznos vau\u010dera:767,27 \u20ac \/ 5781,00 kn<\/p>\n<h3><strong>Besplatna edukacija uz upis s vau\u010derom HZZ-a!<\/strong><\/h3>\n<p><img fetchpriority=\"high\" decoding=\"async\" class=\"alignnone size-medium wp-image-3010\" src=\"https:\/\/amorlingua.com\/wp-content\/uploads\/2021\/06\/pexels-photo-3791185-1-300x200.jpeg\" alt=\"\" width=\"300\" height=\"200\" srcset=\"https:\/\/amorlingua.com\/wp-content\/uploads\/2021\/06\/pexels-photo-3791185-1-300x200.jpeg 300w, https:\/\/amorlingua.com\/wp-content\/uploads\/2021\/06\/pexels-photo-3791185-1-1024x683.jpeg 1024w, https:\/\/amorlingua.com\/wp-content\/uploads\/2021\/06\/pexels-photo-3791185-1-768x512.jpeg 768w, https:\/\/amorlingua.com\/wp-content\/uploads\/2021\/06\/pexels-photo-3791185-1-600x400.jpeg 600w, https:\/\/amorlingua.com\/wp-content\/uploads\/2021\/06\/pexels-photo-3791185-1.jpeg 1125w\" sizes=\"(max-width: 300px) 100vw, 300px\" \/><\/p>\n<table width=\"100%\">\n<tbody>\n<tr>\n<td><strong>Program description<\/strong><\/td>\n<\/tr>\n<tr>\n<td>Program \u0107e polaznicima omogu\u0107iti stjecanje znanja i vje\u0161tina potrebnih za izradu i provjeru ispravnosti knjigovodstvene dokumentacije i evidentiranje iste na kontima u osnovnim i pomo\u0107nim poslovnim knjigama, uz primjenu knjigovodstvenog softvera. Polaznici \u0107e mo\u0107i provesti popis imovine i obveza te podatke o inventurnim razlikama unijeti u poslovne knjige u skladu sa zakonskim propisima. Pri obavljanju navedenih aktivnosti polaznici \u0107e po\u0161tivati standarde u za\u0161titi i \u010duvanju povjerljivih podataka u svom podru\u010dju rada. Polaznicima \u0107e se omogu\u0107iti stjecanje znanja i vje\u0161tina potrebnih za evidentiranje poslovnih doga\u0111aja vezanih uz temeljne ra\u010dunovodstvene kategorije na osnovu vjerodostojnih isprava u osnovnim i pomo\u0107nim poslovnim knjigama primjenom kontnog plana, uz kori\u0161tenje knjigovodstvenog softvera. Polaznici \u0107e mo\u0107i provoditi i uskla\u0111ivati evidencije kupaca i dobavlja\u010da, imovine, potra\u017eivanja i obveza, evidentirati ulazne i izlazne ra\u010dune te pripremiti podatke za obra\u010dun PDV-a, izra\u010dunati kalkulaciju tro\u0161ka nabave i\/ili prodaje. Pri obavljanju navedenih aktivnosti polaznici \u0107e po\u0161tivati standarde u za\u0161titi i \u010duvanju povjerljivih podataka u svom podru\u010dju rada. Polaznicima \u0107e se omogu\u0107iti stjecanje znanja i vje\u0161tina potrebnih za obra\u010dun pla\u0107e, ostalih naknada i drugog dohotka zaposlenicima te izra\u0111ivanje podloge za izradu temeljnih financijskih izvje\u0161taja, uz primjenu knjigovodstvenog softvera. Polaznici \u0107e mo\u0107i u skladu sa zakonskim propisima obra\u010dunati pla\u0107u, ostale naknade i drugi dohodak te evidentirati tro\u0161kove, vremenska razgrani\u010denja, rashode i prihode u obra\u010dunskom razdoblju. Pri obavljanju navedenih aktivnosti polaznici \u0107e po\u0161tivati standarde u za\u0161titi i \u010duvanju povjerljivih podataka u svom podru\u010dju rada. Polaznicima \u0107e se omogu\u0107iti stjecanje znanja i vje\u0161tina potrebnih za provjeravanje ispravnosti zaprimljene dokumentacije, provo\u0111enje knji\u017eenja na osnovu knjigovodstvenih isprava te obra\u0111ivanje knjigovodstvenih i ra\u010dunovodstvenih podatka kori\u0161tenjem knjigovodstvenog softvera uz primjenu ergonomskih na\u010dela u uredskom poslovanju. Pri obavljanju navedenih aktivnosti polaznici \u0107e po\u0161tivati standarde u za\u0161titi i \u010duvanju povjerljivih podataka u svom podru\u010dju rada, kao i osobnih podataka, stranaka, klijenata, kupaca, dobavlja\u010da i poslovnih partnera.<\/td>\n<\/tr>\n<\/tbody>\n<\/table>\n<p>&nbsp;<\/p>\n<table width=\"100%\">\n<tbody>\n<tr>\n<td><strong>Uvjeti upisa<\/strong><\/td>\n<\/tr>\n<tr>\n<td>Zavr\u0161etak srednjo\u0161kolskog obrazovanja u trajanju od \u010detiri ili vi\u0161e godina<\/td>\n<\/tr>\n<\/tbody>\n<\/table>\n<p>&nbsp;<\/p>\n<table width=\"100%\">\n<tbody>\n<tr>\n<td><strong>Na\u010din izvo\u0111enja nastave<\/strong><\/td>\n<\/tr>\n<tr>\n<td>Online<\/td>\n<\/tr>\n<\/tbody>\n<\/table>\n<p>&nbsp;<\/p>\n<table width=\"100%\">\n<tbody>\n<tr>\n<td><strong>Trajanje programa<\/strong><\/td>\n<\/tr>\n<tr>\n<td>350 sati od \u010dega su 85 sati vo\u0111eni proces u\u010denja i pou\u010davanja, 140 sati u\u010denje temeljeno na radu te 125 sata samostalne aktivnosti polaznika<\/td>\n<\/tr>\n<\/tbody>\n<\/table>\n<p>&nbsp;<\/p>\n<p><img decoding=\"async\" class=\"alignnone size-medium wp-image-533 aligncenter\" src=\"https:\/\/amorlingua.com\/wp-content\/uploads\/2020\/07\/motivacijskopismo-300x201.jpg\" alt=\"\" width=\"300\" height=\"201\" srcset=\"https:\/\/amorlingua.com\/wp-content\/uploads\/2020\/07\/motivacijskopismo-300x201.jpg 300w, https:\/\/amorlingua.com\/wp-content\/uploads\/2020\/07\/motivacijskopismo-600x402.jpg 600w, https:\/\/amorlingua.com\/wp-content\/uploads\/2020\/07\/motivacijskopismo-1024x685.jpg 1024w, https:\/\/amorlingua.com\/wp-content\/uploads\/2020\/07\/motivacijskopismo-768x514.jpg 768w, https:\/\/amorlingua.com\/wp-content\/uploads\/2020\/07\/motivacijskopismo-1536x1028.jpg 1536w, https:\/\/amorlingua.com\/wp-content\/uploads\/2020\/07\/motivacijskopismo.jpg 1600w\" sizes=\"(max-width: 300px) 100vw, 300px\" \/><img decoding=\"async\" class=\"alignnone size-medium wp-image-2170 aligncenter\" src=\"https:\/\/amorlingua.com\/wp-content\/uploads\/2021\/02\/pexels-photo-262470-300x200.jpeg\" alt=\"\" width=\"300\" height=\"200\" srcset=\"https:\/\/amorlingua.com\/wp-content\/uploads\/2021\/02\/pexels-photo-262470-300x200.jpeg 300w, https:\/\/amorlingua.com\/wp-content\/uploads\/2021\/02\/pexels-photo-262470-1024x683.jpeg 1024w, https:\/\/amorlingua.com\/wp-content\/uploads\/2021\/02\/pexels-photo-262470-768x512.jpeg 768w, https:\/\/amorlingua.com\/wp-content\/uploads\/2021\/02\/pexels-photo-262470-1536x1024.jpeg 1536w, https:\/\/amorlingua.com\/wp-content\/uploads\/2021\/02\/pexels-photo-262470-2048x1365.jpeg 2048w, https:\/\/amorlingua.com\/wp-content\/uploads\/2021\/02\/pexels-photo-262470-600x400.jpeg 600w\" sizes=\"(max-width: 300px) 100vw, 300px\" \/><\/p>\n<table width=\"100%\">\n<tbody>\n<tr>\n<td><strong>Vje\u0161tina\/e koju polaznik usvaja programom<\/strong><\/td>\n<\/tr>\n<tr>\n<td>Kompetencije koje se programom stje\u010du<br \/>\n&#8211; provjeriti ispravnost zaprimljene dokumentacije (likvidatura) ovisno o sklopljenom ugovoru s klijentom<br \/>\n&#8211; provoditi popis imovine i obveza te uskla\u0111ivanje dobivenih podataka sa stvarnim podacima<br \/>\n&#8211; voditi blagajni\u010dki izvje\u0161taj, odgovarati za to\u010dnost blagajne i knji\u017eiti u financijskom ra\u010dunovodstvu<br \/>\n&#8211; obra\u010dunavati i refundirati tro\u0161kove po putnim nalozima<br \/>\n&#8211; zaprimiti i evidentirati ulazne ra\u010dune u knjizi ulaznih ra\u010duna<br \/>\n&#8211; izra\u010dunavati cijene zaliha<br \/>\n&#8211; izra\u0111ivati kalkulacije po nalogu<br \/>\n&#8211; obra\u010dunavati amortizaciju<br \/>\n&#8211; provesti knji\u017eenja na osnovu knjigovodstvenih isprava te obra\u0111ivanje knjigovodstvenih i ra\u010dunovodstvenih podatka<br \/>\n&#8211; obavljati uskla\u0111ivanja stanja imovine, potra\u017eivanja i obveza<br \/>\n&#8211; obra\u010dunavati i ispla\u0107ivati pla\u0107e i ostale naknade zaposlenicima<br \/>\n&#8211; a\u017eurirati izvje\u0161taje u aplikacijama<br \/>\n&#8211; izra\u0111ivati podlogu za redovna izvje\u0161\u0107a ili izvje\u0161\u0107a po nalogu za unutarnje i vanjske korisnike te nadle\u017ene institucije<br \/>\n&#8211; komunicirati s poslovnim partnerima u svojem podru\u010dju\/djelokrugu rada u skladu s eti\u010dkim kodeksom svoje organizacije i pravilima poslovnih partnera<br \/>\n&#8211; po\u0161tivati standarde u za\u0161titi i \u010duvanju povjerljivih podataka u svojem podru\u010dju rada, kao i osobnih podataka stranaka, klijenata, kupaca, dobavlja\u010da i poslovnih partnera<\/td>\n<\/tr>\n<\/tbody>\n<\/table>","protected":false},"excerpt":{"rendered":"<p>Program \u0107e polaznicima omogu\u0107iti stjecanje znanja i vje\u0161tina potrebnih za izradu i provjeru ispravnosti knjigovodstvene dokumentacije i evidentiranje iste na kontima u osnovnim i pomo\u0107nim poslovnim knjigama, uz primjenu knjigovodstvenog softvera. Polaznici \u0107e mo\u0107i provesti popis imovine i obveza te podatke o inventurnim razlikama unijeti u poslovne knjige u skladu sa zakonskim propisima. Pri obavljanju navedenih aktivnosti polaznici \u0107e po\u0161tivati standarde u za\u0161titi i \u010duvanju povjerljivih podataka u svom podru\u010dju rada.<\/p>","protected":false},"featured_media":319,"template":"","meta":{"om_disable_all_campaigns":false,"_monsterinsights_skip_tracking":false,"_monsterinsights_sitenote_active":false,"_monsterinsights_sitenote_note":"","_monsterinsights_sitenote_category":0,"_uf_show_specific_survey":0,"_uf_disable_surveys":false,"h5ap_radio_sources":[]},"product_brand":[],"product_cat":[43],"product_tag":[105,107,104,397],"class_list":{"0":"post-7105","1":"product","2":"type-product","3":"status-publish","4":"has-post-thumbnail","6":"product_cat-vauceri-besplatno-obrazovanje","7":"product_tag-knjigovoda","8":"product_tag-knjigovodstveni-programi","9":"product_tag-knjigovodstvo","10":"product_tag-obrazovanje","12":"entry","13":"has-media","15":"first","16":"instock","17":"shipping-taxable","18":"product-type-simple","19":"has-product-nav","20":"col","21":"span_1_of_3","22":"owp-content-center","23":"owp-thumbs-layout-horizontal","24":"owp-btn-big","25":"owp-tabs-layout-section"},"_links":{"self":[{"href":"https:\/\/amorlingua.com\/en\/wp-json\/wp\/v2\/product\/7105","targetHints":{"allow":["GET"]}}],"collection":[{"href":"https:\/\/amorlingua.com\/en\/wp-json\/wp\/v2\/product"}],"about":[{"href":"https:\/\/amorlingua.com\/en\/wp-json\/wp\/v2\/types\/product"}],"wp:featuredmedia":[{"embeddable":true,"href":"https:\/\/amorlingua.com\/en\/wp-json\/wp\/v2\/media\/319"}],"wp:attachment":[{"href":"https:\/\/amorlingua.com\/en\/wp-json\/wp\/v2\/media?parent=7105"}],"wp:term":[{"taxonomy":"product_brand","embeddable":true,"href":"https:\/\/amorlingua.com\/en\/wp-json\/wp\/v2\/product_brand?post=7105"},{"taxonomy":"product_cat","embeddable":true,"href":"https:\/\/amorlingua.com\/en\/wp-json\/wp\/v2\/product_cat?post=7105"},{"taxonomy":"product_tag","embeddable":true,"href":"https:\/\/amorlingua.com\/en\/wp-json\/wp\/v2\/product_tag?post=7105"}],"curies":[{"name":"wp","href":"https:\/\/api.w.org\/{rel}","templated":true}]}}