{"id":7103,"date":"2022-09-08T09:45:21","date_gmt":"2022-09-08T09:45:21","guid":{"rendered":"https:\/\/www.amorlingua.com\/?post_type=product&#038;p=7103"},"modified":"2024-09-12T13:40:10","modified_gmt":"2024-09-12T13:40:10","slug":"internetski-marketing-i-brendiranje","status":"publish","type":"product","link":"https:\/\/amorlingua.com\/en\/\u0161kola\/internetski-marketing-i-brendiranje\/","title":{"rendered":"Internetski marketing i brendiranje"},"content":{"rendered":"<h1><strong>Internetski marketing i brendiranje!<\/strong><\/h1>\n<p><img fetchpriority=\"high\" decoding=\"async\" class=\"alignleft wp-image-105 size-medium\" src=\"https:\/\/amorlingua.com\/wp-content\/uploads\/2020\/06\/pexels-photo-761993-209x300.jpeg\" alt=\"Besplatna edukacija\" width=\"209\" height=\"300\" srcset=\"https:\/\/amorlingua.com\/wp-content\/uploads\/2020\/06\/pexels-photo-761993-209x300.jpeg 209w, https:\/\/amorlingua.com\/wp-content\/uploads\/2020\/06\/pexels-photo-761993-600x860.jpeg 600w, https:\/\/amorlingua.com\/wp-content\/uploads\/2020\/06\/pexels-photo-761993-714x1024.jpeg 714w, https:\/\/amorlingua.com\/wp-content\/uploads\/2020\/06\/pexels-photo-761993-768x1101.jpeg 768w, https:\/\/amorlingua.com\/wp-content\/uploads\/2020\/06\/pexels-photo-761993.jpeg 1046w\" sizes=\"(max-width: 209px) 100vw, 209px\" \/><\/p>\n<p>Cijena programa: 544,83 \u20ac<\/p>\n<p>Iznos vau\u010dera: 544,83 \u20ac<\/p>\n<h3><strong>Besplatna edukacija uz upis s vau\u010derom HZZ-a!<\/strong><\/h3>\n<p>&nbsp;<\/p>\n<table width=\"100%\">\n<tbody>\n<tr>\n<td><strong>Program description<\/strong><\/td>\n<\/tr>\n<tr>\n<td>Program \u0107e polaznicima omogu\u0107iti stjecanje znanja i vje\u0161tina potrebnih za osmi\u0161ljavanje marketin\u0161ke komunikacije u cilju pove\u0107anja vidljivosti poslovanja i povezivanja s korisnicima kroz digitalne kanale. Uz navedeno, polaznici \u0107e mo\u0107i procijeniti va\u017enost sadr\u017eajnog (content) marketinga u cilju usmjeravanja ciljnoj publici te influencer marketinga kao jednog od oblika ogla\u0161avanja u marketin\u0161koj komunikaciji. Program \u0107e polaznicima omogu\u0107iti stjecanje znanja i vje\u0161tina potrebnih za primjenu alata i tehnika digitalnog marketinga u svrhu kreiranja internetske marketin\u0161ke kampanje. Zavr\u0161etkom modula polaznici \u0107e mo\u0107i izabrati odgovaraju\u0107e alate i tehnike digitalnog marketinga pogodne za brendiranje i promociju u online okru\u017eenju. Kori\u0161tenjem izabranih alata i tehnika za provedbu, pra\u0107enje i analizu internetskih marketin\u0161kih aktivnosti, polaznici \u0107e mo\u0107i upravljati provedbom internetske marketin\u0161ke kampanje te \u0107e mo\u0107i samostalno izraditi marketin\u0161ku kampanju kori\u0161tenjem nekoliko razli\u010ditih tehnika i alata digitalnog marketinga.<\/td>\n<\/tr>\n<\/tbody>\n<\/table>\n<p>&nbsp;<\/p>\n<table width=\"100%\">\n<tbody>\n<tr>\n<td><strong>Uvjeti upisa<\/strong><\/td>\n<\/tr>\n<tr>\n<td>Zavr\u0161etak srednjo\u0161kolskog obrazovanja u trajanju od \u010detiri ili vi\u0161e godina<\/td>\n<\/tr>\n<\/tbody>\n<\/table>\n<p>&nbsp;<\/p>\n<table width=\"100%\">\n<tbody>\n<tr>\n<td><strong>Na\u010din izvo\u0111enja nastave<\/strong><\/td>\n<\/tr>\n<tr>\n<td>Online<\/td>\n<\/tr>\n<\/tbody>\n<\/table>\n<p>&nbsp;<\/p>\n<table width=\"100%\">\n<tbody>\n<tr>\n<td><strong>Trajanje programa<\/strong><\/td>\n<\/tr>\n<tr>\n<td>225 sati od \u010dega su 77 sata vo\u0111eni proces u\u010denja i pou\u010davanja, 84 sata u\u010denje temeljeno na radu te 64 sata samostalne aktivnosti polaznika<\/td>\n<\/tr>\n<\/tbody>\n<\/table>\n<p>&nbsp;<\/p>\n<table width=\"100%\">\n<tbody>\n<tr>\n<td><strong>Vje\u0161tina\/e koju polaznik usvaja programom<\/strong><\/td>\n<\/tr>\n<tr>\n<td>Kompetencije koje se programom stje\u010du<br \/>\n1. razlikovati specifi\u010dnosti kanala digitalnog marketinga<br \/>\n2. odrediti pravilnu dru\u0161tvenu mre\u017eu ovisno o proizvodu i\/ili usluzi<br \/>\n3. pripremiti klju\u010dnu informaciju u obliku sa\u017eete vijesti koju treba objaviti i\/ili dijeliti<br \/>\n4. izraditi oglas u skladu s razli\u010ditim kanalima digitalnog marketinga<br \/>\n5. pratiti u\u010dinak ogla\u0161avanja<br \/>\n6. stvoriti uvid u poziciju konkurentskih proizvoda\/usluga u odnosu na vlastite proizvode\/usluge<br \/>\n7. pisano i usmeno komunicirati slijede\u0107i poslovne standarde u pisanoj i usmenoj komunikaciji<br \/>\n8. voditi pregovore u skladu s poslovnim bontonom i pravilima poslovne komunikacije<br \/>\n9. samostalno koristiti suvremene informati\u010dke alate za obradu tablica, teksta i prezentacija<\/td>\n<\/tr>\n<\/tbody>\n<\/table>\n<p>&nbsp;<\/p>\n<table width=\"100%\">\n<tbody>\n<tr>\n<td><strong>O\u010dekivani ishodi<\/strong><\/td>\n<\/tr>\n<tr>\n<td>Ishodi u\u010denja<br \/>\n1. razlikovati vrste internetske marketin\u0161ke komunikacije u poslovanju<br \/>\n2. osmisliti marketin\u0161ku komunikaciju u digitalnom poslovnom okru\u017eenju u cilju pove\u0107anja vidljivosti poslovanja<br \/>\n3. protuma\u010diti va\u017enost sadr\u017eajnog (&#8220;content&#8221;) marketinga<br \/>\n4. procijeniti va\u017enost &#8220;influencer&#8221; marketinga u cilju pove\u0107anja vidljivosti poslovanja<br \/>\n5. prepoznati va\u017enost dru\u0161tvenih medija u marketin\u0161koj internetskoj komunikaciji<br \/>\n6. razlikovati alate digitalnog marketinga u cilju pove\u0107anja vidljivosti poslovanja<br \/>\n7. koristiti ogla\u0161avanje na dru\u0161tvenim mre\u017eama u cilju pove\u0107anja vidljivosti poslovanja<br \/>\n8. primijeniti SEO optimizaciju u cilju pove\u0107anja vidljivosti poslovanja<br \/>\n9. oblikovati ogla\u0161avanje putem pametnih telefona u cilju pove\u0107anja vidljivosti poslovanja<br \/>\n10. kreirati e-mail marketing kampanju u cilju pove\u0107anja vidljivosti poslovanja<br \/>\n11. razlikovati tehnike digitalnog marketinga za unapre\u0111enje poslovanja<br \/>\n12. kreirati internetsku marketin\u0161ku kampanju u promociji<br \/>\n13. povezati brendiranje u online poslovanju s vrstama internetskih marketin\u0161kih aktivnosti<br \/>\n14. koristiti alate za provedbu, pra\u0107enje i analizu internetskih marketin\u0161kih aktivnosti u provedbi marketin\u0161ke kampanje<\/td>\n<\/tr>\n<\/tbody>\n<\/table>","protected":false},"excerpt":{"rendered":"<h1><strong>Internetski marketing i brendiranje<\/strong><\/h1>\n<p>&nbsp;<\/p>\n<p>Program \u0107e polaznicima omogu\u0107iti stjecanje znanja i vje\u0161tina potrebnih za osmi\u0161ljavanje marketin\u0161ke komunikacije u cilju pove\u0107anja vidljivosti poslovanja i povezivanja s korisnicima kroz digitalne kanale. Uz navedeno, polaznici \u0107e mo\u0107i procijeniti va\u017enost sadr\u017eajnog (content) marketinga u cilju usmjeravanja ciljnoj publici te influencer marketinga kao jednog od oblika ogla\u0161avanja u marketin\u0161koj komunikaciji. Program \u0107e polaznicima omogu\u0107iti stjecanje znanja i vje\u0161tina potrebnih za primjenu alata i tehnika digitalnog marketinga u svrhu kreiranja internetske marketin\u0161ke kampanje. Zavr\u0161etkom modula polaznici \u0107e mo\u0107i izabrati odgovaraju\u0107e alate i tehnike digitalnog marketinga pogodne za brendiranje i promociju u online okru\u017eenju. Kori\u0161tenjem izabranih alata i tehnika za provedbu, pra\u0107enje i analizu internetskih marketin\u0161kih aktivnosti, polaznici \u0107e mo\u0107i upravljati provedbom internetske marketin\u0161ke kampanje te \u0107e mo\u0107i samostalno izraditi marketin\u0161ku kampanju kori\u0161tenjem nekoliko razli\u010ditih tehnika i alata digitalnog marketinga.<\/p>","protected":false},"featured_media":307,"template":"","meta":{"om_disable_all_campaigns":false,"_monsterinsights_skip_tracking":false,"_monsterinsights_sitenote_active":false,"_monsterinsights_sitenote_note":"","_monsterinsights_sitenote_category":0,"_uf_show_specific_survey":0,"_uf_disable_surveys":false,"h5ap_radio_sources":[]},"product_brand":[],"product_cat":[43],"product_tag":[398,395,394,332,397,396],"class_list":{"0":"post-7103","1":"product","2":"type-product","3":"status-publish","4":"has-post-thumbnail","6":"product_cat-vauceri-besplatno-obrazovanje","7":"product_tag-besplatno-obrazovanje","8":"product_tag-digitalni-amrketing","9":"product_tag-internetski-marketing","10":"product_tag-marketing","11":"product_tag-obrazovanje","12":"product_tag-vaucer","14":"entry","15":"has-media","17":"first","18":"instock","19":"shipping-taxable","20":"purchasable","21":"product-type-variable","22":"has-product-nav","23":"col","24":"span_1_of_3","25":"owp-content-center","26":"owp-thumbs-layout-horizontal","27":"owp-btn-big","28":"owp-tabs-layout-section"},"_links":{"self":[{"href":"https:\/\/amorlingua.com\/en\/wp-json\/wp\/v2\/product\/7103","targetHints":{"allow":["GET"]}}],"collection":[{"href":"https:\/\/amorlingua.com\/en\/wp-json\/wp\/v2\/product"}],"about":[{"href":"https:\/\/amorlingua.com\/en\/wp-json\/wp\/v2\/types\/product"}],"wp:featuredmedia":[{"embeddable":true,"href":"https:\/\/amorlingua.com\/en\/wp-json\/wp\/v2\/media\/307"}],"wp:attachment":[{"href":"https:\/\/amorlingua.com\/en\/wp-json\/wp\/v2\/media?parent=7103"}],"wp:term":[{"taxonomy":"product_brand","embeddable":true,"href":"https:\/\/amorlingua.com\/en\/wp-json\/wp\/v2\/product_brand?post=7103"},{"taxonomy":"product_cat","embeddable":true,"href":"https:\/\/amorlingua.com\/en\/wp-json\/wp\/v2\/product_cat?post=7103"},{"taxonomy":"product_tag","embeddable":true,"href":"https:\/\/amorlingua.com\/en\/wp-json\/wp\/v2\/product_tag?post=7103"}],"curies":[{"name":"wp","href":"https:\/\/api.w.org\/{rel}","templated":true}]}}