{"id":5395,"date":"2022-05-03T12:35:34","date_gmt":"2022-05-03T12:35:34","guid":{"rendered":"https:\/\/www.amorlingua.com\/?post_type=product&#038;p=5395"},"modified":"2023-10-25T11:39:04","modified_gmt":"2023-10-25T11:39:04","slug":"pripreme-za-maturu-matematika","status":"publish","type":"product","link":"https:\/\/amorlingua.com\/en\/\u0161kola\/pripreme-za-maturu-matematika\/","title":{"rendered":"Pripreme za maturu- Matematika"},"content":{"rendered":"<h2><strong>Pripreme za maturu- Matematika<\/strong><\/h2>\n<p>Ima\u0161 pote\u0161ko\u0107a u rje\u0161avanju jednad\u017ebi? Ne razumije\u0161 analiti\u010dku geometriju? Onda si na pravome mjestu. Na\u0161i profesori matematike sa dugogodi\u0161njim iskustvom olak\u0161at \u0107e ti pripreme i objasniti sve \u0161to treba\u0161 znati.<\/p>\n<p>Pipreme kre\u0107u <strong>22. 11 2023.<\/strong> godine.<\/p>\n<p>Minimalan broj polaznika u grupi: <strong>10<\/strong><\/p>\n<p>Ispit dr\u017eavne mature iz Matematike na osnovnoj razini sastoji se od dviju ispitnih cjelina<br \/>\ni sadr\u017ei ukupno 30 zadataka. dok se na vi\u0161oj razini sastoji od triju ispitnih cjelina i<br \/>\nsadr\u017ei ukupno 40 zadataka.<\/p>\n<p>Vi\u0161a razina ispita iz Matematike uskla\u0111ena je s Nastavnim planom i programom za gimnazije.<\/p>\n<p>Osnovna razina ispita odgovara nastavnomu planu i programu s najmanjom satnicom u \u010detverogodi\u0161njim strukovnim \u0161kolama<\/p>\n<table width=\"624\">\n<tbody>\n<tr>\n<td rowspan=\"2\" width=\"312\"><strong>DR\u017dAVNA MATURA \u2013 PACKAGES<\/strong><\/td>\n<td colspan=\"2\" width=\"312\"><strong>4. CYCLE - SPRING PREPARATION<\/strong><\/td>\n<\/tr>\n<tr>\n<td width=\"156\"><strong>NUMBER OF LESSONS<\/strong><\/td>\n<td width=\"156\"><strong>PRICE<\/strong><\/td>\n<\/tr>\n<tr>\n<td width=\"312\">PAKET AAA (hrv+mat+eng)<\/td>\n<td width=\"156\">115<\/td>\n<td width=\"156\">410,00<\/td>\n<\/tr>\n<tr>\n<td width=\"312\">PAKET ABA (hrv+mat+eng)<\/td>\n<td width=\"156\">115<\/td>\n<td width=\"156\">410,00<\/td>\n<\/tr>\n<tr>\n<td width=\"312\">PAKET BAB (hrv+mat+eng)<\/td>\n<td width=\"156\">115<\/td>\n<td width=\"156\">410,00<\/td>\n<\/tr>\n<tr>\n<td width=\"312\">PAKET BBB (hrv+mat+eng)<\/td>\n<td width=\"156\">115<\/td>\n<td width=\"156\">410,00<\/td>\n<\/tr>\n<tr>\n<td width=\"312\">PAKET ABB (hrv+mat+eng)<\/td>\n<td width=\"156\">115<\/td>\n<td width=\"156\">410,00<\/td>\n<\/tr>\n<tr>\n<td rowspan=\"2\" width=\"312\">&nbsp;<\/p>\n<p><strong>DR\u017dAVNA MATURA - INDIVIDUAL SUBJECTS<\/strong><\/td>\n<td colspan=\"2\" width=\"312\">&nbsp;<\/p>\n<p><strong>4. CYCLE - SPRING PREPARATION<\/strong><\/td>\n<\/tr>\n<tr>\n<td width=\"156\"><strong>NUMBER OF LESSONS<\/strong><\/td>\n<td width=\"156\"><strong>PRICE<\/strong><\/td>\n<\/tr>\n<tr>\n<td width=\"312\">CROATIAN A\/B<\/td>\n<td width=\"156\">35<\/td>\n<td width=\"156\">140,00<\/td>\n<\/tr>\n<tr>\n<td width=\"312\">MATHEMATICS A\/B<\/td>\n<td width=\"156\">50<\/td>\n<td width=\"156\">140,00<\/td>\n<\/tr>\n<tr>\n<td width=\"312\">ENGLISH A\/B<\/td>\n<td width=\"156\">35<\/td>\n<td width=\"156\">140,00<\/td>\n<\/tr>\n<tr>\n<td width=\"312\">GERMAN A\/B<\/td>\n<td width=\"156\">35<\/td>\n<td width=\"156\">140,00<\/td>\n<\/tr>\n<\/tbody>\n<\/table>","protected":false},"excerpt":{"rendered":"<p>Pripreme za maturu- Matematika Ima\u0161 pote\u0161ko\u0107a u rje\u0161avanju jednad\u017ebi? Ne razumije\u0161 analiti\u010dku geometriju? Onda si na pravome mjestu. Na\u0161i profesori matematike sa dugogodi\u0161njim iskustvom olak\u0161at \u0107e ti pripreme i objasniti sve \u0161to treba\u0161 znati. Pipreme kre\u0107u 22. 11 2023. godine. Minimalan broj polaznika u grupi: 10 Ispit dr\u017eavne mature iz Matematike na osnovnoj razini sastoji [&hellip;]<\/p>\n","protected":false},"featured_media":4929,"template":"","meta":{"om_disable_all_campaigns":false,"_monsterinsights_skip_tracking":false,"_monsterinsights_sitenote_active":false,"_monsterinsights_sitenote_note":"","_monsterinsights_sitenote_category":0,"_uf_show_specific_survey":0,"_uf_disable_surveys":false,"h5ap_radio_sources":[]},"product_brand":[],"product_cat":[38,385],"product_tag":[183,176,182,186],"class_list":{"0":"post-5395","1":"product","2":"type-product","3":"status-publish","4":"has-post-thumbnail","6":"product_cat-pripreme-za-maturu","7":"product_cat-matematika","8":"product_tag-drzavna-matura","9":"product_tag-matematika","10":"product_tag-matura","11":"product_tag-pripreme-za-drzavnu-maturu","13":"entry","14":"has-media","16":"first","17":"instock","18":"shipping-taxable","19":"purchasable","20":"product-type-variable","21":"has-product-nav","22":"col","23":"span_1_of_3","24":"owp-content-center","25":"owp-thumbs-layout-horizontal","26":"owp-btn-big","27":"owp-tabs-layout-section","28":"has-no-thumbnails"},"_links":{"self":[{"href":"https:\/\/amorlingua.com\/en\/wp-json\/wp\/v2\/product\/5395","targetHints":{"allow":["GET"]}}],"collection":[{"href":"https:\/\/amorlingua.com\/en\/wp-json\/wp\/v2\/product"}],"about":[{"href":"https:\/\/amorlingua.com\/en\/wp-json\/wp\/v2\/types\/product"}],"wp:featuredmedia":[{"embeddable":true,"href":"https:\/\/amorlingua.com\/en\/wp-json\/wp\/v2\/media\/4929"}],"wp:attachment":[{"href":"https:\/\/amorlingua.com\/en\/wp-json\/wp\/v2\/media?parent=5395"}],"wp:term":[{"taxonomy":"product_brand","embeddable":true,"href":"https:\/\/amorlingua.com\/en\/wp-json\/wp\/v2\/product_brand?post=5395"},{"taxonomy":"product_cat","embeddable":true,"href":"https:\/\/amorlingua.com\/en\/wp-json\/wp\/v2\/product_cat?post=5395"},{"taxonomy":"product_tag","embeddable":true,"href":"https:\/\/amorlingua.com\/en\/wp-json\/wp\/v2\/product_tag?post=5395"}],"curies":[{"name":"wp","href":"https:\/\/api.w.org\/{rel}","templated":true}]}}