{"id":528,"date":"2020-07-03T09:26:11","date_gmt":"2020-07-03T09:26:11","guid":{"rendered":"https:\/\/www.amorlingua.com\/?post_type=product&#038;p=528"},"modified":"2023-07-20T11:20:52","modified_gmt":"2023-07-20T11:20:52","slug":"online-pripremni-tecaj-talijanskog-jezika-za-ispite-dili-deli-dali-skola-leonardo-da-vinci-individualni-pristup","status":"publish","type":"product","link":"https:\/\/amorlingua.com\/en\/\u0161kola\/online-pripremni-tecaj-talijanskog-jezika-za-ispite-dili-deli-dali-skola-leonardo-da-vinci-individualni-pristup\/","title":{"rendered":"Online pripremni te\u010daj talijanskog jezika za ispite DILI, DELI, DALI &#8211; \u0161kola Leonardo da Vinci (individualni pristup)"},"content":{"rendered":"<h3>Online pripremni te\u010daj talijanskog jezika za ispite DILI, DELI, DALI &#8211; \u0161kola Leonardo da Vinci (individualni pristup)<\/h3>\n<p>\u0160kola Leonardo da Vinci osnovana je 1977. godine s prvim centrom u Firenzi. Njezina \u010detiri \u0161kolska centra smje\u0161tena su u gradskim sredi\u0161tima Firence, Rima, Milana i Siene.<\/p>\n<p>\u0160kola pru\u017ea mogu\u0107nost u\u010denja online. Za nastavu je potrebno imati kompjuter, laptop, tablet ili mobitel, pristup internetu jer se nastava odvija preko programa Zoom. Zoom je dostupan na linku: <a href=\"https:\/\/zoom.us\/download\" target=\"_blank\" rel=\"noopener\">https:\/\/zoom.us\/download<\/a><\/p>\n<p>\u0160kola Leonardo da Vinci nudi online pripremne te\u010dajeve za me\u0111unarodno priznate diplome, ovisno o nivou znanja:<\/p>\n<ul>\n<li>DELI &#8211; Diploma elementare di lingua italiana (osnovno)<\/li>\n<li>DILI &#8211; Diploma intermedio di lingua italiana (srednje)<\/li>\n<li>DALI &#8211; Diploma avanzato di lingua italiana (napredno)<\/li>\n<\/ul>\n<p>U cijenu je uklju\u010den didakti\u010dki materijal. Nudimo mogu\u0107nost svakodnevne nastave, od ponedjeljka do petka, u jutarnjim ili poslijepodnevnim satima.<\/p>\n<p>Tro\u0161ak registracije iznosi: 73,00 \u20ac (550 kn)<\/p>\n<p>Cijena edukacije iznosi: 199,08 \u20ac (1.500 kn) za minimalno 5 individualnih nastavnih sati.<\/p>\n<p>Nastavnici prolaze kroz sve dijelove ispita i poma\u017eu studentima savjetima i strategijama. Tako\u0111er, veliki dio vremena posve\u0107uje se gramatici i vokabularima, kao i na op\u0107enitom pobolj\u0161anju va\u0161ih vje\u0161tina koje \u0107e se provjeravati u ispitu (\u010ditanje, slu\u0161anje, govorenje i pisanje).<\/p>\n<p>Po\u010detak svakog ponedjeljka.<\/p>","protected":false},"excerpt":{"rendered":"<p>Online pripremni te\u010daj talijanskog jezika za ispite DILI, DELI, DALI &#8211; \u0161kola Leonardo da Vinci (individualni pristup) \u0160kola Leonardo da Vinci osnovana je 1977. godine s prvim centrom u Firenzi. Njezina \u010detiri \u0161kolska centra smje\u0161tena su u gradskim sredi\u0161tima Firence, Rima, Milana i Siene. \u0160kola pru\u017ea mogu\u0107nost u\u010denja online. Za nastavu je potrebno imati kompjuter, [&hellip;]<\/p>\n","protected":false},"featured_media":541,"template":"","meta":{"om_disable_all_campaigns":false,"_monsterinsights_skip_tracking":false,"_monsterinsights_sitenote_active":false,"_monsterinsights_sitenote_note":"","_monsterinsights_sitenote_category":0,"_uf_show_specific_survey":0,"_uf_disable_surveys":false,"h5ap_radio_sources":[]},"product_brand":[],"product_cat":[181],"product_tag":[192,194,193,61,60,64,65],"class_list":{"0":"post-528","1":"product","2":"type-product","3":"status-publish","4":"has-post-thumbnail","6":"product_cat-online-edukacije","7":"product_tag-online","8":"product_tag-online-talijanski","9":"product_tag-online-tecaj","10":"product_tag-talijanski","11":"product_tag-talijanski-jezik","12":"product_tag-tecaj-talijanskog","13":"product_tag-tecaj-talijanskog-jezika","15":"entry","16":"has-media","18":"first","19":"instock","20":"shipping-taxable","21":"product-type-external","22":"has-product-nav","23":"col","24":"span_1_of_3","25":"owp-content-center","26":"owp-thumbs-layout-horizontal","27":"owp-btn-big","28":"owp-tabs-layout-section","29":"has-no-thumbnails"},"_links":{"self":[{"href":"https:\/\/amorlingua.com\/en\/wp-json\/wp\/v2\/product\/528","targetHints":{"allow":["GET"]}}],"collection":[{"href":"https:\/\/amorlingua.com\/en\/wp-json\/wp\/v2\/product"}],"about":[{"href":"https:\/\/amorlingua.com\/en\/wp-json\/wp\/v2\/types\/product"}],"wp:featuredmedia":[{"embeddable":true,"href":"https:\/\/amorlingua.com\/en\/wp-json\/wp\/v2\/media\/541"}],"wp:attachment":[{"href":"https:\/\/amorlingua.com\/en\/wp-json\/wp\/v2\/media?parent=528"}],"wp:term":[{"taxonomy":"product_brand","embeddable":true,"href":"https:\/\/amorlingua.com\/en\/wp-json\/wp\/v2\/product_brand?post=528"},{"taxonomy":"product_cat","embeddable":true,"href":"https:\/\/amorlingua.com\/en\/wp-json\/wp\/v2\/product_cat?post=528"},{"taxonomy":"product_tag","embeddable":true,"href":"https:\/\/amorlingua.com\/en\/wp-json\/wp\/v2\/product_tag?post=528"}],"curies":[{"name":"wp","href":"https:\/\/api.w.org\/{rel}","templated":true}]}}