{"id":5224,"date":"2022-04-08T10:16:16","date_gmt":"2022-04-08T10:16:16","guid":{"rendered":"https:\/\/www.amorlingua.com\/?post_type=product&#038;p=5224"},"modified":"2025-07-30T00:00:10","modified_gmt":"2025-07-30T00:00:10","slug":"maderoterapija","status":"publish","type":"product","link":"https:\/\/amorlingua.com\/en\/\u0161kola\/maderoterapija\/","title":{"rendered":"Maderotherapy"},"content":{"rendered":"<p>Maderotherapy<\/p>\n<p>Termin programa: 16.7.2025.<\/p>\n<p>Maderotherapy Course<\/p>\n<p>Popular massage therapy known as \"maderotherapy\" has its roots in Colombia. It is carried out using natural materials (wooden rollers), which encourages muscular relaxation and effective body cleansing. Additionally, it works as an anti-cellulite massage and effectively reduces skin edema. Maderotherapy is a unique form of massage that improves skin tightness and tone, decreases body volume, and forms the body. Because maderotherapy offers excellent and efficient results for the health condition, in addition to enhancing the beauty and contour of the body using natural materials, it is very well-liked (improves circulation and removes toxins).<\/p>\n<p>Using wooden rollers to remove extra lymph and speed up lymph movement encourages more effective detoxification, which quickens metabolism generally and minimizes extra fluid retention. In addition to cosmetic and health reasons, the body is subjected to mederotherapy for the purposes of relaxation, stress reduction, easing mental and physical tension, and body detoxification.<\/p>\n<p>Maderotherapy course consists of:<\/p>\n<p><strong>1. Theory<\/strong><\/p>\n<ul>\n<li>introduction to body anatomy<\/li>\n<li>history of maderotherapy<\/li>\n<li>advantages and types of maderotherapy<\/li>\n<li>familiarization with the material and instruments for treatment implementation<\/li>\n<li>way of carrying out the treatment<\/li>\n<li>verification of acquired knowledge<\/li>\n<\/ul>\n<p><strong>2. Practical<\/strong><\/p>\n<ul>\n<li>conversation with the client<\/li>\n<li>identifying the client's needs<\/li>\n<li>choosing the method<\/li>\n<li>body preparation before treatment<\/li>\n<\/ul>\n<p>&nbsp;<\/p>\n<ul>\n<li>use of wooden rollers<\/li>\n<li>application on every part of the body<\/li>\n<li>conversation after the treatment with instructions to the client for the further implementation of maderotherapy<\/li>\n<li>disinfection of instruments used during treatment (wooden rollers)<\/li>\n<\/ul>\n<p>Practical classes are conducted on a model.<\/p>\n<p>Duration of education: 2 days (10 lessons)<\/p>\n<p>Price of the program:<\/p>\n<p><strong>Regular price:<\/strong><\/p>\n<p>350,00 euro<\/p>\n<p><strong>First minute price:<\/strong><\/p>\n<p><strong>290,00 euro<\/strong><\/p>\n<p>&nbsp;<\/p>\n<p>Amor Lingua College provides the necessary material for the maderotherapy course.<\/p>","protected":false},"excerpt":{"rendered":"<p>Maderoterapija Termin programa: 16.7.2025. Te\u010daj Maderoterapije Maderoterapija je popularna tehnika masa\u017ee koja potje\u010de iz Kolumbije. Izvodi se prirodnim materijalima (drvenim valjcima) \u010dime pospje\u0161uje otpu\u0161tanju mi\u0161i\u0107a\u00a0 te sna\u017enom \u010di\u0161\u0107enju organizma. Tako\u0111er djeluje kao anticelulitna masa\u017ea i uspje\u0161no otklanja nabubrenja na ko\u017ei. Maderoterapija je posebna vrsta masa\u017ee kojom se ostvaruje bolji tonus i zatezanje ko\u017ee, smanjuje obujam [&hellip;]<\/p>\n","protected":false},"featured_media":5230,"template":"","meta":{"om_disable_all_campaigns":false,"_monsterinsights_skip_tracking":false,"_monsterinsights_sitenote_active":false,"_monsterinsights_sitenote_note":"","_monsterinsights_sitenote_category":0,"_uf_show_specific_survey":0,"_uf_disable_surveys":false,"h5ap_radio_sources":[]},"product_brand":[],"product_cat":[386],"product_tag":[],"class_list":{"0":"post-5224","1":"product","2":"type-product","3":"status-publish","4":"has-post-thumbnail","6":"product_cat-kozmeticke-edukacije","8":"entry","9":"has-media","11":"first","12":"instock","13":"shipping-taxable","14":"purchasable","15":"product-type-simple","16":"has-product-nav","17":"col","18":"span_1_of_3","19":"owp-content-center","20":"owp-thumbs-layout-horizontal","21":"owp-btn-big","22":"owp-tabs-layout-section","23":"has-no-thumbnails"},"_links":{"self":[{"href":"https:\/\/amorlingua.com\/en\/wp-json\/wp\/v2\/product\/5224","targetHints":{"allow":["GET"]}}],"collection":[{"href":"https:\/\/amorlingua.com\/en\/wp-json\/wp\/v2\/product"}],"about":[{"href":"https:\/\/amorlingua.com\/en\/wp-json\/wp\/v2\/types\/product"}],"wp:featuredmedia":[{"embeddable":true,"href":"https:\/\/amorlingua.com\/en\/wp-json\/wp\/v2\/media\/5230"}],"wp:attachment":[{"href":"https:\/\/amorlingua.com\/en\/wp-json\/wp\/v2\/media?parent=5224"}],"wp:term":[{"taxonomy":"product_brand","embeddable":true,"href":"https:\/\/amorlingua.com\/en\/wp-json\/wp\/v2\/product_brand?post=5224"},{"taxonomy":"product_cat","embeddable":true,"href":"https:\/\/amorlingua.com\/en\/wp-json\/wp\/v2\/product_cat?post=5224"},{"taxonomy":"product_tag","embeddable":true,"href":"https:\/\/amorlingua.com\/en\/wp-json\/wp\/v2\/product_tag?post=5224"}],"curies":[{"name":"wp","href":"https:\/\/api.w.org\/{rel}","templated":true}]}}