{"id":472,"date":"2020-07-02T13:02:38","date_gmt":"2020-07-02T13:02:38","guid":{"rendered":"https:\/\/www.amorlingua.com\/?post_type=product&#038;p=472"},"modified":"2023-10-25T11:45:17","modified_gmt":"2023-10-25T11:45:17","slug":"pripreme-za-maturu-hrvatski-jezik-i-knjizevnost","status":"publish","type":"product","link":"https:\/\/amorlingua.com\/en\/\u0161kola\/pripreme-za-maturu-hrvatski-jezik-i-knjizevnost\/","title":{"rendered":"Preparations for Dr\u017eavna matura - Croatian language and literature"},"content":{"rendered":"<section class=\"elementor-element elementor-element-6f1e8a8c elementor-section-boxed elementor-section-height-default elementor-section-height-default elementor-section elementor-inner-section\" data-id=\"6f1e8a8c\" data-element_type=\"section\">\n<div class=\"elementor-container elementor-column-gap-no\">\n<div class=\"elementor-row\">\n<div class=\"elementor-element elementor-element-3603e43e elementor-column elementor-col-50 elementor-inner-column\" data-id=\"3603e43e\" data-element_type=\"column\">\n<div class=\"elementor-column-wrap elementor-element-populated\">\n<div class=\"elementor-widget-wrap\">\n<div class=\"elementor-element elementor-element-d7c4138 envato-kit-138-bracket elementor-widget elementor-widget-heading\" data-id=\"d7c4138\" data-element_type=\"widget\" data-widget_type=\"heading.default\">\n<div class=\"elementor-widget-container\">\n<h2 class=\"elementor-heading-title elementor-size-default\">Preparations for Dr\u017eavna matura - Croatian language and literature<\/h2>\n<p>Not sure what the difference is between romanticism and modernism? Do avant-garde and postmodernism seem the same to you? Or are you not sure what the difference is between lexicology and lexicography?  What colour was Judith's ring?<\/p>\n<p>You will learn answers to these questions and many more in the preparations classes of Amor Lingua.<\/p>\n<p>The advanced level of the Croatian language and literature exam corresponds with the curriculum for grammar schools.<\/p>\n<p>The basic level of the Croatian language and literature exam corresponds with the curriculum for four-year vocational schools.<\/p>\n<p>The Croatian language exam consists of two parts (literature and language and essay). Usually, high school graduates have the most difficulties or doubts regarding the essay part of the exam. Amor Lingua listens to the needs of high school graduates, and we have designed a course of preparation of the Croatian language for the Dr\u017eavna matura exam and a course of writing essay only.<\/p>\n<p>Amor Lingue preparation courses are different because the teaching is conceived on an individual approach and corresponds to the needs and knowledge of each student.<\/p>\n<h2 class=\"elementor-heading-title elementor-size-default\">KNJI\u017dEVNA ISPITNA DJELA ZA \u0160KOLSKI ESEJ U \u0160KOLSKOJ GODINI 2023.\/2024.<\/h2>\n<\/div>\n<div class=\"elementor-widget-container\"><\/div>\n<\/div>\n<div class=\"elementor-element elementor-element-4511064 elementor-widget elementor-widget-text-editor\" data-id=\"4511064\" data-element_type=\"widget\" data-widget_type=\"text-editor.default\">\n<div class=\"elementor-widget-container\">\n<div class=\"elementor-text-editor elementor-clearfix\">\n<p>1. Albert Camus \u2013 Stranac<br \/>\n2. Fjodor Mihajlovi\u010d Dostojevski \u2013 Zlo\u010din i kazna<br \/>\n3. Franz Kafka \u2013 Preobra\u017eaj<br \/>\n4. Ranko Marinkovi\u0107 \u2013 Kiklop<br \/>\n5. Antun Gustav Mato\u0161 \u2013 izbor iz novela \u00a0(Cvijet sa raskr\u0161\u0107a, Camao, Kip domovine leta 188*)<br \/>\n6. William Shakespeare \u2013 Hamlet<br \/>\n7. August \u0160enoa \u2013 Prijan Lovro<br \/>\n8. Tin Ujevi\u0107 \u2013 izbor iz poezije<\/p>\n<p>Amor Lingue preparation courses are different because the teaching is conceived on an individual approach and corresponds to the needs and knowledge of each student.<\/p>\n<\/div>\n<\/div>\n<\/div>\n<\/div>\n<\/div>\n<\/div>\n<\/div>\n<\/div>\n<\/section>\n<div class=\"elementor-element elementor-element-128dd15 envato-kit-138-bracket elementor-widget elementor-widget-heading\" data-id=\"128dd15\" data-element_type=\"widget\" data-widget_type=\"heading.default\">\n<div class=\"elementor-widget-container\">\n<h2 class=\"elementor-heading-title elementor-size-default\">Enrol in the preparatory course of the Dr\u017eavna matura and pass the Dr\u017eavna matura with Amor Lingua!<\/h2>\n<p><strong>Pripreme za maturu hrvatskog jezika i knji\u017eevnosti po\u010dinju 22.11. 2023. godine!<\/strong><\/p>\n<p>Minimalan broj polaznika: <strong>10<\/strong><\/p>\n<table width=\"624\">\n<tbody>\n<tr>\n<td rowspan=\"2\" width=\"312\"><strong>DR\u017dAVNA MATURA \u2013 PACKAGES<\/strong><\/td>\n<td colspan=\"2\" width=\"312\"><strong>4. CYCLE - SPRING PREPARATION<\/strong><\/td>\n<\/tr>\n<tr>\n<td width=\"156\"><strong>NUMBER OF LESSONS<\/strong><\/td>\n<td width=\"156\"><strong>PRICE<\/strong><\/td>\n<\/tr>\n<tr>\n<td width=\"312\">PAKET AAA (hrv+mat+eng)<\/td>\n<td width=\"156\">115<\/td>\n<td width=\"156\">410,00<\/td>\n<\/tr>\n<tr>\n<td width=\"312\">PAKET ABA (hrv+mat+eng)<\/td>\n<td width=\"156\">115<\/td>\n<td width=\"156\">410,00<\/td>\n<\/tr>\n<tr>\n<td width=\"312\">PAKET BAB (hrv+mat+eng)<\/td>\n<td width=\"156\">115<\/td>\n<td width=\"156\">410,00<\/td>\n<\/tr>\n<tr>\n<td width=\"312\">PAKET BBB (hrv+mat+eng)<\/td>\n<td width=\"156\">115<\/td>\n<td width=\"156\">410,00<\/td>\n<\/tr>\n<tr>\n<td width=\"312\">PAKET ABB (hrv+mat+eng)<\/td>\n<td width=\"156\">115<\/td>\n<td width=\"156\">410,00<\/td>\n<\/tr>\n<tr>\n<td rowspan=\"2\" width=\"312\"><strong>DR\u017dAVNA MATURA - INDIVIDUAL SUBJECTS<\/strong><\/td>\n<td colspan=\"2\" width=\"312\"><strong>4. CYCLE - SPRING PREPARATION<\/strong><\/td>\n<\/tr>\n<tr>\n<td width=\"156\"><strong>NUMBER OF LESSONS<\/strong><\/td>\n<td width=\"156\"><strong>PRICE<\/strong><\/td>\n<\/tr>\n<tr>\n<td width=\"312\">CROATIAN A\/B<\/td>\n<td width=\"156\">35<\/td>\n<td width=\"156\">140,00<\/td>\n<\/tr>\n<tr>\n<td width=\"312\">MATHEMATICS A\/B<\/td>\n<td width=\"156\">50<\/td>\n<td width=\"156\">210,00<\/td>\n<\/tr>\n<tr>\n<td width=\"312\">ENGLISH A\/B<\/td>\n<td width=\"156\">35<\/td>\n<td width=\"156\">140,00<\/td>\n<\/tr>\n<tr>\n<td width=\"312\">GERMAN A\/B<\/td>\n<td width=\"156\">35<\/td>\n<td width=\"156\">140,00<\/td>\n<\/tr>\n<\/tbody>\n<\/table>\n<\/div>\n<p>&nbsp;<\/p>\n<\/div>","protected":false},"excerpt":{"rendered":"<p>Pripreme za maturu &#8211; Hrvatski jezik i knji\u017eevnost Nisi siguran koja je razlika izme\u0111u romantizma i modernizma? Avangarda i postmodernizam ti se \u010dine isto? Ili nisi siguran koja je razlika izme\u0111u leksikologije i leksikografije? Je li je mIJE\u0161ati ili mJE\u0161ati? Koje boje je bio Juditin prsten? Na ova pitanja i jo\u0161 mnoga druga saznat \u0107e\u0161 [&hellip;]<\/p>\n","protected":false},"featured_media":115,"template":"","meta":{"om_disable_all_campaigns":false,"_monsterinsights_skip_tracking":false,"_monsterinsights_sitenote_active":false,"_monsterinsights_sitenote_note":"","_monsterinsights_sitenote_category":0,"_uf_show_specific_survey":0,"_uf_disable_surveys":false,"h5ap_radio_sources":[]},"product_brand":[],"product_cat":[39,38],"product_tag":[189,187,84,191,188,186,184,190],"class_list":{"0":"post-472","1":"product","2":"type-product","3":"status-publish","4":"has-post-thumbnail","6":"product_cat-hrvatski-jezik-i-knjizevnost","7":"product_cat-pripreme-za-maturu","8":"product_tag-hrvatska-knjizevnost","9":"product_tag-hrvatski","10":"product_tag-hrvatski-jezik","11":"product_tag-niza-razina","12":"product_tag-pripreme","13":"product_tag-pripreme-za-drzavnu-maturu","14":"product_tag-pripreme-za-maturu","15":"product_tag-visa-razina","17":"entry","18":"has-media","20":"first","21":"instock","22":"shipping-taxable","23":"purchasable","24":"product-type-variable","25":"has-product-nav","26":"col","27":"span_1_of_3","28":"owp-content-center","29":"owp-thumbs-layout-horizontal","30":"owp-btn-big","31":"owp-tabs-layout-section","32":"has-no-thumbnails"},"_links":{"self":[{"href":"https:\/\/amorlingua.com\/en\/wp-json\/wp\/v2\/product\/472","targetHints":{"allow":["GET"]}}],"collection":[{"href":"https:\/\/amorlingua.com\/en\/wp-json\/wp\/v2\/product"}],"about":[{"href":"https:\/\/amorlingua.com\/en\/wp-json\/wp\/v2\/types\/product"}],"wp:featuredmedia":[{"embeddable":true,"href":"https:\/\/amorlingua.com\/en\/wp-json\/wp\/v2\/media\/115"}],"wp:attachment":[{"href":"https:\/\/amorlingua.com\/en\/wp-json\/wp\/v2\/media?parent=472"}],"wp:term":[{"taxonomy":"product_brand","embeddable":true,"href":"https:\/\/amorlingua.com\/en\/wp-json\/wp\/v2\/product_brand?post=472"},{"taxonomy":"product_cat","embeddable":true,"href":"https:\/\/amorlingua.com\/en\/wp-json\/wp\/v2\/product_cat?post=472"},{"taxonomy":"product_tag","embeddable":true,"href":"https:\/\/amorlingua.com\/en\/wp-json\/wp\/v2\/product_tag?post=472"}],"curies":[{"name":"wp","href":"https:\/\/api.w.org\/{rel}","templated":true}]}}