{"id":471,"date":"2020-07-02T12:59:41","date_gmt":"2020-07-02T12:59:41","guid":{"rendered":"https:\/\/www.amorlingua.com\/?post_type=product&#038;p=471"},"modified":"2025-03-06T12:31:08","modified_gmt":"2025-03-06T12:31:08","slug":"pripreme-za-maturu-njemacki-jezik-i-knjizevnost","status":"publish","type":"product","link":"https:\/\/amorlingua.com\/en\/\u0161kola\/pripreme-za-maturu-njemacki-jezik-i-knjizevnost\/","title":{"rendered":"Preparations for Dr\u017eavna matura exam - German language and literature"},"content":{"rendered":"<p><b>Preparations for Dr\u017eavna matura exam - German language and literature<\/b><\/p>\n<p>Not sure if nouns are capitalized or not? Do you know what the word Fernweh means? What is the difference between der, den, das, die, dem, des?<\/p>\n<p>You will learn answers to these questions and many more in the preparations classes of Amor Lingua.<\/p>\n<p>The German language exam has two levels - basic and advanced level.<\/p>\n<p>Exam in German at <strong>higher level<\/strong>\u00a0is checking communicative language competence in reading, writing, and listening according to the German language curriculum for grammar schools. Accordingly, the German language exam consists of three exam units: Reading, Listening and Writing. The higher-level German exam corresponds to the ZEROJ levels - the B2 level of the German language.<\/p>\n<p>Exam in German at<strong> basic level<\/strong> is checking communicative language competence in reading, writing, and listening according to the German language curriculum with the lowest hourly rate in four-year high school programs. Accordingly, the German language exam consists of three exam units: Reading, Writing and Listening. The basic English level exam corresponds to the ZEROJ levels - the A2 level of the German language.<\/p>\n<p>Amor Lingue preparation courses are different because the teaching is conceived on an individual approach and corresponds to the needs and knowledge of each student.<\/p>\n<p><strong>Popust od 15% na upis za dvije osobe!<\/strong><\/p>\n<p>Online i u\u017eivo!<\/p>\n<p><strong>Enrol in the preparatory course of the Dr\u017eavna matura and pass the Dr\u017eavna matura with Amor Lingua!<\/strong><\/p>\n<p><strong>Pripreme za maturu njema\u010dkog jezika i knji\u017eevnosti po\u010dinju 31.03.2025.!!<\/strong><\/p>\n<table width=\"624\">\n<tbody>\n<tr>\n<td rowspan=\"2\" width=\"312\"><strong>DR\u017dAVNA MATURA \u2013 PACKAGES<\/strong><\/td>\n<td colspan=\"2\" width=\"312\"><strong>4. CYCLE - SPRING PREPARATION<\/strong><\/td>\n<\/tr>\n<tr>\n<td width=\"156\"><strong>NUMBER OF LESSONS<\/strong><\/td>\n<td width=\"156\"><strong>PRICE<\/strong><\/td>\n<\/tr>\n<tr>\n<td width=\"312\">PAKET AAA (hrv+njema\u010dki)<\/td>\n<td width=\"156\">35<\/td>\n<td width=\"156\">390<\/td>\n<\/tr>\n<tr>\n<td width=\"312\">PAKET ABA (hrv+eng)<\/td>\n<td width=\"156\">35<\/td>\n<td width=\"156\">350<\/td>\n<\/tr>\n<tr>\n<td width=\"312\">PAKET BAB (hrv+eng)<\/td>\n<td width=\"156\">20+20<\/td>\n<td width=\"156\">410,00<\/td>\n<\/tr>\n<tr>\n<td width=\"312\">PAKET BBB( njema\u010dki +eng)<\/td>\n<td width=\"156\">20+20<\/td>\n<td width=\"156\">410,00<\/td>\n<\/tr>\n<tr>\n<td width=\"312\">PAKET ABB (njema\u010dki)<\/td>\n<td width=\"156\">40<\/td>\n<td width=\"156\">410,00<\/td>\n<\/tr>\n<tr>\n<td rowspan=\"2\" width=\"312\"><strong>DR\u017dAVNA MATURA \u2013 POJEDINA\u010cNI PREDMETI 1:1<\/strong><\/td>\n<td colspan=\"2\" width=\"312\"><strong>4. CYCLE - SPRING PREPARATION<\/strong><\/td>\n<\/tr>\n<tr>\n<td width=\"156\"><strong>NUMBER OF LESSONS<\/strong><\/td>\n<td width=\"156\"><strong>PRICE<\/strong><\/td>\n<\/tr>\n<tr>\n<td width=\"312\">CROATIAN A\/B<\/td>\n<td width=\"156\">15<\/td>\n<td width=\"156\">290<\/td>\n<\/tr>\n<tr>\n<td width=\"312\"><\/td>\n<td width=\"156\"><\/td>\n<td width=\"156\"><\/td>\n<\/tr>\n<tr>\n<td width=\"312\">ENGLISH A\/B<\/td>\n<td width=\"156\">15<\/td>\n<td width=\"156\">220<\/td>\n<\/tr>\n<tr>\n<td width=\"312\">GERMAN A\/B<\/td>\n<td width=\"156\">15<\/td>\n<td width=\"156\">220<\/td>\n<\/tr>\n<\/tbody>\n<\/table>","protected":false},"excerpt":{"rendered":"<p>Pripreme za maturu &#8211; Njema\u010dki jezik i knji\u017eevnost Nisi siguran pi\u0161u li se imenice velikim po\u010detnim slovom ili ne? Ne zna\u0161 \u0161to zna\u010di rije\u010d Fernweh? Koja je razlika izme\u0111u der, den, das, die, dem, des? Na ova pitanja i jo\u0161 mnoga druga saznat \u0107e\u0161 na pripremama Amor Lingue. Ispit njema\u010dkog jezika ima 2 razine \u2013 [&hellip;]<\/p>\n","protected":false},"featured_media":112,"template":"","meta":{"om_disable_all_campaigns":false,"_monsterinsights_skip_tracking":false,"_monsterinsights_sitenote_active":false,"_monsterinsights_sitenote_note":"","_monsterinsights_sitenote_category":0,"_uf_show_specific_survey":0,"_uf_disable_surveys":false,"h5ap_radio_sources":[]},"product_brand":[],"product_cat":[41,38],"product_tag":[183,182,156,55,186,184],"class_list":{"0":"post-471","1":"product","2":"type-product","3":"status-publish","4":"has-post-thumbnail","6":"product_cat-njemacki-jezik-i-knjizevnost","7":"product_cat-pripreme-za-maturu","8":"product_tag-drzavna-matura","9":"product_tag-matura","10":"product_tag-njemacki","11":"product_tag-njemacki-jezik","12":"product_tag-pripreme-za-drzavnu-maturu","13":"product_tag-pripreme-za-maturu","15":"entry","16":"has-media","18":"first","19":"instock","20":"shipping-taxable","21":"purchasable","22":"product-type-variable","23":"has-product-nav","24":"col","25":"span_1_of_3","26":"owp-content-center","27":"owp-thumbs-layout-horizontal","28":"owp-btn-big","29":"owp-tabs-layout-section","30":"has-no-thumbnails"},"_links":{"self":[{"href":"https:\/\/amorlingua.com\/en\/wp-json\/wp\/v2\/product\/471","targetHints":{"allow":["GET"]}}],"collection":[{"href":"https:\/\/amorlingua.com\/en\/wp-json\/wp\/v2\/product"}],"about":[{"href":"https:\/\/amorlingua.com\/en\/wp-json\/wp\/v2\/types\/product"}],"wp:featuredmedia":[{"embeddable":true,"href":"https:\/\/amorlingua.com\/en\/wp-json\/wp\/v2\/media\/112"}],"wp:attachment":[{"href":"https:\/\/amorlingua.com\/en\/wp-json\/wp\/v2\/media?parent=471"}],"wp:term":[{"taxonomy":"product_brand","embeddable":true,"href":"https:\/\/amorlingua.com\/en\/wp-json\/wp\/v2\/product_brand?post=471"},{"taxonomy":"product_cat","embeddable":true,"href":"https:\/\/amorlingua.com\/en\/wp-json\/wp\/v2\/product_cat?post=471"},{"taxonomy":"product_tag","embeddable":true,"href":"https:\/\/amorlingua.com\/en\/wp-json\/wp\/v2\/product_tag?post=471"}],"curies":[{"name":"wp","href":"https:\/\/api.w.org\/{rel}","templated":true}]}}