{"id":445,"date":"2020-07-02T12:17:51","date_gmt":"2020-07-02T12:17:51","guid":{"rendered":"https:\/\/www.amorlingua.com\/?post_type=product&#038;p=445"},"modified":"2025-06-02T07:54:55","modified_gmt":"2025-06-02T07:54:55","slug":"instrukcije","status":"publish","type":"product","link":"https:\/\/amorlingua.com\/en\/\u0161kola\/instrukcije\/","title":{"rendered":"Instructions"},"content":{"rendered":"<p>Instructions<\/p>\n<p>Master the material of mathematics, Croatian language and literature, biology or chemistry, successfully translate all texts from English, German, Russian\u2026<\/p>\n<p>Write the best seminar or essay!<\/p>\n<p>With our professional professors, your academic success is guaranteed!<\/p>\n<p>Subjects: Croatian language and literature, German, English, history, geography, mathematics, chemistry, physics\u2026<\/p>","protected":false},"excerpt":{"rendered":"<p>Instrukcije Savladajte gradivo matematike, hrvatskog, biologije ili kemije, napi\u0161ite lektiru, uspje\u0161no prevedite sve tekstove s engleskog, njema\u010dkog, ruskog&#8230; Napi\u0161ite najbolji seminar ili esej! Uz na\u0161e stru\u010dne profesore, Va\u0161 akademski uspjeh je garantiran! Predmeti na instrukcijama: hrvatski jezik i knji\u017eevnost, njema\u010dki jezik, engleski jezik, povijest, geografija, matematika, kemija, fizika&#8230;<\/p>","protected":false},"featured_media":94,"template":"","meta":{"om_disable_all_campaigns":false,"_monsterinsights_skip_tracking":false,"_monsterinsights_sitenote_active":false,"_monsterinsights_sitenote_note":"","_monsterinsights_sitenote_category":0,"_uf_show_specific_survey":0,"_uf_disable_surveys":false,"h5ap_radio_sources":[]},"product_brand":[],"product_cat":[42],"product_tag":[48,177,84,173,175,176,55,179,178,180,169,174],"class_list":{"0":"post-445","1":"product","2":"type-product","3":"status-publish","4":"has-post-thumbnail","6":"product_cat-instrukcije","7":"product_tag-engleski-jezik","8":"product_tag-fizika","9":"product_tag-hrvatski-jezik","10":"product_tag-instrukcije","11":"product_tag-kemija","12":"product_tag-matematika","13":"product_tag-njemacki-jezik","14":"product_tag-osnovna-skola","15":"product_tag-povijest","16":"product_tag-predmeti","17":"product_tag-srednja-skola","18":"product_tag-ucenje","20":"entry","21":"has-media","23":"first","24":"instock","25":"shipping-taxable","26":"purchasable","27":"product-type-simple","28":"has-product-nav","29":"col","30":"span_1_of_3","31":"owp-content-center","32":"owp-thumbs-layout-horizontal","33":"owp-btn-big","34":"owp-tabs-layout-section"},"_links":{"self":[{"href":"https:\/\/amorlingua.com\/en\/wp-json\/wp\/v2\/product\/445","targetHints":{"allow":["GET"]}}],"collection":[{"href":"https:\/\/amorlingua.com\/en\/wp-json\/wp\/v2\/product"}],"about":[{"href":"https:\/\/amorlingua.com\/en\/wp-json\/wp\/v2\/types\/product"}],"wp:featuredmedia":[{"embeddable":true,"href":"https:\/\/amorlingua.com\/en\/wp-json\/wp\/v2\/media\/94"}],"wp:attachment":[{"href":"https:\/\/amorlingua.com\/en\/wp-json\/wp\/v2\/media?parent=445"}],"wp:term":[{"taxonomy":"product_brand","embeddable":true,"href":"https:\/\/amorlingua.com\/en\/wp-json\/wp\/v2\/product_brand?post=445"},{"taxonomy":"product_cat","embeddable":true,"href":"https:\/\/amorlingua.com\/en\/wp-json\/wp\/v2\/product_cat?post=445"},{"taxonomy":"product_tag","embeddable":true,"href":"https:\/\/amorlingua.com\/en\/wp-json\/wp\/v2\/product_tag?post=445"}],"curies":[{"name":"wp","href":"https:\/\/api.w.org\/{rel}","templated":true}]}}