{"id":323,"date":"2020-06-30T11:54:07","date_gmt":"2020-06-30T11:54:07","guid":{"rendered":"https:\/\/www.amorlingua.com\/?post_type=product&#038;p=323"},"modified":"2025-09-10T14:25:52","modified_gmt":"2025-09-10T14:25:52","slug":"filmski-animator-i-strip-crtac","status":"publish","type":"product","link":"https:\/\/amorlingua.com\/en\/\u0161kola\/filmski-animator-i-strip-crtac\/","title":{"rendered":"Comic book design"},"content":{"rendered":"<p>\u2022 WHO IS A MOVIE ANIMATOR AND A COMIC BOOK ARTIST?<br \/>\nA film animator and comic book artist is a person who makes animated films or comics using the latest computer animation technology. He devises a story, finds the best methods to bring that story to life, and portrays it in films or comics.<\/p>\n<p>\u2022 WANT TO KNOW HOW TO BECOME A MOVIE ANIMATOR AND A COMIC BOOK ARTIST?<br \/>\nFilm animation and comic making is an extensive field of art. As in all jobs, one does not become an expert overnight. It is necessary to adopt certain knowledge and apply it in practice. They say that after 10,000 hours of work in a certain area, you become an expert, so waste no time!<br \/>\nAlso, film animation and comic book making is constantly being upgraded and changed along with the market so it is necessary to follow the trends to keep up to date with all the novelties. That is actually the key of success in this business!<br \/>\nYou will devise a story, write a script in the correct format, create a recording board, and make an animation out of it, creating a preview, modelling, adjusting, lighting, displaying, and animating methods. You will also go through the assembly process and learn how to perform colour correction, composing, and sound design for the final product.<\/p>\n<p>\u2022 <a href=\"https:\/\/amorlingua.com\/en\/\">HOW CAN AMOR LINGUA COLLEGE HELP YOU?<\/a><br \/>\nWondering how to learn movie animation and comic book design?<br \/>\nSince we follow the trends, we have organised for you course in movie animation and comic book design!<br \/>\nOur professors together with experts in movie animation and comic book design , who have many years of experience, will help you master the basics of animated films and comics, the concept of time and story, drawing Storyboard, animation, editing and much more.<br \/>\nThe education is being held in the group with 5 beginners, in order to have the maximum quality of classes! The approach to each student is almost fully personalized,but if you prefer having individual classes 1:1, we also have that option for you!<\/p>\n<p>\u2022 WHOM IS FILM ANIMATION AND COMIC BOOK DESIGN INTENDED FOR?<br \/>\nWe designed this course especially for ambitious animated film lovers and comic book designers interested in creating their animated short films or comics.<\/p>\n<p>\u2022 WHAT KNOWLEDGE WILL YOU ACQUIRE WITH THE COURSE OF FILM ANIMATION AND COMIC BOOK DESIGN?<\/p>\n<p>- You will master the basics of animated film and comics<br \/>\n- Understanding the concept of film time, movement and story<br \/>\n- You will learn how to record sounds and voices<br \/>\n- You will learn how to animate objects and characters<br \/>\n- You will get introduced to movie editing<br \/>\n- You will learn to draw in Storyboard and develop visuals<\/p>\n<p>\u2022 WHAT IS THE LOCATION OF THE EDUCATION OF FILM ANIMATION AND COMIC DESIGN?<br \/>\nLocation: Sesvete<\/p>\n<p>\u2022 AMOR LINGUA SUGGESTS<br \/>\nIf after the<a href=\"https:\/\/amorlingua.com\/en\/%C5%A1kola\/filmski-animator-i-strip-crtac\/\"> film animation and comic book design<\/a> you realize that you were made for it, Amor Lingua suggests <a href=\"https:\/\/amorlingua.com\/en\/%C5%A1kola\/fotografija\/\">our photography course<\/a> that perfectly compliments <a href=\"https:\/\/amorlingua.com\/en\/%C5%A1kola\/filmski-animator-i-strip-crtac\/\">movie animation.<\/a>By clicking the link, check out more information about <a href=\"https:\/\/amorlingua.com\/en\/%C5%A1kola\/fotografija\/\">our photography course<\/a> prepared for our beginners.<\/p>\n<p>A career as a film animator and comic book artist is ideal for a creative person!<\/p>\n<p><strong>Upi\u0161i zanimanje filmskog animatora i strip-crta\u010da!<\/strong><\/p>\n<table>\n<tbody>\n<tr>\n<td width=\"116\">Module number<\/td>\n<td width=\"115\">Name of module<\/td>\n<td width=\"107\">Lesson hours (theory)<\/td>\n<td width=\"107\">Lesson hours (practice)<\/td>\n<td width=\"111\">Total<\/td>\n<\/tr>\n<tr>\n<td width=\"116\">1.<\/td>\n<td width=\"115\">Introduction to animated film and comics<\/td>\n<td width=\"107\">5<\/td>\n<td width=\"107\">&#8211;<\/td>\n<td width=\"111\">5<\/td>\n<\/tr>\n<tr>\n<td width=\"116\">2.<\/td>\n<td width=\"115\">Understanding the concept of film time, movement and story<\/td>\n<td width=\"107\">10<\/td>\n<td width=\"107\">&#8211;<\/td>\n<td width=\"111\">10<\/td>\n<\/tr>\n<tr>\n<td width=\"116\">3.<\/td>\n<td width=\"115\">Creating a concept, writing a story<\/td>\n<td width=\"107\">5<\/td>\n<td width=\"107\">10<\/td>\n<td width=\"111\">15<\/td>\n<\/tr>\n<tr>\n<td width=\"116\">4.<\/td>\n<td width=\"115\">Drawing a storyboard and developing visuals<\/td>\n<td width=\"107\">5<\/td>\n<td width=\"107\">15<\/td>\n<td width=\"111\">20<\/td>\n<\/tr>\n<tr>\n<td width=\"116\">5.<\/td>\n<td width=\"115\">Animation<\/td>\n<td width=\"107\">5<\/td>\n<td width=\"107\">20<\/td>\n<td width=\"111\">25<\/td>\n<\/tr>\n<tr>\n<td width=\"116\">6.<\/td>\n<td width=\"115\">Recording voices and sounds<\/td>\n<td width=\"107\">5<\/td>\n<td width=\"107\">15<\/td>\n<td width=\"111\">20<\/td>\n<\/tr>\n<tr>\n<td width=\"116\">7.<\/td>\n<td width=\"115\">Film editing<\/td>\n<td width=\"107\">5<\/td>\n<td width=\"107\">20<\/td>\n<td width=\"111\">25<\/td>\n<\/tr>\n<tr>\n<td width=\"116\">TOTAL<\/td>\n<td width=\"115\"><\/td>\n<td width=\"107\">40<\/td>\n<td width=\"107\">80<\/td>\n<td width=\"111\">120<\/td>\n<\/tr>\n<\/tbody>\n<\/table>\n<p>&nbsp;<\/p>\n<h3>DOCUMENTS REQUIRED FOR ENROLLMENT<\/h3>\n<ul>\n<li>Birth certificate or a certificate of nationality<\/li>\n<li>Identity card<\/li>\n<li>High school report<\/li>\n<\/ul>\n<p>&nbsp;<\/p>\n<h3><strong>Course price<\/strong><\/h3>\n<table width=\"680\">\n<tbody>\n<tr>\n<td width=\"208\"><strong>Course<\/strong><\/td>\n<td width=\"251\"><strong>Program description<\/strong><\/td>\n<td width=\"103\"><strong>Lessons<\/strong><\/td>\n<td width=\"118\"><strong>Cijena u eurima<\/strong><\/td>\n<\/tr>\n<tr>\n<td width=\"208\"><strong>Group course <\/strong><\/td>\n<td width=\"251\">Comic book design<\/td>\n<td width=\"103\">120<\/td>\n<td width=\"118\">1800,00<\/td>\n<\/tr>\n<tr>\n<td width=\"208\"><strong>Online course 1 on 2<\/strong><\/td>\n<td width=\"251\">Comic book design<\/td>\n<td width=\"103\">120<\/td>\n<td width=\"118\">1550,00<\/td>\n<\/tr>\n<tr>\n<td width=\"208\"><strong>Online course 1 on 1<\/strong><\/td>\n<td width=\"251\">Comic book design<\/td>\n<td width=\"103\">120<\/td>\n<td width=\"118\">2850,00<\/td>\n<\/tr>\n<\/tbody>\n<\/table>\n<p>&nbsp;<\/p>\n<p><strong>Literature:\u00a0<\/strong><\/p>\n<p>Textbooks, study materials, ppt and instructions for using other sources.<\/p>\n<p>The Animator&#8217;s Survival kit, Richard Williams<\/p>\n<p>Borivoj Dovnikovi\u0107 Bordo: \u0160kola crtanog filma (1996.)<\/p>\n<p>Jo\u0161ko Maru\u0161i\u0107 i suradnici: Alkemija animiranog filma (2004.)<\/p>\n<p>Midhat Ajanovi\u0107: Animacija i realizam (2004.)<\/p>\n<p>Chris Patmore: The complete animation course (2003.)<\/p>\n<p>Richard Taylor: The encyclopedia of animation techniques (1996.)<\/p>","protected":false},"excerpt":{"rendered":"<p>\u2022 \u0160TO JE FILMSKI ANIMATOR I STRIP-CRTA\u010c? Filmski animator i strip-crta\u010d je osoba koja izra\u0111uje animirane filmove ili stripove koriste\u0107i najnoviju tehnologiju ra\u010dunalne animacije. On osmi\u0161ljava pri\u010du, pronalazi najbolje metode kako bi o\u017eivjeli tu pri\u010du i prikazao ju u filmu ili u stripu. \u2022 ZANIMA TE KAKO POSTATI STRU\u010cNJAK FILMSKOG ANIMATORA I STRIP-CRTA\u010cA? Filmska animacija [&hellip;]<\/p>\n","protected":false},"featured_media":329,"template":"","meta":{"om_disable_all_campaigns":false,"_monsterinsights_skip_tracking":false,"_monsterinsights_sitenote_active":false,"_monsterinsights_sitenote_note":"","_monsterinsights_sitenote_category":0,"_uf_show_specific_survey":0,"_uf_disable_surveys":false,"h5ap_radio_sources":[]},"product_brand":[],"product_cat":[36,30],"product_tag":[119,126,123,124,120,125,127,121,122],"class_list":{"0":"post-323","1":"product","2":"type-product","3":"status-publish","4":"has-post-thumbnail","6":"product_cat-filmski-animator-i-crtac-stripova","7":"product_cat-specijalizirani-tecajevi","8":"product_tag-animator","9":"product_tag-animiranje","10":"product_tag-crtac-stripova","11":"product_tag-crtani-filmovi","12":"product_tag-filmski-animator","13":"product_tag-montaza","14":"product_tag-snimanje-glasova","15":"product_tag-strip","16":"product_tag-strip-crtac","18":"entry","19":"has-media","21":"first","22":"instock","23":"shipping-taxable","24":"purchasable","25":"product-type-variable","26":"has-product-nav","27":"col","28":"span_1_of_3","29":"owp-content-center","30":"owp-thumbs-layout-horizontal","31":"owp-btn-big","32":"owp-tabs-layout-section"},"_links":{"self":[{"href":"https:\/\/amorlingua.com\/en\/wp-json\/wp\/v2\/product\/323","targetHints":{"allow":["GET"]}}],"collection":[{"href":"https:\/\/amorlingua.com\/en\/wp-json\/wp\/v2\/product"}],"about":[{"href":"https:\/\/amorlingua.com\/en\/wp-json\/wp\/v2\/types\/product"}],"wp:featuredmedia":[{"embeddable":true,"href":"https:\/\/amorlingua.com\/en\/wp-json\/wp\/v2\/media\/329"}],"wp:attachment":[{"href":"https:\/\/amorlingua.com\/en\/wp-json\/wp\/v2\/media?parent=323"}],"wp:term":[{"taxonomy":"product_brand","embeddable":true,"href":"https:\/\/amorlingua.com\/en\/wp-json\/wp\/v2\/product_brand?post=323"},{"taxonomy":"product_cat","embeddable":true,"href":"https:\/\/amorlingua.com\/en\/wp-json\/wp\/v2\/product_cat?post=323"},{"taxonomy":"product_tag","embeddable":true,"href":"https:\/\/amorlingua.com\/en\/wp-json\/wp\/v2\/product_tag?post=323"}],"curies":[{"name":"wp","href":"https:\/\/api.w.org\/{rel}","templated":true}]}}