{"id":322,"date":"2020-06-30T11:34:34","date_gmt":"2020-06-30T11:34:34","guid":{"rendered":"https:\/\/www.amorlingua.com\/?post_type=product&#038;p=322"},"modified":"2025-06-24T13:45:44","modified_gmt":"2025-06-24T13:45:44","slug":"voditelj-putovanja","status":"publish","type":"product","link":"https:\/\/amorlingua.com\/en\/\u0161kola\/voditelj-putovanja\/","title":{"rendered":"Tour Management"},"content":{"rendered":"<p>Tour Management<\/p>\n<p>Course for a tour guide<\/p>\n<p>Maybe you are a student looking for an extra job, or perhaps you are in your best year and want to get out of monotony or dissatisfaction with your current job; take the first step and do something for yourself!<\/p>\n<p><strong>You always wanted to travel, socialize with people, learn new languages \u200b\u200band cultures, but you were missing money or free time? <\/strong><br \/>\n<strong>Turn this hobby into a business! Become a travel leader!\u00a0<\/strong><\/p>\n<p>The tour guide guides tourist groups on trips, plans, and organizes all field activities (visits to museums, monuments, churches, and other sites), points out the natural beauties, and conveys important historical events related to the places and sites visited.<\/p>\n<p>The tour guide gets in contacts with all the necessary organizations at the destination. Become a group leader who will give your group an unforgettable travel experience!<\/p>\n<p>Te\u010daj za voditelja putovanja sastoji se od 25 sati teorije na U\u010dili\u0161tu Amor Lingua te 25 sati prakse kroz terensku nastavu kroz Zagreb uz certificiranog vodi\u010da za grad Zagreb te jedan jednodnevni izlet van Hrvatske uz nadoplatu (odabir izme\u0111u Trsta, Graza, Budimpe\u0161te\u2026)<\/p>\n<table>\n<tbody>\n<tr>\n<td width=\"116\">Module number<\/td>\n<td width=\"115\">Name of module<\/td>\n<td width=\"107\">Lesson hours (theory)<\/td>\n<td width=\"107\">Lesson hours (practice)<\/td>\n<td width=\"111\">Total<\/td>\n<\/tr>\n<tr>\n<td width=\"116\">1.<\/td>\n<td width=\"115\">Political and economic composition of the Republic of Croatia<\/td>\n<td width=\"107\">2<\/td>\n<td width=\"107\">0<\/td>\n<td width=\"111\">2<\/td>\n<\/tr>\n<tr>\n<td width=\"116\">2.<\/td>\n<td width=\"115\">Basics of tourism and tourism legislation<\/td>\n<td width=\"107\">3<\/td>\n<td width=\"107\">0<\/td>\n<td width=\"111\">3<\/td>\n<\/tr>\n<tr>\n<td width=\"116\">3.<\/td>\n<td width=\"115\">Operational-technical guidance tasks for the tour guide<\/td>\n<td width=\"107\">10<\/td>\n<td width=\"107\">0<\/td>\n<td width=\"111\">10<\/td>\n<\/tr>\n<tr>\n<td width=\"116\">4.<\/td>\n<td width=\"115\">Cultural and historical monuments and other sights of Croatia<\/td>\n<td width=\"107\">10<\/td>\n<td width=\"107\">0<\/td>\n<td width=\"111\">10<\/td>\n<\/tr>\n<tr>\n<td width=\"116\">5.<\/td>\n<td width=\"115\">Tour of Zagreb with a licensed guide<\/td>\n<td width=\"107\">0<\/td>\n<td width=\"107\">7<\/td>\n<td width=\"111\">7<\/td>\n<\/tr>\n<tr>\n<td width=\"116\">6.<\/td>\n<td width=\"115\">One day trip outside Croatia<\/td>\n<td width=\"107\">0<\/td>\n<td width=\"107\">18<\/td>\n<td width=\"111\">18<\/td>\n<\/tr>\n<\/tbody>\n<\/table>\n<p>&nbsp;<\/p>\n<p><strong>In the theoretical classes, you will learn:\u00a0<\/strong><\/p>\n<ul>\n<li>Political and economic composition of the Republic of Croatia<\/li>\n<li>Basics of tourism and tourism legislation<\/li>\n<li>Operational-technical guidance tasks for the tour guide<\/li>\n<li>Cultural and historical monuments and other sights of Croatia<\/li>\n<\/ul>\n<p>&nbsp;<\/p>\n<p><strong>In practical classes, you will learn:<\/strong><\/p>\n<ul>\n<li>Tour of Zagreb with a licensed guide<\/li>\n<li>A day trip outside Croatia<\/li>\n<\/ul>\n<h3><\/h3>\n<h3>DOCUMENTS REQUIRED FOR ENROLLMENT<\/h3>\n<ul>\n<li>Birth certificate or a certificate of nationality<\/li>\n<li>Identity card<\/li>\n<li>High school report<\/li>\n<\/ul>\n<p>&nbsp;<\/p>\n<p><strong>Literature:<\/strong><\/p>\n<p>Textbooks, study materials, ppt and instructions for using other sources.<\/p>\n<p>&nbsp;<\/p>\n<p>Turn your wishes about travelling into action!<\/p>\n<p>Take your destiny into your own hands!<\/p>","protected":false},"excerpt":{"rendered":"<p>Voditelj putovanja Te\u010daj za voditelja putovanja Bez obzira jeste li student koji tra\u017ei dodatni posao ili u najboljim godinama i \u017eelite iza\u0107i iz monotomije ili nezadovoljstva sada\u0161njim poslom, odva\u017eite se i u\u010dinite ne\u0161to za sebe! Uvijek ste imali \u017eelju putovati, dru\u017eiti se s ljudima, nau\u010diti nove jezike i kulture, ali vam je nedostajalo novaca ili [&hellip;]<\/p>\n","protected":false},"featured_media":130,"template":"","meta":{"om_disable_all_campaigns":false,"_monsterinsights_skip_tracking":false,"_monsterinsights_sitenote_active":false,"_monsterinsights_sitenote_note":"","_monsterinsights_sitenote_category":0,"_uf_show_specific_survey":0,"_uf_disable_surveys":false,"h5ap_radio_sources":[]},"product_brand":[],"product_cat":[30,35],"product_tag":[114,116,115,117,113,118,112],"class_list":{"0":"post-322","1":"product","2":"type-product","3":"status-publish","4":"has-post-thumbnail","6":"product_cat-specijalizirani-tecajevi","7":"product_cat-voditelj-putovanja","8":"product_tag-pratitelj-putovanja","9":"product_tag-put","10":"product_tag-putovanje","11":"product_tag-travel","12":"product_tag-turisticki-pratitelj","13":"product_tag-vodic","14":"product_tag-voditelj-putovanja","16":"entry","17":"has-media","19":"first","20":"instock","21":"shipping-taxable","22":"purchasable","23":"product-type-simple","24":"has-product-nav","25":"col","26":"span_1_of_3","27":"owp-content-center","28":"owp-thumbs-layout-horizontal","29":"owp-btn-big","30":"owp-tabs-layout-section"},"_links":{"self":[{"href":"https:\/\/amorlingua.com\/en\/wp-json\/wp\/v2\/product\/322","targetHints":{"allow":["GET"]}}],"collection":[{"href":"https:\/\/amorlingua.com\/en\/wp-json\/wp\/v2\/product"}],"about":[{"href":"https:\/\/amorlingua.com\/en\/wp-json\/wp\/v2\/types\/product"}],"wp:featuredmedia":[{"embeddable":true,"href":"https:\/\/amorlingua.com\/en\/wp-json\/wp\/v2\/media\/130"}],"wp:attachment":[{"href":"https:\/\/amorlingua.com\/en\/wp-json\/wp\/v2\/media?parent=322"}],"wp:term":[{"taxonomy":"product_brand","embeddable":true,"href":"https:\/\/amorlingua.com\/en\/wp-json\/wp\/v2\/product_brand?post=322"},{"taxonomy":"product_cat","embeddable":true,"href":"https:\/\/amorlingua.com\/en\/wp-json\/wp\/v2\/product_cat?post=322"},{"taxonomy":"product_tag","embeddable":true,"href":"https:\/\/amorlingua.com\/en\/wp-json\/wp\/v2\/product_tag?post=322"}],"curies":[{"name":"wp","href":"https:\/\/api.w.org\/{rel}","templated":true}]}}