{"id":3007,"date":"2021-06-07T08:29:02","date_gmt":"2021-06-07T08:29:02","guid":{"rendered":"https:\/\/www.amorlingua.com\/?post_type=product&#038;p=3007"},"modified":"2025-12-02T11:12:41","modified_gmt":"2025-12-02T11:12:41","slug":"upravni-referent","status":"publish","type":"product","link":"https:\/\/amorlingua.com\/en\/\u0161kola\/upravni-referent\/","title":{"rendered":"Administrative officer"},"content":{"rendered":"<h1 style=\"text-align: left;\">Administrative officer<\/h1>\n<p><!--more--><\/p>\n<p>Administrative officer program for secondary education<\/p>\n<h3 class=\"decorated-title\">ENTRY IN THE E WORKBOOK: Yes<\/h3>\n<p><strong><img fetchpriority=\"high\" decoding=\"async\" class=\"alignnone size-medium wp-image-11614\" src=\"https:\/\/amorlingua.com\/wp-content\/uploads\/2021\/06\/shutterstock_2682358361-300x169.jpg\" alt=\"\" width=\"300\" height=\"169\" srcset=\"https:\/\/amorlingua.com\/wp-content\/uploads\/2021\/06\/shutterstock_2682358361-300x169.jpg 300w, https:\/\/amorlingua.com\/wp-content\/uploads\/2021\/06\/shutterstock_2682358361-1024x576.jpg 1024w, https:\/\/amorlingua.com\/wp-content\/uploads\/2021\/06\/shutterstock_2682358361-768x432.jpg 768w, https:\/\/amorlingua.com\/wp-content\/uploads\/2021\/06\/shutterstock_2682358361-1536x864.jpg 1536w, https:\/\/amorlingua.com\/wp-content\/uploads\/2021\/06\/shutterstock_2682358361-2048x1152.jpg 2048w, https:\/\/amorlingua.com\/wp-content\/uploads\/2021\/06\/shutterstock_2682358361-18x10.jpg 18w, https:\/\/amorlingua.com\/wp-content\/uploads\/2021\/06\/shutterstock_2682358361-600x337.jpg 600w\" sizes=\"(max-width: 300px) 100vw, 300px\" \/><\/strong><\/p>\n<p>&nbsp;<\/p>\n<p><strong>UVJETI UPISA:<\/strong><\/p>\n<div align=\"left\">Uvjerenje<\/div>\n<div align=\"left\">Svjedod\u017eba o zavr\u0161nom ispitu<\/div>\n<table width=\"100%\" cellspacing=\"4\" cellpadding=\"4\" align=\"center\">\n<tbody>\n<tr>\n<td class=\"tamnoplava\" valign=\"top\" width=\"193\">\n<div align=\"left\">Naziv programa<\/div>\n<\/td>\n<td bgcolor=\"#ccff99\" width=\"401\">\n<div align=\"left\">Upravni referenti | Upravna referentica<\/div>\n<\/td>\n<\/tr>\n<tr>\n<td class=\"tamnoplava\" valign=\"top\">\n<div align=\"left\">Trajanje<\/div>\n<\/td>\n<td bgcolor=\"#ccff99\">\n<div align=\"left\">\u010detverogodi\u0161nji program<\/div>\n<\/td>\n<\/tr>\n<tr>\n<td class=\"tamnoplava\" valign=\"top\">\n<div align=\"left\">Vrsta programa<\/div>\n<\/td>\n<td bgcolor=\"#ccff99\">\n<div align=\"left\">Program stjecanja srednje stru\u010dne spreme<\/div>\n<\/td>\n<\/tr>\n<tr>\n<td class=\"tamnoplava\" valign=\"top\">\n<div align=\"left\">Program description<\/div>\n<\/td>\n<td bgcolor=\"#ccff99\">\n<div align=\"left\">Polaznici \u0107e ste\u0107i op\u0107a znanja i vje\u0161tine iz op\u0107eobrazovnih nastavnih predmeta. Obrazovanjem iz strukovnih predmeta polaznici \u0107e nau\u010diti o pravnom sustavu te na\u010din provedbe zakona i ostalih pravnih propisa, rad na ra\u010dunalu i komuniciranje putem elektronske po\u0161te.<\/div>\n<\/td>\n<td class=\"tamnoplava\" valign=\"top\"><\/td>\n<td><\/td>\n<\/tr>\n<tr>\n<td class=\"tamnoplava\" valign=\"top\">\n<div align=\"left\">Uvjeti za upis<\/div>\n<\/td>\n<td bgcolor=\"#ccff99\">\n<ul>\n<li>zavr\u0161ena osnovna \u0161kola, najmanje 15 godina starosti<\/li>\n<li>a medical certificate confirming that the student is fit to perform the duties of Administrative Officer<\/li>\n<\/ul>\n<\/td>\n<\/tr>\n<tr>\n<td class=\"tamnoplava\" valign=\"top\">Potrebne isprave za upis<\/td>\n<td bgcolor=\"#ccff99\">\n<ul>\n<li>primary school certificate (for enrollment in 1st grade)<\/li>\n<li>certificates of previously completed high school classes<\/li>\n<li>certificate of final paper\/exam (for enrollment in retraining)<\/li>\n<li>nationality certificate<\/li>\n<li>birth certificate<\/li>\n<li>medical certificate confirming that the student is capable of performing the duties of an administrative officer (for enrollment in the 1st year and retraining)<\/li>\n<li>enrollment form with contract, (for enrollment in the 1st grade and requalification)<\/li>\n<\/ul>\n<p>&nbsp;<\/td>\n<\/tr>\n<tr>\n<td class=\"tamnoplava\" valign=\"top\">\n<div align=\"left\">Oblik nastave<\/div>\n<\/td>\n<td bgcolor=\"#ccff99\">\n<div align=\"left\">Konzultativno &#8211; instruktivna \/dopisno-konzultativna nastava op\u0107eobrazovni dio<\/div>\n<\/td>\n<\/tr>\n<\/tbody>\n<\/table>\n<p><strong> Znanja i vje\u0161tine ste\u010dene zavr\u0161etkom programa<\/strong><\/p>\n<ul>\n<li>knowledge of the positive legal system and the way of implementing laws and other legal regulations<\/li>\n<li>ten-finger blind writing with adequate accuracy and speed<\/li>\n<li>handling of office equipment and aids<\/li>\n<li>computer literacy - entering data into computer databases, exchanging electronic (digital documents)<\/li>\n<li>work on the preparation, collection, arrangement, issuing, recording, dispatching of issued and received files and documents, as well as technical control and data processing<\/li>\n<li>performance of actions in the administrative procedure<\/li>\n<li>making decisions in simpler administrative matters within the limits of the authority obtained,<\/li>\n<li>communication with people and processing<\/li>\n<li>keeping records of received and issued documents<\/li>\n<li>reception and classification of files<\/li>\n<li>drafting of administrative decisions (conclusions and decisions)<\/li>\n<li>formation of notarial files<\/li>\n<li>keeping administrative and non-administrative records (case register, order record)<\/li>\n<li>keeping personal files in public<\/li>\n<\/ul>\n<div class=\"slide-right-subtle\" data-sr-id=\"8\">\n<p>Before classes even begin, students who enroll in this secondary school program obtain a decision on several exams that specifies which subjects are approved and which ones are included in the continuing education program.<\/p>\n<\/div>\n<p style=\"font-weight: 400;\">Administrative officers should have knowledge of office operations and correspondence, administrative procedure, property law, family law, labor law and the state structure of the Republic of Croatia.<\/p>\n<p style=\"font-weight: 400;\">The administrative officer should be familiar with and proficient in using software. Due to the frequent communication with clients, other office officials, and coworkers, highly developed communication skills are essential.<\/p>\n<div><\/div>\n<div>Polaznik\u00a0 pla\u0107a \u0161kolarinu za svaku godinu prema aktualnoj cijeni \u0161kolarine za tu akademsku godinu.<\/div>\n<div>U\u010dili\u0161te Amor Lingua zadr\u017eava pravo izmjene \u0161kolarine za idu\u0107e akademske godine sukladno kretanjima na tr\u017ei\u0161tu i odluci Upravnog vije\u0107a.<\/div>\n<div>Prilikom upisa vi\u0161e godine polaznicima \u0107e biti na ra\u010dun za istu godinu dodan i iznos eventualne nadoplate ukupne vrijednosti nepolo\u017eenih ispita s ni\u017ee godine i to za svaki semestar odvojeno.<\/div>\n<div>Ra\u010dun se izdaje na nov\u010dani iznos vrijednosti nepolo\u017eenih ispita u svakom od semestara, bilo da se radi o prvom ili ponovnom upisu predmeta.<\/div>\n<div>Rok za zavr\u0161etak programa prekvalifikacije je<strong> 22 mjeseca<\/strong>.<\/div>\n<div><\/div>\n<p>Upisnina se pla\u0107a na IBAN U\u010dili\u0161ta a: <strong>HR7524020061100990194<\/strong><br \/>\nModel pla\u0107anja: HR00<br \/>\nPoziv na broj primatelja: OIB (pristupnika)<br \/>\nOpis pla\u0107anja: Upisnina za I.\/II.\/III.\/IV. godinu ili prekvalifikaciju, Ime i prezime pristupnika<\/p>\n<p>&nbsp;<\/p>\n<p>CJENIK ZA 2025.<\/p>\n<p><strong>Upisnina; 50 \u20ac<\/strong><\/p>\n<ul>\n<li>\n<h3>razlika predmeta za prvi razred \u2013\u00a0 200,00 \u20ac<\/h3>\n<\/li>\n<li>\n<h3>razlika predmeta za prvi i drugi razred \u2013 300,00 \u20ac<\/h3>\n<\/li>\n<li>\n<h3>razlika predmeta za prvi, drugi i tre\u0107i razred \u2013 400,00 \u20ac<\/h3>\n<\/li>\n<li>\n<h3>razlika predmeta za \u010detvrti razred \u2013 100,00 \u20ac po predmetu<\/h3>\n<\/li>\n<\/ul>\n<h3><strong>Zavr\u0161ni ispit 100 \u20ac<\/strong><\/h3>\n<p>&nbsp;<\/p>\n<p><strong>\u00a0Subject list:<\/strong><\/p>\n<ul>\n<li>Introduction to the state and law<\/li>\n<li>Entrepreneurship with management<\/li>\n<li>Constitutional structure of the Republic of Croatia<\/li>\n<li>Introduction to family law<\/li>\n<li>Labor law<\/li>\n<li>Introduction to property law<\/li>\n<li>Administrative procedure<\/li>\n<li>Business psychology<\/li>\n<li>Office business and correspondence<\/li>\n<li>Croatian business language<\/li>\n<li>Computer Typography<\/li>\n<li>Bookkeeping<\/li>\n<li>Economy<\/li>\n<li>Statistics<\/li>\n<li>Informatics<\/li>\n<\/ul>\n<p style=\"font-weight: 400;\"><strong>Related professions<\/strong><\/p>\n<p style=\"font-weight: 400;\">Business secretary, secretary, administrative secretary, economist, administrative lawyer<\/p>\n<p style=\"font-weight: 400;\"><strong>Employment opportunities<\/strong><\/p>\n<p style=\"font-weight: 400;\">The majority of administrative officers work for state administration, local self-government, judicial authorities, and other institutions (registry offices, registries, land registry offices, health and pension insurance affairs, ministries, private companies and others).<\/p>\n<p>&nbsp;<\/p>\n<p>Kontakt: 095 549 1 497<\/p>","protected":false},"excerpt":{"rendered":"<div style=\"width: 1200px;\" class=\"wp-video\"><!--[if lt IE 9]><script>document.createElement('video');<\/script><![endif]--><br \/>\n<video class=\"wp-video-shortcode\" id=\"video-3007-1\" width=\"1200\" height=\"2133\" preload=\"metadata\" controls=\"controls\"><source type=\"video\/mp4\" src=\"https:\/\/amorlingua.com\/wp-content\/uploads\/2021\/06\/6549528-uhd_2160_3840_25fps-2.mp4?_=1\" \/><a href=\"https:\/\/amorlingua.com\/wp-content\/uploads\/2021\/06\/6549528-uhd_2160_3840_25fps-2.mp4\">https:\/\/amorlingua.com\/wp-content\/uploads\/2021\/06\/6549528-uhd_2160_3840_25fps-2.mp4<\/a><\/video><\/div>\n","protected":false},"featured_media":11022,"template":"","meta":{"om_disable_all_campaigns":false,"_monsterinsights_skip_tracking":false,"_monsterinsights_sitenote_active":false,"_monsterinsights_sitenote_note":"","_monsterinsights_sitenote_category":0,"_uf_show_specific_survey":0,"_uf_disable_surveys":false,"h5ap_radio_sources":[]},"product_brand":[],"product_cat":[47],"product_tag":[363,351,362,169,359,361],"class_list":{"0":"post-3007","1":"product","2":"type-product","3":"status-publish","4":"has-post-thumbnail","6":"product_cat-srednja-skola","7":"product_tag-pravo","8":"product_tag-prekvalifikacija","9":"product_tag-referent","10":"product_tag-srednja-skola","11":"product_tag-turizam","12":"product_tag-upravni-referent","14":"entry","15":"has-media","17":"first","18":"instock","19":"sale","20":"shipping-taxable","21":"purchasable","22":"product-type-variable","23":"has-product-nav","24":"col","25":"span_1_of_3","26":"owp-content-center","27":"owp-thumbs-layout-horizontal","28":"owp-btn-big","29":"owp-tabs-layout-section"},"_links":{"self":[{"href":"https:\/\/amorlingua.com\/en\/wp-json\/wp\/v2\/product\/3007","targetHints":{"allow":["GET"]}}],"collection":[{"href":"https:\/\/amorlingua.com\/en\/wp-json\/wp\/v2\/product"}],"about":[{"href":"https:\/\/amorlingua.com\/en\/wp-json\/wp\/v2\/types\/product"}],"wp:featuredmedia":[{"embeddable":true,"href":"https:\/\/amorlingua.com\/en\/wp-json\/wp\/v2\/media\/11022"}],"wp:attachment":[{"href":"https:\/\/amorlingua.com\/en\/wp-json\/wp\/v2\/media?parent=3007"}],"wp:term":[{"taxonomy":"product_brand","embeddable":true,"href":"https:\/\/amorlingua.com\/en\/wp-json\/wp\/v2\/product_brand?post=3007"},{"taxonomy":"product_cat","embeddable":true,"href":"https:\/\/amorlingua.com\/en\/wp-json\/wp\/v2\/product_cat?post=3007"},{"taxonomy":"product_tag","embeddable":true,"href":"https:\/\/amorlingua.com\/en\/wp-json\/wp\/v2\/product_tag?post=3007"}],"curies":[{"name":"wp","href":"https:\/\/api.w.org\/{rel}","templated":true}]}}