{"id":2921,"date":"2021-06-01T10:00:11","date_gmt":"2021-06-01T10:00:11","guid":{"rendered":"https:\/\/www.amorlingua.com\/?post_type=product&#038;p=2921"},"modified":"2026-01-05T14:18:07","modified_gmt":"2026-01-05T14:18:07","slug":"komercijalist-ica","status":"publish","type":"product","link":"https:\/\/amorlingua.com\/en\/\u0161kola\/komercijalist-ica\/","title":{"rendered":"Commercialist"},"content":{"rendered":"<p>Komercijalist<\/p>\n<p>Commercialist program for secondary education<\/p>\n<h3 class=\"decorated-title\">ENTRY IN THE E WORKBOOK: Yes<\/h3>\n<p>&nbsp;<\/p>\n<table width=\"100%\" cellspacing=\"4\" cellpadding=\"4\" align=\"center\">\n<tbody>\n<tr>\n<td class=\"tamnoplava\" valign=\"top\" width=\"193\">\n<div align=\"left\">Naziv programa<\/div>\n<\/td>\n<td bgcolor=\"#ccff99\" width=\"401\">\n<div align=\"left\">Commercialist<\/div>\n<\/td>\n<\/tr>\n<tr>\n<td class=\"tamnoplava\" valign=\"top\">\n<div align=\"left\">Trajanje<\/div>\n<\/td>\n<td bgcolor=\"#ccff99\">\n<div align=\"left\">\u010detverogodi\u0161nji program<\/div>\n<\/td>\n<\/tr>\n<tr>\n<td class=\"tamnoplava\" valign=\"top\">\n<div align=\"left\">Vrsta programa<\/div>\n<\/td>\n<td bgcolor=\"#ccff99\">\n<div align=\"left\">Program stjecanja srednje stru\u010dne spreme<\/div>\n<\/td>\n<\/tr>\n<tr>\n<td class=\"tamnoplava\" valign=\"top\">\n<div align=\"left\">Program description<\/div>\n<\/td>\n<td bgcolor=\"#ccff99\">\n<div align=\"left\">\n<p><strong>KNOWLEDGE AND SKILLS ACQUIRED BY COMPLETION OF THE PROGRAM:<\/strong><\/p>\n<p>Independent and effective performance of procurement, sales, business organization, and logistics processes in wholesale, retail, manufacturing, catering, hotel, and tourism businesses engaged in domestic and international trade, as well as in domestic and international shipping, as well as in public, long warehouses, free zones, railway stations, seaports, and goods terminals, as well as in the conduct of foreign trade operations involving the exchange of goods.<\/p>\n<p>Goal orientation, persuasiveness, and a desire to work both alone and together are key characteristics of a commercialist. For example, reading client account balance cards, being familiar with the ideas of compensation, cession, etc., and legal work due to the resolution of various court issues are all necessary skills, experiences, and knowledge of financial categories. It is desirable for a businessperson to develop a professional appearance and business style that would imply a successful image of a business entity. The process of finalizing a sale can take several months, therefore those involved in this sector need to be confident while also being persistent and patient. A commercialist's safety and persuasiveness, with which he may have a suggestive impact on business partners, will be substantially enhanced by a comprehensive education and knowledge with socio-economic events. Additionally, a certain level of physical stamina is needed (sometimes salespeople carry heavy boxes of product samples or spend long periods of time on their feet). It's a good thing that business professionals like to travel because they frequently meet with clients and partners.<\/p>\n<p><strong>Subject list:<\/strong><\/p>\n<ul>\n<li>Knowledge of the merchandise<\/li>\n<li>Business communications<\/li>\n<li>Informatics<\/li>\n<li>Commercial business<\/li>\n<li>Accounting<\/li>\n<li>Entrepreneurship<\/li>\n<li>Basics of commercial law<\/li>\n<li>The psychology of sales<\/li>\n<li>Marketing<\/li>\n<li>Transport, forwarding and insurance<\/li>\n<li>Technique of foreign trade operations<\/li>\n<\/ul>\n<p><strong>Related professions<\/strong><\/p>\n<p>Commercial traveler, commercial manager, acquisitions officer, economic technician<\/p>\n<p><strong>Employment opportunities<\/strong><\/p>\n<p>Commercialists can be employed in companies or trades engaged in the production and sale of various goods and services, within various activities in the country and abroad.<\/p>\n<\/div>\n<\/td>\n<td class=\"tamnoplava\" valign=\"top\"><\/td>\n<td><\/td>\n<\/tr>\n<tr>\n<td class=\"tamnoplava\" valign=\"top\">\n<div align=\"left\">Uvjeti za upis<\/div>\n<\/td>\n<td bgcolor=\"#ccff99\"><strong>Physiotherapy technician program for secondary education<\/strong><\/p>\n<ul>\n<li>finished elementary school<\/li>\n<li>over 15 years of age<\/li>\n<li>a medical certificate confirming that the student is fit to perform the duties of Commercialist<\/li>\n<\/ul>\n<p><strong>Conditions for enrollment in the retraining program:<\/strong><\/p>\n<ul>\n<li>at least 15 years of age<\/li>\n<li>finished secondary school<\/li>\n<\/ul>\n<p>Before classes even begin, students who enroll in this secondary school program obtain a decision on several exams that specifies which subjects are approved and which ones are included in the continuing education program.<\/td>\n<\/tr>\n<tr>\n<td class=\"tamnoplava\" valign=\"top\">Potrebne isprave za upis<\/td>\n<td bgcolor=\"#ccff99\">\n<ul>\n<li>primary school certificate (for enrollment in 1st grade)<\/li>\n<li>certificates of previously completed high school classes<\/li>\n<li>certificate of final paper\/exam (for enrollment in retraining)<\/li>\n<li>nationality certificate<\/li>\n<li>birth certificate<\/li>\n<li>lije\u010dni\u010dko uvjerenje kojim se potvr\u0111uje da je polaznik sposoban za obavljenje poslova komercijalista (za upis u 1. razred i prekvalifikaciju)<\/li>\n<li>upisnica s ugovorom, (za upis u 1. razred i prekvalifikaciju)<\/li>\n<\/ul>\n<p>&nbsp;<\/td>\n<\/tr>\n<tr>\n<td class=\"tamnoplava\" valign=\"top\">\n<div align=\"left\">Oblik nastave<\/div>\n<\/td>\n<td bgcolor=\"#ccff99\">\n<div align=\"left\">Konzultativno \u2013 instruktivna \/dopisno-konzultativna nastava op\u0107eobrazovni dio<\/div>\n<\/td>\n<\/tr>\n<\/tbody>\n<\/table>\n<p>&nbsp;<\/p>\n<div>Before classes even begin, students who enroll in this secondary school program obtain a decision on several exams that specifies which subjects are approved and which ones are included in the continuing education program.<\/div>\n<div><\/div>\n<div>Polaznik\u00a0 pla\u0107a \u0161kolarinu za svaku godinu prema aktualnoj cijeni \u0161kolarine za tu akademsku godinu.<\/div>\n<div>U\u010dili\u0161te Amor Lingua zadr\u017eava pravo izmjene \u0161kolarine za idu\u0107e akademske godine sukladno kretanjima na tr\u017ei\u0161tu i odluci Upravnog vije\u0107a.<\/div>\n<div>Prilikom upisa vi\u0161e godine polaznicima \u0107e biti na ra\u010dun za istu godinu dodan i iznos eventualne nadoplate ukupne vrijednosti nepolo\u017eenih ispita s ni\u017ee godine i to za svaki semestar odvojeno.<\/div>\n<div>Ra\u010dun se izdaje na nov\u010dani iznos vrijednosti nepolo\u017eenih ispita u svakom od semestara, bilo da se radi o prvom ili ponovnom upisu predmeta.<\/div>\n<div>Rok za zavr\u0161etak programa prekvalifikacije je<strong> 22 mjeseca<\/strong>.<\/div>\n<div><\/div>\n<p>Upisnina se pla\u0107a na IBAN U\u010dili\u0161ta a: <strong>HR7524020061100990194<\/strong><br \/>\nModel pla\u0107anja: HR00<br \/>\nPoziv na broj primatelja: OIB (pristupnika)<br \/>\nOpis pla\u0107anja: Upisnina za I.\/II.\/III.\/IV. godinu ili prekvalifikaciju, Ime i prezime pristupnika<\/p>\n<p>&nbsp;<\/p>\n<p>CJENIK ZA 2025.<\/p>\n<p><strong>Upisnina; 50 \u20ac<\/strong><\/p>\n<ul>\n<li>\n<h3>razlika predmeta za prvi razred \u2013\u00a0 200,00 \u20ac<\/h3>\n<\/li>\n<li>\n<h3>razlika predmeta za prvi i drugi razred \u2013 300,00 \u20ac<\/h3>\n<\/li>\n<li>\n<h3>razlika predmeta za prvi, drugi i tre\u0107i razred \u2013 400,00 \u20ac<\/h3>\n<\/li>\n<li>\n<h3>razlika predmeta za \u010detvrti razred \u2013 100,00 \u20ac po predmetu<\/h3>\n<\/li>\n<\/ul>\n<h3><strong>Zavr\u0161ni ispit 100 \u20ac<\/strong><\/h3>\n<h3>Po zavr\u0161etku programa za stjecanje srednje stru\u010dne spreme ili prekvalifikacije za zanimanje komercijalist, polaznik stje\u010de znanja vezana uz\u00a0 organiziranje i izvr\u0161avanje nabave i prodaje robe u tuzemstvu i inozemstvu uz poslovno komuniciranje na materinskom i stranom jeziku te<br \/>\na\u017euriranje i analiziranje poslovnih informacija uz napredno kori\u0161tenje informacijske tehnologije, u skladu s eti\u010dkim na\u010delima poslovanja i<br \/>\nzakonskim propisima.\u00a0 Na putovanjima posje\u0107uje poslovne partnere, istra\u017euje i analizira ponudu u procesu nabave te potrebe u procesu prodaje. Prilikom prodajne prezentacije komercijalist se koristi uzorcima ili katalozima s detaljnim opisom ponu\u0111ene robe,<br \/>\ncijenom te informacijama o dostupnosti i uporabnim svojstvima.<\/h3>\n<p><strong>Mogu\u0107nosti pla\u0107anja:\u00a0<\/strong><\/p>\n<ul>\n<li>karticama Maestro i Visa PBZ do 6 rata , Diners do 12 rata, debitnim karticama<\/li>\n<li>gotovinom obro\u010dno<\/li>\n<li>internet bankarstvom obro\u010dno do 12 rata<\/li>\n<\/ul>","protected":false},"excerpt":{"rendered":"<p>Commercialist program for secondary education<\/p>","protected":false},"featured_media":2924,"template":"","meta":{"om_disable_all_campaigns":false,"_monsterinsights_skip_tracking":false,"_monsterinsights_sitenote_active":false,"_monsterinsights_sitenote_note":"","_monsterinsights_sitenote_category":0,"_uf_show_specific_survey":0,"_uf_disable_surveys":false,"h5ap_radio_sources":[]},"product_brand":[],"product_cat":[47],"product_tag":[349,350,351,169],"class_list":{"0":"post-2921","1":"product","2":"type-product","3":"status-publish","4":"has-post-thumbnail","6":"product_cat-srednja-skola","7":"product_tag-komercijalist","8":"product_tag-komercijalistica","9":"product_tag-prekvalifikacija","10":"product_tag-srednja-skola","12":"entry","13":"has-media","15":"first","16":"instock","17":"shipping-taxable","18":"purchasable","19":"product-type-variable","20":"has-product-nav","21":"col","22":"span_1_of_3","23":"owp-content-center","24":"owp-thumbs-layout-horizontal","25":"owp-btn-big","26":"owp-tabs-layout-section"},"_links":{"self":[{"href":"https:\/\/amorlingua.com\/en\/wp-json\/wp\/v2\/product\/2921","targetHints":{"allow":["GET"]}}],"collection":[{"href":"https:\/\/amorlingua.com\/en\/wp-json\/wp\/v2\/product"}],"about":[{"href":"https:\/\/amorlingua.com\/en\/wp-json\/wp\/v2\/types\/product"}],"wp:featuredmedia":[{"embeddable":true,"href":"https:\/\/amorlingua.com\/en\/wp-json\/wp\/v2\/media\/2924"}],"wp:attachment":[{"href":"https:\/\/amorlingua.com\/en\/wp-json\/wp\/v2\/media?parent=2921"}],"wp:term":[{"taxonomy":"product_brand","embeddable":true,"href":"https:\/\/amorlingua.com\/en\/wp-json\/wp\/v2\/product_brand?post=2921"},{"taxonomy":"product_cat","embeddable":true,"href":"https:\/\/amorlingua.com\/en\/wp-json\/wp\/v2\/product_cat?post=2921"},{"taxonomy":"product_tag","embeddable":true,"href":"https:\/\/amorlingua.com\/en\/wp-json\/wp\/v2\/product_tag?post=2921"}],"curies":[{"name":"wp","href":"https:\/\/api.w.org\/{rel}","templated":true}]}}