{"id":288,"date":"2020-06-30T10:14:21","date_gmt":"2020-06-30T10:14:21","guid":{"rendered":"https:\/\/www.amorlingua.com\/?post_type=product&#038;p=288"},"modified":"2025-12-02T14:39:22","modified_gmt":"2025-12-02T14:39:22","slug":"hrvatski-jezik-za-strance","status":"publish","type":"product","link":"https:\/\/amorlingua.com\/en\/\u0161kola\/hrvatski-jezik-za-strance\/","title":{"rendered":"Ispit iz znanja hrvatskoga jezika i latini\u010dnog pisma za sticanje hrvatskog dr\u017eavljanstva"},"content":{"rendered":"<h2>Croatian for foreigners CEFR<img fetchpriority=\"high\" decoding=\"async\" class=\"size-medium wp-image-11623 alignleft\" src=\"https:\/\/amorlingua.com\/wp-content\/uploads\/2020\/06\/shutterstock_797324644-300x200.jpg\" alt=\"\" width=\"300\" height=\"200\" srcset=\"https:\/\/amorlingua.com\/wp-content\/uploads\/2020\/06\/shutterstock_797324644-300x200.jpg 300w, https:\/\/amorlingua.com\/wp-content\/uploads\/2020\/06\/shutterstock_797324644-1024x684.jpg 1024w, https:\/\/amorlingua.com\/wp-content\/uploads\/2020\/06\/shutterstock_797324644-768x513.jpg 768w, https:\/\/amorlingua.com\/wp-content\/uploads\/2020\/06\/shutterstock_797324644-1536x1025.jpg 1536w, https:\/\/amorlingua.com\/wp-content\/uploads\/2020\/06\/shutterstock_797324644-2048x1367.jpg 2048w, https:\/\/amorlingua.com\/wp-content\/uploads\/2020\/06\/shutterstock_797324644-18x12.jpg 18w, https:\/\/amorlingua.com\/wp-content\/uploads\/2020\/06\/shutterstock_797324644-600x401.jpg 600w\" sizes=\"(max-width: 300px) 100vw, 300px\" \/><\/h2>\n<p>Amor Lingua College offers the opportunity to learn and improve the Croatian language.<br \/>\nWhether you were motivated by your love for Slavic languages, culture or Croatian history, business or private needs, Amor Lingua answers your every challenge.<\/p>\n<div class=\"elementor-element elementor-element-npdbgez elementor-widget elementor-widget-heading\" data-id=\"npdbgez\" data-element_type=\"widget\" data-widget_type=\"heading.default\">\n<div class=\"elementor-widget-container\">\n<h2><\/h2>\n<h2><\/h2>\n<h2 class=\"elementor-heading-title elementor-size-default\">Ispit iz hrvatskog jezika za sticanje Hrvatskog dr\u017eavljanstva<\/h2>\n<\/div>\n<\/div>\n<div class=\"elementor-element elementor-element-gnbdtzy elementor-widget elementor-widget-spacer\" data-id=\"gnbdtzy\" data-element_type=\"widget\" data-widget_type=\"spacer.default\">\n<div class=\"elementor-widget-container\">\n<div class=\"elementor-spacer\">\n<div class=\"elementor-spacer-inner\"><\/div>\n<\/div>\n<\/div>\n<\/div>\n<div class=\"elementor-element elementor-element-ncpemuh elementor-widget elementor-widget-text-editor\" data-id=\"ncpemuh\" data-element_type=\"widget\" data-widget_type=\"text-editor.default\">\n<div class=\"elementor-widget-container\">\n<p>U\u010dili\u0161te Amor Lingua je ustanova za obrazovanje odraslih koja provodi slu\u017ebene ispite iz hrvatskog jezika i latini\u010dnog pisma za strance. <strong>Verificirani od Ministarstva znanosti i obrazovanja Republike Hrvatske .<\/strong><\/p>\n<h2><img decoding=\"async\" class=\"size-medium wp-image-11624 alignleft\" src=\"https:\/\/amorlingua.com\/wp-content\/uploads\/2020\/06\/shutterstock_339642275-300x200.jpg\" alt=\"\" width=\"300\" height=\"200\" srcset=\"https:\/\/amorlingua.com\/wp-content\/uploads\/2020\/06\/shutterstock_339642275-300x200.jpg 300w, https:\/\/amorlingua.com\/wp-content\/uploads\/2020\/06\/shutterstock_339642275-1024x683.jpg 1024w, https:\/\/amorlingua.com\/wp-content\/uploads\/2020\/06\/shutterstock_339642275-768x512.jpg 768w, https:\/\/amorlingua.com\/wp-content\/uploads\/2020\/06\/shutterstock_339642275-1536x1024.jpg 1536w, https:\/\/amorlingua.com\/wp-content\/uploads\/2020\/06\/shutterstock_339642275-2048x1365.jpg 2048w, https:\/\/amorlingua.com\/wp-content\/uploads\/2020\/06\/shutterstock_339642275-18x12.jpg 18w, https:\/\/amorlingua.com\/wp-content\/uploads\/2020\/06\/shutterstock_339642275-600x400.jpg 600w\" sizes=\"(max-width: 300px) 100vw, 300px\" \/><\/h2>\n<p>Ispit za potvrdu poznavanja hrvatskog jezika potreban je za dobivanje dugotrajnog boravka ili dr\u017eavljanstva. Kandidati pristupaju ispitu za B1 stupanj u pisanom i usmenom obliku te im se ocjenjuju sve jezi\u010dne vje\u0161tine: pisanje, \u010ditanje, slu\u0161anje, govor i jezi\u010dne strukture. Ispit se pola\u017ee pred ispitnim povjerenstvom.<\/p>\n<p>Ispiti iz hrvatskog jezika za strance se provodi tri puta mjese\u010dno. Rezultati su dostupni slijede\u0107i radni dan, a certifikat se mo\u017ee preuzeti unutar 5 radnih dana nakon objave rezultata.<\/p>\n<p>Cijena ispita iz hrvatskog jezika i latini\u010dnog pisma za strance iznosi 120,00 \u20ac.<\/p>\n<\/div>\n<\/div>\n<p><strong>Our lecturers are graduate professors of Croatian language and literature with many years of experience in teaching Croatian as a foreign language. They organized a curriculum that follows CEFR, or ZEROJ (Common European Framework of Reference for Languages). According to this framework, we offer courses at all levels of language knowledge (from A1 to C2).<\/strong><\/p>\n<p>The lesson is organized to cover all aspects of learning a language: reading, writing and speaking. Language and grammar exercises, reading and writing exercises are held exclusively in Croatian. Minimal use of the English language is possible only at the beginning levels.<\/p>\n<p>If you are a team player and aspire to an international environment, the group course is for you, and if you want a completely individualized approach, sign up for the individual course. Amor Lingua College also offers a third type of course, the so-called \"crash\", which is a combination of group and individual courses.<\/p>\n<p>Regardless of which type of course you choose, interactive teaching of the Croatian language awaits you through various activities, depending on your level of language knowledge and your preferences.<br \/>\nInteresting textbooks and manuals, video clips, newspaper articles, songs, films, current affairs and events from everyday life, Croatian culture and customs, organization of field classes (cinema, theater, zoo...) and excursions...<\/p>\n<p>All our professors use modern work methods through a creative approach for fast and quality learning. Learning a language doesn't have to be boring!<br \/>\nAfter our course, conversation in Croatian will be easy.<\/p>\n<p>&nbsp;<\/p>\n<p><strong>COMMON EUROPEAN FRAMEWORK OF REFERENCE FOR LANGUAGES (CEFR):<\/strong><\/p>\n<div class=\"vc_row_inner tdi_26 vc_row vc_inner wpb_row td-pb-row\">\n<div class=\"vc_column_inner tdi_28 wpb_column vc_column_container tdc-inner-column td-pb-span3\">\n<div class=\"vc_column-inner\">\n<div class=\"wpb_wrapper\">\n<div class=\"wpb_text_column wpb_content_element\">\n<div class=\"wpb_wrapper\">\n<p><strong>A1<br \/>\n<\/strong>Can understand and use familiar everyday expressions and very basic phrases aimed at the satisfaction of needs of a concrete type. Can introduce him\/herself and others and can ask and answer questions about personal details such as where he\/she lives, people he\/she knows and things he\/she has. Can interact in a simple way provided the other person talks slowly and clearly and is prepared to help.<br \/>\n<strong>A2<br \/>\n<\/strong>Can understand sentences and frequently used expressions related to areas of most immediate relevance (e.g. very basic personal and family information, shopping, local geography, employment). Can communicate in simple and routine tasks requiring a simple and direct exchange of information on familiar and routine matters.  Can describe in simple terms aspects of his\/her background, immediate environment and matters in areas of immediate need.<br \/>\n<strong>B1<br \/>\n<\/strong>Can understand the main points of clear standard input on familiar matters regularly encountered in work, school, leisure, etc. Can deal with most situations likely to arise whilst travelling in an area where the language is spoken.  Can produce simple connected text on topics which are familiar or of personal interest. Can describe experiences and events, dreams, hopes &amp; ambitions and briefly give reasons and explanations for opinions and plans.<br \/>\n<strong>B2<br \/>\n<\/strong>Can understand the main ideas of complex text on both concrete and abstract topics, including technical discussions in his\/her field of specialisation. Can interact with a degree of fluency and spontaneity that makes regular interaction with native speakers quite possible without strain for either party. Can produce clear, detailed text on a wide range of subjects and explain a viewpoint on a topical issue giving the advantages and disadvantages of various options.<br \/>\n<strong>C1<br \/>\n<\/strong>Can understand a wide range of demanding, longer texts, and recognise implicit meaning. Can express him\/herself fluently and spontaneously without much obvious searching for expressions. Can use language flexibly and effectively for social, academic and professional purposes. Can produce clear, well-structured, detailed text on complex subjects, showing controlled use of organisational patterns, connectors and cohesive devices.<br \/>\n<strong>C2<br \/>\n<\/strong>Can understand with ease virtually everything heard or read. Can summarise information from different spoken and written sources, reconstructing arguments and accounts in a coherent presentation. Can express him\/herself spontaneously, very fluently and precisely, differentiating finer shades of meaning even in more complex situations.<\/p>\n<p>&nbsp;<\/p>\n<\/div>\n<\/div>\n<p><strong>ENROLLMENT DOCUMENTATION:<\/strong><\/p>\n<ul>\n<li>completed application form<\/li>\n<li>signed contract<\/li>\n<li>determining the level of language knowledge<\/li>\n<li>a copy of the payment<\/li>\n<\/ul>\n<div class=\"wpb_text_column wpb_content_element\"><\/div>\n<\/div>\n<\/div>\n<\/div>\n<\/div>\n<h3><strong>Course price<\/strong><\/h3>\n<p>&nbsp;<\/p>\n<table width=\"680\">\n<tbody>\n<tr>\n<td width=\"208\"><strong>Course<\/strong><\/td>\n<td width=\"251\"><strong>Program description<\/strong><\/td>\n<td width=\"103\"><strong>Lessons<\/strong><\/td>\n<td width=\"118\"><strong>Cijena u eurima<br \/>\n<\/strong><\/td>\n<\/tr>\n<tr>\n<td width=\"208\"><strong>Group course<\/strong><\/td>\n<td width=\"251\">Croatian for foreigners<\/td>\n<td width=\"103\">40<\/td>\n<td width=\"118\">290,00 \u20ac<\/td>\n<\/tr>\n<tr>\n<td width=\"208\"><strong>Group course<\/strong><\/td>\n<td width=\"251\">Croatian for foreigners<\/td>\n<td width=\"103\">60<\/td>\n<td width=\"118\">400,00 \u20ac<\/td>\n<\/tr>\n<tr>\n<td width=\"208\"><strong>Group course<\/strong><\/td>\n<td width=\"251\">Croatian for foreigners<\/td>\n<td width=\"103\">70<\/td>\n<td width=\"118\">450,00 \u20ac<\/td>\n<\/tr>\n<tr>\n<td width=\"208\"><strong>Online course 1 on 1<\/strong><\/td>\n<td width=\"251\">Croatian for foreigners (minimum 5 hours)<\/td>\n<td width=\"103\">1<\/td>\n<td width=\"118\">15,00 \u20ac<\/td>\n<\/tr>\n<tr>\n<td width=\"208\">Ispit hrvatskog jezika<\/td>\n<td width=\"251\">Croatian for foreigners<\/td>\n<td width=\"103\">1<\/td>\n<td width=\"118\">120,00 \u20ac<\/td>\n<\/tr>\n<\/tbody>\n<\/table>\n<p>&nbsp;<\/p>\n<p><img decoding=\"async\" src=\"https:\/\/amorlingua.com\/wp-content\/uploads\/2020\/06\/MZO-300x200.jpg\" \/><\/p>","protected":false},"excerpt":{"rendered":"<p>Hrvatski jezik za strance U\u010dili\u0161te Amor Lingua nudi mogu\u0107nost u\u010denja i usavr\u0161avanja hrvatskog jezika. Bilo da vas je potakla ljubav prema slavenskim jezicima, kultura ili hrvatska povijest, poslovne ili privatne potrebe, Amor Lingua odgovara na svaki va\u0161 izazov. Ispit iz hrvatskog jezika za sticanje Hrvatskog dr\u017eavljanstva U\u010dili\u0161te Amor Lingua je ustanova za obrazovanje odraslih koja [&hellip;]<\/p>\n","protected":false},"featured_media":78,"template":"","meta":{"om_disable_all_campaigns":false,"_monsterinsights_skip_tracking":false,"_monsterinsights_sitenote_active":false,"_monsterinsights_sitenote_note":"","_monsterinsights_sitenote_category":0,"_uf_show_specific_survey":0,"_uf_disable_surveys":false,"h5ap_radio_sources":[]},"product_brand":[],"product_cat":[28,21],"product_tag":[87,86,84,286,85],"class_list":{"0":"post-288","1":"product","2":"type-product","3":"status-publish","4":"has-post-thumbnail","6":"product_cat-hrvatski-jezik-za-strance","7":"product_cat-skola-stranih-jezika","8":"product_tag-croatian-for-foreigners","9":"product_tag-croatian-language","10":"product_tag-hrvatski-jezik","11":"product_tag-hrvatski-jezik-za-strance","12":"product_tag-hrvatski-za-strance","14":"entry","15":"has-media","17":"first","18":"instock","19":"shipping-taxable","20":"purchasable","21":"product-type-variable","22":"has-default-attributes","23":"has-product-nav","24":"col","25":"span_1_of_3","26":"owp-content-center","27":"owp-thumbs-layout-horizontal","28":"owp-btn-big","29":"owp-tabs-layout-section"},"_links":{"self":[{"href":"https:\/\/amorlingua.com\/en\/wp-json\/wp\/v2\/product\/288","targetHints":{"allow":["GET"]}}],"collection":[{"href":"https:\/\/amorlingua.com\/en\/wp-json\/wp\/v2\/product"}],"about":[{"href":"https:\/\/amorlingua.com\/en\/wp-json\/wp\/v2\/types\/product"}],"wp:featuredmedia":[{"embeddable":true,"href":"https:\/\/amorlingua.com\/en\/wp-json\/wp\/v2\/media\/78"}],"wp:attachment":[{"href":"https:\/\/amorlingua.com\/en\/wp-json\/wp\/v2\/media?parent=288"}],"wp:term":[{"taxonomy":"product_brand","embeddable":true,"href":"https:\/\/amorlingua.com\/en\/wp-json\/wp\/v2\/product_brand?post=288"},{"taxonomy":"product_cat","embeddable":true,"href":"https:\/\/amorlingua.com\/en\/wp-json\/wp\/v2\/product_cat?post=288"},{"taxonomy":"product_tag","embeddable":true,"href":"https:\/\/amorlingua.com\/en\/wp-json\/wp\/v2\/product_tag?post=288"}],"curies":[{"name":"wp","href":"https:\/\/api.w.org\/{rel}","templated":true}]}}