{"id":287,"date":"2020-06-30T10:05:11","date_gmt":"2020-06-30T10:05:11","guid":{"rendered":"https:\/\/www.amorlingua.com\/?post_type=product&#038;p=287"},"modified":"2025-09-23T12:30:21","modified_gmt":"2025-09-23T12:30:21","slug":"francuski-jezik","status":"publish","type":"product","link":"https:\/\/amorlingua.com\/en\/\u0161kola\/francuski-jezik\/","title":{"rendered":"French language"},"content":{"rendered":"<h2>French language<\/h2>\n<h3><strong>Speak the language of love - learn French!<\/strong><\/h3>\n<p>Are you captivated when you hear, according to many, the most beautiful language in the world? Do you want to speak with your new friends or work colleagues from France, Belgium, Luxembourg, Monaco, Switzerland and Canada?<\/p>\n<p>In addition to modern teaching methods, our quality professors will teach you not only the French language, but also the customs, French traditions and ways of life, culture, films and music.<\/p>\n<p>There are many French language learning options available to you: general, intensive, business, specialized, conversational\u2026 If you find it difficult to assess which course is ideal for your needs, our language advisors will help you choose after analyzing and assessing your knowledge and goals.<\/p>\n<p><strong>College Amor Lingua together with <a href=\"https:\/\/etw.hr\/\" target=\"_blank\" rel=\"noopener\">Educational Travel Worldwide<\/a> agency, organizes trips to France so that, in addition to learning the French language and the new alphabet, students can fully immerse themselves in French culture.<\/strong> In this way, participants can communicate with a large number of native speakers, visit the locations they learned about in class and embark on a French adventure.<\/p>\n<p><strong>Over 25 years of experience and cooperation with French top quality schools <a href=\"https:\/\/www.inlingua-larochelle.com\/en\/\" target=\"_blank\" rel=\"noopener\">Inlingua la Rochelle<\/a>, <a href=\"https:\/\/www.accord-langues.com\/\" target=\"_blank\" rel=\"noopener\">Accord<\/a> and <a href=\"https:\/\/www.cia-france.com\/\" target=\"_blank\" rel=\"noopener\">International Antibes<\/a>with centers in Paris, Rochell, Antibes, allows our students to enroll in summer camps, online, general and accelerated courses and academic preparations in the best language centers in France.<\/strong><\/p>\n<p>The combination of learning French at our school and spending few weeks in France, among native speakers, guarantees excellent knowledge and perfect pronunciation!<\/p>\n<p><strong>French language course includes:<\/strong><\/p>\n<ul>\n<li>Language testing so that we can place you in the appropriate group<\/li>\n<li>Consulting with a language advisor - analysis of knowledge and goals and program selection<\/li>\n<li>Opportunity to participate in extracurricular activities: Language coffee meetup, literary and film workshops\u2026<\/li>\n<li>Two exam deadlines<\/li>\n<li>Potvrda nakon uspje\u0161no polo\u017eenog ispita<\/li>\n<\/ul>\n<p><strong>Graduate professors of French language and literature have prepared a curriculum that accompanies CEFR, ie ZEROJ (Common European Framework of Reference for Languages)<\/strong> According to this framework, we offer courses at all levels of language proficiency:<\/p>\n<p>A1 - Beginner<br \/>\nA2 - Elementary<br \/>\nB1 - Intermediate<br \/>\nB2 - Upper Intermediate<br \/>\nC1 - Advanced<br \/>\nC2 - Proficiency<\/p>\n<p>These levels are divided into even more levels:<\/p>\n<ul>\n<li>A1 level \u2013 A1.1 + A1.2<\/li>\n<li>A2 level \u2013 A.2.1 + A2.2<\/li>\n<li>B1 level \u2013 B1.1 + B1.2<\/li>\n<li>B1\/B2 level \u2013 B1.3 + B1.4<\/li>\n<li>B2 level \u2013 B2.1+B2.2<\/li>\n<li>C1 level \u2013 C1.1+C1.2<\/li>\n<li>C1\/C2 level \u2013 C1.3 + C1.4<\/li>\n<li>C2 level \u2013 C2.1 + C2.2<\/li>\n<\/ul>\n<p>Interesting textbooks and manuals, videos, newspaper articles, poems, films, current and everyday events, French culture and customs\u2026 Language is more than grammar and vocabulary!<\/p>\n<p>Small groups, modern methods of work through a creative approach and interactive teaching of French language through various activities ensure quality, fast and fun way of learning a new language. You start speaking a foreign language from the first class, and you can feel your progress during and after the course.<\/p>\n<p>If you are not a beginner and want to enroll in one of the higher levels, you need to pass our classification exam first in order to place you in the appropriate group. The classification exam should not be taken by students who have passed an international exam or a certificate from another foreign language school in accordance with European and Croatian standards.<\/p>\n<table width=\"680\">\n<tbody>\n<tr>\n<td width=\"208\"><strong>Course<\/strong><\/td>\n<td width=\"251\"><strong>Program description<\/strong><\/td>\n<td width=\"103\"><strong>Broj lekcija<\/strong><\/td>\n<td width=\"118\"><strong>Cijena u eurima<\/strong><\/td>\n<\/tr>\n<tr>\n<td width=\"208\"><strong>General course<\/strong><\/td>\n<td width=\"251\">Classics are always in fashion<\/td>\n<td width=\"103\">60\/70 (year)<\/td>\n<td width=\"118\">280\/290<\/td>\n<\/tr>\n<tr>\n<td width=\"208\"><strong>Poslovni te\u010daj &#8211; grupni<\/strong><\/td>\n<td width=\"251\">To improve your target language with an emphasis on business vocabulary<\/td>\n<td width=\"103\">60 (godina)<\/td>\n<td width=\"118\">490<\/td>\n<\/tr>\n<tr>\n<td width=\"208\"><strong>Intenzivni (ubrzani) te\u010daj &#8211; individualni<\/strong><\/td>\n<td width=\"251\">For emergencies, quick learning<\/td>\n<td width=\"103\">60 (4 weeks)<\/td>\n<td width=\"118\">990<\/td>\n<\/tr>\n<tr>\n<td width=\"208\"><strong>Conversation course<\/strong><\/td>\n<td width=\"251\">For the best possible pronunciation and successful learning<\/td>\n<td width=\"103\">60\/70 (year)<\/td>\n<td width=\"118\">250\/280<\/td>\n<\/tr>\n<tr>\n<td width=\"208\"><strong>Individual (live or online)<\/strong><\/td>\n<td width=\"251\">For an individual approach<\/td>\n<td width=\"103\">1<\/td>\n<td width=\"118\">13\/h<\/td>\n<\/tr>\n<tr>\n<td width=\"208\"><strong>Akademski \u2013 pripremni za DILF, DELF, DALF<\/strong><\/td>\n<td width=\"251\">For a better future, successful enrollment in college, high school\u2026<\/td>\n<td width=\"103\">40<\/td>\n<td width=\"118\">620<\/td>\n<\/tr>\n<tr>\n<td width=\"208\"><strong>Taking exams \/ issuing certificates<\/strong><\/td>\n<td width=\"251\">For those who already know<\/td>\n<td width=\"103\">\/<\/td>\n<td width=\"118\">100<\/td>\n<\/tr>\n<\/tbody>\n<\/table>\n<p>&nbsp;<\/p>\n<p>U ponudi tako\u0111er imamo 1 na 1 edukacije po idu\u0107im paketima:<\/p>\n<ul>\n<li><b>Paket 30 lekcija \u2013 390,00 EUR<br \/>\n<\/b><\/li>\n<li><b>Paket 50 lekcija \u2013 600,00 EUR<br \/>\n<\/b><\/li>\n<li><b>Paket 70 lekcija \u2013 770,00 EUR<\/b><\/li>\n<li><b>Paket 130 lekcija \u2013 1300,00 EUR\u00a0<\/b><\/li>\n<\/ul>\n<p>&nbsp;<\/p>\n<p>If you are not sure which of the course suits you best, be sure to contact us by phone or email to assess which model would suit your current knowledge and goals.<\/p>\n<p><strong>Saturdays coffee and croissant time<\/strong><br \/>\nAfter the work week, relax over coffee and a croissant with our lecturers and talk in the language you are learning. Other languages are prohibited.<\/p>\n<p>If you accidentally miss an appointment, all of our professors are available via e-mail, for any questions related to classes and lessons taught in class.<\/p>\n<p><strong>Before the adventure of learning a language in our college, this is our first lesson:<\/strong><\/p>\n<ul>\n<li>Bonjour\u00a0! \u2013 Dobar dan!<\/li>\n<li>Bonsoir! \u2013 Dobra ve\u010der!<\/li>\n<li>Bonne nuit! \u2013 laku no\u0107!<\/li>\n<li>Salut! \u2013 Bok! (pri dolasku)<\/li>\n<li>Adieu! \u2013 Bok\u00a0! (pri odlasku)<\/li>\n<li>Au revoir\u00a0! \u2013 Dovi\u0111enja!<\/li>\n<li>Bon voyage\u00a0! \u2013 Sretan put!<\/li>\n<\/ul>\n<p>&nbsp;<\/p>\n<ul>\n<li>\u00c7a va\u00a0? \u2013 Kako ste?<\/li>\n<li>Merci \u2013 Hvala<\/li>\n<li>De rien \u2013 Nema na \u010demu<\/li>\n<li>Bienvenu\u00a0! \u2013 Dobro do\u0161li!<\/li>\n<\/ul>\n<p>&nbsp;<\/p>\n<ul>\n<li>Comment tu t\u2019appelles\u00a0? \/ Comment vous vous appelez\u00a0? \u2013 Kako se zove\u0161\u00a0? \/ Kako se zovete\u00a0?<\/li>\n<li>Je m\u2019appelle\u2026. \u2013 Zovem se\u2026.<\/li>\n<li>Enchant\u00e9 \u2013 Drago mi je<\/li>\n<li>Je ne parle pas fran\u00e7ais. \u2013 Ne govorim francuski.<\/li>\n<\/ul>\n<p>&nbsp;<\/p>\n<ul>\n<li>Je t\u2019aime. \u2013 Volim te.<\/li>\n<li>O\u00f9 se trouve\u2026.\u00a0? \u2013 Gdje se nalazi\u2026.?<\/li>\n<li>Combien \u00e7a coute\u00a0? \u2013 Koliko ko\u0161ta?<\/li>\n<li>Oui \u2013 Da<\/li>\n<li>Non \u2013 Ne<\/li>\n<\/ul>\n<p>&nbsp;<\/p>","protected":false},"excerpt":{"rendered":"<p>Francuski jezik Govori jezikom ljubavi \u2013 nau\u010di francuski jezik O\u010darani ste kada \u010dujete zvuk po mnogima najljep\u0161eg jezika na svijetu? \u017delite razgovarati s novim prijateljima ili poslovnim suradnicima u Francuskoj, Belgiji, Luksemburgu, Monaku, \u0160vicarskoj, Kanadi? U\u010denje francuskog jezika uz kvalitetne profesore U\u010dili\u0161ta Amor Lingua garantira uspje\u0161no savladavanje gradiva, usvajanje kulture, tradicije i francuskog na\u010dina \u017eivota, [&hellip;]<\/p>\n","protected":false},"featured_media":104,"template":"","meta":{"om_disable_all_campaigns":false,"_monsterinsights_skip_tracking":false,"_monsterinsights_sitenote_active":false,"_monsterinsights_sitenote_note":"","_monsterinsights_sitenote_category":0,"_uf_show_specific_survey":0,"_uf_disable_surveys":false,"h5ap_radio_sources":[]},"product_brand":[],"product_cat":[26,21],"product_tag":[79,80,81,172,82,83],"class_list":{"0":"post-287","1":"product","2":"type-product","3":"status-publish","4":"has-post-thumbnail","6":"product_cat-francuski-jezik","7":"product_cat-skola-stranih-jezika","8":"product_tag-francuski-jezik","9":"product_tag-tecaj-francuskog","10":"product_tag-tecaj-francuskog-jezika","11":"product_tag-tecajstranogjezika","12":"product_tag-ucenje-francuskog","13":"product_tag-ucenje-francuskog-jezika","15":"entry","16":"has-media","18":"first","19":"instock","20":"shipping-taxable","21":"purchasable","22":"product-type-variable","23":"has-product-nav","24":"col","25":"span_1_of_3","26":"owp-content-center","27":"owp-thumbs-layout-horizontal","28":"owp-btn-big","29":"owp-tabs-layout-section"},"_links":{"self":[{"href":"https:\/\/amorlingua.com\/en\/wp-json\/wp\/v2\/product\/287","targetHints":{"allow":["GET"]}}],"collection":[{"href":"https:\/\/amorlingua.com\/en\/wp-json\/wp\/v2\/product"}],"about":[{"href":"https:\/\/amorlingua.com\/en\/wp-json\/wp\/v2\/types\/product"}],"wp:featuredmedia":[{"embeddable":true,"href":"https:\/\/amorlingua.com\/en\/wp-json\/wp\/v2\/media\/104"}],"wp:attachment":[{"href":"https:\/\/amorlingua.com\/en\/wp-json\/wp\/v2\/media?parent=287"}],"wp:term":[{"taxonomy":"product_brand","embeddable":true,"href":"https:\/\/amorlingua.com\/en\/wp-json\/wp\/v2\/product_brand?post=287"},{"taxonomy":"product_cat","embeddable":true,"href":"https:\/\/amorlingua.com\/en\/wp-json\/wp\/v2\/product_cat?post=287"},{"taxonomy":"product_tag","embeddable":true,"href":"https:\/\/amorlingua.com\/en\/wp-json\/wp\/v2\/product_tag?post=287"}],"curies":[{"name":"wp","href":"https:\/\/api.w.org\/{rel}","templated":true}]}}