{"id":286,"date":"2020-06-30T09:53:55","date_gmt":"2020-06-30T09:53:55","guid":{"rendered":"https:\/\/www.amorlingua.com\/?post_type=product&#038;p=286"},"modified":"2025-09-23T12:27:36","modified_gmt":"2025-09-23T12:27:36","slug":"spanjolski-jezik","status":"publish","type":"product","link":"https:\/\/amorlingua.com\/en\/\u0161kola\/spanjolski-jezik\/","title":{"rendered":"Spanish language"},"content":{"rendered":"<h2>Spanish language<\/h2>\n<h3><strong>Learn the happiest language in the world - Spanish language<\/strong><\/h3>\n<p>After watching the Netflix hit series La Casa De Papel and numerous Spanish soap operas, you feel as if spanish is your mother tounge?<\/p>\n<p>Spanish is the third widely spoken language in the world, right after English and Chinese. It is spoken in 44 countries, and it is the official language in 21 countries. Knowing Spanish language will not only help you understand your favorite series without subtitles, but knowing this so called \"happiest\" language will higher your employment opportunities in many work fields, especially in tourism.<\/p>\n<p>There are many Spanish language learning options available to you: general, intensive, business, specialized, conversational\u2026 If you find it difficult to assess which course is ideal for your needs, our language advisors will help you choose after analyzing and assessing your knowledge and goals.<\/p>\n<p>&nbsp;<\/p>\n<p><strong>College Amor Lingua together with <a href=\"https:\/\/etw.hr\/\" target=\"_blank\" rel=\"noopener\">Educational Travel Worldwide<\/a> agency, organizes trips to Spain so that, in addition to learning the Spanish language, students can fully immerse themselves in Spanish culture and customs.<\/strong> In this way, participants can communicate with a large number of native speakers, visit the locations they learned about in class and embark on a Spanish adventure.<\/p>\n<p><strong>Over 25 years of experience and cooperation with high quality schools <a href=\"https:\/\/www.enforex.com\/spain.html\" target=\"_blank\" rel=\"noopener\">Enforex<\/a> and <a href=\"https:\/\/www.donquijote.org\/\" target=\"_blank\" rel=\"noopener\">Don Qujiot<\/a>, with centers in Spain, Argentina, Cuba, Columbia, Mexico... allows all of our students a possibility of enrollment in our summer camps, online, general, and intensive and academic preparations in the best language centers in Spain and Latin America.<\/strong><\/p>\n<p>The combination of learning Spanish at our school and spending few weeks in Spain or Latin America, among native speakers, guarantees excellent knowledge and perfect pronunciation!<\/p>\n<p><strong>Spanish language course includes:<\/strong><\/p>\n<ul>\n<li>Consulting with a language advisor - analysis of knowledge and goals and program selection<\/li>\n<li>Language testing so that we can place you in the appropriate group<\/li>\n<li>Opportunity to participate in extracurricular activities: Language coffee meetup, literary and film workshops\u2026<\/li>\n<li>Two exam deadlines<\/li>\n<li>Potvrda nakon uspje\u0161no polo\u017eenog ispita<\/li>\n<\/ul>\n<p><strong>Diplomirani profesori \u0161panjolskog jezika i knji\u017eevnosti pripremili su nastavni program koji prati CEFR, odnosno ZEROJ (Zajedni\u010dki europski referentni okvir za jezike).<\/strong> According to this framework, we offer courses at all levels of language proficiency:<\/p>\n<p>A1 - Beginner<br \/>\nA2 - Elementary<br \/>\nB1 - Intermediate<br \/>\nB2 - Upper Intermediate<br \/>\nC1 - Advanced<br \/>\nC2 - Proficiency<\/p>\n<p>These levels are divided into even more levels:<\/p>\n<ul>\n<li>A1 level \u2013 A1.1 + A1.2<\/li>\n<li>A2 level \u2013 A.2.1 + A2.2<\/li>\n<li>B1 level \u2013 B1.1 + B1.2<\/li>\n<li>B1\/B2 level \u2013 B1.3 + B1.4<\/li>\n<li>B2 level \u2013 B2.1+B2.2<\/li>\n<li>C1 level \u2013 C1.1+C1.2<\/li>\n<li>C1\/C2 level \u2013 C1.3 + C1.4<\/li>\n<li>C2 level \u2013 C2.1 + C2.2<\/li>\n<\/ul>\n<p>&nbsp;<\/p>\n<p>Interesting textbooks and manuals, videos, newspaper articles, poems, films, current and everyday events, Spanish culture and customs\u2026 Language is more than grammar and vocabulary!<\/p>\n<p>Small groups, modern methods of work through a creative approach and interactive teaching of Spanish language through various activities ensure quality, fast and fun way of learning a new language. You start speaking a foreign language from the first class, and you can feel your progress during and after the course.<\/p>\n<p>If you are not a beginner and want to enroll in one of the higher levels, you need to pass our classification exam first in order to place you in the appropriate group. The classification exam should not be taken by students who have passed an international exam or a certificate from another school of foreign languages in accordance with European and Croatian standards.<\/p>\n<table width=\"680\">\n<tbody>\n<tr>\n<td width=\"208\"><strong>Course<\/strong><\/td>\n<td width=\"251\"><strong>Program description<\/strong><\/td>\n<td width=\"103\"><strong>Broj lekcija<\/strong><\/td>\n<td width=\"118\"><strong>Cijena u eurima<\/strong><\/td>\n<\/tr>\n<tr>\n<td width=\"208\"><strong>Op\u0107i te\u010daj &#8211; grupni<\/strong><\/td>\n<td width=\"251\">Classics are always in fashion<\/td>\n<td width=\"103\">60\/70 (year)<\/td>\n<td width=\"118\">280\/290<\/td>\n<\/tr>\n<tr>\n<td width=\"208\"><strong>Poslovni te\u010daj &#8211; grupni<\/strong><\/td>\n<td width=\"251\">To improve your target language with an emphasis on business vocabulary<\/td>\n<td width=\"103\">60 (godina)<\/td>\n<td width=\"118\">490<\/td>\n<\/tr>\n<tr>\n<td width=\"208\"><strong>Intenzivni (ubrzani) te\u010daj &#8211; individualni<\/strong><\/td>\n<td width=\"251\">For emergencies, quick learning<\/td>\n<td width=\"103\">60 (4 weeks)<\/td>\n<td width=\"118\">990<\/td>\n<\/tr>\n<tr>\n<td width=\"208\"><strong>Konverzacijski te\u010daj &#8211; grupni<\/strong><\/td>\n<td width=\"251\">For the best possible pronunciation and successful learning<\/td>\n<td width=\"103\">60\/70 (year)<\/td>\n<td width=\"118\">250\/280<\/td>\n<\/tr>\n<tr>\n<td width=\"208\"><strong>Individual (live or online)<\/strong><\/td>\n<td width=\"251\">For an individual approach<\/td>\n<td width=\"103\">1<\/td>\n<td width=\"118\">13\/h<\/td>\n<\/tr>\n<tr>\n<td width=\"208\"><strong>Akademski \u2013 pripremni za DELE<\/strong><\/td>\n<td width=\"251\">For a better future, successful enrollment in college, high school\u2026<\/td>\n<td width=\"103\">40<\/td>\n<td width=\"118\">620<\/td>\n<\/tr>\n<tr>\n<td width=\"208\"><strong>Taking exams \/ issuing certificates<\/strong><\/td>\n<td width=\"251\">For those who already know<\/td>\n<td width=\"103\">\/<\/td>\n<td width=\"118\">100<\/td>\n<\/tr>\n<\/tbody>\n<\/table>\n<p>&nbsp;<\/p>\n<p>U ponudi tako\u0111er imamo 1 na 1 edukacije po idu\u0107im paketima:<\/p>\n<ul>\n<li><b>Paket 30 lekcija \u2013 390,00 EUR<br \/>\n<\/b><\/li>\n<li><b>Paket 50 lekcija \u2013 600,00 EUR<br \/>\n<\/b><\/li>\n<li><b>Paket 70 lekcija \u2013 770,00 EUR<\/b><\/li>\n<li><b>Paket 130 lekcija \u2013 1300,00 EUR\u00a0<\/b><\/li>\n<\/ul>\n<p>&nbsp;<\/p>\n<p>If you are not sure which of the course suits you best, be sure to contact us by phone or email to assess which model would suit your current knowledge and goals.<\/p>\n<p><strong>Saturdays coffee time<\/strong><br \/>\nAfter the work week, relax over coffee and a croissant with our lecturers and talk in the language you are learning. Other languages are prohibited.<\/p>\n<p>If you accidentally miss an appointment, all of our professors are available via e-mail, for any questions related to classes and lessons taught in class.<\/p>\n<p><strong>Before the adventure of learning a language in our college, this is our first lesson:<\/strong><\/p>\n<ul>\n<li>\u00a1Hola! \u2013 Bok! (pri dolasku)<\/li>\n<li>\u00a1Adi\u00f3s! \u2013 Bok! (pri odlasku)<\/li>\n<li>\u00a1Buenos d\u00edas! \u2013 Dobar dan!<\/li>\n<li>\u00a1Buenas tardes! \u2013 Dobra ve\u010der!<\/li>\n<li>\u00a1Buenas noches! \u2013 Laku no\u0107!<\/li>\n<li>\u00a1Hasta luego! \u2013 Vidimo se kasnije!<\/li>\n<\/ul>\n<p>&nbsp;<\/p>\n<ul>\n<li>\u00bfC\u00f3mo te llamas? \u2013 Kako se zove\u0161?<\/li>\n<li>Me llamo\u2026. \u2013 Zovem se\u2026.<\/li>\n<li>\u00bfC\u00f3mo est\u00e1s? \u2013 Kako si?<\/li>\n<li>Muy bien. \u2013 Vrlo dobro.<\/li>\n<\/ul>\n<p>&nbsp;<\/p>\n<ul>\n<li>Muchas gracias. \u2013 Puno hvala.<\/li>\n<li>De nada. \u2013 Nema na \u010demu.<\/li>\n<li>Te amo. \u2013 Volim te.<\/li>\n<li>Me gustas. \u2013 Svi\u0111a\u0161 mi se.<\/li>\n<\/ul>\n<p>&nbsp;<\/p>\n<p>&nbsp;<\/p>","protected":false},"excerpt":{"rendered":"<p>\u0160panjolski jezik Nau\u010di najsretniji jezik na svijetu \u2013 \u0161panjolski jezik Nakon pregledanih nebrojenih sapunica i Netflixovog hita La Casa de Papel, ima\u0161 osje\u0107aj da ti je \u0161panjolski drugi materinji jezik? Utvrdi nau\u010deno i nau\u010di presko\u010deno na U\u010dili\u0161tu Amor Lingua! \u0160panjolski je tre\u0107i jezik svijeta, nakon engleskog I kineskog. Govori se u \u010dak 44 dr\u017eave, a [&hellip;]<\/p>\n","protected":false},"featured_media":138,"template":"","meta":{"om_disable_all_campaigns":false,"_monsterinsights_skip_tracking":false,"_monsterinsights_sitenote_active":false,"_monsterinsights_sitenote_note":"","_monsterinsights_sitenote_category":0,"_uf_show_specific_survey":0,"_uf_disable_surveys":false,"h5ap_radio_sources":[]},"product_brand":[],"product_cat":[21,27],"product_tag":[78,73,72,75,74,172,76,77],"class_list":{"0":"post-286","1":"product","2":"type-product","3":"status-publish","4":"has-post-thumbnail","6":"product_cat-skola-stranih-jezika","7":"product_cat-spanjolski-jezik","8":"product_tag-la-casa-de-papel","9":"product_tag-spanjolski","10":"product_tag-spanjolski-jezik","11":"product_tag-tecaj-spanjolskog","12":"product_tag-tecaj-spanjolskog-jezika","13":"product_tag-tecajstranogjezika","14":"product_tag-ucenje-spanjolskog","15":"product_tag-ucenje-spanjolskog-jezika","17":"entry","18":"has-media","20":"first","21":"instock","22":"shipping-taxable","23":"purchasable","24":"product-type-variable","25":"has-product-nav","26":"col","27":"span_1_of_3","28":"owp-content-center","29":"owp-thumbs-layout-horizontal","30":"owp-btn-big","31":"owp-tabs-layout-section"},"_links":{"self":[{"href":"https:\/\/amorlingua.com\/en\/wp-json\/wp\/v2\/product\/286","targetHints":{"allow":["GET"]}}],"collection":[{"href":"https:\/\/amorlingua.com\/en\/wp-json\/wp\/v2\/product"}],"about":[{"href":"https:\/\/amorlingua.com\/en\/wp-json\/wp\/v2\/types\/product"}],"wp:featuredmedia":[{"embeddable":true,"href":"https:\/\/amorlingua.com\/en\/wp-json\/wp\/v2\/media\/138"}],"wp:attachment":[{"href":"https:\/\/amorlingua.com\/en\/wp-json\/wp\/v2\/media?parent=286"}],"wp:term":[{"taxonomy":"product_brand","embeddable":true,"href":"https:\/\/amorlingua.com\/en\/wp-json\/wp\/v2\/product_brand?post=286"},{"taxonomy":"product_cat","embeddable":true,"href":"https:\/\/amorlingua.com\/en\/wp-json\/wp\/v2\/product_cat?post=286"},{"taxonomy":"product_tag","embeddable":true,"href":"https:\/\/amorlingua.com\/en\/wp-json\/wp\/v2\/product_tag?post=286"}],"curies":[{"name":"wp","href":"https:\/\/api.w.org\/{rel}","templated":true}]}}