{"id":285,"date":"2020-06-30T09:44:41","date_gmt":"2020-06-30T09:44:41","guid":{"rendered":"https:\/\/www.amorlingua.com\/?post_type=product&#038;p=285"},"modified":"2025-09-23T12:40:14","modified_gmt":"2025-09-23T12:40:14","slug":"ruski-jezik","status":"publish","type":"product","link":"https:\/\/amorlingua.com\/en\/\u0161kola\/ruski-jezik\/","title":{"rendered":"Russian language"},"content":{"rendered":"<p>Russian language<\/p>\n<p><strong>New language, new alphabet, new culture - learn Russian<\/strong><\/p>\n<p>Russian is a Slavic language that is the mother tongue of about 180 million people, and another 120 million people use it as a second foreign language. It is widely used in culture, technology, science, tourism and economics. It is one of the official languages of the UN.<\/p>\n<p><strong>College Amor Lingua together with <a href=\"https:\/\/etw.hr\/\" target=\"_blank\" rel=\"noopener\">Educational Travel Worldwide<\/a> agency, organizes trips to Russia so that, in addition to learning the Russian language and the new alphabet, students can fully immerse themselves in Russian culture.<\/strong> In this way, participants can communicate with a large number of native speakers, visit the locations they learned about in class and embark on a Russian adventure.<\/p>\n<p><strong>Over 25 years of experience working with a high quality school of Russian language <a href=\"https:\/\/lidenz.ru\/\" target=\"_blank\" rel=\"noopener\">Liden &amp; Denz,<\/a> which has its centers in Moscow, St. Petersburg, Irkutsk and Riga, allows all our students to enroll in summer camps, online, general and accelerated courses and academic preparation in the best language centers in Russia and Latvia.<\/strong><\/p>\n<p>The combination of learning Russian in our school and spending a few weeks in Russia, among native speakers, guarantees excellent knowledge and perfect pronunciation!<\/p>\n<p><strong>Russian language course includes:<\/strong><\/p>\n<ul>\n<li>Consulting with a language advisor - analysis of knowledge and goals and program selection<\/li>\n<li>Language testing so that we can place you in the appropriate group<\/li>\n<li>Opportunity to participate in extracurricular activities: Language coffee meetup, literary and film workshops\u2026<\/li>\n<li>Two exam deadlines<\/li>\n<li>Potvrda nakon uspje\u0161no polo\u017eenog ispita<\/li>\n<\/ul>\n<p>&nbsp;<\/p>\n<p>Amor Lingua College has recognized Russian as the language of the future and provides its students with high-quality Russian language courses. Graduate professors of Russian language and literature have prepared a curriculum that accompanies CEFR, ie ZEROJ (Common European Framework of Reference for Languages).<\/p>\n<p>According to this framework, we offer courses at all levels of language proficiency:<\/p>\n<p>A1 - Beginner<br \/>\nA2 - Elementary<br \/>\nB1 - Intermediate<br \/>\nB2 - Upper Intermediate<br \/>\nC1 - Advanced<br \/>\nC2 - Proficiency<\/p>\n<p>These levels are divided into even more levels:<\/p>\n<ul>\n<li>A1 level \u2013 A1.1 + A1.2<\/li>\n<li>A2 level \u2013 A.2.1 + A2.2<\/li>\n<li>B1 level \u2013 B1.1 + B1.2<\/li>\n<li>B1\/B2 level \u2013 B1.3 + B1.4<\/li>\n<li>B2 level \u2013 B2.1+B2.2<\/li>\n<li>C1 level \u2013 C1.1+C1.2<\/li>\n<li>C1\/C2 level \u2013 C1.3 + C1.4<\/li>\n<li>C2 level \u2013 C2.1 + C2.2<\/li>\n<\/ul>\n<p>&nbsp;<\/p>\n<p>Interesting textbooks and manuals, videos, newspaper articles, poems, movies, current and everyday events, Russian culture and customs\u2026 Language is more than grammar and vocabulary!<br \/>\nSmall groups, modern methods of work through a creative approach and interactive teaching of Russian language through various activities ensure quality, fast and fun learning a new language. You start speaking a foreign language from the first meeting, and you can feel your progress after the first arrival.<\/p>\n<p>If you are not a beginner and want to enroll in one of the higher levels, you need to pass our classification exam first in order to place you in the appropriate group. The classification exam should not be taken by students who have passed an international exam or a certificate from another school of foreign languages in accordance with European and Croatian standards.<\/p>\n<table width=\"680\">\n<tbody>\n<tr>\n<td width=\"208\"><strong>Course<\/strong><\/td>\n<td width=\"251\"><strong>Program description<\/strong><\/td>\n<td width=\"103\"><strong>Broj lekcija<\/strong><\/td>\n<td width=\"118\"><strong>Cijena u eurima<\/strong><\/td>\n<\/tr>\n<tr>\n<td width=\"208\"><strong>Op\u0107i te\u010daj &#8211; grupni<\/strong><\/td>\n<td width=\"251\">Classics are always in fashion<\/td>\n<td width=\"103\">60\/70 (year)<\/td>\n<td width=\"118\">280\/290<\/td>\n<\/tr>\n<tr>\n<td width=\"208\"><strong>Poslovni te\u010daj &#8211; grupni<\/strong><\/td>\n<td width=\"251\">To improve your target language with an emphasis on business vocabulary<\/td>\n<td width=\"103\">60 (godina)<\/td>\n<td width=\"118\">490<\/td>\n<\/tr>\n<tr>\n<td width=\"208\"><strong>Intenzivni (ubrzani) te\u010daj &#8211; grupni<\/strong><\/td>\n<td width=\"251\">For emergencies, quick learning<\/td>\n<td width=\"103\">40 (4 tjedna)<\/td>\n<td width=\"118\">450<\/td>\n<\/tr>\n<tr>\n<td width=\"208\"><strong>Konverzacijski te\u010daj &#8211; grupni<\/strong><\/td>\n<td width=\"251\">For the best possible pronunciation and successful learning<\/td>\n<td width=\"103\">60\/70 (year)<\/td>\n<td width=\"118\">250\/280<\/td>\n<\/tr>\n<tr>\n<td width=\"208\"><strong>Individual (live or online)<\/strong><\/td>\n<td width=\"251\">For an individual approach<\/td>\n<td width=\"103\">1<\/td>\n<td width=\"118\">13\/h<\/td>\n<\/tr>\n<tr>\n<td width=\"208\"><strong>Academic - preparation course for TRKI<\/strong><\/td>\n<td width=\"251\">For a better future, successful enrollment in college, high school\u2026<\/td>\n<td width=\"103\">40<\/td>\n<td width=\"118\">620<\/td>\n<\/tr>\n<tr>\n<td width=\"208\"><strong>Taking exams \/ issuing certificates<\/strong><\/td>\n<td width=\"251\">For those who already know<\/td>\n<td width=\"103\">\/<\/td>\n<td width=\"118\">100<\/td>\n<\/tr>\n<\/tbody>\n<\/table>\n<p>&nbsp;<\/p>\n<p>U ponudi tako\u0111er imamo 1 na 1 edukacije po idu\u0107im paketima:<\/p>\n<ul>\n<li><b>Paket 30 lekcija \u2013 390,00 EUR<br \/>\n<\/b><\/li>\n<li><b>Paket 50 lekcija \u2013 600,00 EUR<br \/>\n<\/b><\/li>\n<li><b>Paket 70 lekcija \u2013 770,00 EUR<\/b><\/li>\n<li><b>Paket 130 lekcija \u2013 1300,00 EUR\u00a0<\/b><\/li>\n<\/ul>\n<p>&nbsp;<\/p>\n<p>If you are not sure which of the course suits you best, be sure to contact us by phone or email to assess which model would suit your current knowledge and goals.<\/p>\n<p><strong>Saturday tea with milk<\/strong><br \/>\nIf you are not a fan of this Russian morning activity, you can also order coffee with milk. After the work week, relax over coffee with our lecturers and talk in the language you are learning. Other languages are prohibited.<\/p>\n<p>In addition to language exercises, Amor Lingua College holds numerous cultural workshops, film evenings and Russian \"vecherinka\" for all participants.<\/p>\n<p>If you accidentally miss an appointment, all of our professors are available via e-mail, for any questions related to classes and lessons taught in class.<\/p>\n<p><strong>Before the adventure of learning a language in our college, this is our first lesson:<\/strong><\/p>\n<ul>\n<li>\u041c\u0435\u043d\u044f \u0437\u043e\u0432\u0443\u0442\u2026 = Zovem se \u2026<\/li>\n<li>\u041a\u0430\u043a \u0442\u0435\u0431\u044f\/\u0432\u0430\u0441 \u0437\u043e\u0432\u0443\u0442? = Kako se ti \/ vi zovete?<\/li>\n<li>\u0417\u0434\u0440\u0430\u0432\u0441\u0442\u0432\u0443\u0439(\u0442\u0435)! = Zdravo!<\/li>\n<li>\u041f\u0440\u0438\u0432\u0435\u0442! = Pozdrav!<\/li>\n<li>\u0414\u043e\u0431\u0440\u043e\u0435 \u0443\u0442\u0440\u043e! = Dobro jutro!<\/li>\n<li>\u0414\u043e\u0431\u0440\u044b\u0439 \u0434\u0435\u043d\u044c! = Dobar dan!<\/li>\n<li>\u0414\u043e\u0431\u0440\u044b\u0439 \u0432\u0435\u0447\u0435\u0440! = Dobra ve\u010der!<\/li>\n<li>\u041f\u043e\u043a\u0430! = Bok (na odlasku)<\/li>\n<li>\u0414\u043e \u0441\u0432\u0438\u0434\u0430\u043d\u0438\u044f! = Dovi\u0111enja!<\/li>\n<\/ul>\n<p>&nbsp;<\/p>\n<ul>\n<li>\u0421\u0447\u0430\u0441\u0442\u043b\u0438\u0432\u043e\u0433\u043e \u043f\u0443\u0442\u0438! = Sretan put!<\/li>\n<li>\u0414\u043e\u0431\u0440\u043e \u043f\u043e\u0436\u0430\u043b\u043e\u0432\u0430\u0442\u044c! = Dobro do\u0161li!<\/li>\n<li>\u041e\u0447\u0435\u043d\u044c \u043f\u0440\u0438\u044f\u0442\u043d\u043e! = Drago mi je!<\/li>\n<\/ul>\n<p>&nbsp;<\/p>\n<ul>\n<li>\u0421\u043f\u0430\u0441\u0438\u0431\u043e = Hvala<\/li>\n<li>\u041f\u043e\u0436\u0430\u043b\u0443\u0439\u0441\u0442\u0430 = Molim, Izvolite<\/li>\n<li>\u041d\u0435 \u0437\u0430 \u0447\u0442\u043e = Nema na \u010demu<\/li>\n<li>\u0418\u0437\u0432\u0438\u043d\u0438\u0442\u0435\/\u041f\u0440\u043e\u0441\u0442\u0438\u0442\u0435 = Oprostite<\/li>\n<li>\u0414\u0430 = Da<\/li>\n<li>\u041d\u0435\u0442 = Ne<\/li>\n<\/ul>\n<p>&nbsp;<\/p>\n<p>And by no means, do not buy a babushka in Russia! Russian grandmothers are not for sale, but that is why wooden, painted matryoshka dolls are!<\/p>","protected":false},"excerpt":{"rendered":"<p>Ruski jezik Novi jezik, novo pismo, nova kultura \u2013 nau\u010di ruski jezik Ruski je slavenski jezik koji je materinji oko 180 milijuna ljudi, a jo\u0161 oko 120 milijuna ljudi ga koristi kao drugi strani jezik. \u0160iroko se upotrebljava u kulturi, tehnici, znanosti, turizmu i ekonomiji. Jedan je od slu\u017ebenih jezika UN-a. U\u010dili\u0161te Amor Lingua u [&hellip;]<\/p>\n","protected":false},"featured_media":116,"template":"","meta":{"om_disable_all_campaigns":false,"_monsterinsights_skip_tracking":false,"_monsterinsights_sitenote_active":false,"_monsterinsights_sitenote_note":"","_monsterinsights_sitenote_category":0,"_uf_show_specific_survey":0,"_uf_disable_surveys":false,"h5ap_radio_sources":[]},"product_brand":[],"product_cat":[25,21],"product_tag":[67,66,70,71,172,68,69],"class_list":{"0":"post-285","1":"product","2":"type-product","3":"status-publish","4":"has-post-thumbnail","6":"product_cat-ruski-jezik","7":"product_cat-skola-stranih-jezika","8":"product_tag-ruski","9":"product_tag-ruski-jezik","10":"product_tag-tecaj-ruskog","11":"product_tag-tecaj-ruskog-jezika","12":"product_tag-tecajstranogjezika","13":"product_tag-ucenje-ruskog","14":"product_tag-ucenje-ruskog-jezika","16":"entry","17":"has-media","19":"first","20":"instock","21":"shipping-taxable","22":"purchasable","23":"product-type-variable","24":"has-product-nav","25":"col","26":"span_1_of_3","27":"owp-content-center","28":"owp-thumbs-layout-horizontal","29":"owp-btn-big","30":"owp-tabs-layout-section"},"_links":{"self":[{"href":"https:\/\/amorlingua.com\/en\/wp-json\/wp\/v2\/product\/285","targetHints":{"allow":["GET"]}}],"collection":[{"href":"https:\/\/amorlingua.com\/en\/wp-json\/wp\/v2\/product"}],"about":[{"href":"https:\/\/amorlingua.com\/en\/wp-json\/wp\/v2\/types\/product"}],"wp:featuredmedia":[{"embeddable":true,"href":"https:\/\/amorlingua.com\/en\/wp-json\/wp\/v2\/media\/116"}],"wp:attachment":[{"href":"https:\/\/amorlingua.com\/en\/wp-json\/wp\/v2\/media?parent=285"}],"wp:term":[{"taxonomy":"product_brand","embeddable":true,"href":"https:\/\/amorlingua.com\/en\/wp-json\/wp\/v2\/product_brand?post=285"},{"taxonomy":"product_cat","embeddable":true,"href":"https:\/\/amorlingua.com\/en\/wp-json\/wp\/v2\/product_cat?post=285"},{"taxonomy":"product_tag","embeddable":true,"href":"https:\/\/amorlingua.com\/en\/wp-json\/wp\/v2\/product_tag?post=285"}],"curies":[{"name":"wp","href":"https:\/\/api.w.org\/{rel}","templated":true}]}}