{"id":284,"date":"2020-06-30T09:33:53","date_gmt":"2020-06-30T09:33:53","guid":{"rendered":"https:\/\/www.amorlingua.com\/?post_type=product&#038;p=284"},"modified":"2025-09-23T12:44:48","modified_gmt":"2025-09-23T12:44:48","slug":"talijanski-jezik","status":"publish","type":"product","link":"https:\/\/amorlingua.com\/en\/\u0161kola\/talijanski-jezik\/","title":{"rendered":"Italian language"},"content":{"rendered":"<h2>Italian language<\/h2>\n<h3><strong>Italian language course - learn more words then just pasta and Ferrari<\/strong><\/h3>\n<p>Melodic Italian is considered the most beautiful language in the world, the language of love, good food and delicious wines.<\/p>\n<p>The Italian language is the official language in Italy, San Marino, the Vatican, parts of Switzerland and Slovenia, and in Croatia it is spoken in Istria and Rijeka, where Italian minorities live.<\/p>\n<p>There are many options for learning Italian: general, intensive, business, specialist, conversational\u2026 If you find it difficult to assess which course is ideal for your needs, our language advisors will help you choose after analyzing and assessing your knowledge and goals.<\/p>\n<p><strong>College Amor Lingua together with <a href=\"https:\/\/etw.hr\/\" target=\"_blank\" rel=\"noopener\">Educational travel worldwide<\/a> agency, organizes educational trips to Italy so that, in addition to learning the Italian language, students can fully immerse themselves in Italian culture.<\/strong> In this way, students can communicate with a large number of native speakers, visit the locations they learned about in class and embark on an Italian adventure.<\/p>\n<p>Over 25 years of experience and cooperation with high quality schools<a href=\"https:\/\/piccolauniversitaitaliana.com\/\" target=\"_blank\" rel=\"noopener\"><strong> Piccola Universita<\/strong><\/a> in Trieste <a href=\"https:\/\/www.scuolaleonardo.com\/Italian-language-school-Rome.html\" target=\"_blank\" rel=\"noopener\"><strong>Leonardo da Vinci<\/strong><\/a> in Rome, Florence and Siena allows all our students to enroll in summer camps, online, general and accelerated courses and academic preparation in the best language centers in Italy.<\/p>\n<p>The combination of learning Italian at our school and spending a few weeks in Italy, among native speakers, guarantees excellent knowledge and perfect pronunciation!<\/p>\n<p><strong>Italian language course includes:<\/strong><\/p>\n<ul>\n<li>Consulting with a language advisor - analysis of knowledge and goals and program selection<\/li>\n<li>Language testing so that we can place you in the appropriate group<\/li>\n<li>Opportunity to participate in extracurricular activities: Language coffee meetup, literary and film workshops\u2026<\/li>\n<li>Two exam deadlines<\/li>\n<li>Potvrda nakon uspje\u0161no polo\u017eenog ispita<\/li>\n<\/ul>\n<p><strong>Graduate professors of Italian language and literature have prepared a curriculum that follows the CEFR (Common European Framework of Reference for Languages).<\/strong> According to this framework, we offer courses at all levels of language proficiency:<\/p>\n<p>A1 - Beginner<br \/>\nA2 - Elementary<br \/>\nB1 - Intermediate<br \/>\nB2 - Upper Intermediate<br \/>\nC1 - Advanced<br \/>\nC2 - Proficiency<\/p>\n<p>These levels are divided into even more levels:<\/p>\n<ul>\n<li>A1 level \u2013 A1.1 + A1.2<\/li>\n<li>A2 level \u2013 A.2.1 + A2.2<\/li>\n<li>B1 level \u2013 B1.1 + B1.2<\/li>\n<li>B1\/B2 level \u2013 B1.3 + B1.4<\/li>\n<li>B2 level \u2013 B2.1+B2.2<\/li>\n<li>C1 level \u2013 C1.1+C1.2<\/li>\n<li>C1\/C2 level \u2013 C1.3 + C1.4<\/li>\n<li>C2 level \u2013 C2.1 + C2.2<\/li>\n<\/ul>\n<p>Interesting textbooks and manuals, videos, newspaper articles, poems, movies, current and everyday events, Italian culture ... Language is more than grammar and vocabulary!<\/p>\n<p>Small groups, modern methods of work through a creative approach and interactive teaching of Italian language through various activities ensure quality, fast and fun learning a new language. <strong>You start speaking a foreign language from the first class, and you can feel your progress during an after the course.<\/strong><\/p>\n<p>If you are not a beginner and want to enroll in one of the higher levels, you need to pass our classification exam first in order to place you in the appropriate group. The classification exam should not be taken by students who have passed an international exam or a certificate from another school of foreign languages in accordance with European and Croatian standards.<\/p>\n<table width=\"680\">\n<tbody>\n<tr>\n<td width=\"208\"><strong>Course<\/strong><\/td>\n<td width=\"251\"><strong>Program description<\/strong><\/td>\n<td width=\"103\"><strong>Broj lekcija<\/strong><\/td>\n<td width=\"118\"><strong>Cijena u eurima<\/strong><\/td>\n<\/tr>\n<tr>\n<td width=\"208\"><strong>Op\u0107i te\u010daj &#8211; grupni<\/strong><\/td>\n<td width=\"251\">Classics are always in fashion<\/td>\n<td width=\"103\">70 (godina)<\/td>\n<td width=\"118\">290<\/td>\n<\/tr>\n<tr>\n<td width=\"208\"><strong>Poslovni te\u010daj &#8211; grupni<\/strong><\/td>\n<td width=\"251\">To improve your target language with an emphasis on business vocabulary<\/td>\n<td width=\"103\">60 (godina)<\/td>\n<td width=\"118\">500<\/td>\n<\/tr>\n<tr>\n<td width=\"208\"><strong>Intensive (accelerated) course<\/strong><\/td>\n<td width=\"251\">For emergencies, quick learning<\/td>\n<td width=\"103\">60 (4 weeks)<\/td>\n<td width=\"118\">990<\/td>\n<\/tr>\n<tr>\n<td width=\"208\"><strong>Konverzacijski te\u010daj &#8211; grupni<\/strong><\/td>\n<td width=\"251\">For the best possible pronunciation and successful learning<\/td>\n<td width=\"103\">60 (godina)<\/td>\n<td width=\"118\">250<\/td>\n<\/tr>\n<tr>\n<td width=\"208\"><strong>Individual (live or online)<\/strong><\/td>\n<td width=\"251\">For an individual approach<\/td>\n<td width=\"103\">1<\/td>\n<td width=\"118\">13\/h<\/td>\n<\/tr>\n<tr>\n<td width=\"208\"><strong>Akademski \u2013 pripremni za CILS, CELI<\/strong><\/td>\n<td width=\"251\">For a better future, successful enrollment in college, high school\u2026<\/td>\n<td width=\"103\">40<\/td>\n<td width=\"118\">620<\/td>\n<\/tr>\n<tr>\n<td width=\"208\"><strong>Taking exams \/ issuing certificates<\/strong><\/td>\n<td width=\"251\">For those who already know<\/td>\n<td width=\"103\">\/<\/td>\n<td width=\"118\">100<\/td>\n<\/tr>\n<\/tbody>\n<\/table>\n<p>&nbsp;<\/p>\n<blockquote>\n<h2><strong>Op\u0107i grupni te\u010daj na razini A2\/B1 po\u010dinje 14.10.2025.\u00a0<\/strong><\/h2>\n<\/blockquote>\n<p>&nbsp;<\/p>\n<p>U ponudi tako\u0111er imamo 1 na 1 edukacije po idu\u0107im paketima:<\/p>\n<ul>\n<li><strong>1 lekcija &#8211; 13,00 \u20ac<\/strong><\/li>\n<li><strong>Paket 30 lekcija \u2013 390,00 \u20ac<\/strong><\/li>\n<li><strong>Paket 50 lekcija \u2013 625,00 \u20ac<\/strong><\/li>\n<li><strong>Paket 70 lekcija \u2013 770,00 \u20ac<\/strong><\/li>\n<li><strong>Paket 130 lekcija \u2013 1300,00 \u20ac <\/strong><\/li>\n<\/ul>\n<p>&nbsp;<\/p>\n<p>If you are not sure which of the course suits you best, be sure to contact us by phone or email to assess which model would suit your current knowledge and goals.<\/p>\n<p><strong>On Saturdays we go for a cappuccino<\/strong><br \/>\nAfter the work week, relax over coffee and a croissant with our lecturers and talk in the language you are learning. Other languages are prohibited.<\/p>\n<p>If you accidentally miss an appointment, all of our professors are available via e-mail, for any questions related to classes and lessons taught in class.<\/p>\n<p><strong>Before the adventure of learning a language in our college, this is our first lesson:<\/strong><\/p>\n<ul>\n<li>Ciao! = Bok!<\/li>\n<li>Buongiorno! \/Buona sera! = Dobar dan\/ Dobra ve\u010der!<\/li>\n<li>Buona notte! = Laku no\u0107!<\/li>\n<li>Ci vediamo! = Vidimo se!<\/li>\n<\/ul>\n<p>&nbsp;<\/p>\n<ul>\n<li>Come ti chiami?\/ si chiama? = What is your name?<\/li>\n<li>Mi chiamo.. = My name is...<\/li>\n<li>Io sono\u2026= I am...<\/li>\n<li>Piacere! = Nice to meet you..<\/li>\n<li>Benvenuto\/a\/i\/e! = Welcome!<\/li>\n<li>Come stai\/sta? = How are you?<\/li>\n<li>Di dove sei\/ Di dov\u2019\u00e8? = Where are you from?<\/li>\n<\/ul>\n<p>&nbsp;<\/p>\n<ul>\n<li>In boca al lupo! = Good luck!<\/li>\n<li>Buon fine settimana! = Have a great weekend!<\/li>\n<li>Scusa\/scusi = Excuse me.<\/li>\n<li>Mi dispiace = I am sorry.<\/li>\n<li>Grazie! = Thank you!<\/li>\n<li>Grazie mille! = Thank you so much!<\/li>\n<li>Prego! = You are welcome!<\/li>\n<li>Ti prego!\/La prego! = Please!<\/li>\n<\/ul>\n<p>&nbsp;<\/p>\n<ul>\n<li>S\u00ec = Yes<\/li>\n<li>No = No<\/li>\n<li>Buon compleanno! = Happy birthday!<\/li>\n<li>Auguri! = Congratulations!<\/li>\n<\/ul>\n<p>&nbsp;<\/p>\n<p>&nbsp;<\/p>","protected":false},"excerpt":{"rendered":"<p>Talijanski jezik Te\u010daj talijanskog jezika \u2013 nau\u010dite vi\u0161e od rije\u010di pasta i Ferrari Melodi\u010dni talijanski jezik smatra se najljep\u0161im jezikom na svijetu, jezikom ljubavi, dobre hrane i ukusnih vina. Talijanski jezik je slu\u017ebeni u Italiji, San Marinu, Vatikanu, pojedinim dijelovima \u0160vicarske i Slovenije, a u Hrvatskoj se koristi u Istri i Rijeci, gdje \u017eivi talijanska [&hellip;]<\/p>\n","protected":false},"featured_media":136,"template":"","meta":{"om_disable_all_campaigns":false,"_monsterinsights_skip_tracking":false,"_monsterinsights_sitenote_active":false,"_monsterinsights_sitenote_note":"","_monsterinsights_sitenote_category":0,"_uf_show_specific_survey":0,"_uf_disable_surveys":false,"h5ap_radio_sources":[]},"product_brand":[],"product_cat":[21,29],"product_tag":[61,60,64,65,172,62,63],"class_list":{"0":"post-284","1":"product","2":"type-product","3":"status-publish","4":"has-post-thumbnail","6":"product_cat-skola-stranih-jezika","7":"product_cat-talijanski-jezik","8":"product_tag-talijanski","9":"product_tag-talijanski-jezik","10":"product_tag-tecaj-talijanskog","11":"product_tag-tecaj-talijanskog-jezika","12":"product_tag-tecajstranogjezika","13":"product_tag-ucenje-talijanskog","14":"product_tag-ucenje-talijanskog-jezika","16":"entry","17":"has-media","19":"first","20":"instock","21":"shipping-taxable","22":"purchasable","23":"product-type-variable","24":"has-default-attributes","25":"has-product-nav","26":"col","27":"span_1_of_3","28":"owp-content-center","29":"owp-thumbs-layout-horizontal","30":"owp-btn-big","31":"owp-tabs-layout-section"},"_links":{"self":[{"href":"https:\/\/amorlingua.com\/en\/wp-json\/wp\/v2\/product\/284","targetHints":{"allow":["GET"]}}],"collection":[{"href":"https:\/\/amorlingua.com\/en\/wp-json\/wp\/v2\/product"}],"about":[{"href":"https:\/\/amorlingua.com\/en\/wp-json\/wp\/v2\/types\/product"}],"wp:featuredmedia":[{"embeddable":true,"href":"https:\/\/amorlingua.com\/en\/wp-json\/wp\/v2\/media\/136"}],"wp:attachment":[{"href":"https:\/\/amorlingua.com\/en\/wp-json\/wp\/v2\/media?parent=284"}],"wp:term":[{"taxonomy":"product_brand","embeddable":true,"href":"https:\/\/amorlingua.com\/en\/wp-json\/wp\/v2\/product_brand?post=284"},{"taxonomy":"product_cat","embeddable":true,"href":"https:\/\/amorlingua.com\/en\/wp-json\/wp\/v2\/product_cat?post=284"},{"taxonomy":"product_tag","embeddable":true,"href":"https:\/\/amorlingua.com\/en\/wp-json\/wp\/v2\/product_tag?post=284"}],"curies":[{"name":"wp","href":"https:\/\/api.w.org\/{rel}","templated":true}]}}