{"id":283,"date":"2020-06-30T09:27:02","date_gmt":"2020-06-30T09:27:02","guid":{"rendered":"https:\/\/www.amorlingua.com\/?post_type=product&#038;p=283"},"modified":"2025-11-06T10:05:50","modified_gmt":"2025-11-06T10:05:50","slug":"njemacki-jezik","status":"publish","type":"product","link":"https:\/\/amorlingua.com\/en\/\u0161kola\/njemacki-jezik\/","title":{"rendered":"German language"},"content":{"rendered":"<h2><strong>German language<\/strong><\/h2>\n<h3><strong>Learn the most widely spoken language in Europe - German<\/strong><\/h3>\n<p>German as the most widespread native language in Europe undoubtedly has a leading position in foreign language learning. Knowledge of the German language ensures secure employment in Croatia, the surrounding countries and German-speaking countries. The German-speaking area covers a large part of Europe, including a very high economic level in: Germany, Austria, Switzerland, Liechtenstein, Luxembourg, Belgium and South Tyrol.<\/p>\n<p>In addition to modern teaching methods, our quality professors will teach you not only the German language, but also the customs, traditions of German culture, films and music.<\/p>\n<p>There are many German language learning options available to you: general, intensive, business, specialized, conversational\u2026 If you find it difficult to assess which course is ideal for your needs, our language advisors will help you choose after analyzing and assessing your knowledge and goals.<\/p>\n<p><strong>College Amor Lingua together with <a href=\"https:\/\/etw.hr\/\" target=\"_blank\" rel=\"noopener\">Educational Travel Worldwide<\/a> agency, organizes trips to Germany so that, in addition to learning the German language, students can fully immerse themselves in German culture and customs.<\/strong> In this way, participants can communicate with a large number of native speakers, visit the locations they learned about in class and embark on a German adventure.<\/p>\n<p><strong>Over 25 years of experience and cooperation with German and Austrian top quality schools <a href=\"https:\/\/www.gls-german-courses.de\/\" target=\"_blank\" rel=\"noopener\">GLS,<\/a> <a href=\"https:\/\/www.languagecourse.net\/school-did-deutsch-institut-berlin.php3\" target=\"_blank\" rel=\"noopener\">DID<\/a>, Young Austria, AIS, with centers in Berlin, Munich, Vienna, Graz\u2026, allows all our students to enroll in summer camps, online, general and accelerated courses and academic preparations in the best language centers in Germany and Austria.<\/strong><br \/>\nThe combination of learning German at our school and spending few weeks in Germany or Austria, among native speakers, guarantees excellent knowledge and perfect pronunciation!<\/p>\n<p><strong>The German language course includes:<\/strong><\/p>\n<ul>\n<li>Language testing so that we can place you in the appropriate group<\/li>\n<li>Consulting with a language advisor - analysis of knowledge and goals and program selection<\/li>\n<li>Opportunity to participate in extracurricular activities: Language coffee meetup, literary and film workshops\u2026<\/li>\n<li>Two exam deadlines<\/li>\n<li>Potvrda nakon uspje\u0161no polo\u017eenog ispita<\/li>\n<\/ul>\n<p>&nbsp;<\/p>\n<p>Amor Lingua College has recognized German as the language of the future and provides its students with high-quality German language courses. <strong>Graduate professors of German language and literature have prepared a curriculum that accompanies CEFR, ie ZEROJ (Common European Framework of Reference for Languages).<\/strong><\/p>\n<p>According to this framework, we offer courses at all levels of language proficiency:<\/p>\n<p>A1 - Beginner<br \/>\nA2 - Elementary<br \/>\nB1 - Intermediate<br \/>\nB2 - Upper Intermediate<br \/>\nC1 - Advanced<br \/>\nC2 - Proficiency<\/p>\n<p>These levels are divided into even more levels:<\/p>\n<ul>\n<li>A1 level \u2013 A1.1 + A1.2<\/li>\n<li>A2 level \u2013 A.2.1 + A2.2<\/li>\n<li>B1 level \u2013 B1.1 + B1.2<\/li>\n<li>B1\/B2 level \u2013 B1.3 + B1.4<\/li>\n<li>B2 level \u2013 B2.1+B2.2<\/li>\n<li>C1 level \u2013 C1.1+C1.2<\/li>\n<li>C1\/C2 level \u2013 C1.3 + C1.4<\/li>\n<li>C2 level \u2013 C2.1 + C2.2<\/li>\n<\/ul>\n<p>&nbsp;<\/p>\n<p>Interesting textbooks and manuals, videos, newspaper articles, poems, films, current and everyday events, German culture and customs\u2026 Language is more than grammar and vocabulary!<\/p>\n<p>Small groups, modern methods of work through a creative approach and interactive teaching of German language through various activities ensure quality, fast and fun learning a new language. <strong>You start speaking a foreign language from the first class, and you can feel your progress during an after the course.<\/strong><\/p>\n<p>If you are not a beginner and want to enroll in one of the higher levels, you need to pass our classification exam first in order to place you in the appropriate group. The classification exam should not be taken by students who have passed an international exam or a certificate from another school of foreign languages in accordance with European and Croatian standards.<\/p>\n<table width=\"680\">\n<tbody>\n<tr>\n<td width=\"208\"><strong>Course<\/strong><\/td>\n<td width=\"251\"><strong>Program description<\/strong><\/td>\n<td width=\"103\"><strong>Broj lekcija<\/strong><\/td>\n<td width=\"118\"><strong>Cijena u eurima<\/strong><\/td>\n<\/tr>\n<tr>\n<td width=\"208\"><strong>Op\u0107i te\u010daj &#8211; grupni (u\u017eivo ili online)<\/strong><\/td>\n<td width=\"251\">Classics are always in fashion<\/td>\n<td width=\"103\">70 lekcija<\/td>\n<td width=\"118\">290 EUR<\/td>\n<\/tr>\n<tr>\n<td width=\"208\"><strong>Poslovni te\u010daj &#8211; grupni 2-6 osoba<\/strong><\/td>\n<td width=\"251\">Za usavr\u0161avanje njema\u010dkog jezika uz naglasak na poslovni vokabular<\/td>\n<td width=\"103\">60 lekcija<\/td>\n<td width=\"118\">490 EUR<\/td>\n<\/tr>\n<tr>\n<td width=\"208\"><strong>Intenzivni (ubrzani) te\u010daj &#8211; individualni<\/strong><\/td>\n<td width=\"251\">For emergencies, quick learning<\/td>\n<td width=\"103\">60 lekcija<\/p>\n<p>(4 tjedna)<\/td>\n<td width=\"118\">990 EUR<\/td>\n<\/tr>\n<tr>\n<td width=\"208\"><strong>Konverzacijski te\u010daj &#8211; grupni<\/strong><\/td>\n<td width=\"251\">For the best possible pronunciation and successful learning<\/td>\n<td width=\"103\">60\/70 lekcija<\/td>\n<td width=\"118\">280\/290 EUR<\/td>\n<\/tr>\n<tr>\n<td width=\"208\"><strong>Individual (live or online)<\/strong><\/td>\n<td width=\"251\">For an individual approach<\/td>\n<td width=\"103\">1 lekcija<\/td>\n<td width=\"118\">13 EUR<\/td>\n<\/tr>\n<tr>\n<td width=\"208\"><strong>Academic - preparatory for OSD and DAF<\/strong><\/td>\n<td width=\"251\">For a better future, successful enrollment in college, high school\u2026<\/td>\n<td width=\"103\">40 lekcija<\/td>\n<td width=\"118\">\u00a0650 EUR<\/td>\n<\/tr>\n<tr>\n<td width=\"208\"><strong>Specialized in medical staff<\/strong><\/td>\n<td width=\"251\">For quality medical staff<\/td>\n<td width=\"103\">40 lekcija<\/td>\n<td width=\"118\">650 EUR<\/td>\n<\/tr>\n<tr>\n<td width=\"208\"><strong>Specialized in tourism<\/strong><\/td>\n<td width=\"251\">For the most prepared tourism workers<\/td>\n<td width=\"103\">40 lekcija<\/td>\n<td width=\"118\">\u00a0450 EUR<\/td>\n<\/tr>\n<tr>\n<td width=\"208\"><strong>Specialized in catering<\/strong><\/td>\n<td width=\"251\">For the kindest caterers<\/td>\n<td width=\"103\">40 lekcija<\/td>\n<td width=\"118\">450 EUR<\/td>\n<\/tr>\n<tr>\n<td width=\"208\"><strong>Taking exams \/ issuing certificates<\/strong><\/td>\n<td width=\"251\">For those who already know<\/td>\n<td width=\"103\">\/<\/td>\n<td width=\"118\">\u00a0100 EUR<\/td>\n<\/tr>\n<\/tbody>\n<\/table>\n<p>&nbsp;<\/p>\n<p>U ponudi tako\u0111er imamo 1 na 1 edukacije po idu\u0107im paketima:<\/p>\n<ul>\n<li><b>Paket 30 lekcija \u2013 390,00 EUR<br \/>\n<\/b><\/li>\n<li><b>Paket 50 lekcija \u2013 650,00 EUR<br \/>\n<\/b><\/li>\n<li><b>Paket 70 lekcija \u2013 910,00 EUR<\/b><\/li>\n<li><b>Paket 130 lekcija \u2013 1450,00 EUR<\/b><\/li>\n<\/ul>\n<p>If you are not sure which of the course suits you best, be sure to contact us by phone or email to assess which model would suit your current knowledge and goals.<\/p>\n<h4><strong>OSD and DAF Preparatory Course: Prepare to take a globally recognized exam.<\/strong><\/h4>\n<p>Whether you are planning to study abroad or your job requires taking one of these certificates, in our college you will get everything you need to pass successfully.<\/p>\n<p>&nbsp;<\/p>\n<p><strong>Saturdays coffee time<\/strong><br \/>\nAfter the work week, relax over coffee and a croissant with our lecturers and talk in the language you are learning. Other languages are prohibited.<\/p>\n<p>In addition to language exercises, Amor Lingua College holds numerous cultural workshops for all participants, film evenings\u2026<\/p>\n<p>If you accidentally miss an appointment, all of our professors are available via e-mail, for any questions related to classes and lessons taught in class.<\/p>\n<p><strong>Before the adventure of learning a language in our college, this is our first lesson:<\/strong><\/p>\n<ul>\n<li>Guten Morgen! \u2013 Dobro jutro!<\/li>\n<li>Guten Tag! \u2013 Dobar dan!<\/li>\n<li>Guten Abend! \u2013 Dobra ve\u010der!<\/li>\n<li>Gute Nacht! \u2013 Laku no\u0107!<\/li>\n<li>Hallo! \u2013 Bok! (pri dolasku)<\/li>\n<li>Tsch\u00fcs! \u2013 Bok! (pri odlasku)<\/li>\n<li>Auf Wiedersehen! \u2013 Dovi\u0111enja!<\/li>\n<\/ul>\n<p>&nbsp;<\/p>\n<ul>\n<li>Willkommen! \u2013 Dobro do\u0161li!<\/li>\n<li>Danke! \u2013 Hvala!<\/li>\n<li>Bitte! \u2013 Molim! \/ Izvolite!<\/li>\n<li>Entschuldigung! \u2013 Oprostite!<\/li>\n<\/ul>\n<p>&nbsp;<\/p>\n<ul>\n<li>Mein Name ist\u2026 \u2013\u00a0 Moje ime je\u2026<\/li>\n<li>Wie hei\u00dft du? Wie hei\u00dfen Sie? \u2013 Kako se zove\u0161? Kako se zovete?<\/li>\n<li>Freut mich. \u2013 Drago mi je.<\/li>\n<li>Wie geht\u2019s? \u2013 Kako si?<\/li>\n<li>Ich verstehe nicht. \u2013 Ne razumijem.<\/li>\n<\/ul>\n<p>&nbsp;<\/p>","protected":false},"excerpt":{"rendered":"<p>Njema\u010dki jezik Nau\u010di najrasprostranjeniji jezik u Europi &#8211; njema\u010dki jezik Njema\u010dki kao najra\u0161ireniji materinski jezik u Europi bez sumnje zauzima vode\u0107e mjesto u u\u010denju stranih jezika. Poznavanje njema\u010dkog jezika osigurava sigurno zaposlenje u Hrvatskoj, okolnim zemljama te u zemljama njema\u010dkog govornog podru\u010dja. Njema\u010dko govorno podru\u010dje obuhva\u0107a velik dio Europe koji je ujedno i na vrlo [&hellip;]<\/p>\n","protected":false},"featured_media":28,"template":"","meta":{"om_disable_all_campaigns":false,"_monsterinsights_skip_tracking":false,"_monsterinsights_sitenote_active":false,"_monsterinsights_sitenote_note":"","_monsterinsights_sitenote_category":0,"_uf_show_specific_survey":0,"_uf_disable_surveys":false,"h5ap_radio_sources":[]},"product_brand":[],"product_cat":[24,21],"product_tag":[55,58,59,172,56,57],"class_list":{"0":"post-283","1":"product","2":"type-product","3":"status-publish","4":"has-post-thumbnail","6":"product_cat-njemacki-jezik","7":"product_cat-skola-stranih-jezika","8":"product_tag-njemacki-jezik","9":"product_tag-tecaj-njemackog","10":"product_tag-tecaj-njemackog-jezika","11":"product_tag-tecajstranogjezika","12":"product_tag-ucenje-njemackog","13":"product_tag-ucenje-njemackog-jezika","15":"entry","16":"has-media","18":"first","19":"instock","20":"shipping-taxable","21":"purchasable","22":"product-type-variable","23":"has-product-nav","24":"col","25":"span_1_of_3","26":"owp-content-center","27":"owp-thumbs-layout-horizontal","28":"owp-btn-big","29":"owp-tabs-layout-section"},"_links":{"self":[{"href":"https:\/\/amorlingua.com\/en\/wp-json\/wp\/v2\/product\/283","targetHints":{"allow":["GET"]}}],"collection":[{"href":"https:\/\/amorlingua.com\/en\/wp-json\/wp\/v2\/product"}],"about":[{"href":"https:\/\/amorlingua.com\/en\/wp-json\/wp\/v2\/types\/product"}],"wp:featuredmedia":[{"embeddable":true,"href":"https:\/\/amorlingua.com\/en\/wp-json\/wp\/v2\/media\/28"}],"wp:attachment":[{"href":"https:\/\/amorlingua.com\/en\/wp-json\/wp\/v2\/media?parent=283"}],"wp:term":[{"taxonomy":"product_brand","embeddable":true,"href":"https:\/\/amorlingua.com\/en\/wp-json\/wp\/v2\/product_brand?post=283"},{"taxonomy":"product_cat","embeddable":true,"href":"https:\/\/amorlingua.com\/en\/wp-json\/wp\/v2\/product_cat?post=283"},{"taxonomy":"product_tag","embeddable":true,"href":"https:\/\/amorlingua.com\/en\/wp-json\/wp\/v2\/product_tag?post=283"}],"curies":[{"name":"wp","href":"https:\/\/api.w.org\/{rel}","templated":true}]}}