{"id":282,"date":"2020-06-30T10:46:56","date_gmt":"2020-06-30T10:46:56","guid":{"rendered":"https:\/\/www.amorlingua.com\/?post_type=product&#038;p=282"},"modified":"2025-12-10T00:00:06","modified_gmt":"2025-12-10T00:00:06","slug":"web-dizajn","status":"publish","type":"product","link":"https:\/\/amorlingua.com\/en\/\u0161kola\/web-dizajn\/","title":{"rendered":"Web Design"},"content":{"rendered":"<p>WEB DESIGN<\/p>\n<p>&nbsp;<\/p>\n<p><strong>Grupni te\u010daj po\u010dinje 15.12.2025.<\/strong><\/p>\n<p><strong>Upi\u0161i zvanje u radnu knji\u017eicu! <img fetchpriority=\"high\" decoding=\"async\" class=\"size-medium wp-image-11616 alignleft\" src=\"https:\/\/amorlingua.com\/wp-content\/uploads\/2020\/06\/shutterstock_2331824569-300x173.jpg\" alt=\"\" width=\"300\" height=\"173\" srcset=\"https:\/\/amorlingua.com\/wp-content\/uploads\/2020\/06\/shutterstock_2331824569-300x173.jpg 300w, https:\/\/amorlingua.com\/wp-content\/uploads\/2020\/06\/shutterstock_2331824569-1024x589.jpg 1024w, https:\/\/amorlingua.com\/wp-content\/uploads\/2020\/06\/shutterstock_2331824569-768x442.jpg 768w, https:\/\/amorlingua.com\/wp-content\/uploads\/2020\/06\/shutterstock_2331824569-1536x884.jpg 1536w, https:\/\/amorlingua.com\/wp-content\/uploads\/2020\/06\/shutterstock_2331824569-2048x1178.jpg 2048w, https:\/\/amorlingua.com\/wp-content\/uploads\/2020\/06\/shutterstock_2331824569-18x10.jpg 18w, https:\/\/amorlingua.com\/wp-content\/uploads\/2020\/06\/shutterstock_2331824569-600x345.jpg 600w\" sizes=\"(max-width: 300px) 100vw, 300px\" \/><\/strong>Verificiralo Ministarstvo znanosti i obrazovanja<\/p>\n<p>&nbsp;<\/p>\n<ul>\n<li><u>WHAT IS <strong>WEB DESIGN<\/strong>?<\/u><\/li>\n<\/ul>\n<p><strong>Web Design<\/strong> is the process of designing and creating a website. A web designer's job consists of creating a web structure, web design, web content, web image, its font and colors. A web designer combines all these elements in order to create a website that is going to be accessible and easy to use. Did you know that the 40% of users stop browsing a website if the site is not accessible and easy to use?<\/p>\n<p>&nbsp;<\/p>\n<ul>\n<li><u>WANT TO KNOW HOW TO BECOME <strong>A WEB DESIGN EXPERT<\/strong>?<\/u><\/li>\n<\/ul>\n<p><strong>Web Design <\/strong>involves an extensive field of planning and designing of a websites. Just like in any other job, one does not become an expert overnight. It is necessary to<strong> acquire certain knowledge<\/strong> and apply it in practice. It is said that <strong>after 10 000 hours<\/strong> of work in a certain area, <strong>you can become an expert.<\/strong> So waste no time!<\/p>\n<p>As well<strong>, Web design<\/strong> is constantly being updated and changed along with the market. That is why it is important <strong>to follow the trends<\/strong> to keep up to date with all the novelties. <strong>It is the key for success<\/strong> in this job!<\/p>\n<p>The creation and shaping of the website, its success along with its design, depend on many factors, all depending on the knowledge one can get from the education. Various animations can make a boring website exciting and interesting. Technical skills, site management skills, the knowledge of language development and the functioning of web servers along with its properties are very important for its success. Excellent communication skills are escpecially important because the communication with the client is the beginning of success.<\/p>\n<p>&nbsp;<\/p>\n<ul>\n<li><a href=\"https:\/\/amorlingua.com\/en\/\"><u>HOW CAN <strong>AMOR LINGUA COLLEGE<\/strong> HELP YOU? <\/u><\/a><\/li>\n<\/ul>\n<p>Wondering<strong> how you can learn Web design? <\/strong><\/p>\n<p>Since we <strong>follow the trends,<\/strong> we have organised for you <strong>a Web design course!<\/strong><\/p>\n<p>Our <strong>professors <\/strong>together with <strong>the web design experts <\/strong>who have many years of experience<strong>,<\/strong> are going to help you master <strong>the basics of Web design<\/strong>, <strong>CSS, WordPress, HTML, <\/strong>to<strong> create, analyse, and optimize the site <\/strong>along with many other useful tools that are going to help you become <strong>a specialist of internet marketing.<\/strong><\/p>\n<p>The education is being held <strong>in the group<\/strong> with <strong>5 beginners,<\/strong> in order to have the maximum <strong>quality of classes<\/strong>! <strong>The approach to each student is<\/strong> almost fully <strong>personalized,<\/strong>but if you prefer having <strong>individual classes<\/strong> 1:1, we also have that option for you!<\/p>\n<p>To make the classes accessible for everyone during the COVID-19 pandemic, we have organised <strong>online course in Web design. <\/strong>No more <strong>excuses<\/strong> for not getting extra education!<\/p>\n<p>&nbsp;<\/p>\n<ul>\n<li><u>FOR WHOM IS <strong>IS WEB DESIGN EDUCATION <\/strong>INTENDED?<\/u><\/li>\n<\/ul>\n<p>The education is intended for <strong>beginners and intermedieate users <\/strong>who want to engage in <strong>in the future.<\/strong>.<\/p>\n<p>Whether you are a <strong>student<\/strong>, <strong>big or small entrepreneur <\/strong>who wants to use <strong>Web design in his\/hers business, <\/strong>whether you have a desire to work in some of the <strong>agencies that deal with Web design, <\/strong>our doors are always open and our professors are waiting to transfer their knowledge to you.<\/p>\n<p>&nbsp;<\/p>\n<ul>\n<li><u>WHAT <strong>KNOWLEDGE<\/strong> ARE YOU GOING TO GAIN DURING THE EDUCATION?<\/u><\/li>\n<\/ul>\n<ul>\n<li>You will master the <strong>basics of Web design and image processing<\/strong><\/li>\n<li>You will learn <strong>how to create a website<\/strong><\/li>\n<li><strong>How to analyse and optimize<\/strong> a website, in order for it to be better displayed <strong>on Google Search engine<\/strong> (<strong>SEO<\/strong>)<\/li>\n<li>You will learn <strong>how to make responsive Web design<\/strong><\/li>\n<li>You will learn programming languages <strong>CSS<\/strong> and <strong>HTML<\/strong><\/li>\n<li>The last part of the course is devoted to <strong>work safety and security<\/strong><\/li>\n<\/ul>\n<p>By the end of the course, <strong>for all the successfully passed exams<\/strong> and the practical tasks during classes, we have provided you a <strong><u>certificate<\/u><\/strong> which you will be able to pun in your <strong><u>employment booklet<\/u><\/strong>!<\/p>\n<p>&nbsp;<\/p>\n<ul>\n<li><u>WHERE ARE<strong> THE CLASSES<\/strong> LOCATED?<\/u><\/li>\n<\/ul>\n<p><strong>LOCATION<\/strong>: Sesvete (or <strong>from the comfort of your own home<\/strong> on ZOOM, <strong><u>online course<\/u> <\/strong>classes)<\/p>\n<p>&nbsp;<\/p>\n<ul>\n<li><u>AMOR LINGUA COLLEGE <strong>SUGGESTS<\/strong><\/u><\/li>\n<\/ul>\n<p>If after <a href=\"https:\/\/amorlingua.com\/en\/%C5%A1kola\/web-dizajn\/\"><strong>the Web design course <\/strong><\/a>you realize that you were made for it, Amor Lingua suggests <a href=\"https:\/\/amorlingua.com\/en\/%C5%A1kola\/digitalni-marketing\/\"><strong><u>a digital marketing course<\/u><\/strong><\/a> , <strong>which will complement each other <a href=\"https:\/\/amorlingua.com\/en\/%C5%A1kola\/web-dizajn\/\">in the future.<\/a><\/strong>By clicking the link, check out more information about <a href=\"https:\/\/amorlingua.com\/en\/%C5%A1kola\/digitalni-marketing\/\"><strong><u>the education of digital marketing<\/u><\/strong><\/a> prepared for our beginners.<\/p>\n<p>A Web design career will open many opportunities to work for many companies that are searching for Web design specialists!<\/p>\n<p><strong>Get your Web design certificate today!<\/strong><\/p>\n<table>\n<tbody>\n<tr>\n<td width=\"121\">Module number<\/td>\n<td width=\"121\">Name of module<\/td>\n<td width=\"121\">Lesson hours (theory)<\/td>\n<td width=\"121\">Lesson hours (practice)<\/td>\n<td width=\"121\">Total<\/td>\n<\/tr>\n<tr>\n<td width=\"121\">1.<\/td>\n<td width=\"121\">Introduction to the Web design and image editing<\/td>\n<td width=\"121\">9<\/td>\n<td width=\"121\">9<\/td>\n<td width=\"121\">18<\/td>\n<\/tr>\n<tr>\n<td width=\"121\">2.<\/td>\n<td width=\"121\">HTML<\/td>\n<td width=\"121\">8<\/td>\n<td width=\"121\">9<\/td>\n<td width=\"121\">17<\/td>\n<\/tr>\n<tr>\n<td width=\"121\">3.<\/td>\n<td width=\"121\">CSS<\/td>\n<td width=\"121\">8<\/td>\n<td width=\"121\">9<\/td>\n<td width=\"121\">17<\/td>\n<\/tr>\n<tr>\n<td width=\"121\">4.<\/td>\n<td width=\"121\">WordPress<\/td>\n<td width=\"121\">8<\/td>\n<td width=\"121\">9<\/td>\n<td width=\"121\">17<\/td>\n<\/tr>\n<tr>\n<td width=\"121\">5.<\/td>\n<td width=\"121\">SEO<\/td>\n<td width=\"121\">8<\/td>\n<td width=\"121\">9<\/td>\n<td width=\"121\">17<\/td>\n<\/tr>\n<tr>\n<td width=\"121\">6.<\/td>\n<td width=\"121\">Responsive Web design<\/td>\n<td width=\"121\">8<\/td>\n<td width=\"121\">9<\/td>\n<td width=\"121\">17<\/td>\n<\/tr>\n<tr>\n<td width=\"121\">7.<\/td>\n<td width=\"121\">Creating Website<\/td>\n<td width=\"121\">8<\/td>\n<td width=\"121\">9<\/td>\n<td width=\"121\">17<\/td>\n<\/tr>\n<tr>\n<td width=\"121\">TOTAL<\/td>\n<td width=\"121\"><\/td>\n<td width=\"121\">57<\/td>\n<td width=\"121\">63<\/td>\n<td width=\"121\">120<\/td>\n<\/tr>\n<\/tbody>\n<\/table>\n<p>&nbsp;<\/p>\n<h3>DOCUMENTS REQUIRED FOR ENROLLMENT<\/h3>\n<ul>\n<li>Birth certificate or a certificate of nationality<\/li>\n<li>Identity card<\/li>\n<li>High school report<\/li>\n<\/ul>\n<p>&nbsp;<\/p>\n<h3><strong>Course price<\/strong><\/h3>\n<table style=\"height: 198px;\" width=\"665\">\n<tbody>\n<tr>\n<td width=\"208\"><strong>Course<\/strong><\/td>\n<td width=\"251\"><strong>Program description<\/strong><\/td>\n<td width=\"103\"><strong>Lessons<\/strong><\/td>\n<td width=\"118\"><strong>Cijena u eurima<br \/>\n<\/strong><\/td>\n<\/tr>\n<tr>\n<td width=\"208\"><strong>Group course (online or in class)<\/strong><\/td>\n<td width=\"251\">Web Design<\/td>\n<td width=\"103\">120<\/td>\n<td width=\"118\">990,00<\/td>\n<\/tr>\n<tr>\n<td width=\"208\"><strong>Online course 1 on 2<\/strong><\/td>\n<td width=\"251\">Web Design<\/td>\n<td width=\"103\">120<\/td>\n<td width=\"118\">600,00\/ po osobi<\/td>\n<\/tr>\n<tr>\n<td width=\"208\"><strong>Online course 1 on 1<\/strong><\/td>\n<td width=\"251\">Web Design<\/td>\n<td width=\"103\">120<\/td>\n<td width=\"118\">1350,00<\/td>\n<\/tr>\n<\/tbody>\n<\/table>\n<p>&nbsp;<\/p>\n<p><strong>Literature:<\/strong><\/p>\n<p>Textbooks, study materials, ppt and instructions for using other sources.<br \/>\nMatthew McDonald: WordPress: The missing manual (2014.)<\/p>\n<p>Jennifer Robbins: Learning Web Design: A Beginner&#8217;s Guide to HTML, CSS, JavaScript and Web Graphics<\/p>\n<p>Jon Duckett: HTML and CSS: Design and Build Websites<\/p>","protected":false},"excerpt":{"rendered":"<p>WEB DIZAJN &nbsp; Grupni te\u010daj po\u010dinje 15.12.2025. Upi\u0161i zvanje u radnu knji\u017eicu! Verificiralo Ministarstvo znanosti i obrazovanja &nbsp; \u0160TO JE WEB DIZAJN? Web dizajn je planiranje i izrada WEB stranice. Sastavnice Web dizajna su struktura stranice, navigacija, izgled, boje, fontovi, slike, sadr\u017eaj. Web dizajner kombinira sve te elemente kako bi stvorio Web stranicu koja \u0107e [&hellip;]<\/p>\n","protected":false},"featured_media":59,"template":"","meta":{"om_disable_all_campaigns":false,"_monsterinsights_skip_tracking":false,"_monsterinsights_sitenote_active":false,"_monsterinsights_sitenote_note":"","_monsterinsights_sitenote_category":0,"_uf_show_specific_survey":0,"_uf_disable_surveys":false,"h5ap_radio_sources":[]},"product_brand":[],"product_cat":[30,31],"product_tag":[318,90,88],"class_list":{"0":"post-282","1":"product","2":"type-product","3":"status-publish","4":"has-post-thumbnail","6":"product_cat-specijalizirani-tecajevi","7":"product_cat-web-dizajn","8":"product_tag-edukacija","9":"product_tag-online-dizajn","10":"product_tag-web-dizajn","12":"entry","13":"has-media","15":"first","16":"instock","17":"shipping-taxable","18":"purchasable","19":"product-type-simple","20":"has-product-nav","21":"col","22":"span_1_of_3","23":"owp-content-center","24":"owp-thumbs-layout-horizontal","25":"owp-btn-big","26":"owp-tabs-layout-section"},"_links":{"self":[{"href":"https:\/\/amorlingua.com\/en\/wp-json\/wp\/v2\/product\/282","targetHints":{"allow":["GET"]}}],"collection":[{"href":"https:\/\/amorlingua.com\/en\/wp-json\/wp\/v2\/product"}],"about":[{"href":"https:\/\/amorlingua.com\/en\/wp-json\/wp\/v2\/types\/product"}],"wp:featuredmedia":[{"embeddable":true,"href":"https:\/\/amorlingua.com\/en\/wp-json\/wp\/v2\/media\/59"}],"wp:attachment":[{"href":"https:\/\/amorlingua.com\/en\/wp-json\/wp\/v2\/media?parent=282"}],"wp:term":[{"taxonomy":"product_brand","embeddable":true,"href":"https:\/\/amorlingua.com\/en\/wp-json\/wp\/v2\/product_brand?post=282"},{"taxonomy":"product_cat","embeddable":true,"href":"https:\/\/amorlingua.com\/en\/wp-json\/wp\/v2\/product_cat?post=282"},{"taxonomy":"product_tag","embeddable":true,"href":"https:\/\/amorlingua.com\/en\/wp-json\/wp\/v2\/product_tag?post=282"}],"curies":[{"name":"wp","href":"https:\/\/api.w.org\/{rel}","templated":true}]}}