{"id":281,"date":"2020-06-30T09:15:08","date_gmt":"2020-06-30T09:15:08","guid":{"rendered":"https:\/\/www.amorlingua.com\/?post_type=product&#038;p=281"},"modified":"2025-11-21T13:02:33","modified_gmt":"2025-11-21T13:02:33","slug":"engleski-jezik","status":"publish","type":"product","link":"https:\/\/amorlingua.com\/en\/\u0161kola\/engleski-jezik\/","title":{"rendered":"Engleski jezik &#8211; UPISI U TIJEKU!"},"content":{"rendered":"<p class=\"responsive-video-wrap clr\"><iframe title=\"Frances King School of English\" width=\"1200\" height=\"675\" src=\"https:\/\/www.youtube.com\/embed\/OPDR1RXublI?feature=oembed&#038;enablejsapi=1&#038;origin=https:\/\/amorlingua.com\" frameborder=\"0\" allow=\"accelerometer; autoplay; clipboard-write; encrypted-media; gyroscope; picture-in-picture; web-share\" referrerpolicy=\"strict-origin-when-cross-origin\" allowfullscreen><\/iframe><\/p>\n<h2>English language<\/h2>\n<h3><strong>Perfect the language without which the 21st century is unthinkable - English language<\/strong><\/h3>\n<figure id=\"attachment_90\" aria-describedby=\"caption-attachment-90\" style=\"width: 300px\" class=\"wp-caption alignleft\"><img fetchpriority=\"high\" decoding=\"async\" class=\"wp-image-90 size-medium\" title=\"ENGLESKI JEZIK\" src=\"https:\/\/amorlingua.com\/wp-content\/uploads\/2020\/06\/pexels-photo-207228-300x200.jpeg\" alt=\"engleski jezik\" width=\"300\" height=\"200\" srcset=\"https:\/\/amorlingua.com\/wp-content\/uploads\/2020\/06\/pexels-photo-207228-300x200.jpeg 300w, https:\/\/amorlingua.com\/wp-content\/uploads\/2020\/06\/pexels-photo-207228-600x400.jpeg 600w, https:\/\/amorlingua.com\/wp-content\/uploads\/2020\/06\/pexels-photo-207228-1024x683.jpeg 1024w, https:\/\/amorlingua.com\/wp-content\/uploads\/2020\/06\/pexels-photo-207228-768x512.jpeg 768w, https:\/\/amorlingua.com\/wp-content\/uploads\/2020\/06\/pexels-photo-207228-1536x1024.jpeg 1536w, https:\/\/amorlingua.com\/wp-content\/uploads\/2020\/06\/pexels-photo-207228-2048x1365.jpeg 2048w\" sizes=\"(max-width: 300px) 100vw, 300px\" \/><figcaption id=\"caption-attachment-90\" class=\"wp-caption-text\">grupni te\u010daj<\/figcaption><\/figure>\n<p><strong>GRUPNI TE\u010cAJ TERMIN: od 26.sije\u010dnja.2026. <\/strong><\/p>\n<p>English is spoken by more than two billion people and is undoubtedly the most important language of global communication. English has been taught since preschool days due to it being present in all modern media and basic prerequisites for employment.<\/p>\n<p>In addition to modern teaching methods, our professional and certified professors will teach you not only English language and perfect pronunciation, but also the customs, traditions, films and music of Anglo-Saxon culture.<\/p>\n<p>There are many English language learning options available to you: general, intensive, business, specialized, conversational\u2026 If you find it difficult to assess which course is ideal for your needs, our language advisors will help you choose after analyzing and assessing your knowledge and goals.<\/p>\n<p><strong>College Amor Lingua together with\u00a0<a href=\"https:\/\/etw.hr\/\" target=\"_blank\" rel=\"noopener\"> Educational Travel Worldwide<\/a> Amor Lingua College, in collaboration with Educational Travel Worldwide, organizes trips to the UK, the United States, Canada and Australia so that students, in addition to learning English, can fully immerse themselves in Anglo-Saxon culture and customs.<\/strong> In this way, students can communicate with a large number of native speakers, visit the locations they learned about in class and embark on an Anglo-Saxon adventure.<\/p>\n<p><strong>Over 25 years of experience and cooperation with British and American top schools PLUS, MLI, CES, <a href=\"https:\/\/www.selectenglish.co.uk\/\" target=\"_blank\" rel=\"noopener\">Select English<\/a>, Oxford Spires, Melchior College, <a href=\"https:\/\/www.stclares.ac.uk\/\" target=\"_blank\" rel=\"noopener\">St. Clare&#8217;s<\/a>, <a href=\"https:\/\/www.francesking.com\/\" target=\"_blank\" rel=\"noopener\">Frances King<\/a>and Embassy, allows all our attendees to enroll in summer camps, online, general and accelerated courses and academic preparation in the best language centers in the UK, Ireland, Canada, USA, Australia\u2026<\/strong><br \/>\nThe combination of learning a foreign language in our College and spending a few weeks in one of the countries among the native speakers, guarantees excellent knowledge and perfect pronunciation!<\/p>\n<p><strong>English language course includes:<\/strong><\/p>\n<ul>\n<li>Language testing so that we can place you in the appropriate group<\/li>\n<li>Consulting with a language advisor - analysis of knowledge and goals and program selection<\/li>\n<li>Opportunity to participate in extracurricular activities: Language coffee meetup, literary and film workshops\u2026<\/li>\n<li>Two exam deadlines<\/li>\n<li>Potvrda nakon uspje\u0161no polo\u017eenog ispita<\/li>\n<\/ul>\n<p><strong>Graduate professors of English language and literature have prepared a curriculum that accompanies CEFR, ie ZEROJ<\/strong> (Common European Framework of Reference for Languages). According to this framework, we offer courses at all levels of language proficiency:<\/p>\n<p>A1 - Beginner<br \/>\nA2 - Elementary<br \/>\nB1 - Intermediate<br \/>\nB2 - Upper Intermediate<br \/>\nC1 - Advanced<br \/>\nC2 - Proficiency<\/p>\n<p>These levels are divided into even more levels:<\/p>\n<ul>\n<li>A1 level \u2013 A1.1 + A1.2<\/li>\n<li>A2 level \u2013 A.2.1 + A2.2<\/li>\n<li>B1 level \u2013 B1.1 + B1.2<\/li>\n<li>B1\/B2 level \u2013 B1.3 + B1.4<\/li>\n<li>B2 level \u2013 B2.1+B2.2<\/li>\n<li>C1 level \u2013 C1.1+C1.2<\/li>\n<li>C1\/C2 level \u2013 C1.3 + C1.4<\/li>\n<li>C2 level \u2013 C2.1 + C2.2<\/li>\n<\/ul>\n<p>Interesting textbooks and manuals, videos, newspaper articles, poems, movies, current and everyday events, Anglo-Saxon culture and customs\u2026 Language is more than grammar and vocabulary!<\/p>\n<p>Small groups, modern methods of work through a creative approach and interactive teaching of English language through various activities ensure quality, fast and fun way of learning a new language. You start speaking a foreign language from the first class, and you can feel your progress during and after the course.<\/p>\n<p>If you are not a beginner and want to enroll in one of the higher levels, you need to pass our classification exam first in order to place you in the appropriate group. The classification exam should not be taken by students who have passed an international exam or a certificate from another foreign language school in accordance with European and Croatian standards.<\/p>\n<table style=\"height: 1030px;\" width=\"680\">\n<tbody>\n<tr>\n<td width=\"208\"><strong>Course<\/strong><\/td>\n<td width=\"251\"><strong>Program description<\/strong><\/td>\n<td width=\"103\"><strong>Broj lekcija<\/strong><\/td>\n<td width=\"118\"><strong>Cijena u eurima<\/strong><\/td>\n<\/tr>\n<tr>\n<td width=\"208\"><strong>Op\u0107i te\u010daj &#8211; grupni<\/strong><\/td>\n<td width=\"251\">\u00a0Group course<\/td>\n<td width=\"103\">\u00a070 lekcija<\/td>\n<td width=\"118\">\u00a0290<\/td>\n<\/tr>\n<tr>\n<td width=\"208\"><strong>Poslovni te\u010daj individualno<\/strong><\/td>\n<td width=\"251\">To improve your target language with an emphasis on business vocabulary<\/td>\n<td width=\"103\">60\/70 lekcija<\/td>\n<td width=\"118\">\u00a0 1400<\/td>\n<\/tr>\n<tr>\n<td width=\"208\"><strong>Intenzivni (ubrzani)\u00a0 te\u010daj &#8211; grupni<\/strong><\/td>\n<td width=\"251\">For emergencies, quick learning<\/td>\n<td width=\"103\">60 (4 weeks)<\/td>\n<td width=\"118\">\u00a0450<\/td>\n<\/tr>\n<tr>\n<td width=\"208\"><strong>Konverzacijski te\u010daj &#8211; grupni<\/strong><\/td>\n<td width=\"251\">For the best possible pronunciation and successful learning<\/td>\n<td width=\"103\">60\/70 lekcija<\/td>\n<td width=\"118\">\u00a0 290<\/td>\n<\/tr>\n<tr>\n<td width=\"208\"><strong>Individual (live or online)<\/strong><\/td>\n<td width=\"251\">For an individual approach<\/td>\n<td width=\"103\">1 lekcija<\/td>\n<td width=\"118\">14\/h<\/td>\n<\/tr>\n<tr>\n<td width=\"208\"><strong>Academic - preparatory for IELTS and TOEFL<\/strong><\/td>\n<td width=\"251\">For a better future, successful enrollment in college, high school\u2026<\/td>\n<td width=\"103\">40 lekcija<\/td>\n<td width=\"118\">650<\/td>\n<\/tr>\n<tr>\n<td width=\"208\"><strong>Specialized in medical staff<\/strong><\/td>\n<td width=\"251\">For quality medical staff<\/td>\n<td width=\"103\">40 lekcija<\/td>\n<td width=\"118\">550<\/td>\n<\/tr>\n<tr>\n<td width=\"208\"><strong>Specialized in tourism<\/strong><\/td>\n<td width=\"251\">For the most prepared tourism workers<\/td>\n<td width=\"103\">40 lekcija<\/td>\n<td width=\"118\">350<\/td>\n<\/tr>\n<tr>\n<td width=\"208\"><strong>Specialized in catering<\/strong><\/td>\n<td width=\"251\">For the kindest caterers<\/td>\n<td width=\"103\">40 lekcija<\/td>\n<td width=\"118\">350<\/td>\n<\/tr>\n<tr>\n<td width=\"208\"><strong>English \u2013 STEM program<\/strong><\/td>\n<td width=\"251\">For mathematicians, physicists, chemists<\/td>\n<td width=\"103\">60 lekcija<\/td>\n<td width=\"118\">1400<\/td>\n<\/tr>\n<tr>\n<td width=\"208\"><strong>English \u2013 Business program<\/strong><\/td>\n<td width=\"251\">For marketing professionals, negotiators<\/td>\n<td width=\"103\">60 lekcija<\/td>\n<td width=\"118\">1300<\/td>\n<\/tr>\n<tr>\n<td width=\"208\"><strong>English - IB preparation<\/strong><\/td>\n<td width=\"251\">For future IB students<\/td>\n<td width=\"103\">60 lekcija<\/td>\n<td width=\"118\">850<\/td>\n<\/tr>\n<tr>\n<td width=\"208\"><strong>Newborn Child<\/strong><\/td>\n<td width=\"251\">Super intenzivni te\u010daj<\/td>\n<td width=\"103\">60 lekcija<\/td>\n<td width=\"118\">990<\/td>\n<\/tr>\n<tr>\n<td width=\"208\"><strong>Taking exams \/ issuing certificates<\/strong><\/td>\n<td width=\"251\">Za one koji ve\u0107 znaju jezik<\/td>\n<td width=\"103\">\/<\/td>\n<td width=\"118\">100<\/td>\n<\/tr>\n<\/tbody>\n<\/table>\n<p>&nbsp;<\/p>\n<p>U ponudi tako\u0111er imamo 1 na 1 edukacije po idu\u0107im paketima:<\/p>\n<ul>\n<li><b>Paket 30 lekcija \u2013 390,00 EUR<br \/>\n<\/b><\/li>\n<li><b>Paket 50 lekcija \u2013 600,00 EUR<br \/>\n<\/b><\/li>\n<li><b>Paket 70 lekcija \u2013 770,00 EUR<\/b><\/li>\n<li><b>Paket 130 lekcija \u2013 1300,00 EUR\u00a0<\/b><\/li>\n<\/ul>\n<p>&nbsp;<\/p>\n<p>If you are not sure which of the course suits you best, be sure to contact us by phone or email to assess which model would suit your current knowledge and goals.<\/p>\n<p><strong>IELTS I TOEFL preparation course:<\/strong> Get ready to take the exam with which you will receive the most famous language certificate recognized by over 9000 organizations in 140 countries! Whether you are planning to study abroad or your job requires taking one of these certificates, in our college you will get everything you need to pass successfully.<\/p>\n<p><strong>Saturday for tea<\/strong><br \/>\nAfter the work week, relax over tea or coffee with our lecturers and talk in the language you are learning. Other languages are prohibited.<\/p>\n<p>If you accidentally miss an appointment, all of our professors are available via e-mail, for any questions related to classes and lessons taught in class.<\/p>\n<p><strong>Before the adventure of learning a language in our college, this is our first lesson:<\/strong><\/p>\n<ul>\n<li>Hi\/Hello! = Bok\/zdravo!<\/li>\n<li>Welcome! = Dobro do\u0161li!<\/li>\n<li>Goodbye! = Dovi\u0111enja!<\/li>\n<li>See you later! = Vidimo se kasnije!<\/li>\n<\/ul>\n<p>&nbsp;<\/p>\n<ul>\n<li>Good morning \/afternoon\/evening! = Dobro jutro\/dan\/ve\u010der!<\/li>\n<li>Good night! =\u00a0 Laku no\u0107!<\/li>\n<li>Please = Molim<\/li>\n<li>Thank you\/Thanks = Hvala<\/li>\n<li>Here you go = Izvoli<\/li>\n<li>You\u2019re welcome = Nema na \u010demu<\/li>\n<li>Sorry\u00a0 = Oprosti<\/li>\n<li>I aplogize = Ispri\u010davam se<\/li>\n<li>Excuse me = Oprostite<\/li>\n<\/ul>\n<p>&nbsp;<\/p>\n<ul>\n<li>Cheers! = \u017divjeli!<\/li>\n<li>Bless you! = Nazdravlje!<\/li>\n<li>Happy birthday! = Sretan ro\u0111endan!<\/li>\n<li>Merry Christmas! = Sretan Bo\u017ei\u0107!<\/li>\n<li>Happy New Year! = Sretna Nova godina!<\/li>\n<\/ul>\n<p>&nbsp;<\/p>","protected":false},"excerpt":{"rendered":"<p>Engleski jezik Usavr\u0161i jezik bez kojeg je 21. stolje\u0107e nezamislivo &#8211; engleski jezik GRUPNI TE\u010cAJ TERMIN: od 26.sije\u010dnja.2026. Engleski jezik govori vi\u0161e od dvije milijarde ljudi te je nesumnjivo najva\u017eniji jezik globalne komunikacije. Engleski jezik u\u010di se ve\u0107 od pred\u0161kolskih dana, prisutan je u svim suvremenim medijima te je osnovni preduvjet za zapo\u0161ljavanje. Na\u0161i \u0107e [&hellip;]<\/p>\n","protected":false},"featured_media":90,"template":"","meta":{"om_disable_all_campaigns":false,"_monsterinsights_skip_tracking":false,"_monsterinsights_sitenote_active":false,"_monsterinsights_sitenote_note":"","_monsterinsights_sitenote_category":0,"_uf_show_specific_survey":0,"_uf_disable_surveys":false,"h5ap_radio_sources":[]},"product_brand":[],"product_cat":[23,21],"product_tag":[49,48,51,50,53,54,172,52],"class_list":{"0":"post-281","1":"product","2":"type-product","3":"status-publish","4":"has-post-thumbnail","6":"product_cat-engleski-jezik","7":"product_cat-skola-stranih-jezika","8":"product_tag-engleski","9":"product_tag-engleski-jezik","10":"product_tag-skola-jezika","11":"product_tag-skola-stranih-jezika","12":"product_tag-tecaj-engleskog","13":"product_tag-tecaj-engleskog-jezika","14":"product_tag-tecajstranogjezika","15":"product_tag-ucenje-engleskog","17":"entry","18":"has-media","20":"first","21":"instock","22":"shipping-taxable","23":"purchasable","24":"product-type-variable","25":"has-default-attributes","26":"has-product-nav","27":"col","28":"span_1_of_3","29":"owp-content-center","30":"owp-thumbs-layout-horizontal","31":"owp-btn-big","32":"owp-tabs-layout-section"},"_links":{"self":[{"href":"https:\/\/amorlingua.com\/en\/wp-json\/wp\/v2\/product\/281","targetHints":{"allow":["GET"]}}],"collection":[{"href":"https:\/\/amorlingua.com\/en\/wp-json\/wp\/v2\/product"}],"about":[{"href":"https:\/\/amorlingua.com\/en\/wp-json\/wp\/v2\/types\/product"}],"wp:featuredmedia":[{"embeddable":true,"href":"https:\/\/amorlingua.com\/en\/wp-json\/wp\/v2\/media\/90"}],"wp:attachment":[{"href":"https:\/\/amorlingua.com\/en\/wp-json\/wp\/v2\/media?parent=281"}],"wp:term":[{"taxonomy":"product_brand","embeddable":true,"href":"https:\/\/amorlingua.com\/en\/wp-json\/wp\/v2\/product_brand?post=281"},{"taxonomy":"product_cat","embeddable":true,"href":"https:\/\/amorlingua.com\/en\/wp-json\/wp\/v2\/product_cat?post=281"},{"taxonomy":"product_tag","embeddable":true,"href":"https:\/\/amorlingua.com\/en\/wp-json\/wp\/v2\/product_tag?post=281"}],"curies":[{"name":"wp","href":"https:\/\/api.w.org\/{rel}","templated":true}]}}