{"id":2742,"date":"2021-05-14T15:01:40","date_gmt":"2021-05-14T15:01:40","guid":{"rendered":"https:\/\/www.amorlingua.com\/?post_type=product&#038;p=2742"},"modified":"2025-06-17T12:12:16","modified_gmt":"2025-06-17T12:12:16","slug":"konverzacijski-tecaj-njemacki-jezik","status":"publish","type":"product","link":"https:\/\/amorlingua.com\/en\/\u0161kola\/konverzacijski-tecaj-njemacki-jezik\/","title":{"rendered":"Njema\u010dki jezik, test DAF, TELC, GOETHE"},"content":{"rendered":"<p>Njema\u010dki jezik, test DAF, TELC, GOETHE<\/p>\n<p>Konverzacijski te\u010daj njema\u010dkog jezika<\/p>\n<p>Jedan od najpopularnijih te\u010dajeva njema\u010dkog jezika je konverzacijski te\u010daj.\u00a0 Jezik se najbolje u\u010di kada se koristi, a kroz konverzacijski te\u010daj na\u0161i polaznici \u0107e samo govoriti njema\u010dki jezik. Ovaj te\u010daj je savr\u0161en za sve polaznike koji \u017eele usavr\u0161iti svoje govorne vje\u0161tine na njema\u010dkom jeziku.<\/p>\n<p>A conversational course is a language course where the emphasis is on speech and conversation. This type of course is much more relaxed than other courses. Instead of grammar, texts, syntax, textbooks and exercise books, this type of course consists of conversation, discussion, debate on a topic. Participants will receive materials to read and then discuss, debate or lead discussions on the topic in class. Topics are determined by the groups and what the groups want to discuss. They usually read books, comment on movies, discuss social topics, hobbies of students and other topics of interest to students.<\/p>\n<p><strong>Perfect your German language in a pleasant and relaxed atmosphere at Amor Lingua College!<\/strong><\/p>\n<p>We have prepared for you courses of 20,40 and 60 hours.<\/p>\n<p>Amor Lingue courses are different because the teaching is conceived on an individual approach and corresponds to the needs and knowledge of each student.<\/p>\n<p>Nastavite edukaciju u \u0161kolskom centru <a href=\"http:\/\/GLS BERLIN\">GLS BERLIN &#8211;\u00a0https:\/\/etw.hr\/putovanje\/skola-njemackog-za-odrasle-gls-berlin\/<\/a><\/p>\n<p><img fetchpriority=\"high\" decoding=\"async\" class=\"\" src=\"https:\/\/www.gls-german-courses.de\/fileadmin\/german-courses-berlin\/best-school-germany-award.jpg\" alt=\"In 2015 GLS has been awarded Super Star status by Study Travel Magazine in London - as one of the best German language schools in Germany.\" width=\"450\" height=\"225\" \/><\/p>\n<p><strong>Price:<\/strong><\/p>\n<table>\n<tbody>\n<tr>\n<td width=\"302\"><strong>Individual course 1h<\/strong><\/td>\n<td width=\"302\"><strong>20 euro\/h<\/strong><\/td>\n<\/tr>\n<tr>\n<td width=\"302\"><strong>Group course 20h<\/strong><\/td>\n<td width=\"302\"><strong>150 euro<\/strong><\/td>\n<\/tr>\n<tr>\n<td width=\"302\"><strong>Group course 40h<\/strong><\/td>\n<td width=\"302\"><strong>220 euro<\/strong><\/td>\n<\/tr>\n<tr>\n<td width=\"302\"><strong>Group course 60h<\/strong><\/td>\n<td width=\"302\"><strong>280 euro<\/strong><\/td>\n<\/tr>\n<\/tbody>\n<\/table>\n<p>&nbsp;<\/p>\n<h1 class=\"\">TestDaF, telc &amp; Goethe: Preparation courses &amp; exams<\/h1>\n<p>15 LEKCIJA &#8211; 310 EUR<\/p>\n<p>20 LEKCIJA &#8211; 380 EUR<\/p>\n<p>30 LEKCIJA &#8211; 560 EUR<\/p>\n<div class=\"row contentgrid contentgrid-2col-2-2\">\n<div class=\"col-first col-xs-72 col-sm-36 col-md-36 col-lg-36 col-xl-36 col-print-36\">\n<div id=\"c45032\" class=\"frame frame-default frame-type-text frame-layout-1 frame-space-after-large\">\n<h4 class=\"\">GLS is a test center in Berlin<\/h4>\n<\/div>\n<p><strong>Intensive prep courses for telc B1, B2, C1 (on the <\/strong><a class=\"internal-link\" href=\"https:\/\/www.gls-german-courses.de\/language-school-berlin.html\" target=\"_blank\" rel=\"noopener\"><strong>GLS campus Berlin<\/strong><\/a><strong>)<\/strong><\/p>\n<p>This preparation course includes daily 90 minute sessions in the afternoon. We will familiarize you with all parts of the exam, and we will rehearse the exam with you by means of\u00a0mock exams.<\/p>\n<ul class=\"sellinglist\">\n<li>Course price: 595 \u20ac, plus 35 \u20ac registration fee<\/li>\n<li>Teaching materials included<\/li>\n<li>Duration: 3 weeks, with 90 minute sessions fom MON &#8211; FRI<\/li>\n<li>MON &#8211; FRI, 1.15 PM &#8211; 2.45 PM<\/li>\n<li>Goup size:\u00a0 max 8<\/li>\n<li>Teaching units: 30 \u00e0 45 minutes<\/li>\n<li>Format: face-to-face on the\u00a0<a class=\"internal-link\" title=\"telc B1, B2, C1 in Berlin\" href=\"https:\/\/www.gls-german-courses.de\/language-school-berlin.html\" target=\"_blank\" rel=\"noopener\">GLS campus in Berlin<\/a><\/li>\n<li>Level you need\u00a0<a class=\"internal-link\" href=\"https:\/\/www.gls-german-courses.de\/book-a-german-course-in-berlin.html\" target=\"_blank\" rel=\"noopener\">to enroll<\/a>: that of the exam you plan to take\u00a0(<a class=\"internal-link\" title=\"free German online test\" href=\"https:\/\/www.gls-german-courses.de\/free-german-language-online-test.html\" target=\"_blank\" rel=\"noopener\">online level test<\/a><\/li>\n<\/ul>\n<div id=\"c45032\" class=\"frame frame-default frame-type-text frame-layout-1 frame-space-after-large\">\n<p>The\u00a0<a class=\"internal-link\" href=\"https:\/\/www.gls-german-courses.de\/language-school-berlin.html\" target=\"_blank\" rel=\"noopener\">GLS German Language School<\/a>\u00a0in Berlin is a test center for\u00a0<a class=\"internal-link\" title=\"alem\u00e3o Berlin\" href=\"https:\/\/www.gls-german-courses.de\/testdaf-berlin.html\" target=\"_blank\" rel=\"noopener\">TestDaF<\/a>\u00a0&amp; the\u00a0<a class=\"internal-link\" title=\"telc German Berlin\" href=\"https:\/\/www.gls-german-courses.de\/telc-exams-telc-b1-telc-b2-telc-c1-berlin.html\" target=\"_blank\" rel=\"noopener\">telc German<\/a>\u00a0certificates for levels A1 to C2.<\/p>\n<\/div>\n<div id=\"c49727\" class=\"frame frame-default frame-type-brcontentelementsgls_image frame-layout-0 frame-space-after-large\"><a title=\"Telc C1 university Berlin\" href=\"https:\/\/www.gls-german-courses.de\/telc-exams-telc-b1-telc-b2-telc-c1-berlin.html\" target=\"_blank\" rel=\"noopener\"><img decoding=\"async\" class=\"lazyloaded\" title=\"Telc C1 university Berlin\" src=\"https:\/\/www.gls-german-courses.de\/fileadmin\/user_upload\/telc-c1-logo-berlin-500.jpg\" alt=\"Telc C1 university Berlin\" data-src=\"\/fileadmin\/user_upload\/telc-c1-logo-berlin-500.jpg\" \/><\/a><a title=\"TestDaF Berlin\" href=\"https:\/\/www.gls-german-courses.de\/testdaf-berlin.html\" target=\"_blank\" rel=\"noopener\"><img decoding=\"async\" class=\"ls-is-cached lazyloaded\" title=\"TestDaF Berlin\" src=\"https:\/\/www.gls-german-courses.de\/fileadmin\/user_upload\/testdaf-exam-berlin-logo.jpg\" alt=\"TestDaF Berlin\" data-src=\"\/fileadmin\/user_upload\/testdaf-exam-berlin-logo.jpg\" \/><\/a><\/div>\n<\/div>\n<div class=\"col-last col-xs-72 col-sm-36 col-md-36 col-lg-36 col-xl-36 col-print-36\">\n<div id=\"c45031\" class=\"frame frame-default frame-type-text frame-layout-1 frame-space-after-large\">\n<p>&nbsp;<\/p>\n<h4 class=\"\">TestDaF &amp; telc German certificate<\/h4>\n<\/div>\n<\/div>\n<\/div>\n<p>&nbsp;<\/p>\n<p>&nbsp;<\/p>","protected":false},"excerpt":{"rendered":"<p><img decoding=\"async\" class=\"alignnone size-medium wp-image-2743\" src=\"https:\/\/amorlingua.com\/wp-content\/uploads\/2021\/05\/pexels-ingo-joseph-109629-300x184.jpg\" alt=\"\" width=\"300\" height=\"184\" srcset=\"https:\/\/amorlingua.com\/wp-content\/uploads\/2021\/05\/pexels-ingo-joseph-109629-300x184.jpg 300w, https:\/\/amorlingua.com\/wp-content\/uploads\/2021\/05\/pexels-ingo-joseph-109629-1024x626.jpg 1024w, https:\/\/amorlingua.com\/wp-content\/uploads\/2021\/05\/pexels-ingo-joseph-109629-768x470.jpg 768w, https:\/\/amorlingua.com\/wp-content\/uploads\/2021\/05\/pexels-ingo-joseph-109629-1536x940.jpg 1536w, https:\/\/amorlingua.com\/wp-content\/uploads\/2021\/05\/pexels-ingo-joseph-109629-2048x1253.jpg 2048w, https:\/\/amorlingua.com\/wp-content\/uploads\/2021\/05\/pexels-ingo-joseph-109629-600x367.jpg 600w\" sizes=\"(max-width: 300px) 100vw, 300px\" \/><\/p>","protected":false},"featured_media":2664,"template":"","meta":{"om_disable_all_campaigns":false,"_monsterinsights_skip_tracking":false,"_monsterinsights_sitenote_active":false,"_monsterinsights_sitenote_note":"","_monsterinsights_sitenote_category":0,"_uf_show_specific_survey":0,"_uf_disable_surveys":false,"h5ap_radio_sources":[]},"product_brand":[],"product_cat":[24],"product_tag":[424,55,421,422,423,419,420,418],"class_list":{"0":"post-2742","1":"product","2":"type-product","3":"status-publish","4":"has-post-thumbnail","6":"product_cat-njemacki-jezik","7":"product_tag-ljetni-tecaj-njemackog-jezika","8":"product_tag-njemacki-jezik","9":"product_tag-pripremni-tecaj-daf","10":"product_tag-pripremni-tecaj-telc","11":"product_tag-skola-njemackog-jezika","12":"product_tag-test-daf","13":"product_tag-test-goethe","14":"product_tag-test-telc","16":"entry","17":"has-media","19":"first","20":"instock","21":"shipping-taxable","22":"purchasable","23":"product-type-simple","24":"has-product-nav","25":"col","26":"span_1_of_3","27":"owp-content-center","28":"owp-thumbs-layout-horizontal","29":"owp-btn-big","30":"owp-tabs-layout-section"},"_links":{"self":[{"href":"https:\/\/amorlingua.com\/en\/wp-json\/wp\/v2\/product\/2742","targetHints":{"allow":["GET"]}}],"collection":[{"href":"https:\/\/amorlingua.com\/en\/wp-json\/wp\/v2\/product"}],"about":[{"href":"https:\/\/amorlingua.com\/en\/wp-json\/wp\/v2\/types\/product"}],"wp:featuredmedia":[{"embeddable":true,"href":"https:\/\/amorlingua.com\/en\/wp-json\/wp\/v2\/media\/2664"}],"wp:attachment":[{"href":"https:\/\/amorlingua.com\/en\/wp-json\/wp\/v2\/media?parent=2742"}],"wp:term":[{"taxonomy":"product_brand","embeddable":true,"href":"https:\/\/amorlingua.com\/en\/wp-json\/wp\/v2\/product_brand?post=2742"},{"taxonomy":"product_cat","embeddable":true,"href":"https:\/\/amorlingua.com\/en\/wp-json\/wp\/v2\/product_cat?post=2742"},{"taxonomy":"product_tag","embeddable":true,"href":"https:\/\/amorlingua.com\/en\/wp-json\/wp\/v2\/product_tag?post=2742"}],"curies":[{"name":"wp","href":"https:\/\/api.w.org\/{rel}","templated":true}]}}