{"id":2660,"date":"2021-04-29T10:54:47","date_gmt":"2021-04-29T10:54:47","guid":{"rendered":"https:\/\/www.amorlingua.com\/?post_type=product&#038;p=2660"},"modified":"2025-06-02T07:56:36","modified_gmt":"2025-06-02T07:56:36","slug":"njemacki-jezik-instrukcije","status":"publish","type":"product","link":"https:\/\/amorlingua.com\/en\/\u0161kola\/njemacki-jezik-instrukcije\/","title":{"rendered":"Njema\u010dki jezik &#8211; instrukcije"},"content":{"rendered":"<p>Njema\u010dki jezik &#8211; instrukcije<\/p>\n<p>Mo\u017ee\u0161 li izgovoriti ovu rije\u010d i ne spetljati jezik prilikom izgovora: Rindfleischetikettierungs\u00fcberwachungsaufgaben\u00fcbertragungsgesetz? A zna\u0161 li da ova rije\u010d zna\u010di zakon o delegaciji du\u017enosti nadzora obilje\u017eavanja i ozna\u010davanja gove\u0111eg mesa? Ta rije\u010d se sastoji od 63 znakova i do nedavno je bila najdu\u017ea rije\u010d u rje\u010dniku dok je nisu izbacili iz rje\u010dnika.<\/p>\n<p>Nisi siguran koja je razlika izme\u0111u pasiva zbivanja i pasiva stanja? Haben i werden ti zvu\u010de isto? Koja je razlika izme\u0111u der, den, das, die, dem, des? Ili koja je razlika izme\u0111u zamjenica man i es?<\/p>\n<p>Ne brini, mi smo tu kako bismo ti pomogli savladati njema\u010dki bez muke. Na\u0161 tim profesora s dugogodi\u0161njim iskustvom su tu kako bi ti pomogli da savlada\u0161 njema\u010dki i uspje\u0161no polo\u017ei\u0161 njema\u010dki u \u0161koli.<\/p>\n<p>Amor Lingua organizira instrukcije iz njema\u010dkog za u\u010denike osnovnih i srednjih \u0161kola. Mogu\u0107nost instrukcija u\u017eivo na U\u010dili\u0161tu ili ONLINE preko laptopa ili tableta ili mobitela.<\/p>","protected":false},"excerpt":{"rendered":"<p>Njema\u010dki jezik &#8211; instrukcije Mo\u017ee\u0161 li izgovoriti ovu rije\u010d i ne spetljati jezik prilikom izgovora: Rindfleischetikettierungs\u00fcberwachungsaufgaben\u00fcbertragungsgesetz? A zna\u0161 li da ova rije\u010d zna\u010di zakon o delegaciji du\u017enosti nadzora obilje\u017eavanja i ozna\u010davanja gove\u0111eg mesa? Ta rije\u010d se sastoji od 63 znakova i do nedavno je bila najdu\u017ea rije\u010d u rje\u010dniku dok je nisu izbacili iz rje\u010dnika. [&hellip;]<\/p>\n","protected":false},"featured_media":2664,"template":"","meta":{"om_disable_all_campaigns":false,"_monsterinsights_skip_tracking":false,"_monsterinsights_sitenote_active":false,"_monsterinsights_sitenote_note":"","_monsterinsights_sitenote_category":0,"_uf_show_specific_survey":0,"_uf_disable_surveys":false,"h5ap_radio_sources":[]},"product_brand":[],"product_cat":[42],"product_tag":[],"class_list":{"0":"post-2660","1":"product","2":"type-product","3":"status-publish","4":"has-post-thumbnail","6":"product_cat-instrukcije","8":"entry","9":"has-media","11":"first","12":"instock","13":"shipping-taxable","14":"purchasable","15":"product-type-simple","16":"has-product-nav","17":"col","18":"span_1_of_3","19":"owp-content-center","20":"owp-thumbs-layout-horizontal","21":"owp-btn-big","22":"owp-tabs-layout-section"},"_links":{"self":[{"href":"https:\/\/amorlingua.com\/en\/wp-json\/wp\/v2\/product\/2660","targetHints":{"allow":["GET"]}}],"collection":[{"href":"https:\/\/amorlingua.com\/en\/wp-json\/wp\/v2\/product"}],"about":[{"href":"https:\/\/amorlingua.com\/en\/wp-json\/wp\/v2\/types\/product"}],"wp:featuredmedia":[{"embeddable":true,"href":"https:\/\/amorlingua.com\/en\/wp-json\/wp\/v2\/media\/2664"}],"wp:attachment":[{"href":"https:\/\/amorlingua.com\/en\/wp-json\/wp\/v2\/media?parent=2660"}],"wp:term":[{"taxonomy":"product_brand","embeddable":true,"href":"https:\/\/amorlingua.com\/en\/wp-json\/wp\/v2\/product_brand?post=2660"},{"taxonomy":"product_cat","embeddable":true,"href":"https:\/\/amorlingua.com\/en\/wp-json\/wp\/v2\/product_cat?post=2660"},{"taxonomy":"product_tag","embeddable":true,"href":"https:\/\/amorlingua.com\/en\/wp-json\/wp\/v2\/product_tag?post=2660"}],"curies":[{"name":"wp","href":"https:\/\/api.w.org\/{rel}","templated":true}]}}