{"id":2659,"date":"2021-04-29T11:50:51","date_gmt":"2021-04-29T11:50:51","guid":{"rendered":"https:\/\/www.amorlingua.com\/?post_type=product&#038;p=2659"},"modified":"2025-06-02T08:01:43","modified_gmt":"2025-06-02T08:01:43","slug":"biologija-instrukcije","status":"publish","type":"product","link":"https:\/\/amorlingua.com\/en\/\u0161kola\/biologija-instrukcije\/","title":{"rendered":"Biologija &#8211; instrukcije"},"content":{"rendered":"<p>Biologija &#8211; instrukcije<\/p>\n<p>Za\u0161to ameba ide pje\u0161ice u \u0161kolu? Zato \u0161to ima samo jednu stanicu.<\/p>\n<p>Sigurno si \u010duo ovaj vic, ali nisi znao \u0161to su amebe? Ili nisi znao za\u0161to bas je iskori\u0161tena jedna stanica. \u010cudesna znanost biologija ima odgovor na ova i jo\u0161 mnoga pitanja. Po\u0111i s nama na \u010dudesno putovanje u biologiju.<\/p>\n<p>Nisi siguran koja je razlika izme\u0111u mitohondrija i ribosoma? Ne zna\u0161 je li se jetra kod \u010dovjeka nalazi s desne ili lijeve strane? Osmoza i difuzija ti zvu\u010de isto? Pita\u0161 se \u0161to su kromosomi i koja je njihova uloga u tome? Ili ne zna\u0161 razliku izme\u0111u kritosjemenja\u010da i golosjemenja\u010da?<\/p>\n<p>Ne brini, mi smo tu kako bismo ti pomogli savladati biologiju bez muke. Na\u0161 tim profesora s dugogodi\u0161njim iskustvom su tu kako bi ti pomogli da savlada\u0161 biologiju i uspje\u0161no polo\u017ei\u0161 biologiju u \u0161koli.<\/p>\n<p>Amor Lingua organizira instrukcije iz biologije za u\u010denike osnovnih i srednjih \u0161kola. Mogu\u0107nost instrukcija u\u017eivo na U\u010dili\u0161tu ili ONLINE preko laptopa ili tableta ili mobitela.<\/p>","protected":false},"excerpt":{"rendered":"<p>Biologija &#8211; instrukcije Za\u0161to ameba ide pje\u0161ice u \u0161kolu? Zato \u0161to ima samo jednu stanicu. Sigurno si \u010duo ovaj vic, ali nisi znao \u0161to su amebe? Ili nisi znao za\u0161to bas je iskori\u0161tena jedna stanica. \u010cudesna znanost biologija ima odgovor na ova i jo\u0161 mnoga pitanja. Po\u0111i s nama na \u010dudesno putovanje u biologiju. Nisi [&hellip;]<\/p>\n","protected":false},"featured_media":2671,"template":"","meta":{"om_disable_all_campaigns":false,"_monsterinsights_skip_tracking":false,"_monsterinsights_sitenote_active":false,"_monsterinsights_sitenote_note":"","_monsterinsights_sitenote_category":0,"_uf_show_specific_survey":0,"_uf_disable_surveys":false,"h5ap_radio_sources":[]},"product_brand":[],"product_cat":[42],"product_tag":[],"class_list":{"0":"post-2659","1":"product","2":"type-product","3":"status-publish","4":"has-post-thumbnail","6":"product_cat-instrukcije","8":"entry","9":"has-media","11":"first","12":"instock","13":"shipping-taxable","14":"purchasable","15":"product-type-simple","16":"has-product-nav","17":"col","18":"span_1_of_3","19":"owp-content-center","20":"owp-thumbs-layout-horizontal","21":"owp-btn-big","22":"owp-tabs-layout-section"},"_links":{"self":[{"href":"https:\/\/amorlingua.com\/en\/wp-json\/wp\/v2\/product\/2659","targetHints":{"allow":["GET"]}}],"collection":[{"href":"https:\/\/amorlingua.com\/en\/wp-json\/wp\/v2\/product"}],"about":[{"href":"https:\/\/amorlingua.com\/en\/wp-json\/wp\/v2\/types\/product"}],"wp:featuredmedia":[{"embeddable":true,"href":"https:\/\/amorlingua.com\/en\/wp-json\/wp\/v2\/media\/2671"}],"wp:attachment":[{"href":"https:\/\/amorlingua.com\/en\/wp-json\/wp\/v2\/media?parent=2659"}],"wp:term":[{"taxonomy":"product_brand","embeddable":true,"href":"https:\/\/amorlingua.com\/en\/wp-json\/wp\/v2\/product_brand?post=2659"},{"taxonomy":"product_cat","embeddable":true,"href":"https:\/\/amorlingua.com\/en\/wp-json\/wp\/v2\/product_cat?post=2659"},{"taxonomy":"product_tag","embeddable":true,"href":"https:\/\/amorlingua.com\/en\/wp-json\/wp\/v2\/product_tag?post=2659"}],"curies":[{"name":"wp","href":"https:\/\/api.w.org\/{rel}","templated":true}]}}