{"id":2652,"date":"2021-04-29T11:33:20","date_gmt":"2021-04-29T11:33:20","guid":{"rendered":"https:\/\/www.amorlingua.com\/?post_type=product&#038;p=2652"},"modified":"2025-06-02T07:59:50","modified_gmt":"2025-06-02T07:59:50","slug":"geografija-instrukcije","status":"publish","type":"product","link":"https:\/\/amorlingua.com\/en\/\u0161kola\/geografija-instrukcije\/","title":{"rendered":"Geografija &#8211; instrukcije"},"content":{"rendered":"<p>Geografija &#8211; instrukcije<\/p>\n<p>Svi ka\u017eu da kada umo\u010di\u0161 prst u more da si povezan s cijelim svijetom. Globuse i karte svijeta vi\u0111a\u0161 po trgovinama, domovima tvojih prijatelja ili obitelji. Mo\u017eda i sam posjeduje\u0161 globus ili kartu.<\/p>\n<p>Je li ti se dogodilo da si negdje pro\u010ditao ime nekog grada i nisi znao gdje se nalazi? Zna\u0161 li koliko kontinenata planet Zemlja ima i kako se oni zovu? Ne zna\u0161 koja je razlika izme\u0111u paralela i meridijana? Kako se pronalazi mjesto uz pomo\u0107 geografskih \u0161irina i du\u017eina?<\/p>\n<p>Ne brini, mi smo tu kako bismo ti pomogli savladati geografiju bez muke. Na\u0161 tim profesora s dugogodi\u0161njim iskustvom su tu kako bi ti pomogli da savlada\u0161 geografiju i uspje\u0161no polo\u017ei\u0161 geografiju u \u0161koli.<\/p>\n<p>Amor Lingua organizira instrukcije iz geografije za u\u010denike osnovnih i srednjih \u0161kola. Mogu\u0107nost instrukcija u\u017eivo na U\u010dili\u0161tu ili ONLINE preko laptopa ili tableta ili mobitela.<\/p>","protected":false},"excerpt":{"rendered":"<p>Geografija &#8211; instrukcije Svi ka\u017eu da kada umo\u010di\u0161 prst u more da si povezan s cijelim svijetom. Globuse i karte svijeta vi\u0111a\u0161 po trgovinama, domovima tvojih prijatelja ili obitelji. Mo\u017eda i sam posjeduje\u0161 globus ili kartu. Je li ti se dogodilo da si negdje pro\u010ditao ime nekog grada i nisi znao gdje se nalazi? Zna\u0161 [&hellip;]<\/p>\n","protected":false},"featured_media":2781,"template":"","meta":{"om_disable_all_campaigns":false,"_monsterinsights_skip_tracking":false,"_monsterinsights_sitenote_active":false,"_monsterinsights_sitenote_note":"","_monsterinsights_sitenote_category":0,"_uf_show_specific_survey":0,"_uf_disable_surveys":false,"h5ap_radio_sources":[]},"product_brand":[],"product_cat":[42],"product_tag":[],"class_list":{"0":"post-2652","1":"product","2":"type-product","3":"status-publish","4":"has-post-thumbnail","6":"product_cat-instrukcije","8":"entry","9":"has-media","11":"first","12":"instock","13":"shipping-taxable","14":"purchasable","15":"product-type-simple","16":"has-product-nav","17":"col","18":"span_1_of_3","19":"owp-content-center","20":"owp-thumbs-layout-horizontal","21":"owp-btn-big","22":"owp-tabs-layout-section"},"_links":{"self":[{"href":"https:\/\/amorlingua.com\/en\/wp-json\/wp\/v2\/product\/2652","targetHints":{"allow":["GET"]}}],"collection":[{"href":"https:\/\/amorlingua.com\/en\/wp-json\/wp\/v2\/product"}],"about":[{"href":"https:\/\/amorlingua.com\/en\/wp-json\/wp\/v2\/types\/product"}],"wp:featuredmedia":[{"embeddable":true,"href":"https:\/\/amorlingua.com\/en\/wp-json\/wp\/v2\/media\/2781"}],"wp:attachment":[{"href":"https:\/\/amorlingua.com\/en\/wp-json\/wp\/v2\/media?parent=2652"}],"wp:term":[{"taxonomy":"product_brand","embeddable":true,"href":"https:\/\/amorlingua.com\/en\/wp-json\/wp\/v2\/product_brand?post=2652"},{"taxonomy":"product_cat","embeddable":true,"href":"https:\/\/amorlingua.com\/en\/wp-json\/wp\/v2\/product_cat?post=2652"},{"taxonomy":"product_tag","embeddable":true,"href":"https:\/\/amorlingua.com\/en\/wp-json\/wp\/v2\/product_tag?post=2652"}],"curies":[{"name":"wp","href":"https:\/\/api.w.org\/{rel}","templated":true}]}}