{"id":2650,"date":"2021-04-29T11:26:56","date_gmt":"2021-04-29T11:26:56","guid":{"rendered":"https:\/\/www.amorlingua.com\/?post_type=product&#038;p=2650"},"modified":"2025-06-02T07:58:00","modified_gmt":"2025-06-02T07:58:00","slug":"povijest-instrukcije","status":"publish","type":"product","link":"https:\/\/amorlingua.com\/en\/\u0161kola\/povijest-instrukcije\/","title":{"rendered":"Povijest &#8211; instrukcije"},"content":{"rendered":"<p>Povijest &#8211; instrukcije<\/p>\n<p>Svi ka\u017eu da se povijest ponavlja i da je povijest najbolji u\u010ditelj. \u0160etnjom gradom uvijek nalazimo na spomenike koji odaju po\u010dast nekoj li\u010dnosti ili nekom doga\u0111aju. Ponekad povijest ima toliko doga\u0111aja kratkom vremenu ili toliko uzroka i posljedica da se je lagano izgubiti u mno\u0161tvu informacija.<\/p>\n<p>Nisi siguran tko je bio Faust Vran\u010di\u0107? Ne zna\u0161 za\u0161to je zapo\u010deo Ameri\u010dki gra\u0111anski rat? Za\u0161to je carica Marija Terezija bila va\u017ena za Hrvatsku? Zanima te za\u0161to se glavni zagreba\u010dki trg zove Trg bana Josipa Jela\u010di\u0107a i za\u0161to je on bitan?<\/p>\n<p>Ne brini, mi smo tu kako bismo ti pomogli savladati povijest bez muke. Na\u0161 tim profesora s dugogodi\u0161njim iskustvom su tu kako bi ti pomogli da savlada\u0161 povijest i uspje\u0161no polo\u017ei\u0161 povijest u \u0161koli.<\/p>\n<p>Amor Lingua organizira instrukcije iz povijesti za u\u010denike osnovnih i srednjih \u0161kola. Mogu\u0107nost instrukcija u\u017eivo na U\u010dili\u0161tu ili ONLINE preko laptopa ili tableta ili mobitela.<\/p>","protected":false},"excerpt":{"rendered":"<p>Povijest &#8211; instrukcije Svi ka\u017eu da se povijest ponavlja i da je povijest najbolji u\u010ditelj. \u0160etnjom gradom uvijek nalazimo na spomenike koji odaju po\u010dast nekoj li\u010dnosti ili nekom doga\u0111aju. Ponekad povijest ima toliko doga\u0111aja kratkom vremenu ili toliko uzroka i posljedica da se je lagano izgubiti u mno\u0161tvu informacija. Nisi siguran tko je bio Faust [&hellip;]<\/p>\n","protected":false},"featured_media":2668,"template":"","meta":{"om_disable_all_campaigns":false,"_monsterinsights_skip_tracking":false,"_monsterinsights_sitenote_active":false,"_monsterinsights_sitenote_note":"","_monsterinsights_sitenote_category":0,"_uf_show_specific_survey":0,"_uf_disable_surveys":false,"h5ap_radio_sources":[]},"product_brand":[],"product_cat":[42],"product_tag":[],"class_list":{"0":"post-2650","1":"product","2":"type-product","3":"status-publish","4":"has-post-thumbnail","6":"product_cat-instrukcije","8":"entry","9":"has-media","11":"first","12":"instock","13":"shipping-taxable","14":"purchasable","15":"product-type-simple","16":"has-product-nav","17":"col","18":"span_1_of_3","19":"owp-content-center","20":"owp-thumbs-layout-horizontal","21":"owp-btn-big","22":"owp-tabs-layout-section"},"_links":{"self":[{"href":"https:\/\/amorlingua.com\/en\/wp-json\/wp\/v2\/product\/2650","targetHints":{"allow":["GET"]}}],"collection":[{"href":"https:\/\/amorlingua.com\/en\/wp-json\/wp\/v2\/product"}],"about":[{"href":"https:\/\/amorlingua.com\/en\/wp-json\/wp\/v2\/types\/product"}],"wp:featuredmedia":[{"embeddable":true,"href":"https:\/\/amorlingua.com\/en\/wp-json\/wp\/v2\/media\/2668"}],"wp:attachment":[{"href":"https:\/\/amorlingua.com\/en\/wp-json\/wp\/v2\/media?parent=2650"}],"wp:term":[{"taxonomy":"product_brand","embeddable":true,"href":"https:\/\/amorlingua.com\/en\/wp-json\/wp\/v2\/product_brand?post=2650"},{"taxonomy":"product_cat","embeddable":true,"href":"https:\/\/amorlingua.com\/en\/wp-json\/wp\/v2\/product_cat?post=2650"},{"taxonomy":"product_tag","embeddable":true,"href":"https:\/\/amorlingua.com\/en\/wp-json\/wp\/v2\/product_tag?post=2650"}],"curies":[{"name":"wp","href":"https:\/\/api.w.org\/{rel}","templated":true}]}}