{"id":2649,"date":"2021-04-29T11:42:44","date_gmt":"2021-04-29T11:42:44","guid":{"rendered":"https:\/\/www.amorlingua.com\/?post_type=product&#038;p=2649"},"modified":"2025-06-02T07:53:47","modified_gmt":"2025-06-02T07:53:47","slug":"engleski-jezik-instrukcije","status":"publish","type":"product","link":"https:\/\/amorlingua.com\/en\/\u0161kola\/engleski-jezik-instrukcije\/","title":{"rendered":"Engleski jezik &#8211; instrukcije"},"content":{"rendered":"<p>Engleski jezik &#8211; instrukcije<\/p>\n<p>Ice cream! To je vjerojatno jedna od najdra\u017eih rije\u010di koju itko mo\u017ee vidjeti tijekom vru\u0107ih ljetnih dana, a i to je jedna od prvih rije\u010di engleskog jezika koju djeca nau\u010de.<br \/>\nObratimo li pozornost, engleski jezik je svugdje oko nas. Najve\u0107a filmska industrija se nalazi na engleskom govornom podru\u010dju i najpoznatiji filmovi su uvijek na engleskom jeziku. Neke na\u0161e najdra\u017ee serije su isto na engleskom jeziku. A tek glazba! Svatko je bar jednom pjevu\u0161io neku pjesmu na engleskom jeziku. No, engleski jezik tu ne prestaje, ve\u0107ina sadr\u017eaja na internetu je na engleskom jeziku i bez znanja engleskog jezika ne mo\u017eemo iskusiti puni potencijal interneta.<\/p>\n<p>Nisi siguran kada ide present simple ili present perfect? Past simple, present perfect, past continuous ti zvu\u010di isto ili ne zna\u0161 kada koje upotrijebiti? Nisi siguran koja je razlika your i yours? \u0160to se dogodilo s rije\u010di Shall? Kada se koristi will i going to? Pasivne i aktivne re\u010denice ti zadaju glavobolju?<\/p>\n<p>Ne brini, mi smo tu kako bismo ti pomogli savladati engleski jezik bez muke. Na\u0161 tim profesora s dugogodi\u0161njim iskustvom su tu kako bi ti pomogli da savlada\u0161 engleski jezik i uspje\u0161no polo\u017ei\u0161 engleski jezik u \u0161koli.<\/p>\n<p>Amor Lingua organizira instrukcije iz engleskog jezika za u\u010denike osnovnih i srednjih \u0161kola. Mogu\u0107nost instrukcija u\u017eivo na U\u010dili\u0161tu ili ONLINE preko laptopa ili tableta ili mobitela.<\/p>","protected":false},"excerpt":{"rendered":"<p>Engleski jezik &#8211; instrukcije Ice cream! To je vjerojatno jedna od najdra\u017eih rije\u010di koju itko mo\u017ee vidjeti tijekom vru\u0107ih ljetnih dana, a i to je jedna od prvih rije\u010di engleskog jezika koju djeca nau\u010de. Obratimo li pozornost, engleski jezik je svugdje oko nas. Najve\u0107a filmska industrija se nalazi na engleskom govornom podru\u010dju i najpoznatiji filmovi [&hellip;]<\/p>\n","protected":false},"featured_media":2778,"template":"","meta":{"om_disable_all_campaigns":false,"_monsterinsights_skip_tracking":false,"_monsterinsights_sitenote_active":false,"_monsterinsights_sitenote_note":"","_monsterinsights_sitenote_category":0,"_uf_show_specific_survey":0,"_uf_disable_surveys":false,"h5ap_radio_sources":[]},"product_brand":[],"product_cat":[42],"product_tag":[],"class_list":{"0":"post-2649","1":"product","2":"type-product","3":"status-publish","4":"has-post-thumbnail","6":"product_cat-instrukcije","8":"entry","9":"has-media","11":"first","12":"instock","13":"shipping-taxable","14":"purchasable","15":"product-type-simple","16":"has-product-nav","17":"col","18":"span_1_of_3","19":"owp-content-center","20":"owp-thumbs-layout-horizontal","21":"owp-btn-big","22":"owp-tabs-layout-section"},"_links":{"self":[{"href":"https:\/\/amorlingua.com\/en\/wp-json\/wp\/v2\/product\/2649","targetHints":{"allow":["GET"]}}],"collection":[{"href":"https:\/\/amorlingua.com\/en\/wp-json\/wp\/v2\/product"}],"about":[{"href":"https:\/\/amorlingua.com\/en\/wp-json\/wp\/v2\/types\/product"}],"wp:featuredmedia":[{"embeddable":true,"href":"https:\/\/amorlingua.com\/en\/wp-json\/wp\/v2\/media\/2778"}],"wp:attachment":[{"href":"https:\/\/amorlingua.com\/en\/wp-json\/wp\/v2\/media?parent=2649"}],"wp:term":[{"taxonomy":"product_brand","embeddable":true,"href":"https:\/\/amorlingua.com\/en\/wp-json\/wp\/v2\/product_brand?post=2649"},{"taxonomy":"product_cat","embeddable":true,"href":"https:\/\/amorlingua.com\/en\/wp-json\/wp\/v2\/product_cat?post=2649"},{"taxonomy":"product_tag","embeddable":true,"href":"https:\/\/amorlingua.com\/en\/wp-json\/wp\/v2\/product_tag?post=2649"}],"curies":[{"name":"wp","href":"https:\/\/api.w.org\/{rel}","templated":true}]}}