{"id":2647,"date":"2021-04-29T11:12:35","date_gmt":"2021-04-29T11:12:35","guid":{"rendered":"https:\/\/www.amorlingua.com\/?post_type=product&#038;p=2647"},"modified":"2025-06-02T07:52:43","modified_gmt":"2025-06-02T07:52:43","slug":"matematika-instrukcije","status":"publish","type":"product","link":"https:\/\/amorlingua.com\/en\/\u0161kola\/matematika-instrukcije\/","title":{"rendered":"Matematika &#8211; instrukcije"},"content":{"rendered":"<p>Matematika &#8211; instrukcije<\/p>\n<p>Sje\u0107a\u0161 li se kad si zadnji put igrao igru skriva\u010da? Jedan broji,a ostali se skrivaju. Ili kada si brojao koliko bombona si dobio ili koliko kovanica je potrebno kako bi kupio \u010dokoladu? Ili sje\u0107a\u0161 li se kako si dijelio bombone s prijateljima? Od malena smo okru\u017eeni matematikom i bez matematike svijet ne bi funkcionirao.<\/p>\n<p>Iako je matematika svugdje oko nas i stalno smo okru\u017eeni njome, ona je jedan od onih predmeta koji zadaju glavobolje ve\u0107ini u\u010denika.<\/p>\n<p>Nisi siguran kako rije\u0161iti linearne jednad\u017ebe s nepoznanicama? Postoci su ti nepoznanica, a za injekciju ti je prva pomisao doktor? Kada netko ka\u017ee Hamiltonov put, tebi je prva asocijacija da je to ne\u010dija adresa? Algoritmi, logaritmi, potencije, razlomci, decimalni brojevi i asocijativnost ti zadaju glavobolje? Ne brini, mi smo tu kako bismo ti pomogli savladati matematiku bez muke. Na\u0161 tim profesora s dugogodi\u0161njim iskustvom su tu kako bi ti pomogli da savlada\u0161 matematiku i uspje\u0161no polo\u017ei\u0161 matematiku u \u0161koli.<\/p>\n<p>Amor Lingua organizira instrukcije iz matematike za u\u010denike osnovnih i srednjih \u0161kola. Mogu\u0107nost instrukcija u\u017eivo na U\u010dili\u0161tu ili ONLINE preko laptopa ili tableta ili mobitela.<\/p>","protected":false},"excerpt":{"rendered":"<p>Matematika &#8211; instrukcije Sje\u0107a\u0161 li se kad si zadnji put igrao igru skriva\u010da? Jedan broji,a ostali se skrivaju. Ili kada si brojao koliko bombona si dobio ili koliko kovanica je potrebno kako bi kupio \u010dokoladu? Ili sje\u0107a\u0161 li se kako si dijelio bombone s prijateljima? Od malena smo okru\u017eeni matematikom i bez matematike svijet ne [&hellip;]<\/p>\n","protected":false},"featured_media":2666,"template":"","meta":{"om_disable_all_campaigns":false,"_monsterinsights_skip_tracking":false,"_monsterinsights_sitenote_active":false,"_monsterinsights_sitenote_note":"","_monsterinsights_sitenote_category":0,"_uf_show_specific_survey":0,"_uf_disable_surveys":false,"h5ap_radio_sources":[]},"product_brand":[],"product_cat":[42],"product_tag":[],"class_list":{"0":"post-2647","1":"product","2":"type-product","3":"status-publish","4":"has-post-thumbnail","6":"product_cat-instrukcije","8":"entry","9":"has-media","11":"first","12":"instock","13":"shipping-taxable","14":"purchasable","15":"product-type-simple","16":"has-product-nav","17":"col","18":"span_1_of_3","19":"owp-content-center","20":"owp-thumbs-layout-horizontal","21":"owp-btn-big","22":"owp-tabs-layout-section"},"_links":{"self":[{"href":"https:\/\/amorlingua.com\/en\/wp-json\/wp\/v2\/product\/2647","targetHints":{"allow":["GET"]}}],"collection":[{"href":"https:\/\/amorlingua.com\/en\/wp-json\/wp\/v2\/product"}],"about":[{"href":"https:\/\/amorlingua.com\/en\/wp-json\/wp\/v2\/types\/product"}],"wp:featuredmedia":[{"embeddable":true,"href":"https:\/\/amorlingua.com\/en\/wp-json\/wp\/v2\/media\/2666"}],"wp:attachment":[{"href":"https:\/\/amorlingua.com\/en\/wp-json\/wp\/v2\/media?parent=2647"}],"wp:term":[{"taxonomy":"product_brand","embeddable":true,"href":"https:\/\/amorlingua.com\/en\/wp-json\/wp\/v2\/product_brand?post=2647"},{"taxonomy":"product_cat","embeddable":true,"href":"https:\/\/amorlingua.com\/en\/wp-json\/wp\/v2\/product_cat?post=2647"},{"taxonomy":"product_tag","embeddable":true,"href":"https:\/\/amorlingua.com\/en\/wp-json\/wp\/v2\/product_tag?post=2647"}],"curies":[{"name":"wp","href":"https:\/\/api.w.org\/{rel}","templated":true}]}}