{"id":2645,"date":"2021-04-29T11:20:04","date_gmt":"2021-04-29T11:20:04","guid":{"rendered":"https:\/\/www.amorlingua.com\/?post_type=product&#038;p=2645"},"modified":"2025-06-02T07:59:11","modified_gmt":"2025-06-02T07:59:11","slug":"hrvatski-jezik-instrukcije","status":"publish","type":"product","link":"https:\/\/amorlingua.com\/en\/\u0161kola\/hrvatski-jezik-instrukcije\/","title":{"rendered":"Hrvatski jezik &#8211; instrukcije"},"content":{"rendered":"<p>Hrvatski jezik &#8211; instrukcije<\/p>\n<p>Hrvatski jezik je jezik kojim smo okru\u017eeni cijelo vrijeme. Slu\u0161amo ga u \u0161koli, radiju, izvannastavnim aktivnostima,\u00a0 na obiteljskim okupljanjima i dru\u017eenju s prijateljima. Koristimo ga u skoro svim \u017eivotnim situacijama. Mo\u017ee\u0161 li zamisliti odlazak kod prijatelja, bake, djeda, kina, a da ne koristi\u0161 hrvatski jezik?<\/p>\n<p>Nisi siguran kada ide veliko po\u010detno slovo? Ne zna\u0161 odrediti vrstu re\u010denica, a kada ide \u010d ili \u0107 ti zadaje glavobolju? Ne brini, na\u0161i profesori s dugogodi\u0161njim iskustvom su tu kako bi ti pomogli da savlada\u0161 hrvatski jezik i uspje\u0161no polo\u017ei\u0161 hrvatski jezik u \u0161koli.<\/p>\n<p>Amor Lingua organizira instrukcije iz hrvatskog jezika za u\u010denike osnovnih i srednjih \u0161kola. Mogu\u0107nost instrukcija u\u017eivo na U\u010dili\u0161tu ili ONLINE preko laptopa ili tableta ili mobitela.<\/p>","protected":false},"excerpt":{"rendered":"<p>Hrvatski jezik &#8211; instrukcije Hrvatski jezik je jezik kojim smo okru\u017eeni cijelo vrijeme. Slu\u0161amo ga u \u0161koli, radiju, izvannastavnim aktivnostima,\u00a0 na obiteljskim okupljanjima i dru\u017eenju s prijateljima. Koristimo ga u skoro svim \u017eivotnim situacijama. Mo\u017ee\u0161 li zamisliti odlazak kod prijatelja, bake, djeda, kina, a da ne koristi\u0161 hrvatski jezik? Nisi siguran kada ide veliko po\u010detno [&hellip;]<\/p>\n","protected":false},"featured_media":2667,"template":"","meta":{"om_disable_all_campaigns":false,"_monsterinsights_skip_tracking":false,"_monsterinsights_sitenote_active":false,"_monsterinsights_sitenote_note":"","_monsterinsights_sitenote_category":0,"_uf_show_specific_survey":0,"_uf_disable_surveys":false,"h5ap_radio_sources":[]},"product_brand":[],"product_cat":[42],"product_tag":[],"class_list":{"0":"post-2645","1":"product","2":"type-product","3":"status-publish","4":"has-post-thumbnail","6":"product_cat-instrukcije","8":"entry","9":"has-media","11":"first","12":"instock","13":"shipping-taxable","14":"purchasable","15":"product-type-simple","16":"has-product-nav","17":"col","18":"span_1_of_3","19":"owp-content-center","20":"owp-thumbs-layout-horizontal","21":"owp-btn-big","22":"owp-tabs-layout-section"},"_links":{"self":[{"href":"https:\/\/amorlingua.com\/en\/wp-json\/wp\/v2\/product\/2645","targetHints":{"allow":["GET"]}}],"collection":[{"href":"https:\/\/amorlingua.com\/en\/wp-json\/wp\/v2\/product"}],"about":[{"href":"https:\/\/amorlingua.com\/en\/wp-json\/wp\/v2\/types\/product"}],"wp:featuredmedia":[{"embeddable":true,"href":"https:\/\/amorlingua.com\/en\/wp-json\/wp\/v2\/media\/2667"}],"wp:attachment":[{"href":"https:\/\/amorlingua.com\/en\/wp-json\/wp\/v2\/media?parent=2645"}],"wp:term":[{"taxonomy":"product_brand","embeddable":true,"href":"https:\/\/amorlingua.com\/en\/wp-json\/wp\/v2\/product_brand?post=2645"},{"taxonomy":"product_cat","embeddable":true,"href":"https:\/\/amorlingua.com\/en\/wp-json\/wp\/v2\/product_cat?post=2645"},{"taxonomy":"product_tag","embeddable":true,"href":"https:\/\/amorlingua.com\/en\/wp-json\/wp\/v2\/product_tag?post=2645"}],"curies":[{"name":"wp","href":"https:\/\/api.w.org\/{rel}","templated":true}]}}