{"id":2486,"date":"2021-04-07T12:44:57","date_gmt":"2021-04-07T12:44:57","guid":{"rendered":"https:\/\/www.amorlingua.com\/?post_type=product&#038;p=2486"},"modified":"2025-08-19T12:25:07","modified_gmt":"2025-08-19T12:25:07","slug":"ielts-medunarodno-priznati-ispit-engleskog-jezika","status":"publish","type":"product","link":"https:\/\/amorlingua.com\/en\/\u0161kola\/ielts-medunarodno-priznati-ispit-engleskog-jezika\/","title":{"rendered":"IELTS"},"content":{"rendered":"<h2><strong>IELTS me\u0111unarodno priznati ispit engleskog jezika!<\/strong><\/h2>\n<p>Enroll in the IELTS preparation course and pass the internationally recognized exam that will open the door to the world.<\/p>\n<p>Choose one of two variants:<\/p>\n<p><strong>Academic test<\/strong> is mandatory for students who want to enroll in some of the world's universities. (Great Britain, Ireland, Denmark, Australia, Canada... etc.)<\/p>\n<p><strong>General test<\/strong> is mandatory proof of knowledge of the English language for those who want to move abroad, in order to obtain a visa and work abroad.<\/p>\n<p>The Amor Lingua Colege as well as the Educational Travel Worldwide agency are official partners of the British Council, which is also a test center.<\/p>\n<p>With modern teaching methods, our professional professors will teach you the methods of taking the exam and the skills that will ensure you excellent results on the exam.<\/p>\n<p>The program consists of four elements: <strong>pisanje, \u010ditanje, slu\u0161anje i govor (vokabular)<\/strong><\/p>\n<p>Test se bazira na usmenom i pismenom dijelu (obuhva\u0107a test i esej)<\/p>\n<p>There are numerous methods of IELTS preparation course education at your disposal, of which we single out one to one (1:1)<\/p>\n<p>If you find it difficult to assess which course is ideal for your needs, our language advisors will help you choose after analyzing and assessing your knowledge and goals.<\/p>\n<p><strong>College Amor Lingua together with <a href=\"https:\/\/etw.hr\/\" target=\"_blank\" rel=\"noopener\">Educational Travel Worldwide<\/a> agency organize trips to Great Britain, the United States of America, Canada and Australia so that, in addition to learning English, participants can fully immerse themselves in Anglo-Saxon culture and customs and enroll in high school or study abroad. <\/strong>In this way, students can communicate with a large number of native speakers, visit the locations they learned about in class and embark on an Anglo-Saxon adventure.<\/p>\n<p><strong>Over 25 years of experience and cooperation with British and American top schools PLUS, <a href=\"https:\/\/www.mli-group.com\/\" target=\"_blank\" rel=\"noopener\">MLI<\/a>, <a href=\"https:\/\/www.ces-schools.com\/\" target=\"_blank\" rel=\"noopener\">CES<\/a>, <a href=\"https:\/\/www.selectenglish.co.uk\/\" target=\"_blank\" rel=\"noopener\">Select English<\/a>, <a href=\"https:\/\/www.oxfordspiresacademy.org\/\" target=\"_blank\" rel=\"noopener\">Oxford Spires<\/a>, <a href=\"https:\/\/www.cambridgemelchiorcollege.org\/\" target=\"_blank\" rel=\"noopener\">Melchior College<\/a>, <a href=\"https:\/\/www.stclares.ac.uk\/\" target=\"_blank\" rel=\"noopener\">St. Clare&#8217;s<\/a>, <a href=\"https:\/\/www.francesking.com\/\" target=\"_blank\" rel=\"noopener\">Frances King<\/a>, <a href=\"https:\/\/www.ef.com\/wwen\/\" target=\"_blank\" rel=\"noopener\">Educational First<\/a>and Embassy, allows all our attendees to enroll in summer camps, online, general and accelerated courses and academic preparation in the best language centers in the UK, Ireland, Canada, USA, Australia\u2026<\/strong><br \/>\nThe combination of learning a foreign language in our College and spending a few weeks in one of the countries among the native speakers, guarantees excellent knowledge and perfect pronunciation!<\/p>\n<p><strong>The program includes:<\/strong><\/p>\n<ul>\n<li>Language testing so that we can place you in the appropriate group<\/li>\n<li>Consultation with a language advisor - analysis of knowledge, goals and preparation for taking the IELTS exam<\/li>\n<li>Opportunity to participate in extracurricular activities: Language coffee meetup, literary and film workshops\u2026<\/li>\n<\/ul>\n<p><strong>Graduate professors of English language and literature have prepared a curriculum that accompanies CEFR, ie ZEROJ<\/strong> (Common European Framework of Reference for Languages). According to this framework, we offer courses at all levels of language proficiency:<\/p>\n<p>A1 - Beginner<br \/>\nA2 - Elementary<br \/>\nB1 - Intermediate<br \/>\nB2 - Upper Intermediate<br \/>\nC1 - Advanced<br \/>\nC2 - Proficiency<\/p>\n<p>These levels are divided into even more levels:<\/p>\n<ul>\n<li>A1 level \u2013 A1.1 + A1.2<\/li>\n<li>A2 level \u2013 A.2.1 + A2.2<\/li>\n<li>B1 level \u2013 B1.1 + B1.2<\/li>\n<li>B1\/B2 level \u2013 B1.3 + B1.4<\/li>\n<li>B2 level \u2013 B2.1+B2.2<\/li>\n<li>C1 level \u2013 C1.1+C1.2<\/li>\n<li>C1\/C2 level \u2013 C1.3 + C1.4<\/li>\n<li>C2 level \u2013 C2.1 + C2.2<\/li>\n<\/ul>\n<p>Interesting textbooks and manuals, videos, newspaper articles, poems, movies, current and everyday events, Anglo-Saxon culture and customs\u2026 Language is more than grammar and vocabulary!<\/p>\n<p>Small groups, modern methods of work through a creative approach and interactive teaching of English language through various activities ensure quality, fast and fun way of learning a new language. You start speaking a foreign language from the first class, and you can feel your progress during and after the course.<\/p>\n<p>&lt;<strong>Individual academic (live or online)<\/strong><\/p>\n<p>The price for individual lessons is: <strong>18 \u20ac\/h<\/strong><\/p>\n<p><strong>IELTS I TOEFL preparation course:<\/strong> Get ready to take the exam with which you will receive the most famous language certificate recognized by over 9000 organizations in 140 countries! Whether you are planning to study abroad or your job requires taking one of these certificates, in our college you will get everything you need to pass successfully.<strong>Saturday for tea<\/strong><br \/>\nNakon radnog tjedna opustite se na \u010daju ili kavi s na\u0161im predava\u010dima i razgovarajte na jeziku koji u\u010dite. Drugi jezici su zabranjeni. Ako slu\u010dajno propustite koji termin ili vam je ne\u0161to ostalo nejasno, svi na\u0161i profesori dostupni su putem e-maila, za bilo kakva pitanja vezana uz satove te za eventualne nejasno\u0107e vezane uz gradivo koje se u\u010dilo na satu.<\/p>\n<p>&nbsp;<\/p>\n<p><strong>Vrsta te\u010daja: <\/strong><strong>Academic - preparatory for IELTS and TOEFL<\/strong><\/p>\n<p>For a better future, successful enrollment in college, high school\u2026<\/p>\n<table width=\"680\">\n<tbody>\n<tr>\n<td width=\"103\">10 sati<\/td>\n<td width=\"118\">180 \u20ac<\/td>\n<\/tr>\n<tr>\n<td width=\"103\">15 sati<\/td>\n<td width=\"118\">265 \u20ac<\/td>\n<\/tr>\n<tr>\n<td width=\"103\">20 sati<\/td>\n<td width=\"118\">340 \u20ac<\/td>\n<\/tr>\n<tr>\n<td width=\"103\">30 sati<\/td>\n<td width=\"118\">480 \u20ac<\/td>\n<\/tr>\n<tr>\n<td width=\"103\">40 sati<\/td>\n<td width=\"118\">620 \u20ac<\/td>\n<\/tr>\n<\/tbody>\n<\/table>\n<p>&nbsp;<\/p>\n<p>&nbsp;<\/p>\n<p>&nbsp;<\/p>","protected":false},"excerpt":{"rendered":"<p>IELTS me\u0111unarodno priznati ispit engleskog jezika! Upi\u0161i pripremni te\u010daj IELTS i polo\u017ei me\u0111unarodno priznati ispit koji \u0107e ti otvoriti vrata u svijet. Odaberi jednu od dvije varijante: Academic test je obvezan za polaznike koji \u017eele upisati neke od svjetskih sveu\u010dili\u0161ta.(Velika Britanija, Irska, Danska, Australija, Kanada.. itd.) General test je obvezan dokaz znanja engleskog jezika za [&hellip;]<\/p>\n","protected":false},"featured_media":1594,"template":"","meta":{"om_disable_all_campaigns":false,"_monsterinsights_skip_tracking":false,"_monsterinsights_sitenote_active":false,"_monsterinsights_sitenote_note":"","_monsterinsights_sitenote_category":0,"_uf_show_specific_survey":0,"_uf_disable_surveys":false,"h5ap_radio_sources":[]},"product_brand":[],"product_cat":[23,21],"product_tag":[49,48,199,346,51,50,53,54,172,52],"class_list":{"0":"post-2486","1":"product","2":"type-product","3":"status-publish","4":"has-post-thumbnail","6":"product_cat-engleski-jezik","7":"product_cat-skola-stranih-jezika","8":"product_tag-engleski","9":"product_tag-engleski-jezik","10":"product_tag-ielts","11":"product_tag-pripremni-tecaj-ielts","12":"product_tag-skola-jezika","13":"product_tag-skola-stranih-jezika","14":"product_tag-tecaj-engleskog","15":"product_tag-tecaj-engleskog-jezika","16":"product_tag-tecajstranogjezika","17":"product_tag-ucenje-engleskog","19":"entry","20":"has-media","22":"first","23":"instock","24":"shipping-taxable","25":"purchasable","26":"product-type-simple","27":"has-product-nav","28":"col","29":"span_1_of_3","30":"owp-content-center","31":"owp-thumbs-layout-horizontal","32":"owp-btn-big","33":"owp-tabs-layout-section"},"_links":{"self":[{"href":"https:\/\/amorlingua.com\/en\/wp-json\/wp\/v2\/product\/2486","targetHints":{"allow":["GET"]}}],"collection":[{"href":"https:\/\/amorlingua.com\/en\/wp-json\/wp\/v2\/product"}],"about":[{"href":"https:\/\/amorlingua.com\/en\/wp-json\/wp\/v2\/types\/product"}],"wp:featuredmedia":[{"embeddable":true,"href":"https:\/\/amorlingua.com\/en\/wp-json\/wp\/v2\/media\/1594"}],"wp:attachment":[{"href":"https:\/\/amorlingua.com\/en\/wp-json\/wp\/v2\/media?parent=2486"}],"wp:term":[{"taxonomy":"product_brand","embeddable":true,"href":"https:\/\/amorlingua.com\/en\/wp-json\/wp\/v2\/product_brand?post=2486"},{"taxonomy":"product_cat","embeddable":true,"href":"https:\/\/amorlingua.com\/en\/wp-json\/wp\/v2\/product_cat?post=2486"},{"taxonomy":"product_tag","embeddable":true,"href":"https:\/\/amorlingua.com\/en\/wp-json\/wp\/v2\/product_tag?post=2486"}],"curies":[{"name":"wp","href":"https:\/\/api.w.org\/{rel}","templated":true}]}}