{"id":2259,"date":"2021-03-08T12:53:44","date_gmt":"2021-03-08T12:53:44","guid":{"rendered":"https:\/\/www.amorlingua.com\/?post_type=product&#038;p=2259"},"modified":"2026-01-08T16:10:57","modified_gmt":"2026-01-08T16:10:57","slug":"online-knjigovodstvo","status":"publish","type":"product","link":"https:\/\/amorlingua.com\/en\/\u0161kola\/online-knjigovodstvo\/","title":{"rendered":"Knjigovodstvo &#8211; online"},"content":{"rendered":"<h2>Knjigovodstvo &#8211; online<\/h2>\n<p><strong>Po\u010detak nastave: 26.sije\u010dnja.2026.\u00a0<\/strong><\/p>\n<p><strong>Formalno obrazovanje &#8211; diplomu i program edukacije za knjigovo\u0111u verificiralo Ministarstvo znanosti i obrazovanja i ASOO\u00a0 \u00a0 \u00a0<\/strong><\/p>\n<ul>\n<li>A professional bookkeeper is a person that every company needs, even the smallest one, because its success depends on its expertise and knowledge.<\/li>\n<li>Bookkeeping has branches of bookkeeping for entrepreneurs, non-profit organizations, artisans and budget and budget users. Each item and division and bookkeeping knowledge give us a significant advantage in the business world, in situations when we find ourselves in an employer's position or as a bookkeeper of a particular company.<\/li>\n<\/ul>\n<p>Bookkeeping involves describing, measuring, and interpreting certain entities' economic activities, using a particular language based on a system of principles of regulatory standards. Bookkeeping is not just a game of numbers and calculations; it is much more than that. It provides us with knowledge about starting a company or a craft, tax payment items, knowledge about new laws and regulations, and providing tax advice. When you bring it all together, you get complete knowledge and skills. This exact and capable person can provide you with business advice that can lead you to significant profits and success in business.<\/p>\n<p>Edukacija knjigovodstva uvesti \u0107e vas u svijet brojeva i knji\u017eenja, raznih zakona i propisa, na\u010dina vo\u0111enja poslovnih knjiga te obra\u010duna pla\u0107a i izra\u010duna oporezivanja. Upoznati \u0107e vas sa temeljnim financijskim izvje\u0161tajima i svim pravima poduzetnika i pravnih te fizi\u010dkih osoba. Uz vrlo zanimljiv i pou\u010dan rad na nastavi, teoriju i vje\u017ebanje zadataka te uz malo truda i rada nakon ovog te\u010daja postati \u0107ete knjigovo\u0111a spreman za rad i provo\u0111enje svog znanja na novim poslovnim pothvatima. Spretnost, znanje i vje\u0161tine knjigovodstva vrlo \u010desto ovise o uspjehu u poslovanju.<\/p>\n<p>Being a bookkeeper means being a professional person on whom the success or loss of a company depends. This job is not monotonous. Every day provides new knowledge, new achievements, and new research in various industries. The profession of a bookkeeper is in high demand. Every company wants to have a capable and professional person who knows the laws and regulations and is versed in the world of business and bookkeeping, a creative person who can provide business advice to his employer.<\/p>\n<p>All participants will learn to use appropriate procedures to prepare documentation for bookkeeping and apply legal regulations in performing bookkeeping. They will learn how to use computer bookkeeping programs in bookkeeping, prepare and post bookkeeping data for monthly, periodic and annual processing. They will learn how to prepare documentation to compile financial statements, will apply the rules of successful business communication.<\/p>\n<p><strong>A bookkeeper career will open many opportunities to work for many companies that are searching for a bookkeeper specialist!<\/strong><\/p>\n<p>Prakti\u010dan dio nastave<\/p>\n<p>&nbsp;<\/p>\n<table>\n<tbody>\n<tr>\n<td width=\"116\">Module number<\/td>\n<td width=\"115\">Name of module<\/td>\n<td width=\"107\">Lesson hours (theory)<\/td>\n<td width=\"107\">Lesson hours (practice)<\/td>\n<td width=\"111\">Total<\/td>\n<\/tr>\n<tr>\n<td width=\"116\">1.<\/td>\n<td width=\"115\">Introduction to bookkeeping<\/td>\n<td width=\"107\">10<\/td>\n<td width=\"107\">0<\/td>\n<td width=\"111\">10<\/td>\n<\/tr>\n<tr>\n<td width=\"116\">2.<\/td>\n<td width=\"115\">Basic bookkeeping categories and booking techniques<\/td>\n<td width=\"107\">25<\/td>\n<td width=\"107\">10<\/td>\n<td width=\"111\">25<\/td>\n<\/tr>\n<tr>\n<td width=\"116\">3.<\/td>\n<td width=\"115\">Analytical bookkeeping<\/td>\n<td width=\"107\">20<\/td>\n<td width=\"107\">15<\/td>\n<td width=\"111\">35<\/td>\n<\/tr>\n<tr>\n<td width=\"116\">4.<\/td>\n<td width=\"115\">Monetary business (+ payroll lists and payroll)<\/td>\n<td width=\"107\">10<\/td>\n<td width=\"107\">10<\/td>\n<td width=\"111\">20<\/td>\n<\/tr>\n<tr>\n<td width=\"116\">5.<\/td>\n<td width=\"115\">Implementation of computer programs in bookkeeping<\/td>\n<td width=\"107\">5<\/td>\n<td width=\"107\">15<\/td>\n<td width=\"111\">20<\/td>\n<\/tr>\n<tr>\n<td width=\"116\">TOTAL<\/td>\n<td width=\"115\"><\/td>\n<td width=\"107\">70<\/td>\n<td width=\"107\">50<\/td>\n<td width=\"111\">120<\/td>\n<\/tr>\n<\/tbody>\n<\/table>\n<p>&nbsp;<\/p>\n<h3>DOCUMENTS REQUIRED FOR ENROLLMENT<\/h3>\n<ul>\n<li>Birth certificate or a certificate of nationality<\/li>\n<li>Identity card<\/li>\n<li>High school report<\/li>\n<\/ul>\n<h3><strong>Course price<\/strong><\/h3>\n<table style=\"height: 196px;\" width=\"633\">\n<tbody>\n<tr>\n<td width=\"208\"><strong>Course<\/strong><\/td>\n<td width=\"251\"><strong>Program description<\/strong><\/td>\n<td width=\"103\"><strong>Lessons<\/strong><\/td>\n<td width=\"118\"><strong>Cijena u eurima<\/strong><\/td>\n<\/tr>\n<tr>\n<td width=\"208\"><strong>Group course <\/strong><\/td>\n<td width=\"251\">Bookkeeping<\/td>\n<td width=\"103\">120<\/td>\n<td width=\"118\">760,00<\/td>\n<\/tr>\n<tr>\n<td width=\"208\"><strong>Online course 1 on 2<\/strong><\/td>\n<td width=\"251\">Bookkeeping<\/td>\n<td width=\"103\">120<\/td>\n<td width=\"118\">850,00 po osobi<\/td>\n<\/tr>\n<tr>\n<td width=\"208\"><strong>Online course 1 on 1<\/strong><\/td>\n<td width=\"251\">Bookkeeping<\/td>\n<td width=\"103\">120<\/td>\n<td width=\"118\">1550,00<\/td>\n<\/tr>\n<\/tbody>\n<\/table>\n<p>&nbsp;<\/p>\n<p><strong>Literature:<\/strong><\/p>\n<p>Textbooks, study materials, ppt and instructions for using other sources.<\/p>\n<p>Neven Baica: Knjigovodstvo za male i srednje poduzetnike: primjena HSFI-a (2013.)<\/p>\n<p>\u0110ur\u0111ica Juri\u0107: Temelji ra\u010dunovodstva i analiti\u010dka knjigovodstva (2001.)<\/p>","protected":false},"excerpt":{"rendered":"<blockquote>\n<h2><strong>Grupni te\u010daj po\u010dinje 29.9.2025.\u00a0<\/strong><\/h2>\n<\/blockquote>","protected":false},"featured_media":319,"template":"","meta":{"om_disable_all_campaigns":false,"_monsterinsights_skip_tracking":false,"_monsterinsights_sitenote_active":false,"_monsterinsights_sitenote_note":"","_monsterinsights_sitenote_category":0,"_uf_show_specific_survey":0,"_uf_disable_surveys":false,"h5ap_radio_sources":[]},"product_brand":[],"product_cat":[338],"product_tag":[106,110,105,107,104,108,109,111],"class_list":{"0":"post-2259","1":"product","2":"type-product","3":"status-publish","4":"has-post-thumbnail","6":"product_cat-online-knjigovodstvo","7":"product_tag-dokumentacija","8":"product_tag-financijska-izvjesca","9":"product_tag-knjigovoda","10":"product_tag-knjigovodstveni-programi","11":"product_tag-knjigovodstvo","12":"product_tag-knjizenje","13":"product_tag-obrada-podataka","14":"product_tag-poslovna-komunikacija","16":"entry","17":"has-media","19":"first","20":"instock","21":"shipping-taxable","22":"purchasable","23":"product-type-variable","24":"has-default-attributes","25":"has-product-nav","26":"col","27":"span_1_of_3","28":"owp-content-center","29":"owp-thumbs-layout-horizontal","30":"owp-btn-big","31":"owp-tabs-layout-section"},"_links":{"self":[{"href":"https:\/\/amorlingua.com\/en\/wp-json\/wp\/v2\/product\/2259","targetHints":{"allow":["GET"]}}],"collection":[{"href":"https:\/\/amorlingua.com\/en\/wp-json\/wp\/v2\/product"}],"about":[{"href":"https:\/\/amorlingua.com\/en\/wp-json\/wp\/v2\/types\/product"}],"wp:featuredmedia":[{"embeddable":true,"href":"https:\/\/amorlingua.com\/en\/wp-json\/wp\/v2\/media\/319"}],"wp:attachment":[{"href":"https:\/\/amorlingua.com\/en\/wp-json\/wp\/v2\/media?parent=2259"}],"wp:term":[{"taxonomy":"product_brand","embeddable":true,"href":"https:\/\/amorlingua.com\/en\/wp-json\/wp\/v2\/product_brand?post=2259"},{"taxonomy":"product_cat","embeddable":true,"href":"https:\/\/amorlingua.com\/en\/wp-json\/wp\/v2\/product_cat?post=2259"},{"taxonomy":"product_tag","embeddable":true,"href":"https:\/\/amorlingua.com\/en\/wp-json\/wp\/v2\/product_tag?post=2259"}],"curies":[{"name":"wp","href":"https:\/\/api.w.org\/{rel}","templated":true}]}}