{"id":2258,"date":"2021-03-08T12:53:42","date_gmt":"2021-03-08T12:53:42","guid":{"rendered":"https:\/\/www.amorlingua.com\/?post_type=product&#038;p=2258"},"modified":"2023-02-16T12:28:20","modified_gmt":"2023-02-16T12:28:20","slug":"online-suradnik-u-pripremi-izrade-i-provedbe-projekata-financiranih-iz-eu-fondova","status":"publish","type":"product","link":"https:\/\/amorlingua.com\/en\/\u0161kola\/online-suradnik-u-pripremi-izrade-i-provedbe-projekata-financiranih-iz-eu-fondova\/","title":{"rendered":"Online Associate in the preparation of the development and implementation of projects funded by EU funds"},"content":{"rendered":"<p>Online Associate in the preparation of the development and implementation of projects funded by EU funds<\/p>\n<p>Online EU fondovi<\/p>\n<p><strong>Amor Lingua College study program of Associate in the preparation of the development and implementation of projects funded by EU funds\n(diploma and classes) are verified by the Ministry of Science and Education and the Agency for Vocational Education and Training. \u00a0<\/strong><\/p>\n<p>All participants will learn to use appropriate procedures in the financing, conceptualization and development of project ideas. Participants will also learn the preparation of project documentation, project budgets, project implementation, application of knowledge on their own EU project.<\/p>\n<p>Pick an online course!<\/p>\n<p>An Associate in the preparation of the development and implementation of projects funded by the EU funds career will open many opportunities to work for many companies that are searching for an associate in the preparation of the EU founds specialist!<\/p>\n<p><strong>Conditions for enrolling in this program: High School Diploma and being 18+ years old<\/strong><\/p>\n<p><strong>Get your Associate in the preparation of the development and implementation of projects funded by the EU funds certificate today!<\/strong><\/p>\n<table width=\"624\">\n<tbody>\n<tr>\n<td rowspan=\"2\" width=\"38\"><strong>Module number<\/strong><\/td>\n<td rowspan=\"2\" width=\"425\"><strong>Name of module<\/strong><\/td>\n<td colspan=\"2\" width=\"95\"><strong>Lessons<\/strong><\/td>\n<td rowspan=\"2\" width=\"66\"><strong>Total<\/strong><\/td>\n<\/tr>\n<tr>\n<td width=\"47\"><strong>T<\/strong><\/td>\n<td width=\"47\"><strong>V<\/strong><\/td>\n<\/tr>\n<tr>\n<td width=\"38\"><strong>1.<\/strong><\/td>\n<td width=\"425\">EU funds and funding opportunities<\/td>\n<td width=\"47\">10<\/td>\n<td width=\"47\">3<\/td>\n<td width=\"66\"><strong>13<\/strong><\/td>\n<\/tr>\n<tr>\n<td width=\"38\"><strong>2.<\/strong><\/td>\n<td width=\"425\">Analysis of problem and project objectives<\/td>\n<td width=\"47\">12<\/td>\n<td width=\"47\">15<\/td>\n<td width=\"66\"><strong>27<\/strong><\/td>\n<\/tr>\n<tr>\n<td width=\"38\"><strong>3.<\/strong><\/td>\n<td width=\"425\">Development of project activities and budgets<\/td>\n<td width=\"47\">12<\/td>\n<td width=\"47\">15<\/td>\n<td width=\"66\"><strong>27<\/strong><\/td>\n<\/tr>\n<tr>\n<td width=\"38\"><strong>4.<\/strong><\/td>\n<td width=\"425\">Logical matrix of the project<\/td>\n<td width=\"47\">10<\/td>\n<td width=\"47\">10<\/td>\n<td width=\"66\"><strong>20<\/strong><\/td>\n<\/tr>\n<tr>\n<td width=\"38\"><strong>5.<\/strong><\/td>\n<td width=\"425\">Implementation and completion of the project proposal<\/td>\n<td width=\"47\">9<\/td>\n<td width=\"47\">20<\/td>\n<td width=\"66\"><strong>29<\/strong><\/td>\n<\/tr>\n<tr>\n<td width=\"38\"><strong>6.<\/strong><\/td>\n<td width=\"425\">Occupational safety and security<\/td>\n<td width=\"47\">2<\/td>\n<td width=\"47\">2<\/td>\n<td width=\"66\"><strong>4<\/strong><\/td>\n<\/tr>\n<tr>\n<td colspan=\"2\" width=\"463\"><strong>TOTAL<\/strong><\/td>\n<td width=\"47\"><strong>55<\/strong><\/td>\n<td width=\"47\"><strong>65<\/strong><\/td>\n<td width=\"66\"><strong>120<\/strong><\/td>\n<\/tr>\n<\/tbody>\n<\/table>\n<h3><\/h3>\n<p><strong>AFTER THE COURSE YOU WILL BE ABLE TO:<\/strong><\/p>\n<ol>\n<li>Tell apart different EU funds projects and how to find funding opportunities from EU funds<\/li>\n<li>Identify important information in the application file<\/li>\n<li>Distinguish project activities and resources in the project budget preparation phase<\/li>\n<li>Participate in the preparation of the project proposal<\/li>\n<li>Participate in the implementation of the project by the rules of tender and public contracts<\/li>\n<li>Participate in reporting activities to the contracting authority<\/li>\n<li>Apply the regulations of the European Union for the European projects<\/li>\n<li>Apply the rules of occupational safety, fire protection and first aid<\/li>\n<\/ol>\n<h3><\/h3>\n<h3>DOCUMENTS REQUIRED FOR ENROLLMENT<\/h3>\n<ul>\n<li>Birth certificate or a certificate of nationality<\/li>\n<li>Identity card<\/li>\n<li>High school report<\/li>\n<\/ul>\n<p>&nbsp;<\/p>\n<h3><strong>Course price<\/strong><\/h3>\n<table width=\"680\">\n<tbody>\n<tr>\n<td width=\"208\"><strong>Course<\/strong><\/td>\n<td width=\"251\"><strong>Program description<\/strong><\/td>\n<td width=\"103\"><strong>Lessons<\/strong><\/td>\n<td width=\"118\"><strong>Cijena u eurima<\/strong><\/td>\n<\/tr>\n<tr>\n<td width=\"208\"><strong>Group course <\/strong><\/td>\n<td width=\"251\">EU fonds - assistent<\/td>\n<td width=\"103\">120<\/td>\n<td width=\"118\">1130<\/td>\n<\/tr>\n<tr>\n<td width=\"208\"><strong>Online course 1 on 2<\/strong><\/td>\n<td width=\"251\">EU fonds - assistent<\/td>\n<td width=\"103\">120<\/td>\n<td width=\"118\">1725<\/td>\n<\/tr>\n<tr>\n<td width=\"208\"><strong>Online course 1 on 1<\/strong><\/td>\n<td width=\"251\">EU fonds - assistent<\/td>\n<td width=\"103\">120<\/td>\n<td width=\"118\">2640<\/td>\n<\/tr>\n<\/tbody>\n<\/table>\n<p>&nbsp;<\/p>\n<p><strong>Literature:<\/strong><\/p>\n<p>Textbooks, study materials, ppt and instructions for using other sources.<\/p>\n<p>Gianluca Coppola: European project management handbook (2016.)<\/p>","protected":false},"excerpt":{"rendered":"<p>Online Suradnik u pripremi izrade i provedbe projekata financiranih iz EU fondova Online EU fondovi Diplomu i program edukacije za suradnika u pripremi izrade i provedbe projekata financiranih iz EU fondova U\u010dili\u0161ta Amor Lingua verificiralo je Ministarstva znanosti i obrazovanja te Agencija za strukovno obrazovanje. \u00a0 Svi \u0107e polaznici nau\u010diti koristiti odgovaraju\u0107e postupke u mogu\u0107nostima [&hellip;]<\/p>\n","protected":false},"featured_media":308,"template":"","meta":{"om_disable_all_campaigns":false,"_monsterinsights_skip_tracking":false,"_monsterinsights_sitenote_active":false,"_monsterinsights_sitenote_note":"","_monsterinsights_sitenote_category":0,"_uf_show_specific_survey":0,"_uf_disable_surveys":false,"h5ap_radio_sources":[]},"product_brand":[],"product_cat":[342],"product_tag":[96,93,98,101,95,103,102],"class_list":{"0":"post-2258","1":"product","2":"type-product","3":"status-publish","4":"has-post-thumbnail","6":"product_cat-online-suradnik-eu","7":"product_tag-eu","8":"product_tag-eu-fondovi","9":"product_tag-eu-projekti","10":"product_tag-europska-unija","11":"product_tag-fondovi","12":"product_tag-izrada-projekta","13":"product_tag-suradnik-u-eu-projektima","15":"entry","16":"has-media","18":"first","19":"instock","20":"shipping-taxable","21":"purchasable","22":"product-type-simple","23":"has-product-nav","24":"col","25":"span_1_of_3","26":"owp-content-center","27":"owp-thumbs-layout-horizontal","28":"owp-btn-big","29":"owp-tabs-layout-section"},"_links":{"self":[{"href":"https:\/\/amorlingua.com\/en\/wp-json\/wp\/v2\/product\/2258","targetHints":{"allow":["GET"]}}],"collection":[{"href":"https:\/\/amorlingua.com\/en\/wp-json\/wp\/v2\/product"}],"about":[{"href":"https:\/\/amorlingua.com\/en\/wp-json\/wp\/v2\/types\/product"}],"wp:featuredmedia":[{"embeddable":true,"href":"https:\/\/amorlingua.com\/en\/wp-json\/wp\/v2\/media\/308"}],"wp:attachment":[{"href":"https:\/\/amorlingua.com\/en\/wp-json\/wp\/v2\/media?parent=2258"}],"wp:term":[{"taxonomy":"product_brand","embeddable":true,"href":"https:\/\/amorlingua.com\/en\/wp-json\/wp\/v2\/product_brand?post=2258"},{"taxonomy":"product_cat","embeddable":true,"href":"https:\/\/amorlingua.com\/en\/wp-json\/wp\/v2\/product_cat?post=2258"},{"taxonomy":"product_tag","embeddable":true,"href":"https:\/\/amorlingua.com\/en\/wp-json\/wp\/v2\/product_tag?post=2258"}],"curies":[{"name":"wp","href":"https:\/\/api.w.org\/{rel}","templated":true}]}}