{"id":2256,"date":"2021-03-08T12:50:50","date_gmt":"2021-03-08T12:50:50","guid":{"rendered":"https:\/\/www.amorlingua.com\/?post_type=product&#038;p=2256"},"modified":"2023-10-18T11:04:16","modified_gmt":"2023-10-18T11:04:16","slug":"online-filmski-animator-i-strip-crtac","status":"publish","type":"product","link":"https:\/\/amorlingua.com\/en\/\u0161kola\/online-filmski-animator-i-strip-crtac\/","title":{"rendered":"Online Film animator and Comic Book Designer"},"content":{"rendered":"<p>Online Film animator and Comic Book Designer<\/p>\n<p>Who are, and what do a film animators and a  comic book designers do?<br \/>\nA film animator and comic book designer is a person who makes animated films or comics using the latest computer animation technology.<\/p>\n<p>We designed this course especially for ambitious animated film lovers and comic book designers interested in creating their animated short films or comics.<br \/>\nAfter attending this course, you will have a complete understanding of the whole process of making an animated short film or comic from start to finish, and you will be able to follow all the steps to turn your movie or comic into reality.<\/p>\n<p>You will devise a story, write a script in the correct format, create a recording board, and make an animation out of it, creating a preview, modelling, adjusting, lighting, displaying, and animating methods. You will also go through the assembly process and learn how to perform colour correction, composing, and sound design for the final product.<\/p>\n<p>A career as a film animator and comic book artist is ideal for a creative person!<\/p>\n<p><strong>Get your Comic book design certificate today!<\/strong><\/p>\n<table>\n<tbody>\n<tr>\n<td width=\"116\">Module number<\/td>\n<td width=\"115\">Name of module<\/td>\n<td width=\"107\">Lesson hours (theory)<\/td>\n<td width=\"107\">Lesson hours (practice)<\/td>\n<td width=\"111\">Total<\/td>\n<\/tr>\n<tr>\n<td width=\"116\">1.<\/td>\n<td width=\"115\">Introduction to animated film and comics<\/td>\n<td width=\"107\">5<\/td>\n<td width=\"107\">&#8211;<\/td>\n<td width=\"111\">5<\/td>\n<\/tr>\n<tr>\n<td width=\"116\">2.<\/td>\n<td width=\"115\">Understanding the concept of film time, movement and story<\/td>\n<td width=\"107\">10<\/td>\n<td width=\"107\">&#8211;<\/td>\n<td width=\"111\">10<\/td>\n<\/tr>\n<tr>\n<td width=\"116\">3.<\/td>\n<td width=\"115\">Creating a concept, writing a story<\/td>\n<td width=\"107\">5<\/td>\n<td width=\"107\">10<\/td>\n<td width=\"111\">15<\/td>\n<\/tr>\n<tr>\n<td width=\"116\">4.<\/td>\n<td width=\"115\">Drawing a storyboard and developing visuals<\/td>\n<td width=\"107\">5<\/td>\n<td width=\"107\">15<\/td>\n<td width=\"111\">20<\/td>\n<\/tr>\n<tr>\n<td width=\"116\">5.<\/td>\n<td width=\"115\">Animation<\/td>\n<td width=\"107\">5<\/td>\n<td width=\"107\">20<\/td>\n<td width=\"111\">25<\/td>\n<\/tr>\n<tr>\n<td width=\"116\">6.<\/td>\n<td width=\"115\">Recording voices and sounds<\/td>\n<td width=\"107\">5<\/td>\n<td width=\"107\">15<\/td>\n<td width=\"111\">20<\/td>\n<\/tr>\n<tr>\n<td width=\"116\">7.<\/td>\n<td width=\"115\">Film editing<\/td>\n<td width=\"107\">5<\/td>\n<td width=\"107\">20<\/td>\n<td width=\"111\">25<\/td>\n<\/tr>\n<tr>\n<td width=\"116\">TOTAL<\/td>\n<td width=\"115\"><\/td>\n<td width=\"107\">40<\/td>\n<td width=\"107\">80<\/td>\n<td width=\"111\">120<\/td>\n<\/tr>\n<\/tbody>\n<\/table>\n<p>&nbsp;<\/p>\n<h3>DOCUMENTS REQUIRED FOR ENROLLMENT<\/h3>\n<ul>\n<li>Birth certificate or a certificate of nationality<\/li>\n<li>Identity card<\/li>\n<li>High school report<\/li>\n<\/ul>\n<p>&nbsp;<\/p>\n<h3><strong>Course price<\/strong><\/h3>\n<table width=\"680\">\n<tbody>\n<tr>\n<td width=\"208\"><strong>Course<\/strong><\/td>\n<td width=\"251\"><strong>Program description<\/strong><\/td>\n<td width=\"103\"><strong>Lessons<\/strong><\/td>\n<td width=\"118\"><strong>Cijena u eurima<\/strong><\/td>\n<\/tr>\n<tr>\n<td width=\"208\"><strong>Group course <\/strong><\/td>\n<td width=\"251\">Comic book design<\/td>\n<td width=\"103\">120<\/td>\n<td width=\"118\">1300<\/td>\n<\/tr>\n<tr>\n<td width=\"208\"><strong>Online course 1 on 2<\/strong><\/td>\n<td width=\"251\">Comic book design<\/td>\n<td width=\"103\">120<\/td>\n<td width=\"118\">1460<\/td>\n<\/tr>\n<tr>\n<td width=\"208\"><strong>Online course 1 on 1<\/strong><\/td>\n<td width=\"251\">Comic book design<\/td>\n<td width=\"103\">120<\/td>\n<td width=\"118\">2640<\/td>\n<\/tr>\n<\/tbody>\n<\/table>\n<p>&nbsp;<\/p>\n<p><strong>Literature:\u00a0<\/strong><\/p>\n<p>Textbooks, study materials, ppt and instructions for using other sources.<\/p>\n<p>The Animator&#8217;s Survival kit, Richard Williams<\/p>\n<p>Borivoj Dovnikovi\u0107 Bordo: \u0160kola crtanog filma (1996.)<\/p>\n<p>Jo\u0161ko Maru\u0161i\u0107 i suradnici: Alkemija animiranog filma (2004.)<\/p>\n<p>Midhat Ajanovi\u0107: Animacija i realizam (2004.)<\/p>\n<p>Chris Patmore: The complete animation course (2003.)<\/p>\n<p>Richard Taylor: The encyclopedia of animation techniques (1996.)<\/p>","protected":false},"excerpt":{"rendered":"<p>Online Filmski animator i strip-crta\u010d Tko je i \u010dime se bavi filmski animator i dizajner stripova (strip-crta\u010d)? Filmski animator i dizajner stripova osoba je koja izra\u0111uje animirane filmove ili stripove koriste\u0107i najnoviju tehnologiju ra\u010dunalne animacije. Ovaj smo te\u010daj osmislili posebno za ambiciozne stvaratelje animacijskih filmova i dizajnere stripova koji su zainteresirani za stvaranje vlastitih animiranih [&hellip;]<\/p>\n","protected":false},"featured_media":329,"template":"","meta":{"om_disable_all_campaigns":false,"_monsterinsights_skip_tracking":false,"_monsterinsights_sitenote_active":false,"_monsterinsights_sitenote_note":"","_monsterinsights_sitenote_category":0,"_uf_show_specific_survey":0,"_uf_disable_surveys":false,"h5ap_radio_sources":[]},"product_brand":[],"product_cat":[340],"product_tag":[119,126,123,124,120,125,127,121,122],"class_list":{"0":"post-2256","1":"product","2":"type-product","3":"status-publish","4":"has-post-thumbnail","6":"product_cat-online-filmska-animacija-strip-crtanje","7":"product_tag-animator","8":"product_tag-animiranje","9":"product_tag-crtac-stripova","10":"product_tag-crtani-filmovi","11":"product_tag-filmski-animator","12":"product_tag-montaza","13":"product_tag-snimanje-glasova","14":"product_tag-strip","15":"product_tag-strip-crtac","17":"entry","18":"has-media","20":"first","21":"instock","22":"shipping-taxable","23":"purchasable","24":"product-type-simple","25":"has-product-nav","26":"col","27":"span_1_of_3","28":"owp-content-center","29":"owp-thumbs-layout-horizontal","30":"owp-btn-big","31":"owp-tabs-layout-section"},"_links":{"self":[{"href":"https:\/\/amorlingua.com\/en\/wp-json\/wp\/v2\/product\/2256","targetHints":{"allow":["GET"]}}],"collection":[{"href":"https:\/\/amorlingua.com\/en\/wp-json\/wp\/v2\/product"}],"about":[{"href":"https:\/\/amorlingua.com\/en\/wp-json\/wp\/v2\/types\/product"}],"wp:featuredmedia":[{"embeddable":true,"href":"https:\/\/amorlingua.com\/en\/wp-json\/wp\/v2\/media\/329"}],"wp:attachment":[{"href":"https:\/\/amorlingua.com\/en\/wp-json\/wp\/v2\/media?parent=2256"}],"wp:term":[{"taxonomy":"product_brand","embeddable":true,"href":"https:\/\/amorlingua.com\/en\/wp-json\/wp\/v2\/product_brand?post=2256"},{"taxonomy":"product_cat","embeddable":true,"href":"https:\/\/amorlingua.com\/en\/wp-json\/wp\/v2\/product_cat?post=2256"},{"taxonomy":"product_tag","embeddable":true,"href":"https:\/\/amorlingua.com\/en\/wp-json\/wp\/v2\/product_tag?post=2256"}],"curies":[{"name":"wp","href":"https:\/\/api.w.org\/{rel}","templated":true}]}}