{"id":2254,"date":"2021-03-08T11:56:30","date_gmt":"2021-03-08T11:56:30","guid":{"rendered":"https:\/\/www.amorlingua.com\/?post_type=product&#038;p=2254"},"modified":"2023-02-16T12:34:43","modified_gmt":"2023-02-16T12:34:43","slug":"online-marketing","status":"publish","type":"product","link":"https:\/\/amorlingua.com\/en\/\u0161kola\/online-marketing\/","title":{"rendered":"Online Marketing"},"content":{"rendered":"<p>Online Marketing<\/p>\n<p>Enroll in Marketing education and get a job in this dynamic profession!<\/p>\n<p><strong>What is Marketing?<\/strong><\/p>\n<p>Marketing is the management process through which goods and services transition from the manufacturer or provider to a finished product that reaches the consumer. Marketing is everything you do to place your product or service in the hands of potential customers.<br \/>\nMarketing is not just about promoting a product, it involves researching content and the target audience, advising management on how to develop products to suit consumers\u2019 desires, determining the price of a product or service, selecting effective channels through which to communicate with customers, and developing and implementing promotional strategies to help improve and promote the brand image, product or service. A common terminology within the field of marketing is the Marketing Mix, or the 4P\u2019s of Marketing: Product, Price, Promotion, and Place.<\/p>\n<p><strong>Are you an ideal participant in this education?<\/strong><\/p>\n<div class=\"FFpbKc\"><\/div>\n<div class=\"dePhmb\">\n<div class=\"eyKpYb\" data-language=\"hr\" data-original-language=\"en\" data-result-index=\"0\">\n<div class=\"J0lOec\"><span class=\"VIiyi\" lang=\"hr\"><span class=\"JLqJ4b ChMk0b\" data-language-for-alternatives=\"hr\" data-language-to-translate-into=\"en\" data-phrase-index=\"1\">Marketing professionals must be good at public speaking, communication, analytical thinking, creativity, negotiation, stress management and they must possess good technological skills.<\/span> <span class=\"JLqJ4b ChMk0b\" data-language-for-alternatives=\"hr\" data-language-to-translate-into=\"en\" data-phrase-index=\"2\">To develop and<\/span><span class=\"JLqJ4b ChMk0b\" data-language-for-alternatives=\"hr\" data-language-to-translate-into=\"en\" data-phrase-index=\"4\"> improve your analytical skills, strengthen your creative thinking and deepen your knowledge of the subject and industry, enrolling in this education is a great choice!<\/span><\/span><\/div>\n<\/div>\n<div><\/div>\n<div>Learn digital marketing, social media marketing, marketing analytics and more and enroll in advanced programs designed to get you on a path to a new career in a marketing field.<\/div>\n<div><\/div>\n<\/div>\n<p><strong>Conditions for enrolling in this program: High School Diploma<\/strong><\/p>\n<p>&nbsp;<\/p>\n<h3>DOCUMENTS REQUIRED FOR ENROLLMENT<\/h3>\n<ul>\n<li>Birth certificate or a certificate of nationality<\/li>\n<li>Identity card<\/li>\n<li>High school report<\/li>\n<\/ul>\n<p>&nbsp;<\/p>\n<p><strong>Duration of education: 70 lessons<\/strong><\/p>\n<p>&nbsp;<\/p>","protected":false},"excerpt":{"rendered":"<p>Online Marketing Upi\u0161i edukaciju marketinga i zaposli se u ovoj dinami\u010dnoj profesiji! \u0160to je to marketing? Marketing je postupak upravljanja kroz koji roba i usluge prelaze s proizvo\u0111a\u010da ili dobavlja\u010da na gotov proizvod koji dolazi do potro\u0161a\u010da. Marketing je sve \u0161to \u010dinite da biste svoj proizvod ili uslugu stavili u ruke potencijalnih kupaca. Marketing nije [&hellip;]<\/p>\n","protected":false},"featured_media":308,"template":"","meta":{"om_disable_all_campaigns":false,"_monsterinsights_skip_tracking":false,"_monsterinsights_sitenote_active":false,"_monsterinsights_sitenote_note":"","_monsterinsights_sitenote_category":0,"_uf_show_specific_survey":0,"_uf_disable_surveys":false,"h5ap_radio_sources":[]},"product_brand":[],"product_cat":[181],"product_tag":[333,332],"class_list":{"0":"post-2254","1":"product","2":"type-product","3":"status-publish","4":"has-post-thumbnail","6":"product_cat-online-edukacije","7":"product_tag-edukacija-marketinga","8":"product_tag-marketing","10":"entry","11":"has-media","13":"first","14":"instock","15":"shipping-taxable","16":"purchasable","17":"product-type-simple","18":"has-product-nav","19":"col","20":"span_1_of_3","21":"owp-content-center","22":"owp-thumbs-layout-horizontal","23":"owp-btn-big","24":"owp-tabs-layout-section"},"_links":{"self":[{"href":"https:\/\/amorlingua.com\/en\/wp-json\/wp\/v2\/product\/2254","targetHints":{"allow":["GET"]}}],"collection":[{"href":"https:\/\/amorlingua.com\/en\/wp-json\/wp\/v2\/product"}],"about":[{"href":"https:\/\/amorlingua.com\/en\/wp-json\/wp\/v2\/types\/product"}],"wp:featuredmedia":[{"embeddable":true,"href":"https:\/\/amorlingua.com\/en\/wp-json\/wp\/v2\/media\/308"}],"wp:attachment":[{"href":"https:\/\/amorlingua.com\/en\/wp-json\/wp\/v2\/media?parent=2254"}],"wp:term":[{"taxonomy":"product_brand","embeddable":true,"href":"https:\/\/amorlingua.com\/en\/wp-json\/wp\/v2\/product_brand?post=2254"},{"taxonomy":"product_cat","embeddable":true,"href":"https:\/\/amorlingua.com\/en\/wp-json\/wp\/v2\/product_cat?post=2254"},{"taxonomy":"product_tag","embeddable":true,"href":"https:\/\/amorlingua.com\/en\/wp-json\/wp\/v2\/product_tag?post=2254"}],"curies":[{"name":"wp","href":"https:\/\/api.w.org\/{rel}","templated":true}]}}