{"id":2169,"date":"2021-02-19T13:06:41","date_gmt":"2021-02-19T13:06:41","guid":{"rendered":"https:\/\/www.amorlingua.com\/?post_type=product&#038;p=2169"},"modified":"2023-02-16T12:36:53","modified_gmt":"2023-02-16T12:36:53","slug":"marketing","status":"publish","type":"product","link":"https:\/\/amorlingua.com\/en\/\u0161kola\/marketing\/","title":{"rendered":"Marketing"},"content":{"rendered":"<p>Marketing<\/p>\n<p>Enroll in Marketing education and get a job in this dynamic profession!<\/p>\n<p><strong>What is Marketing?<\/strong><\/p>\n<div class=\"dePhmb\">\n<div>\n<ul>\n<li><u>WHAT IS<strong> MARKETING<\/strong>?<\/u><\/li>\n<\/ul>\n<p>Marketing is the management process through which goods and services transition from the manufacturer or provider to a finished product that reaches the consumer. Marketing is everything you do to place your product or service in the hands of potential customers.<\/p>\n<p>Marketing is not only about product promotion, it involves research of contents and the targeted public, advising the management about developing products that align with consumers needs, determining the prices of products and services, selecting effective channels for communication with customers, and developing and implementing promotional strategies that help improve and promote the image, products or services. The usual terminology in the field of marketing is Marketing Mix or 4P \u2019Marketing: product, price, promotion and place.<\/p>\n<ul>\n<li><u>WANT TO KNOW HOW TO BECOME <strong>AN EXPERT IN MARKETING<\/strong>?<\/u><\/li>\n<\/ul>\n<p><strong>Marketing<\/strong> involves an extensive field of economics. Just like in any other job, one does not become an expert overnight. It is necessary to<strong> acquire certain knowledge<\/strong> and apply it in practice. It is said that <strong>after 10 000 hours<\/strong> of work in a certain area, <strong>you can become an expert.<\/strong> So waste no time!<\/p>\n<p>As well<strong>, marketing<\/strong> is constantly being updated and changed along with the market. That is why it is important <strong>to follow the trends<\/strong> to keep up to date with all the novelties. <strong>It is the key for success<\/strong> in this job!<\/p>\n<p>Become a<strong> marketing<\/strong> and <strong>and a Community Manager,<\/strong> who analytically plans and monitors trends with ongoing education. In today's modern world, the job of online advertising is a sought-after job. With this education, you can gain knowledge and experience that you will apply working on real projects and learn everything you need to prepare, lead and promote companies online. You will understand all the current trends in the market, which will be essential for this profession and business.<\/p>\n<p>&nbsp;<\/p>\n<ul>\n<li><a href=\"https:\/\/amorlingua.com\/en\/\"><u>HOW CAN <strong>AMOR LINGUA COLLEGE<\/strong> HELP YOU? <\/u><\/a><\/li>\n<\/ul>\n<p>Wondering<strong> how to get educated in marketing? <\/strong><\/p>\n<p>Since we <strong>follow the trends,<\/strong> we have organised for you <strong>a marketing course!<\/strong><\/p>\n<p>Our <strong>professors <\/strong>together with <strong>experts in marketing, <\/strong>who have many years of experience<strong>,<\/strong> are going to help you master <strong>the basics of marketing<\/strong>, <strong>SEO<\/strong>, <strong>digital advertising <\/strong>in search bars <strong>(Google Ads),<\/strong> following analytics <strong>(Google Analytics),<\/strong>creating advertisements and advertising products, along with many other useful tools that are going to help you become <strong>a marketing specialist.<\/strong><\/p>\n<p>The education is being held <strong>in the group<\/strong> with <strong>5 beginners,<\/strong> in order to have the maximum <strong>quality of classes<\/strong>! <strong>The approach to each student is<\/strong> almost fully <strong>personalized,<\/strong>but if you prefer having <strong>individual classes<\/strong> 1:1, we also have that option for you!<\/p>\n<p>To make the classes accessible for everyone during the COVID-19 pandemic, we have organised <strong>a course in digital marketing! <\/strong>No more <strong>excuses<\/strong> for not getting extra education!<\/p>\n<p>&nbsp;<\/p>\n<ul>\n<li><u>FOR WHOM IS <strong>MARKETING EDUCATION<\/strong> INTENDED?<\/u><\/li>\n<\/ul>\n<p>The education is intended for <strong>beginners and intermedieate users <\/strong>who want to engage in<strong> marketing<\/strong>.<\/p>\n<p>Whether you are a <strong>student<\/strong>, <strong>big or small entrepreneur <\/strong>who wants to use<strong> marketing in his\/hers business,<\/strong> whether you have a desire to work in some of the <strong>digital marketing agencies, <\/strong>our doors are always open and our professors are waiting to transfer their knowledge to you.<\/p>\n<p>&nbsp;<\/p>\n<ul>\n<li><u>WHAT <strong>KNOWLEDGE<\/strong> WILL YOU ACQUIRE WITH THE MARKETING EDUCATION?<\/u><\/li>\n<\/ul>\n<ul>\n<li>You will master the <strong>the basics of digital marketing<\/strong><\/li>\n<li>You will learn to make an advertisement <strong>product campaign<\/strong><\/li>\n<li>You will learn<strong> all kinds of forms of advertising and determine the best ones<\/strong><\/li>\n<li>You will learn <strong>how to make campaigns<\/strong> and <strong>ads<\/strong> in <strong>Google Ads-u<\/strong><\/li>\n<li>You will learn to follow the web page analytics <strong>(Google Analytics),<\/strong><\/li>\n<li>You will face with <strong>social media networks<\/strong> that are currently being used(<strong>Facebook<\/strong>, <strong>Instagram, LinkedIn, YouTube, Tik Tok<\/strong>&#8230;)<\/li>\n<\/ul>\n<p>&nbsp;<\/p>\n<ul>\n<li><u>WHERE ARE<strong>\u00a0THE CLASSES<\/strong> OF MARKETING EDUCATION?<\/u><\/li>\n<\/ul>\n<p><strong>LOCATION<\/strong>: Sesvete (or <strong>from the comfort of your own home<\/strong> on ZOOM, <strong><u>online course<\/u> <\/strong>classes)<\/p>\n<p>&nbsp;<\/p>\n<ul>\n<li><u>AMOR LINGUA COLLEGE <strong>SUGGESTS<\/strong><\/u><\/li>\n<\/ul>\n<p>If after <a href=\"https:\/\/amorlingua.com\/en\/%C5%A1kola\/marketing\/\"><strong>after the marketing course <\/strong><\/a>you realize that you were made for it, Amor Lingua suggests taking <a href=\"https:\/\/amorlingua.com\/en\/%C5%A1kola\/digitalni-marketing\/\"><strong><u>a digital marketing course<\/u><\/strong><\/a> , <a href=\"https:\/\/amorlingua.com\/en\/%C5%A1kola\/marketing\/\"><strong>which will complement each other in the future.<\/strong><\/a>By clicking the link, check out more information about <a href=\"https:\/\/amorlingua.com\/en\/%C5%A1kola\/digitalni-marketing\/\"><strong><u>the education of digital marketing<\/u><\/strong><\/a> prepared for our beginners.<\/p>\n<\/div>\n<div><\/div>\n<\/div>\n<p><strong>Conditions for enrolling in this program: High School Diploma<\/strong><\/p>\n<p>&nbsp;<\/p>\n<h3>DOCUMENTS REQUIRED FOR ENROLLMENT<\/h3>\n<ul>\n<li>Birth certificate or a certificate of nationality<\/li>\n<li>Identity card<\/li>\n<li>High school report<\/li>\n<\/ul>\n<p>&nbsp;<\/p>\n<p><strong>Duration of education: 70 lessons<\/strong><\/p>\n<table>\n<tbody>\n<tr>\n<td width=\"156\">Course<\/td>\n<td width=\"156\">Program description<\/td>\n<td width=\"156\">Lessons<\/td>\n<td width=\"156\">Cijena u eurima<\/td>\n<\/tr>\n<tr>\n<td width=\"156\">Group course<\/td>\n<td width=\"156\">Marketing<\/td>\n<td width=\"156\">70<\/td>\n<td width=\"156\">865<\/td>\n<\/tr>\n<tr>\n<td width=\"156\"><strong>Te\u010daj 1 na 1<\/strong><\/td>\n<td width=\"156\">Marketing<\/td>\n<td width=\"156\">70<\/td>\n<td width=\"156\">1195<\/td>\n<\/tr>\n<\/tbody>\n<\/table>\n<p>&nbsp;<\/p>\n<p><strong>Literature:<\/strong><\/p>\n<p>Textbooks, study materials, ppt and instructions for using other sources<\/p>\n<p>Daniel Rowles: Digital Branding (2014.)<\/p>\n<p>Jason Luong: Grow Your Business Like Crazy (2019.)<\/p>\n<p>Krista Neher: Digital Marketing That Actually Works (2019.)<\/p>\n<p>Philip Kotler: Marketing 4.0 (2016.)<\/p>\n<p>&nbsp;<\/p>","protected":false},"excerpt":{"rendered":"<p>Marketing Upi\u0161i edukaciju marketinga i zaposli se u ovoj dinami\u010dnoj profesiji! \u0160to je to marketing? \u0160TO JE MARKETING? Marketing je postupak upravljanja kroz koji roba i usluge prelaze s proizvo\u0111a\u010da ili dobavlja\u010da na gotov proizvod koji dolazi do potro\u0161a\u010da. Marketing je sve \u0161to \u010dinite da biste svoj proizvod ili uslugu stavili u ruke potencijalnih kupaca. [&hellip;]<\/p>\n","protected":false},"featured_media":308,"template":"","meta":{"om_disable_all_campaigns":false,"_monsterinsights_skip_tracking":false,"_monsterinsights_sitenote_active":false,"_monsterinsights_sitenote_note":"","_monsterinsights_sitenote_category":0,"_uf_show_specific_survey":0,"_uf_disable_surveys":false,"h5ap_radio_sources":[]},"product_brand":[],"product_cat":[30,335],"product_tag":[333,332],"class_list":{"0":"post-2169","1":"product","2":"type-product","3":"status-publish","4":"has-post-thumbnail","6":"product_cat-specijalizirani-tecajevi","7":"product_cat-marketing","8":"product_tag-edukacija-marketinga","9":"product_tag-marketing","11":"entry","12":"has-media","14":"first","15":"instock","16":"shipping-taxable","17":"purchasable","18":"product-type-simple","19":"has-product-nav","20":"col","21":"span_1_of_3","22":"owp-content-center","23":"owp-thumbs-layout-horizontal","24":"owp-btn-big","25":"owp-tabs-layout-section"},"_links":{"self":[{"href":"https:\/\/amorlingua.com\/en\/wp-json\/wp\/v2\/product\/2169","targetHints":{"allow":["GET"]}}],"collection":[{"href":"https:\/\/amorlingua.com\/en\/wp-json\/wp\/v2\/product"}],"about":[{"href":"https:\/\/amorlingua.com\/en\/wp-json\/wp\/v2\/types\/product"}],"wp:featuredmedia":[{"embeddable":true,"href":"https:\/\/amorlingua.com\/en\/wp-json\/wp\/v2\/media\/308"}],"wp:attachment":[{"href":"https:\/\/amorlingua.com\/en\/wp-json\/wp\/v2\/media?parent=2169"}],"wp:term":[{"taxonomy":"product_brand","embeddable":true,"href":"https:\/\/amorlingua.com\/en\/wp-json\/wp\/v2\/product_brand?post=2169"},{"taxonomy":"product_cat","embeddable":true,"href":"https:\/\/amorlingua.com\/en\/wp-json\/wp\/v2\/product_cat?post=2169"},{"taxonomy":"product_tag","embeddable":true,"href":"https:\/\/amorlingua.com\/en\/wp-json\/wp\/v2\/product_tag?post=2169"}],"curies":[{"name":"wp","href":"https:\/\/api.w.org\/{rel}","templated":true}]}}