{"id":1900,"date":"2021-02-19T12:48:43","date_gmt":"2021-02-19T12:48:43","guid":{"rendered":"https:\/\/www.amorlingua.com\/?post_type=product&#038;p=1900"},"modified":"2025-07-30T00:00:10","modified_gmt":"2025-07-30T00:00:10","slug":"fotografija","status":"publish","type":"product","link":"https:\/\/amorlingua.com\/en\/\u0161kola\/fotografija\/","title":{"rendered":"Digital Photography"},"content":{"rendered":"<p>Photography<\/p>\n<p>Enroll in Photography Education and improve your photography skills.<\/p>\n<p>Regardless of what your level of experience is or what type of camera you use, this in-depth course is designed to provide you with everything you need to take your photography skills to the next level.<br \/>\nWhether you prefer taking photos of nature, animals, or people, a great photographer knows how to compose a shot, light it, and edit it. By honing these skills, you can sell your photos so you can turn your passion into a career. This course shows you how.<br \/>\nUnlike other photography classes that are more limited in scope, this complete course teaches you how to take amazing photos and how to make money by selling them.<\/p>\n<p><strong>Who is this education for? If you belong to one of these groups, you are in the right place!<\/strong><\/p>\n<p>\u2022\tAnyone who wants to take better photos<br \/>\n\u2022\tAbsolute beginners who want to become skilled photographers<br \/>\n\u2022\tMoms, dads, kids, grandparents, and anyone else who wants to document their lives in a beautiful way<br \/>\n\u2022\tAmateur photographers wanting to improve their skills<br \/>\n\u2022\tPhotographers looking to make money with their skills<\/p>\n<p><strong>What will you learn in this education?<\/strong><br \/>\n\u2022 how the camera truly works, so you can take better photos using manual settings<br \/>\n\u2022 how to photograph in different scenarios like family portraits, landscapes, aerial, product, wildlife, and much more<br \/>\n\u2022 how to compose images beautifully with basic photography rules<br \/>\n\u2022 how to light your subjects with flash and natural lighting<br \/>\n\u2022 how to edit your photos like a professional<br \/>\n\u2022 how to make money with photography<br \/>\n\u2022how to take better photos with your smart phones<\/p>\n<p>Vrsta te\u010daja Opis programa Broj sati Cijena u eurima<br \/>\nGrupni te\u010daj 850<br \/>\nOnline te\u010daj 1 na 2 = 1050\/ po osobi<br \/>\nOnline te\u010daj 1 na 1\u00a0 = 1800\u00a0 po osobi<\/p>\n<p>Conditions for enroling:<\/p>\n<p>High School Diploma<\/p>\n<p>\u2022\tNo fancy camera is required, having camera (even a smartphone) will help you learn as we prompt you with practice activities.<br \/>\n\u2022\tNo prior knowledge of photography is required - this course is geared for absolute beginners.<\/p>\n<h3>DOCUMENTS REQUIRED FOR ENROLLMENT<\/h3>\n<ul>\n<li>Birth certificate or a certificate of nationality<\/li>\n<li>Identity card<\/li>\n<li>High school report<\/li>\n<\/ul>\n<p>Duration of education: 60 lessons<\/p>\n<p>&nbsp;<\/p>\n<p>&nbsp;<\/p>\n<p>&nbsp;<\/p>","protected":false},"excerpt":{"rendered":"<p>Fotografija Upi\u0161ite edukaciju Digitalne fotografije i usavr\u0161ite svoje poznavanje fotografije. Bez obzira na va\u0161u razinu iskustva ili na vrstu fotoaparata koji koristite, ova edukacija osmi\u0161ljena je kako bi vam pru\u017eila sve \u0161to je potrebno da va\u0161e fotografske vje\u0161tine podignete na vi\u0161u razinu. Bilo da vi\u0161e volite fotografirati prirodu, \u017eivotinje ili ljude, izvrstan fotograf zna kako [&hellip;]<\/p>\n","protected":false},"featured_media":2167,"template":"","meta":{"om_disable_all_campaigns":false,"_monsterinsights_skip_tracking":false,"_monsterinsights_sitenote_active":false,"_monsterinsights_sitenote_note":"","_monsterinsights_sitenote_category":0,"_uf_show_specific_survey":0,"_uf_disable_surveys":false,"h5ap_radio_sources":[]},"product_brand":[],"product_cat":[30,328],"product_tag":[331,329,330],"class_list":{"0":"post-1900","1":"product","2":"type-product","3":"status-publish","4":"has-post-thumbnail","6":"product_cat-specijalizirani-tecajevi","7":"product_cat-fotografija","8":"product_tag-edukacija-fotografije","9":"product_tag-fotografija","10":"product_tag-tecaj-fotografije","12":"entry","13":"has-media","15":"first","16":"instock","17":"shipping-taxable","18":"purchasable","19":"product-type-simple","20":"has-product-nav","21":"col","22":"span_1_of_3","23":"owp-content-center","24":"owp-thumbs-layout-horizontal","25":"owp-btn-big","26":"owp-tabs-layout-section"},"_links":{"self":[{"href":"https:\/\/amorlingua.com\/en\/wp-json\/wp\/v2\/product\/1900","targetHints":{"allow":["GET"]}}],"collection":[{"href":"https:\/\/amorlingua.com\/en\/wp-json\/wp\/v2\/product"}],"about":[{"href":"https:\/\/amorlingua.com\/en\/wp-json\/wp\/v2\/types\/product"}],"wp:featuredmedia":[{"embeddable":true,"href":"https:\/\/amorlingua.com\/en\/wp-json\/wp\/v2\/media\/2167"}],"wp:attachment":[{"href":"https:\/\/amorlingua.com\/en\/wp-json\/wp\/v2\/media?parent=1900"}],"wp:term":[{"taxonomy":"product_brand","embeddable":true,"href":"https:\/\/amorlingua.com\/en\/wp-json\/wp\/v2\/product_brand?post=1900"},{"taxonomy":"product_cat","embeddable":true,"href":"https:\/\/amorlingua.com\/en\/wp-json\/wp\/v2\/product_cat?post=1900"},{"taxonomy":"product_tag","embeddable":true,"href":"https:\/\/amorlingua.com\/en\/wp-json\/wp\/v2\/product_tag?post=1900"}],"curies":[{"name":"wp","href":"https:\/\/api.w.org\/{rel}","templated":true}]}}