{"id":1791,"date":"2020-11-26T15:27:31","date_gmt":"2020-11-26T15:27:31","guid":{"rendered":"https:\/\/www.amorlingua.com\/?post_type=product&#038;p=1791"},"modified":"2023-07-18T10:45:08","modified_gmt":"2023-07-18T10:45:08","slug":"instrukcije-knjigovodstva","status":"publish","type":"product","link":"https:\/\/amorlingua.com\/en\/\u0161kola\/instrukcije-knjigovodstva\/","title":{"rendered":"Instrukcije knjigovodstva &#8211; online"},"content":{"rendered":"<p>Instrukcije knjigovodstva &#8211; online<\/p>\n<p>Instrukcije iz knjigovodstva za srednje \u0161kole i fakultete, po Va\u0161im ili na\u0161im zadacima!<\/p>\n<p>Instrukcije su namijenjene osobama koje se po prvi put susre\u0107u sa knjigovodstvom, osobama kojima treba objasniti princip knji\u017eenja i sam zakon knjigovodstva putem prakti\u010dnog dijela, osobama srednjo\u0161kolske dobi te osobama sa studija ekonomije ili drugih smjerova koji obuhva\u0107aju predmet knjigovodstva. Isto tako i za osobe koje tek po\u010dinju raditi u sektoru knjigovodstva te im je potrebno stru\u010dno vodstvo.<\/p>\n<p>Instrukcije iz knjigovodstva provoditi \u0107e klasificirana osoba sa zavr\u0161enom ekonomskom srednjom stru\u010dnom i spremom te zavr\u0161enim fakultetskim obrazovanjem diplomiranog stru\u010dnog ekonomista.<\/p>\n<p>Na\u010din nastave mo\u017ee se provoditi grupno, online ili individualno.<\/p>\n<p>Nau\u010di pripremiti dokumentaciju za knjigovodstvenu obradu, primijeni zakonske propise pri obavljanju knjigovodstvenih poslova, koristi ra\u010dunalne knjigovodstvene programe pri vo\u0111enju poslovnih knjiga, pripremi i knji\u017ei knjigovodstvene podatke za mjese\u010dnu, periodi\u010dnu i godi\u0161nju obradu, pripremi dokumentaciju za sastavljanje financijskih izvje\u0161taja!<\/p>\n<p>Neka ti knjigovodstvo bude u malom prstu!<\/p>\n<p>Cijena paketa od 10 sati: 120,00 \u20ac (904,14 HRK)<\/p>\n<p>Cijena paketa od 20 sati: 210,00 \u20ac (1.582,25 HRK)<\/p>","protected":false},"excerpt":{"rendered":"<p>Instrukcije knjigovodstva &#8211; online Instrukcije iz knjigovodstva za srednje \u0161kole i fakultete, po Va\u0161im ili na\u0161im zadacima! Instrukcije su namijenjene osobama koje se po prvi put susre\u0107u sa knjigovodstvom, osobama kojima treba objasniti princip knji\u017eenja i sam zakon knjigovodstva putem prakti\u010dnog dijela, osobama srednjo\u0161kolske dobi te osobama sa studija ekonomije ili drugih smjerova koji obuhva\u0107aju [&hellip;]<\/p>\n","protected":false},"featured_media":321,"template":"","meta":{"om_disable_all_campaigns":false,"_monsterinsights_skip_tracking":false,"_monsterinsights_sitenote_active":false,"_monsterinsights_sitenote_note":"","_monsterinsights_sitenote_category":0,"_uf_show_specific_survey":0,"_uf_disable_surveys":false,"h5ap_radio_sources":[]},"product_brand":[],"product_cat":[42],"product_tag":[173,104,192],"class_list":{"0":"post-1791","1":"product","2":"type-product","3":"status-publish","4":"has-post-thumbnail","6":"product_cat-instrukcije","7":"product_tag-instrukcije","8":"product_tag-knjigovodstvo","9":"product_tag-online","11":"entry","12":"has-media","14":"first","15":"instock","16":"shipping-taxable","17":"product-type-simple","18":"has-product-nav","19":"col","20":"span_1_of_3","21":"owp-content-center","22":"owp-thumbs-layout-horizontal","23":"owp-btn-big","24":"owp-tabs-layout-section"},"_links":{"self":[{"href":"https:\/\/amorlingua.com\/en\/wp-json\/wp\/v2\/product\/1791","targetHints":{"allow":["GET"]}}],"collection":[{"href":"https:\/\/amorlingua.com\/en\/wp-json\/wp\/v2\/product"}],"about":[{"href":"https:\/\/amorlingua.com\/en\/wp-json\/wp\/v2\/types\/product"}],"wp:featuredmedia":[{"embeddable":true,"href":"https:\/\/amorlingua.com\/en\/wp-json\/wp\/v2\/media\/321"}],"wp:attachment":[{"href":"https:\/\/amorlingua.com\/en\/wp-json\/wp\/v2\/media?parent=1791"}],"wp:term":[{"taxonomy":"product_brand","embeddable":true,"href":"https:\/\/amorlingua.com\/en\/wp-json\/wp\/v2\/product_brand?post=1791"},{"taxonomy":"product_cat","embeddable":true,"href":"https:\/\/amorlingua.com\/en\/wp-json\/wp\/v2\/product_cat?post=1791"},{"taxonomy":"product_tag","embeddable":true,"href":"https:\/\/amorlingua.com\/en\/wp-json\/wp\/v2\/product_tag?post=1791"}],"curies":[{"name":"wp","href":"https:\/\/api.w.org\/{rel}","templated":true}]}}