{"id":1315,"date":"2020-08-27T10:39:29","date_gmt":"2020-08-27T10:39:29","guid":{"rendered":"https:\/\/www.amorlingua.com\/?post_type=product&#038;p=1315"},"modified":"2025-07-23T07:23:23","modified_gmt":"2025-07-23T07:23:23","slug":"edukacija-ugradnje-trepavica","status":"publish","type":"product","link":"https:\/\/amorlingua.com\/en\/\u0161kola\/edukacija-ugradnje-trepavica\/","title":{"rendered":"Edukacija ugradnje trepavica"},"content":{"rendered":"<h3><strong>Edukacija ugradnje trepavica<\/strong><\/h3>\n<p>Termin 18.7.2025 i 25.07.2025.<\/p>\n<p>Rezervacije do 7.srpnja.2025.<\/p>\n<h3><strong>Program ugradnje trepavica obuhva\u0107a:<\/strong><\/h3>\n<p><strong>1. teoretski dio ugradnje<\/strong><\/p>\n<ul>\n<li>primjena pribora za ugradnju<\/li>\n<li>razlikovanje vrsta trepavica<\/li>\n<li>kontraindikcije<\/li>\n<li>higijena pribora i dezinfekcija podru\u010dja oka<\/li>\n<li>na\u010din odr\u017eavanja trepavica<\/li>\n<\/ul>\n<p><strong>2.prakti\u010dan dio ugradnje<\/strong><\/p>\n<ul>\n<li>pravilno kori\u0161tenje pribora za ugradnju ekstenzija trepavica<\/li>\n<li>raspoznavanje odre\u0111ene vrste trepavica za odre\u0111en oblik oka<\/li>\n<li>primjena ugradnje trepavica na modelu<\/li>\n<\/ul>\n<p>&nbsp;<\/p>\n<h3><strong>Svake o\u010di su lijepe na svoj na\u010din, ali trepavice im daju tu mo\u0107 i \u010daroliju pogleda!<\/strong><\/h3>\n<p>Trepavice nam daju svje\u017e pogled i bezbri\u017ena jutra kada mo\u017eemo izgledati \u010darobno bez u\u017eurbanog i svakodnevnog \u0161minkanja. U dana\u0161njem svijetu trepavice su glavna ikona modernog stylinga, zbog svoje popularnosti te\u010daj ugradnje trepavica je sve tra\u017eeniji jer potra\u017enja za profesionalnom osobom koja \u0107e primjeniti ugradnju je svakim danom sve ve\u0107a.<\/p>\n<p>Na edukaciji se polaznici upoznaju sa priborom koji je namijenjen za ugradnju trepavica i na\u010dinom primjene odre\u0111enog pribora, upoznaju se sa razli\u010ditim vrstama trepavica te raspoznaju koji stil odnosno vrsta trepavica odgovara odre\u0111enom obliku oka kako bi dobili \u017eeljeni look.<\/p>\n<p>Zatim u\u010de o fazama ispadanja prirodnih trepavica te za\u0161tite i njege trepavica prije i nakon tretmana, prikazuje im se primjena dezinfekcije podru\u010dja oka i higijene potrebnog pribora za ugradnju.<\/p>\n<p>Prakti\u010dan dio provode na modelu te nakon zavr\u0161ene edukacije osposobljeni su za samostalan rad sa dodijeljenom diplomom.<\/p>\n<h3><strong>Program se sastoji od dvije edukacije:<\/strong><\/h3>\n<p>1.ugradnja klasi\u010dnih trepavica 1 na 1<\/p>\n<p>2.ugradnja volumenskih (mega) trepavica 2D,3D,4D,6D<\/p>\n<p><strong>Course price<\/strong><\/p>\n<table width=\"680\">\n<tbody>\n<tr>\n<td width=\"208\"><strong>Course<\/strong><\/td>\n<td width=\"251\"><strong>Program description<\/strong><\/td>\n<td width=\"103\"><strong>Lessons<\/strong><\/td>\n<td width=\"118\"><strong>Cijena u eurima<\/strong><\/td>\n<\/tr>\n<tr>\n<td width=\"208\"><strong>Ugradnja klasi\u010dnih, hibridnih i volumenskih trepavica<\/strong><\/td>\n<td width=\"251\"><strong>Klasi\u010dne, hibridne i volumenske ekstenzije trepavica<\/strong><\/td>\n<td width=\"103\"><strong>20<\/strong><\/td>\n<td width=\"118\"><strong>Regular price:<\/strong><\/p>\n<p>700,00<\/p>\n<p><strong>First minute price:<\/strong><\/p>\n<p><strong>650,00<\/strong><\/td>\n<\/tr>\n<\/tbody>\n<\/table>","protected":false},"excerpt":{"rendered":"<p>Edukacija ugradnje trepavica Termin 18.7.2025 i 25.07.2025. Rezervacije do 7.srpnja.2025. Program ugradnje trepavica obuhva\u0107a: 1. teoretski dio ugradnje primjena pribora za ugradnju razlikovanje vrsta trepavica kontraindikcije higijena pribora i dezinfekcija podru\u010dja oka na\u010din odr\u017eavanja trepavica 2.prakti\u010dan dio ugradnje pravilno kori\u0161tenje pribora za ugradnju ekstenzija trepavica raspoznavanje odre\u0111ene vrste trepavica za odre\u0111en oblik oka primjena ugradnje [&hellip;]<\/p>\n","protected":false},"featured_media":1316,"template":"","meta":{"om_disable_all_campaigns":false,"_monsterinsights_skip_tracking":false,"_monsterinsights_sitenote_active":false,"_monsterinsights_sitenote_note":"","_monsterinsights_sitenote_category":0,"_uf_show_specific_survey":0,"_uf_disable_surveys":false,"h5ap_radio_sources":[]},"product_brand":[],"product_cat":[291,386],"product_tag":[293,294,292,295],"class_list":{"0":"post-1315","1":"product","2":"type-product","3":"status-publish","4":"has-post-thumbnail","6":"product_cat-ugradnja-trepavica","7":"product_cat-kozmeticke-edukacije","8":"product_tag-edukacija-ugradnje","9":"product_tag-tecaj-ugradnje-trepavica","10":"product_tag-trepavice","11":"product_tag-ugradnja","13":"entry","14":"has-media","16":"first","17":"instock","18":"sale","19":"shipping-taxable","20":"purchasable","21":"product-type-simple","22":"has-product-nav","23":"col","24":"span_1_of_3","25":"owp-content-center","26":"owp-thumbs-layout-horizontal","27":"owp-btn-big","28":"owp-tabs-layout-section"},"_links":{"self":[{"href":"https:\/\/amorlingua.com\/en\/wp-json\/wp\/v2\/product\/1315","targetHints":{"allow":["GET"]}}],"collection":[{"href":"https:\/\/amorlingua.com\/en\/wp-json\/wp\/v2\/product"}],"about":[{"href":"https:\/\/amorlingua.com\/en\/wp-json\/wp\/v2\/types\/product"}],"wp:featuredmedia":[{"embeddable":true,"href":"https:\/\/amorlingua.com\/en\/wp-json\/wp\/v2\/media\/1316"}],"wp:attachment":[{"href":"https:\/\/amorlingua.com\/en\/wp-json\/wp\/v2\/media?parent=1315"}],"wp:term":[{"taxonomy":"product_brand","embeddable":true,"href":"https:\/\/amorlingua.com\/en\/wp-json\/wp\/v2\/product_brand?post=1315"},{"taxonomy":"product_cat","embeddable":true,"href":"https:\/\/amorlingua.com\/en\/wp-json\/wp\/v2\/product_cat?post=1315"},{"taxonomy":"product_tag","embeddable":true,"href":"https:\/\/amorlingua.com\/en\/wp-json\/wp\/v2\/product_tag?post=1315"}],"curies":[{"name":"wp","href":"https:\/\/api.w.org\/{rel}","templated":true}]}}