{"id":1193,"date":"2020-08-10T10:22:38","date_gmt":"2020-08-10T10:22:38","guid":{"rendered":"https:\/\/www.amorlingua.com\/?post_type=product&#038;p=1193"},"modified":"2025-08-08T09:10:26","modified_gmt":"2025-08-08T09:10:26","slug":"engleski-jezik-program-newborn-child","status":"publish","type":"product","link":"https:\/\/amorlingua.com\/en\/\u0161kola\/engleski-jezik-program-newborn-child\/","title":{"rendered":"English language - Newborn child program"},"content":{"rendered":"<h2><strong>English language - Newborn child program<\/strong><\/h2>\n<h4><strong>Perfect the language without which the 21st century is unthinkable - English language<\/strong><\/h4>\n<p>English is spoken by more than two billion people and is undoubtedly the most important language of global communication. English has been taught since preschool days due to it being present in all modern media and basic prerequisites for employment.<\/p>\n<p>Jedan od najboljih programa U\u010dili\u0161ta Amor Lingua, <strong>Newborn child<\/strong>. Odaberite intenzivni te\u010daj engleskog jezika i novi stil u\u010denja kroz komunikacijske vje\u0161tine i prakti\u010dnu nastavu.<\/p>\n<p>&nbsp;<\/p>\n<p>Engleski jezik mo\u017eete usvojiti na isti na\u010din na koji ste nau\u010dili svoj materinski \u2013 prirodno, intuitivno i kroz razgovor.<br \/>\nOvaj svjetski standard za razvoj govornih vje\u0161tina sastoji se od intuitivnog i razgovornog, ali ujedno i vrlo strukturiranog stila nastave koji se vodi isklju\u010divo na engleskom jeziku.<br \/>\nBez obzira na dob ili razloge u\u010denja \u2013 polaznici diljem svijeta vole ovu metodu jer je prirodna i izrazito u\u010dinkovita.<\/p>\n<p>Prije po\u010detka u\u010denja, odre\u0111uju se jasni ciljevi i procjenjuje po\u010detna razina znanja. Nastavni materijali i tempo u\u010denja prilago\u0111avaju se Va\u0161em trenutnom stupnju, \u0161to osigurava motiviranost i brze rezultate.<\/p>\n<p>Klju\u010dni elementi pristupa u\u010denju jezika programom Newborn child:<\/p>\n<p><strong><span style=\"color: #339966;\">URANJANJE U JEZIK S INTUICIJOM<\/span><\/strong><br \/>\nNastava se odvija isklju\u010divo na engleskom jeziku, \u0161to omogu\u0107uje br\u017ee usvajanje i poti\u010de razmi\u0161ljanje na engleskom jeziku umjesto prevo\u0111enja na taj jezik. Gramatiku usvajate na prirodan na\u010din. Profesori Vam kroz razgovor razvijaju intuitivan osje\u0107aj za gramatiku, kao \u0161to ste to u\u010dinili s materinskim jezikom.<\/p>\n<p><strong><span style=\"color: #339966;\">PRILAGO\u0110ENI SADR\u017dAJ USMJEREN NA CILJEVE<\/span><\/strong><br \/>\nProgram se oblikuje prema Va\u0161im osobnim ciljevima, interesima i struci, \u010dime se osigurava primjena nau\u010denog u svakodnevnim i profesionalnim situacijama. Profesori pronalaze ravnote\u017eu izme\u0111u te\u010dnosti izra\u017eavanja i gramati\u010dke to\u010dnosti, kako u govoru, tako i u pisanju.<\/p>\n<p><strong><span style=\"color: #339966;\">VISOK UDIO GOVORA\u00a0<\/span><\/strong><br \/>\nNajve\u0107i dio nastave provodite u aktivnom razgovoru, \u0161to ubrzava proces usvajanja jezika te smanjuje pogre\u0161ke i nesigurnost.<\/p>\n<p><strong><span style=\"color: #339966;\">METODE PRILAGO\u0110ENE VAMA<\/span><\/strong><br \/>\nNastava se prilago\u0111ava Va\u0161em stilu u\u010denja, \u0161to znatno pove\u0107ava u\u010dinkovitost i brzinu napretka.<\/p>\n<p>Bilo da u\u010dite u u\u010dionici, na svom radnom mjestu ili online, ovaj pristup odr\u017eava motivaciju i vodi Vas prema sigurnoj i uspje\u0161noj komunikaciji na engleskom jeziku.<\/p>\n<p>&nbsp;<\/p>\n<p>Od prvog sata aktivno sudjelujete u razgovoru na engleskom jeziku. Potpuno uranjanje u jezik ubrzava napredak, ja\u010da samopouzdanje i uklanja strah od komunikacije. Pravila jezika u\u010dite kroz prakti\u010dnu primjenu u razgovoru u kojem u\u010dite ispravno govoriti, posti\u017eu\u0107i ravnote\u017eu izme\u0111u preciznosti i te\u010dne komunikacije \u2013 ba\u0161 kao \u0161to ste nau\u010dili svoj prvi jezik.<\/p>\n<p>Ako \u017eelite u najkra\u0107em roku vrlo kvalitetno nau\u010diti engleski jezik, ovaj je te\u010daj stvoren za Vas! Nau\u010dite engleski jezik prirodnom metodom intuitivnog stjecanja znanja.<\/p>\n<p>&nbsp;<\/p>\n<h3>Na\u0161i profesori pomo\u0107i \u0107e Vam da svladate vje\u0161tine razmi\u0161ljanja i komunikacije na engleskom jeziku!<\/h3>\n<p>&nbsp;<\/p>\n<p>The course is held from Monday to Friday, every day for three hours, for a full four weeks.<\/p>\n<p>&nbsp;<\/p>","protected":false},"excerpt":{"rendered":"<p>Engleski jezik &#8211; program Newborn child Usavr\u0161i jezik bez kojeg je 21. stolje\u0107e nezamislivo \u2013 engleski jezik Engleski jezik govori vi\u0161e od dvije milijarde ljudi te je nesumnjivo najva\u017eniji jezik globalne komunikacije. Engleski jezik u\u010di se ve\u0107 od pred\u0161kolskih dana, prisutan je u svim suvremenim medijima te je osnovni preduvjet za zapo\u0161ljavanje. Jedan od najboljih [&hellip;]<\/p>\n","protected":false},"featured_media":105,"template":"","meta":{"om_disable_all_campaigns":false,"_monsterinsights_skip_tracking":false,"_monsterinsights_sitenote_active":false,"_monsterinsights_sitenote_note":"","_monsterinsights_sitenote_category":0,"_uf_show_specific_survey":0,"_uf_disable_surveys":false,"h5ap_radio_sources":[]},"product_brand":[],"product_cat":[21,23],"product_tag":[49,48,280,281,279],"class_list":{"0":"post-1193","1":"product","2":"type-product","3":"status-publish","4":"has-post-thumbnail","6":"product_cat-skola-stranih-jezika","7":"product_cat-engleski-jezik","8":"product_tag-engleski","9":"product_tag-engleski-jezik","10":"product_tag-intenzivni","11":"product_tag-intezivni-tecaj","12":"product_tag-newborn-child","14":"entry","15":"has-media","17":"first","18":"instock","19":"shipping-taxable","20":"purchasable","21":"product-type-variable","22":"has-product-nav","23":"col","24":"span_1_of_3","25":"owp-content-center","26":"owp-thumbs-layout-horizontal","27":"owp-btn-big","28":"owp-tabs-layout-section","29":"has-no-thumbnails"},"_links":{"self":[{"href":"https:\/\/amorlingua.com\/en\/wp-json\/wp\/v2\/product\/1193","targetHints":{"allow":["GET"]}}],"collection":[{"href":"https:\/\/amorlingua.com\/en\/wp-json\/wp\/v2\/product"}],"about":[{"href":"https:\/\/amorlingua.com\/en\/wp-json\/wp\/v2\/types\/product"}],"wp:featuredmedia":[{"embeddable":true,"href":"https:\/\/amorlingua.com\/en\/wp-json\/wp\/v2\/media\/105"}],"wp:attachment":[{"href":"https:\/\/amorlingua.com\/en\/wp-json\/wp\/v2\/media?parent=1193"}],"wp:term":[{"taxonomy":"product_brand","embeddable":true,"href":"https:\/\/amorlingua.com\/en\/wp-json\/wp\/v2\/product_brand?post=1193"},{"taxonomy":"product_cat","embeddable":true,"href":"https:\/\/amorlingua.com\/en\/wp-json\/wp\/v2\/product_cat?post=1193"},{"taxonomy":"product_tag","embeddable":true,"href":"https:\/\/amorlingua.com\/en\/wp-json\/wp\/v2\/product_tag?post=1193"}],"curies":[{"name":"wp","href":"https:\/\/api.w.org\/{rel}","templated":true}]}}