{"id":1192,"date":"2020-08-10T10:12:31","date_gmt":"2020-08-10T10:12:31","guid":{"rendered":"https:\/\/www.amorlingua.com\/?post_type=product&#038;p=1192"},"modified":"2025-08-07T12:59:46","modified_gmt":"2025-08-07T12:59:46","slug":"engleski-jezik-business-program","status":"publish","type":"product","link":"https:\/\/amorlingua.com\/en\/\u0161kola\/engleski-jezik-business-program\/","title":{"rendered":"English language \u2013 Business program"},"content":{"rendered":"<h2>English language \u2013 Business program<\/h2>\n<p>This business program is intended for students who are interested in the field of economics, marketing and finance and want to develop their business skills and gain experience in one of the spheres of economics.<\/p>\n<p>Business English is essential for advancement in the business world of the 21st century.<\/p>\n<p>Improving your vocabulary and English language skills will also help you open up new career opportunities.<\/p>\n<p>&nbsp;<\/p>\n<p>Professional interaction, business terminology, telephone conversations, business e-mails and presentations\u2026<\/p>\n<p>Required level of English: B1, B2 or C1<\/p>\n<p class=\"_04xlpA direction-ltr align-justify para-style-body\">Lessons are held Monday through Friday.<\/p>\n<p>Trajanje te\u010daja: 3 tjedna (60 sati)<\/p>","protected":false},"excerpt":{"rendered":"<p>Engleski jezik &#8211; Business program Ovaj poslovni program namijenjen je studentima koje zanima podru\u010dje ekonomije, marketinga i financija i \u017eele razviti svoje poslovne vje\u0161tine i ste\u0107i iskustvo u nekoj od sfera ekonomije. Poslovni engleski neophodan je za napredovanje u poslovnom svijetu 21. stolje\u0107a. Pobolj\u0161anje vokabulara i znanja engleskog jezika pomo\u0107i \u0107e vam i otvoriti nove [&hellip;]<\/p>\n","protected":false},"featured_media":310,"template":"","meta":{"om_disable_all_campaigns":false,"_monsterinsights_skip_tracking":false,"_monsterinsights_sitenote_active":false,"_monsterinsights_sitenote_note":"","_monsterinsights_sitenote_category":0,"_uf_show_specific_survey":0,"_uf_disable_surveys":false,"h5ap_radio_sources":[]},"product_brand":[],"product_cat":[21,23],"product_tag":[49,48,277,278],"class_list":{"0":"post-1192","1":"product","2":"type-product","3":"status-publish","4":"has-post-thumbnail","6":"product_cat-skola-stranih-jezika","7":"product_cat-engleski-jezik","8":"product_tag-engleski","9":"product_tag-engleski-jezik","10":"product_tag-poslovni-engleski","11":"product_tag-poslovni-jezik","13":"entry","14":"has-media","16":"first","17":"instock","18":"shipping-taxable","19":"purchasable","20":"product-type-simple","21":"has-product-nav","22":"col","23":"span_1_of_3","24":"owp-content-center","25":"owp-thumbs-layout-horizontal","26":"owp-btn-big","27":"owp-tabs-layout-section","28":"has-no-thumbnails"},"_links":{"self":[{"href":"https:\/\/amorlingua.com\/en\/wp-json\/wp\/v2\/product\/1192","targetHints":{"allow":["GET"]}}],"collection":[{"href":"https:\/\/amorlingua.com\/en\/wp-json\/wp\/v2\/product"}],"about":[{"href":"https:\/\/amorlingua.com\/en\/wp-json\/wp\/v2\/types\/product"}],"wp:featuredmedia":[{"embeddable":true,"href":"https:\/\/amorlingua.com\/en\/wp-json\/wp\/v2\/media\/310"}],"wp:attachment":[{"href":"https:\/\/amorlingua.com\/en\/wp-json\/wp\/v2\/media?parent=1192"}],"wp:term":[{"taxonomy":"product_brand","embeddable":true,"href":"https:\/\/amorlingua.com\/en\/wp-json\/wp\/v2\/product_brand?post=1192"},{"taxonomy":"product_cat","embeddable":true,"href":"https:\/\/amorlingua.com\/en\/wp-json\/wp\/v2\/product_cat?post=1192"},{"taxonomy":"product_tag","embeddable":true,"href":"https:\/\/amorlingua.com\/en\/wp-json\/wp\/v2\/product_tag?post=1192"}],"curies":[{"name":"wp","href":"https:\/\/api.w.org\/{rel}","templated":true}]}}