{"id":11719,"date":"2026-03-19T13:37:50","date_gmt":"2026-03-19T13:37:50","guid":{"rendered":"https:\/\/amorlingua.com\/?post_type=product&#038;p=11719"},"modified":"2026-03-19T13:39:19","modified_gmt":"2026-03-19T13:39:19","slug":"edukacija-za-puder-obrve-mikropigmentacija","status":"publish","type":"product","link":"https:\/\/amorlingua.com\/en\/\u0161kola\/edukacija-za-puder-obrve-mikropigmentacija\/","title":{"rendered":"Edukacija za Puder obrve (Mikropigmentacija)"},"content":{"rendered":"<p><strong>Edukacija za Puder obrve (Mikropigmentacija)<\/strong><\/p>\n<p>Edukacija za Puder obrve obuhva\u0107a teorijski dio o mikropigmentaciji, ko\u017ei i pigmentima te prakti\u010dan rad na modelu i latexu pod vodstvom edukatora.<\/p>\n<p>Program edukacije traje\u00a0 1-2 dana.<\/p>\n<p><strong>Upi\u0161ite edukaciju u roku do 26.O\u017eujka 2026.i postanite profesionalac u kreiranju obrva!<\/strong><\/p>\n<p><strong>Termin po\u010detka programa: <\/strong><\/p>\n<ul>\n<li><strong>26.O\u017eujak 2026. u 12:00h<\/strong><\/li>\n<li><strong>31.O\u017eujak 2026. u 13:00h<\/strong><\/li>\n<\/ul>\n<section class=\"text-token-text-primary w-full focus:outline-none [--shadow-height:45px] has-data-writing-block:pointer-events-none has-data-writing-block:-mt-(--shadow-height) has-data-writing-block:pt-(--shadow-height) [&amp;:has([data-writing-block])&gt;*]:pointer-events-auto scroll-mt-(--header-height)\" dir=\"auto\" data-turn-id=\"0e4a8d43-c850-4b51-9fab-54c8daae39cd\" data-testid=\"conversation-turn-3\" data-scroll-anchor=\"false\" data-turn=\"user\"><\/section>\n<section class=\"text-token-text-primary w-full focus:outline-none [--shadow-height:45px] has-data-writing-block:pointer-events-none has-data-writing-block:-mt-(--shadow-height) has-data-writing-block:pt-(--shadow-height) [&amp;:has([data-writing-block])&gt;*]:pointer-events-auto scroll-mt-[calc(var(--header-height)+min(200px,max(70px,20svh)))]\" dir=\"auto\" data-turn-id=\"request-WEB:3ab14fb6-a328-42a2-aafe-2e3f2c47c0c9-1\" data-testid=\"conversation-turn-4\" data-scroll-anchor=\"true\" data-turn=\"assistant\">\n<div class=\"text-base my-auto mx-auto pb-10 [--thread-content-margin:var(--thread-content-margin-xs,calc(var(--spacing)*4))] @w-sm\/main:[--thread-content-margin:var(--thread-content-margin-sm,calc(var(--spacing)*6))] @w-lg\/main:[--thread-content-margin:var(--thread-content-margin-lg,calc(var(--spacing)*16))] px-(--thread-content-margin)\">\n<div class=\"[--thread-content-max-width:40rem] @w-lg\/main:[--thread-content-max-width:48rem] mx-auto max-w-(--thread-content-max-width) flex-1 group\/turn-messages focus-visible:outline-hidden relative flex w-full min-w-0 flex-col agent-turn\">\n<div class=\"flex max-w-full flex-col gap-4 grow\">\n<div class=\"min-h-8 text-message relative flex w-full flex-col items-end gap-2 text-start break-words whitespace-normal outline-none keyboard-focused:focus-ring [.text-message+&amp;]:mt-1\" dir=\"auto\" tabindex=\"0\" data-message-author-role=\"assistant\" data-message-id=\"677932ec-d874-4ce1-bc7c-bc2caac62f45\" data-message-model-slug=\"gpt-5-3\" data-turn-start-message=\"true\">\n<div class=\"flex w-full flex-col gap-1 empty:hidden\">\n<div class=\"markdown prose dark:prose-invert w-full wrap-break-word light markdown-new-styling\">\n<p data-start=\"0\" data-end=\"210\"><strong data-start=\"0\" data-end=\"21\">Mikropigmentacija<\/strong> (\u010desto zvana i trajna \u0161minka) je kozmeti\u010dki tretman u kojem se pigment unosi u povr\u0161inski sloj ko\u017ee kako bi se naglasile ili oblikovale odre\u0111ene crte lica.<\/p>\n<p data-start=\"0\" data-end=\"210\">Puder obrve (powder brows) su jedna od najpopularnijih vrsta mikropigmentacije jer pru\u017eaju mekan, \u201cna\u0161minkan\u201d efekt, ali i dalje prirodan.<\/p>\n<h3 data-section-id=\"j4e1wr\" data-start=\"212\" data-end=\"239\">\ud83d\udd39 \u0160to to\u010dno uklju\u010duje?<\/h3>\n<ul data-start=\"240\" data-end=\"398\">\n<li data-section-id=\"8s4ijf\" data-start=\"240\" data-end=\"285\">\n<p data-start=\"242\" data-end=\"285\">pomo\u0107u tanke igle unosi se pigment u ko\u017eu<\/p>\n<\/li>\n<li data-section-id=\"1o17ffy\" data-start=\"286\" data-end=\"351\">\n<p data-start=\"288\" data-end=\"351\">rezultat je dugotrajan (ali nije potpuno trajan kao tetova\u017ea)<\/p>\n<\/li>\n<li data-section-id=\"1lfksry\" data-start=\"352\" data-end=\"398\">\n<p data-start=\"354\" data-end=\"398\">postupak traje 1\u20133 sata, ovisno o podru\u010dju<\/p>\n<\/li>\n<\/ul>\n<h3 data-section-id=\"hd6o5s\" data-start=\"400\" data-end=\"422\">\ud83d\udd39 Naj\u010de\u0161\u0107e vrste:<\/h3>\n<ul data-start=\"423\" data-end=\"563\">\n<li data-section-id=\"1mjxhsp\" data-start=\"423\" data-end=\"477\">\n<p data-start=\"425\" data-end=\"477\"><strong data-start=\"425\" data-end=\"434\">Obrve<\/strong> (npr. powder brows, hair stroke tehnika)<\/p>\n<\/li>\n<\/ul>\n<h3 data-section-id=\"1p8204w\" data-start=\"565\" data-end=\"585\">\ud83d\udd39 Koliko traje?<\/h3>\n<ul data-start=\"586\" data-end=\"686\">\n<li data-section-id=\"np3q11\" data-start=\"586\" data-end=\"638\">\n<p data-start=\"588\" data-end=\"638\">obi\u010dno <strong data-start=\"595\" data-end=\"612\">1 do 3 godine<\/strong>, uz postupno blije\u0111enje<\/p>\n<\/li>\n<li data-section-id=\"c7pnvn\" data-start=\"639\" data-end=\"686\">\n<p data-start=\"641\" data-end=\"686\">potrebni su <strong data-start=\"653\" data-end=\"686\">korektivni tretmani (refresh)<\/strong><\/p>\n<\/li>\n<\/ul>\n<h3 data-section-id=\"1yyq650\" data-start=\"688\" data-end=\"705\">\ud83d\udd39 Prednosti:<\/h3>\n<p data-start=\"706\" data-end=\"809\">\u2714 \u0161tedi vrijeme (nema svakodnevnog \u0161minkanja)<br data-start=\"751\" data-end=\"754\" \/>\u2714 uvijek uredan izgled<br data-start=\"776\" data-end=\"779\" \/>\u2714 mo\u017ee korigirati asimetriju<\/p>\n<\/div>\n<\/div>\n<\/div>\n<\/div>\n<\/div>\n<\/div>\n<\/section>\n<p data-start=\"0\" data-end=\"137\">Nau\u010diti raditi <strong data-start=\"15\" data-end=\"45\">puder obrve (powder brows)<\/strong> mo\u017ee biti jako dobra odluka, pogotovo ako vas zanima Beauty industrija. Evo glavnih razloga:<\/p>\n<h3 data-section-id=\"rt6zfn\" data-start=\"139\" data-end=\"161\">\ud83d\udcb0 1. Dobra zarada<\/h3>\n<ul data-start=\"162\" data-end=\"333\">\n<li data-section-id=\"1judeqs\" data-start=\"162\" data-end=\"228\">\n<p data-start=\"164\" data-end=\"228\">tretmani mikropigmentacije su me\u0111u skupljima u Beauty uslugama<\/p>\n<\/li>\n<li data-section-id=\"1j2gcdd\" data-start=\"229\" data-end=\"278\">\n<p data-start=\"231\" data-end=\"278\">jedna klijentica mo\u017ee donijeti solidan prihod<\/p>\n<\/li>\n<li data-section-id=\"h41o35\" data-start=\"279\" data-end=\"333\">\n<p data-start=\"281\" data-end=\"333\">s vremenom mo\u017eete podi\u0107i cijene<\/p>\n<\/li>\n<\/ul>\n<h3 data-section-id=\"t0poj4\" data-start=\"335\" data-end=\"361\">\ud83d\udcc8 2. Velika potra\u017enja<\/h3>\n<ul data-start=\"362\" data-end=\"531\">\n<li data-section-id=\"dygb6f\" data-start=\"362\" data-end=\"424\">\n<p data-start=\"364\" data-end=\"424\"><strong data-start=\"364\" data-end=\"379\">puder obrve<\/strong> su trenutno jedna od najtra\u017eenijih tehnika<\/p>\n<\/li>\n<li data-section-id=\"3iiyj5\" data-start=\"425\" data-end=\"499\">\n<p data-start=\"427\" data-end=\"499\">mnoge \u017eene \u017eele dugotrajan, prirodan izgled bez svakodnevnog \u0161minkanja<\/p>\n<\/li>\n<li data-section-id=\"1511khv\" data-start=\"500\" data-end=\"531\">\n<p data-start=\"502\" data-end=\"531\">trend ne opada ve\u0107 godinama<\/p>\n<\/li>\n<\/ul>\n<h3 data-section-id=\"sfqlw4\" data-start=\"533\" data-end=\"558\">\ud83c\udfa8 3. Kreativan posao<\/h3>\n<ul data-start=\"559\" data-end=\"702\">\n<li data-section-id=\"ve4q0i\" data-start=\"559\" data-end=\"605\">\n<p data-start=\"561\" data-end=\"605\">radi\u0161 s licem, oblikom, bojom i simetrijom<\/p>\n<\/li>\n<li data-section-id=\"19wpauu\" data-start=\"606\" data-end=\"657\">\n<p data-start=\"608\" data-end=\"657\">svaki klijent je druga\u010diji \u2192 posao nije monoton<\/p>\n<\/li>\n<li data-section-id=\"104v2dz\" data-start=\"658\" data-end=\"702\">\n<p data-start=\"660\" data-end=\"702\">vidi\u0161 konkretan rezultat svog rada odmah<\/p>\n<\/li>\n<\/ul>\n<h3 data-section-id=\"1pgyhrg\" data-start=\"704\" data-end=\"727\">\ud83d\udd52 4. Fleksibilnost<\/h3>\n<ul data-start=\"728\" data-end=\"866\">\n<li data-section-id=\"bhq123\" data-start=\"728\" data-end=\"768\">\n<p data-start=\"730\" data-end=\"768\">mo\u017ee\u0161 raditi u salonu ili samostalno<\/p>\n<\/li>\n<li data-section-id=\"1tn3zu6\" data-start=\"769\" data-end=\"810\">\n<p data-start=\"771\" data-end=\"810\">mogu\u0107nost otvaranja vlastitog biznisa<\/p>\n<\/li>\n<li data-section-id=\"98xssp\" data-start=\"811\" data-end=\"866\">\n<p data-start=\"813\" data-end=\"866\">sam bira\u0161 radno vrijeme (posebno ako radi\u0161 za sebe)<\/p>\n<\/li>\n<\/ul>\n<h3 data-section-id=\"1guda64\" data-start=\"868\" data-end=\"900\">\ud83d\ude80 5. Brz ulazak u profesiju<\/h3>\n<ul data-start=\"901\" data-end=\"1037\">\n<li data-section-id=\"1909ls2\" data-start=\"901\" data-end=\"963\">\n<p data-start=\"903\" data-end=\"963\">za razliku od nekih zanimanja, ne treba\u0161 godine \u0161kolovanja<\/p>\n<\/li>\n<li data-section-id=\"14j6rhe\" data-start=\"964\" data-end=\"1037\">\n<p data-start=\"966\" data-end=\"1037\">kvalitetna edukacija + praksa mogu te brzo dovesti do prvih klijenata<\/p>\n<\/li>\n<\/ul>\n<h3 data-section-id=\"14pz9n6\" data-start=\"1039\" data-end=\"1073\">\ud83e\udd1d 6. Izgradnja osobnog brenda<\/h3>\n<ul data-start=\"1074\" data-end=\"1185\">\n<li data-section-id=\"twfepm\" data-start=\"1074\" data-end=\"1133\">\n<p data-start=\"1076\" data-end=\"1133\">kroz Instagram i dru\u0161tvene mre\u017ee mo\u017ee\u0161 privu\u0107i klijente<\/p>\n<\/li>\n<li data-section-id=\"14f48u7\" data-start=\"1134\" data-end=\"1185\">\n<p data-start=\"1136\" data-end=\"1185\">dobar rad se brzo preporu\u010duje \u201cod usta do usta\u201d<\/p>\n<\/li>\n<\/ul>\n<p><strong>PRILIKOM ZAVR\u0160ETKA PROGRAMA \u0106ETE ZAPRIMITI CERTIFIKAT KOJI \u0106E VAM OTVORITI VRATA NOVE KARIJERE!<\/strong><\/p>\n<p><strong>Redovna cijena: 1.800,00\u20ac<\/strong><\/p>\n<p><strong>Akcijska cijena: 1.500,00\u20ac\u00a0<\/strong><\/p>\n<p>&nbsp;<\/p>\n","protected":false},"excerpt":{"rendered":"<p>Edukacija za Puder obrve (Mikropigmentacija) Edukacija za Puder obrve obuhva\u0107a teorijski dio o mikropigmentaciji, ko\u017ei i pigmentima te prakti\u010dan rad na modelu i latexu pod vodstvom edukatora. Program edukacije traje\u00a0 1-2 dana. Upi\u0161ite edukaciju u roku do 26.O\u017eujka 2026.i postanite profesionalac u kreiranju obrva! Termin po\u010detka programa: 26.O\u017eujak 2026. u 12:00h 31.O\u017eujak 2026. u 13:00h [&hellip;]<\/p>\n","protected":false},"featured_media":11720,"template":"","meta":{"om_disable_all_campaigns":false,"_monsterinsights_skip_tracking":false,"_monsterinsights_sitenote_active":false,"_monsterinsights_sitenote_note":"","_monsterinsights_sitenote_category":0,"_uf_show_specific_survey":0,"_uf_disable_surveys":false,"h5ap_radio_sources":[]},"product_brand":[],"product_cat":[386],"product_tag":[],"class_list":{"0":"post-11719","1":"product","2":"type-product","3":"status-publish","4":"has-post-thumbnail","6":"product_cat-kozmeticke-edukacije","8":"entry","9":"has-media","11":"first","12":"instock","13":"sale","14":"shipping-taxable","15":"purchasable","16":"product-type-simple","17":"has-product-nav","18":"col","19":"span_1_of_3","20":"owp-content-center","21":"owp-thumbs-layout-horizontal","22":"owp-btn-big","23":"owp-tabs-layout-section","24":"has-no-thumbnails"},"_links":{"self":[{"href":"https:\/\/amorlingua.com\/en\/wp-json\/wp\/v2\/product\/11719","targetHints":{"allow":["GET"]}}],"collection":[{"href":"https:\/\/amorlingua.com\/en\/wp-json\/wp\/v2\/product"}],"about":[{"href":"https:\/\/amorlingua.com\/en\/wp-json\/wp\/v2\/types\/product"}],"wp:featuredmedia":[{"embeddable":true,"href":"https:\/\/amorlingua.com\/en\/wp-json\/wp\/v2\/media\/11720"}],"wp:attachment":[{"href":"https:\/\/amorlingua.com\/en\/wp-json\/wp\/v2\/media?parent=11719"}],"wp:term":[{"taxonomy":"product_brand","embeddable":true,"href":"https:\/\/amorlingua.com\/en\/wp-json\/wp\/v2\/product_brand?post=11719"},{"taxonomy":"product_cat","embeddable":true,"href":"https:\/\/amorlingua.com\/en\/wp-json\/wp\/v2\/product_cat?post=11719"},{"taxonomy":"product_tag","embeddable":true,"href":"https:\/\/amorlingua.com\/en\/wp-json\/wp\/v2\/product_tag?post=11719"}],"curies":[{"name":"wp","href":"https:\/\/api.w.org\/{rel}","templated":true}]}}