{"id":11697,"date":"2026-02-17T15:04:25","date_gmt":"2026-02-17T15:04:25","guid":{"rendered":"https:\/\/www.amorlingua.com\/?post_type=product&#038;p=11697"},"modified":"2026-02-17T15:30:38","modified_gmt":"2026-02-17T15:30:38","slug":"ispit-iz-znanja-hrvatskoga-jezika-i-latinicnog-pisma-za-dugotrajni-boravak-sticanje-hrvatskog-drzavljanstva","status":"publish","type":"product","link":"https:\/\/amorlingua.com\/en\/\u0161kola\/ispit-iz-znanja-hrvatskoga-jezika-i-latinicnog-pisma-za-dugotrajni-boravak-sticanje-hrvatskog-drzavljanstva\/","title":{"rendered":"Ispit iz znanja hrvatskoga jezika i latini\u010dnog pisma za sticanje hrvatskog dr\u017eavljanstva"},"content":{"rendered":"<h2>Croatian for foreigners CEFR<img fetchpriority=\"high\" decoding=\"async\" class=\"size-medium wp-image-11623 alignleft\" src=\"https:\/\/amorlingua.com\/wp-content\/uploads\/2020\/06\/shutterstock_797324644-300x200.jpg\" alt=\"\" width=\"300\" height=\"200\" srcset=\"https:\/\/amorlingua.com\/wp-content\/uploads\/2020\/06\/shutterstock_797324644-300x200.jpg 300w, https:\/\/amorlingua.com\/wp-content\/uploads\/2020\/06\/shutterstock_797324644-1024x684.jpg 1024w, https:\/\/amorlingua.com\/wp-content\/uploads\/2020\/06\/shutterstock_797324644-768x513.jpg 768w, https:\/\/amorlingua.com\/wp-content\/uploads\/2020\/06\/shutterstock_797324644-1536x1025.jpg 1536w, https:\/\/amorlingua.com\/wp-content\/uploads\/2020\/06\/shutterstock_797324644-2048x1367.jpg 2048w, https:\/\/amorlingua.com\/wp-content\/uploads\/2020\/06\/shutterstock_797324644-18x12.jpg 18w, https:\/\/amorlingua.com\/wp-content\/uploads\/2020\/06\/shutterstock_797324644-600x401.jpg 600w\" sizes=\"(max-width: 300px) 100vw, 300px\" \/><\/h2>\n<p>Amor Lingua College offers the opportunity to learn and improve the Croatian language.<br \/>\nWhether you were motivated by your love for Slavic languages, culture or Croatian history, business or private needs, Amor Lingua answers your every challenge.<\/p>\n<div class=\"elementor-element elementor-element-npdbgez elementor-widget elementor-widget-heading\" data-id=\"npdbgez\" data-element_type=\"widget\" data-widget_type=\"heading.default\">\n<div class=\"elementor-widget-container\">\n<h2><\/h2>\n<h2 class=\"elementor-heading-title elementor-size-default\">Ispit iz hrvatskog jezika za dugotrajni boravak i sticanje Hrvatskog dr\u017eavljanstva<\/h2>\n<\/div>\n<section class=\"elementor-section elementor-top-section elementor-element elementor-element-qopzwal elementor-section-boxed elementor-section-height-default elementor-section-height-default\" data-id=\"qopzwal\" data-element_type=\"section\" data-e-type=\"section\" data-settings=\"{&quot;background_background&quot;:&quot;classic&quot;}\">\n<div class=\"elementor-container elementor-column-gap-default\">\n<div class=\"elementor-column elementor-col-100 elementor-top-column elementor-element elementor-element-eaqytml\" data-id=\"eaqytml\" data-element_type=\"column\" data-e-type=\"column\">\n<div class=\"elementor-widget-wrap elementor-element-populated\">\n<div class=\"elementor-element elementor-element-npdbgez elementor-widget elementor-widget-heading\" data-id=\"npdbgez\" data-element_type=\"widget\" data-e-type=\"widget\" data-widget_type=\"heading.default\">\n<div class=\"elementor-widget-container\">\n<h2 class=\"elementor-heading-title elementor-size-default\"><span style=\"font-size: 16px;\">U\u010dili\u0161te Amor Lingua je slu\u017ebena ustanova za provo\u0111enje ispita iz hrvatskog jezika i latini\u010dnog pisma za strance!<a href=\"https:\/\/narodne-novine.nn.hr\/clanci\/sluzbeni\/full\/2020_12_133_2520.html\" target=\"_blank\" rel=\"noopener\"> Sukladno <\/a><\/span><span style=\"font-size: 16px;\">\u010dlanku 154., stavak 5. Zakona o strancima. NN 133\/2020. U\u010dili\u0161te je odobreno od Ministarstva znanosti i obrazovanja.\u00a0<\/span><\/h2>\n<\/div>\n<\/div>\n<div class=\"elementor-element elementor-element-ncpemuh elementor-widget elementor-widget-text-editor\" data-id=\"ncpemuh\" data-element_type=\"widget\" data-e-type=\"widget\" data-widget_type=\"text-editor.default\">\n<div class=\"elementor-widget-container\">\n<p>Ispit za izdavanje certifikita o poznavanju hrvatskog jezika je potreban za dobivanje dugotrajnog boravka ili Hrvatskog dr\u017eavljanstva. Polaznici\u00a0 pristupaju ispitu na rzini znanja B1 u pisanom i usmenom obliku te im se ocjenjuju jezi\u010dne vje\u0161tine: pisanja, \u010ditanja, slu\u0161anja , jezi\u010dne strukture i vokabulara. Ispit se pola\u017ee pred ispitnim povjerenstvom koje je sastavljeno od tri \u010dlana.<\/p>\n<p><strong>Cijena ispita iz hrvatskog jezika i latini\u010dnog pisma za strance iznosi 120,00 \u20ac<\/strong><\/p>\n<\/div>\n<\/div>\n<\/div>\n<\/div>\n<\/div>\n<\/section>\n<div class=\"elementor-element elementor-element-30e05b5 e-flex e-con-boxed e-con e-parent e-lazyloaded\" data-id=\"30e05b5\" data-element_type=\"container\" data-e-type=\"container\">\n<div class=\"e-con-inner\">\n<div class=\"elementor-element elementor-element-b88371d elementor-widget elementor-widget-heading\" data-id=\"b88371d\" data-element_type=\"widget\" data-e-type=\"widget\" data-widget_type=\"heading.default\">\n<div class=\"elementor-widget-container\">\n<h2 class=\"elementor-heading-title elementor-size-default\">Termini ispita:<\/h2>\n<\/div>\n<\/div>\n<\/div>\n<\/div>\n<\/div>\n<div class=\"elementor-element elementor-element-gnbdtzy elementor-widget elementor-widget-spacer\" data-id=\"gnbdtzy\" data-element_type=\"widget\" data-widget_type=\"spacer.default\">\n<div class=\"elementor-widget-container\">\n<div class=\"elementor-spacer\">\n<div class=\"elementor-spacer-inner\"><\/div>\n<\/div>\n<\/div>\n<\/div>\n<div class=\"elementor-element elementor-element-ncpemuh elementor-widget elementor-widget-text-editor\" data-id=\"ncpemuh\" data-element_type=\"widget\" data-widget_type=\"text-editor.default\">\n<div class=\"elementor-widget-container\">\n<p>U\u010dili\u0161te Amor Lingua je ustanova za obrazovanje odraslih koja provodi slu\u017ebene ispite iz hrvatskog jezika i latini\u010dnog pisma za strance. <strong>Verificirani od Ministarstva znanosti i obrazovanja Republike Hrvatske .<\/strong><\/p>\n<h2><img decoding=\"async\" class=\"size-medium wp-image-11624 alignleft\" src=\"https:\/\/amorlingua.com\/wp-content\/uploads\/2020\/06\/shutterstock_339642275-300x200.jpg\" alt=\"\" width=\"300\" height=\"200\" srcset=\"https:\/\/amorlingua.com\/wp-content\/uploads\/2020\/06\/shutterstock_339642275-300x200.jpg 300w, https:\/\/amorlingua.com\/wp-content\/uploads\/2020\/06\/shutterstock_339642275-1024x683.jpg 1024w, https:\/\/amorlingua.com\/wp-content\/uploads\/2020\/06\/shutterstock_339642275-768x512.jpg 768w, https:\/\/amorlingua.com\/wp-content\/uploads\/2020\/06\/shutterstock_339642275-1536x1024.jpg 1536w, https:\/\/amorlingua.com\/wp-content\/uploads\/2020\/06\/shutterstock_339642275-2048x1365.jpg 2048w, https:\/\/amorlingua.com\/wp-content\/uploads\/2020\/06\/shutterstock_339642275-18x12.jpg 18w, https:\/\/amorlingua.com\/wp-content\/uploads\/2020\/06\/shutterstock_339642275-600x400.jpg 600w\" sizes=\"(max-width: 300px) 100vw, 300px\" \/><\/h2>\n<p>Ispit za potvrdu poznavanja hrvatskog jezika potreban je za dobivanje dugotrajnog boravka ili dr\u017eavljanstva. Kandidati pristupaju ispitu za B1 stupanj u pisanom i usmenom obliku te im se ocjenjuju sve jezi\u010dne vje\u0161tine: pisanje, \u010ditanje, slu\u0161anje, govor i jezi\u010dne strukture. Ispit se pola\u017ee pred ispitnim povjerenstvom.<\/p>\n<p>Ispiti iz hrvatskog jezika za strance se provodi tri puta mjese\u010dno. Rezultati su dostupni slijede\u0107i radni dan, a certifikat se mo\u017ee preuzeti unutar 5 radnih dana nakon objave rezultata.<\/p>\n<p>Cijena ispita iz hrvatskog jezika i latini\u010dnog pisma za strance iznosi 120,00 \u20ac.<\/p>\n<\/div>\n<\/div>\n<p><strong>Our lecturers are graduate professors of Croatian language and literature with many years of experience in teaching Croatian as a foreign language. They organized a curriculum that follows CEFR, or ZEROJ (Common European Framework of Reference for Languages). According to this framework, we offer courses at all levels of language knowledge (from A1 to C2).<\/strong><\/p>\n<p>The lesson is organized to cover all aspects of learning a language: reading, writing and speaking. Language and grammar exercises, reading and writing exercises are held exclusively in Croatian. Minimal use of the English language is possible only at the beginning levels.<\/p>\n<p>&nbsp;<\/p>\n<p><strong>COMMON EUROPEAN FRAMEWORK OF REFERENCE FOR LANGUAGES (CEFR):<\/strong><\/p>\n<div class=\"vc_row_inner tdi_26 vc_row vc_inner wpb_row td-pb-row\">\n<div class=\"vc_column_inner tdi_28 wpb_column vc_column_container tdc-inner-column td-pb-span3\">\n<div class=\"vc_column-inner\">\n<div class=\"wpb_wrapper\">\n<div class=\"wpb_text_column wpb_content_element\">\n<div class=\"wpb_wrapper\">\n<p><strong>A1<br \/>\n<\/strong>Can understand and use familiar everyday expressions and very basic phrases aimed at the satisfaction of needs of a concrete type. Can introduce him\/herself and others and can ask and answer questions about personal details such as where he\/she lives, people he\/she knows and things he\/she has. Can interact in a simple way provided the other person talks slowly and clearly and is prepared to help.<br \/>\n<strong>A2<br \/>\n<\/strong>Can understand sentences and frequently used expressions related to areas of most immediate relevance (e.g. very basic personal and family information, shopping, local geography, employment). Can communicate in simple and routine tasks requiring a simple and direct exchange of information on familiar and routine matters.  Can describe in simple terms aspects of his\/her background, immediate environment and matters in areas of immediate need.<br \/>\n<strong>B1<br \/>\n<\/strong>Can understand the main points of clear standard input on familiar matters regularly encountered in work, school, leisure, etc. Can deal with most situations likely to arise whilst travelling in an area where the language is spoken.  Can produce simple connected text on topics which are familiar or of personal interest. Can describe experiences and events, dreams, hopes &amp; ambitions and briefly give reasons and explanations for opinions and plans.<br \/>\n<strong>B2<br \/>\n<\/strong>Can understand the main ideas of complex text on both concrete and abstract topics, including technical discussions in his\/her field of specialisation. Can interact with a degree of fluency and spontaneity that makes regular interaction with native speakers quite possible without strain for either party. Can produce clear, detailed text on a wide range of subjects and explain a viewpoint on a topical issue giving the advantages and disadvantages of various options.<br \/>\n<strong>C1<br \/>\n<\/strong>Can understand a wide range of demanding, longer texts, and recognise implicit meaning. Can express him\/herself fluently and spontaneously without much obvious searching for expressions. Can use language flexibly and effectively for social, academic and professional purposes. Can produce clear, well-structured, detailed text on complex subjects, showing controlled use of organisational patterns, connectors and cohesive devices.<br \/>\n<strong>C2<br \/>\n<\/strong>Can understand with ease virtually everything heard or read. Can summarise information from different spoken and written sources, reconstructing arguments and accounts in a coherent presentation. Can express him\/herself spontaneously, very fluently and precisely, differentiating finer shades of meaning even in more complex situations.<\/p>\n<p>&nbsp;<\/p>\n<\/div>\n<\/div>\n<p><strong>ENROLLMENT DOCUMENTATION:<\/strong><\/p>\n<ul>\n<li>ispunjena prijavnica https:\/\/amorlingua.com\/wp-content\/uploads\/2025\/12\/Prijavnica-upisnica-za-program-obrazovanja.pdf<\/li>\n<li>signed contract<\/li>\n<li>a copy of the payment<\/li>\n<li>va\u017ee\u0107a osobna iskaznica ili putovnica<\/li>\n<li>Svjedod\u017eba o najvi\u0161em ste\u0107enom obrazovanju<\/li>\n<li data-start=\"631\" data-end=\"672\">Reguliran boravak u Hrvatskoj (privremeni ili stalni)<\/li>\n<\/ul>\n<div class=\"wpb_text_column wpb_content_element\"><\/div>\n<\/div>\n<\/div>\n<\/div>\n<\/div>\n<h3><strong>Course price<\/strong><\/h3>\n<p>&nbsp;<\/p>\n<table style=\"height: 196px;\" width=\"677\">\n<tbody>\n<tr>\n<td width=\"208\">Ispit hrvatskog jezika<\/td>\n<td width=\"251\">Croatian for foreigners<\/td>\n<td width=\"103\">1<\/td>\n<td width=\"118\">120,00 \u20ac<\/td>\n<\/tr>\n<\/tbody>\n<\/table>\n<p>&nbsp;<\/p>\n<p><img decoding=\"async\" src=\"https:\/\/amorlingua.com\/wp-content\/uploads\/2020\/06\/MZO-300x200.jpg\" \/><\/p>","protected":false},"excerpt":{"rendered":"<p>Hrvatski jezik za strance U\u010dili\u0161te Amor Lingua nudi mogu\u0107nost u\u010denja i usavr\u0161avanja hrvatskog jezika. Bilo da vas je potakla ljubav prema slavenskim jezicima, kultura ili hrvatska povijest, poslovne ili privatne potrebe, Amor Lingua odgovara na svaki va\u0161 izazov. Ispit iz hrvatskog jezika za dugotrajni boravak i sticanje Hrvatskog dr\u017eavljanstva U\u010dili\u0161te Amor Lingua je slu\u017ebena ustanova [&hellip;]<\/p>\n","protected":false},"featured_media":78,"template":"","meta":{"om_disable_all_campaigns":false,"_monsterinsights_skip_tracking":false,"_monsterinsights_sitenote_active":false,"_monsterinsights_sitenote_note":"","_monsterinsights_sitenote_category":0,"_uf_show_specific_survey":0,"_uf_disable_surveys":false,"h5ap_radio_sources":[]},"product_brand":[],"product_cat":[28,21],"product_tag":[87,86,84,286,85],"class_list":{"0":"post-11697","1":"product","2":"type-product","3":"status-publish","4":"has-post-thumbnail","6":"product_cat-hrvatski-jezik-za-strance","7":"product_cat-skola-stranih-jezika","8":"product_tag-croatian-for-foreigners","9":"product_tag-croatian-language","10":"product_tag-hrvatski-jezik","11":"product_tag-hrvatski-jezik-za-strance","12":"product_tag-hrvatski-za-strance","14":"entry","15":"has-media","17":"first","18":"instock","19":"shipping-taxable","20":"purchasable","21":"product-type-simple","22":"has-product-nav","23":"col","24":"span_1_of_3","25":"owp-content-center","26":"owp-thumbs-layout-horizontal","27":"owp-btn-big","28":"owp-tabs-layout-section"},"_links":{"self":[{"href":"https:\/\/amorlingua.com\/en\/wp-json\/wp\/v2\/product\/11697","targetHints":{"allow":["GET"]}}],"collection":[{"href":"https:\/\/amorlingua.com\/en\/wp-json\/wp\/v2\/product"}],"about":[{"href":"https:\/\/amorlingua.com\/en\/wp-json\/wp\/v2\/types\/product"}],"wp:featuredmedia":[{"embeddable":true,"href":"https:\/\/amorlingua.com\/en\/wp-json\/wp\/v2\/media\/78"}],"wp:attachment":[{"href":"https:\/\/amorlingua.com\/en\/wp-json\/wp\/v2\/media?parent=11697"}],"wp:term":[{"taxonomy":"product_brand","embeddable":true,"href":"https:\/\/amorlingua.com\/en\/wp-json\/wp\/v2\/product_brand?post=11697"},{"taxonomy":"product_cat","embeddable":true,"href":"https:\/\/amorlingua.com\/en\/wp-json\/wp\/v2\/product_cat?post=11697"},{"taxonomy":"product_tag","embeddable":true,"href":"https:\/\/amorlingua.com\/en\/wp-json\/wp\/v2\/product_tag?post=11697"}],"curies":[{"name":"wp","href":"https:\/\/api.w.org\/{rel}","templated":true}]}}