{"id":1153,"date":"2020-08-07T13:38:10","date_gmt":"2020-08-07T13:38:10","guid":{"rendered":"https:\/\/www.amorlingua.com\/?post_type=product&#038;p=1153"},"modified":"2025-08-07T13:01:02","modified_gmt":"2025-08-07T13:01:02","slug":"engleski-jezik-stem-program","status":"publish","type":"product","link":"https:\/\/amorlingua.com\/en\/\u0161kola\/engleski-jezik-stem-program\/","title":{"rendered":"English language \u2013 STEM program"},"content":{"rendered":"<h2>English language \u2013 STEM program<\/h2>\n<p>The English language in addition to the STEM program is a course for all students interested in science, technology, engineering and mathematics.<\/p>\n<p>Creativity in problem solving and good teamwork is the most important feature of good STEMs.<\/p>\n<p>This course will give you a better insight into some of the most innovative areas of science while expanding vocabulary and strengthening English language skills.<\/p>\n<p>Students will combine STEM with English to improve fluency and knowledge in a business-STEM environment.<\/p>\n<p>Required level of English: B1, B2 or C1<\/p>\n<p class=\"_04xlpA direction-ltr align-justify para-style-body\">Lessons are held Monday through Friday.<\/p>\n<p>Trajanje te\u010daja: 3 tjedna (60 sati)<\/p>","protected":false},"excerpt":{"rendered":"<p>Engleski jezik &#8211; STEM program Engleski jezik uz STEM program te\u010daj je za sve studente koje zanima znanost, tehnologija, in\u017eenjerstvo i matematika. Kreativnost u rje\u0161avanju problema i dobar timski rad najva\u017enija je odlika dobrih STEM-ovaca. Ovaj \u0107e Vam te\u010daj dati bolji uvid u neke od najinovativnijih sfera znanosti uz \u0161irenje vokabulara i ja\u010danje vje\u0161tina engleskog [&hellip;]<\/p>\n","protected":false},"featured_media":536,"template":"","meta":{"om_disable_all_campaigns":false,"_monsterinsights_skip_tracking":false,"_monsterinsights_sitenote_active":false,"_monsterinsights_sitenote_note":"","_monsterinsights_sitenote_category":0,"_uf_show_specific_survey":0,"_uf_disable_surveys":false,"h5ap_radio_sources":[]},"product_brand":[],"product_cat":[23,21],"product_tag":[49,205],"class_list":{"0":"post-1153","1":"product","2":"type-product","3":"status-publish","4":"has-post-thumbnail","6":"product_cat-engleski-jezik","7":"product_cat-skola-stranih-jezika","8":"product_tag-engleski","9":"product_tag-stem","11":"entry","12":"has-media","14":"first","15":"instock","16":"shipping-taxable","17":"purchasable","18":"product-type-simple","19":"has-product-nav","20":"col","21":"span_1_of_3","22":"owp-content-center","23":"owp-thumbs-layout-horizontal","24":"owp-btn-big","25":"owp-tabs-layout-section","26":"has-no-thumbnails"},"_links":{"self":[{"href":"https:\/\/amorlingua.com\/en\/wp-json\/wp\/v2\/product\/1153","targetHints":{"allow":["GET"]}}],"collection":[{"href":"https:\/\/amorlingua.com\/en\/wp-json\/wp\/v2\/product"}],"about":[{"href":"https:\/\/amorlingua.com\/en\/wp-json\/wp\/v2\/types\/product"}],"wp:featuredmedia":[{"embeddable":true,"href":"https:\/\/amorlingua.com\/en\/wp-json\/wp\/v2\/media\/536"}],"wp:attachment":[{"href":"https:\/\/amorlingua.com\/en\/wp-json\/wp\/v2\/media?parent=1153"}],"wp:term":[{"taxonomy":"product_brand","embeddable":true,"href":"https:\/\/amorlingua.com\/en\/wp-json\/wp\/v2\/product_brand?post=1153"},{"taxonomy":"product_cat","embeddable":true,"href":"https:\/\/amorlingua.com\/en\/wp-json\/wp\/v2\/product_cat?post=1153"},{"taxonomy":"product_tag","embeddable":true,"href":"https:\/\/amorlingua.com\/en\/wp-json\/wp\/v2\/product_tag?post=1153"}],"curies":[{"name":"wp","href":"https:\/\/api.w.org\/{rel}","templated":true}]}}