{"id":11525,"date":"2025-07-25T13:08:11","date_gmt":"2025-07-25T13:08:11","guid":{"rendered":"https:\/\/www.amorlingua.com\/?post_type=product&#038;p=11525"},"modified":"2025-07-25T13:26:30","modified_gmt":"2025-07-25T13:26:30","slug":"trajni-lak-edukacija-2025","status":"publish","type":"product","link":"https:\/\/amorlingua.com\/en\/\u0161kola\/trajni-lak-edukacija-2025\/","title":{"rendered":"Trajni lak &#8211; edukacija 2025."},"content":{"rendered":"<p><strong>Trajni lak &#8211; edukacija 2025.<\/strong><\/p>\n<p><strong>Trajni lak edukacija se sastoji od:<\/strong><\/p>\n<ol>\n<li>teorijski dio &#8211; u\u010denje tehnike nano\u0161enja i skidanja trajnog laka<\/li>\n<li>prakti\u010dan dio nastave &#8211; rad na modelu<\/li>\n<\/ol>\n<ul>\n<li>Priprema nokta (ruke i noge)<\/li>\n<li>Pravilno nano\u0161enje baze za trajni lak<\/li>\n<li>Pravilno nano\u0161enje boje<\/li>\n<li>Pravilno skidanje trajnog laka<\/li>\n<\/ul>\n<p>&nbsp;<\/p>\n<p><strong>Edukacija Trajni lak obuhva\u0107a:<\/strong><\/p>\n<div class=\"woocommerce-tabs wc-tabs-wrapper\">\n<div id=\"tab-description\" class=\"woocommerce-Tabs-panel woocommerce-Tabs-panel--description panel entry-content wc-tab\" role=\"tabpanel\" aria-labelledby=\"tab-title-description\">\n<p><b>Program obuhva\u0107a:<\/b><\/p>\n<table width=\"680\">\n<tbody>\n<tr>\n<td width=\"208\">Program<\/td>\n<td width=\"251\"><strong>Nastavne cjeline<\/strong><\/td>\n<td width=\"103\">Sati<\/td>\n<td width=\"118\"><strong>Cijena u eurima<\/strong><\/td>\n<\/tr>\n<tr>\n<td width=\"208\"><strong>Edukacija<\/strong><\/p>\n<p>Trajni lak<\/td>\n<td width=\"251\">Teorijski dio<\/p>\n<p>Prakti\u010dan dio (rad na modelu)<\/td>\n<td width=\"103\"><strong>10<\/strong><\/td>\n<td width=\"118\"><strong>Regular price:<\/strong><\/p>\n<p>350,00<\/p>\n<p><strong>First minute price:<\/strong><\/p>\n<p><strong>300,00<\/strong><\/td>\n<\/tr>\n<\/tbody>\n<\/table>\n<\/div>\n<\/div>\n<section class=\"related products\">\n<h2 data-no-translation=\"\" data-trp-gettext=\"\">Edukacija zapo\u010dinje 01.Kolovoza 2025. u 12:00h<\/h2>\n<ul>\n<li>Model za izradu trajnog laka treba imati prirodne nokte (bez gela ili trajnog laka), ne smije imati ni\u0161ta na noktima.<\/li>\n<li>Ako ste u mogu\u0107nosti birati, neka model ima \u0161to dulje prirodne nokte.<\/li>\n<\/ul>\n<\/section>","protected":false},"excerpt":{"rendered":"<p>Trajni lak &#8211; edukacija 2025. Trajni lak edukacija se sastoji od: teorijski dio &#8211; u\u010denje tehnike nano\u0161enja i skidanja trajnog laka prakti\u010dan dio nastave &#8211; rad na modelu Priprema nokta (ruke i noge) Pravilno nano\u0161enje baze za trajni lak Pravilno nano\u0161enje boje Pravilno skidanje trajnog laka &nbsp; Edukacija Trajni lak obuhva\u0107a: Program obuhva\u0107a: Program Nastavne [&hellip;]<\/p>\n","protected":false},"featured_media":1363,"template":"","meta":{"om_disable_all_campaigns":false,"_monsterinsights_skip_tracking":false,"_monsterinsights_sitenote_active":false,"_monsterinsights_sitenote_note":"","_monsterinsights_sitenote_category":0,"_uf_show_specific_survey":0,"_uf_disable_surveys":false,"h5ap_radio_sources":[]},"product_brand":[],"product_cat":[325],"product_tag":[],"class_list":{"0":"post-11525","1":"product","2":"type-product","3":"status-publish","4":"has-post-thumbnail","6":"product_cat-pte-pripremni-tecaj-engleskog-jezika","8":"entry","9":"has-media","11":"first","12":"instock","13":"shipping-taxable","14":"product-type-simple","15":"has-product-nav","16":"col","17":"span_1_of_3","18":"owp-content-center","19":"owp-thumbs-layout-horizontal","20":"owp-btn-big","21":"owp-tabs-layout-section","22":"has-no-thumbnails"},"_links":{"self":[{"href":"https:\/\/amorlingua.com\/en\/wp-json\/wp\/v2\/product\/11525","targetHints":{"allow":["GET"]}}],"collection":[{"href":"https:\/\/amorlingua.com\/en\/wp-json\/wp\/v2\/product"}],"about":[{"href":"https:\/\/amorlingua.com\/en\/wp-json\/wp\/v2\/types\/product"}],"wp:featuredmedia":[{"embeddable":true,"href":"https:\/\/amorlingua.com\/en\/wp-json\/wp\/v2\/media\/1363"}],"wp:attachment":[{"href":"https:\/\/amorlingua.com\/en\/wp-json\/wp\/v2\/media?parent=11525"}],"wp:term":[{"taxonomy":"product_brand","embeddable":true,"href":"https:\/\/amorlingua.com\/en\/wp-json\/wp\/v2\/product_brand?post=11525"},{"taxonomy":"product_cat","embeddable":true,"href":"https:\/\/amorlingua.com\/en\/wp-json\/wp\/v2\/product_cat?post=11525"},{"taxonomy":"product_tag","embeddable":true,"href":"https:\/\/amorlingua.com\/en\/wp-json\/wp\/v2\/product_tag?post=11525"}],"curies":[{"name":"wp","href":"https:\/\/api.w.org\/{rel}","templated":true}]}}