{"id":11500,"date":"2025-07-04T13:33:26","date_gmt":"2025-07-04T13:33:26","guid":{"rendered":"https:\/\/www.amorlingua.com\/?post_type=product&#038;p=11500"},"modified":"2025-07-04T13:50:58","modified_gmt":"2025-07-04T13:50:58","slug":"program-informaticke-pismenosti","status":"publish","type":"product","link":"https:\/\/amorlingua.com\/en\/\u0161kola\/program-informaticke-pismenosti\/","title":{"rendered":"Program informati\u010dke pismenosti"},"content":{"rendered":"<p>Danas se \u010desto \u201cinformati\u010dka pismenost\u201d smatra vje\u0161tinom koju posjeduju manje, vi\u0161e svi.<br \/>\nRazvoj tehnologije u segmentu prijenosnih telefona je skoro svakom stanovniku osigurao \u201cra\u010dunalo u<br \/>\nd\u017eepu\u201d. Ipak, \u201cpametni telefoni\u201d nemaju mogu\u0107nosti koje imaju prijenosna i stolna ra\u010dunala.<br \/>\nGotovo svaki posao danas podrazumijeva \u201cinformati\u010dku pismenost\u201d. No, \u0161to je zapravo \u201cinformati\u010dka<br \/>\npismenost\u201d? To je odgovor na koji \u0107e ovo osposobljavanje dati odgovor.<\/p>\n<p>Program je namijenjen svim uzrastima koji \u017eele nau\u010diti raditi na ra\u010dunalu na naprednoj razini.<br \/>\nPosebno ga preporu\u010damo mla\u0111oj populaciji koja je na po\u010detku u\u010denja, kao i starijoj populaciji, u smislu<br \/>\n\u201ccjelo\u017eivotnog u\u010denja\u201d.<\/p>\n<p>Ovaj program Vas vodi kroz osnovne i napredne opcije operativnog sustava Windows, naj\u010de\u0161\u0107e<br \/>\nkori\u0161tenih uredskih aplikacija MS Officea\/Libre Officea (Word\/Writer, Excel\/Calc,<br \/>\nPowerpoint\/Impress) i osnova Interneta uz Google Workspace.<\/p>\n<table style=\"width: 657px; border-collapse: collapse; height: 1460px;\" border=\"1\">\n<thead>\n<tr>\n<th><span style=\"font-weight: 400;\">Modul<\/span><\/th>\n<th><span style=\"font-weight: 400;\">Trajanje (sati)<\/span><\/th>\n<th><span style=\"font-weight: 400;\">Alati<\/span><\/th>\n<th><span style=\"font-weight: 400;\">O\u010dekivani ishodi<\/span><\/th>\n<\/tr>\n<\/thead>\n<tbody>\n<tr>\n<td>1. Dijelovi ra\u010dunala<\/td>\n<td>\u00a0 \u00a0 \u00a0 \u00a0 \u00a0 \u00a04<\/td>\n<td>Ra\u010dunalo<\/td>\n<td>Znati nabrojati dijelove ra\u010dunala-<br \/>\nI\/O, vrste memorije, tipovi<br \/>\npohrane podataka<\/td>\n<\/tr>\n<tr>\n<td>2. Operativni sustav<\/td>\n<td style=\"text-align: left;\">\u00a0 \u00a0 \u00a0 \u00a0 \u00a0 \u00a04<\/td>\n<td>Operativni sustavi Windows ili Linux<\/td>\n<td>Razlikovanje<br \/>\nrazli\u010ditih dozvola,<br \/>\nformati podataka i<br \/>\nformati te tipovi<br \/>\ndiskova, putanje,<br \/>\nkopiranje i micanje<br \/>\ndatoteka s diska<\/td>\n<\/tr>\n<tr>\n<td>3. Interenet<\/td>\n<td>\u00a0 \u00a0 \u00a0 \u00a0 \u00a0 \u00a012<\/td>\n<td>Web-pretra\u017eiva\u010d, e-mail aplikacije<\/td>\n<td>Razumijevanje<br \/>\nkoncepta<br \/>\n\u201ctra\u017eilice\u201d, Google<br \/>\nalati u sklopu<br \/>\nGoogle workspacea,<br \/>\naltenative Google<br \/>\nalatima<\/td>\n<\/tr>\n<tr>\n<td>4. Obrada teksta<\/td>\n<td>\u00a0 \u00a0 \u00a0 \u00a0 \u00a0 \u00a08<\/td>\n<td>MS Word\/ Libre Writer\/ Google Docs<\/td>\n<td>Znanje oblikovanja<br \/>\nteksta prema<br \/>\nzadanim<br \/>\nparametrima<\/td>\n<\/tr>\n<tr>\n<td>5. Tablice<\/td>\n<td>\u00a0 \u00a0 \u00a0 \u00a0 \u00a0 \u00a0 \u00a0 \u00a0 \u00a0 \u00a0 \u00a0 \u00a0 \u00a0 \u00a0 \u00a0 \u00a0 \u00a0 \u00a0 \u00a0 12<\/td>\n<td>MS Excel\/Libre Calc\/Google Sheets<\/td>\n<td>Znanje osnovnih i<br \/>\nnaprednih funkcija,<br \/>\nrazli\u010diti izra\u010duni,<br \/>\ngrafi\u010dki izvje\u0161taji<\/td>\n<\/tr>\n<tr>\n<td>6. Prezentacije<\/td>\n<td>\u00a0 \u00a0 \u00a0 \u00a0 \u00a0 \u00a06<\/td>\n<td>MS Powerpoint\/Libre Impress\/Google<br \/>\nSlides<\/td>\n<td>Izrada grafi\u010dki<br \/>\naktraktivnih<br \/>\nprezentacija,<br \/>\nrazumijevanje<br \/>\nva\u017enosti<br \/>\nprezentacije<\/td>\n<\/tr>\n<tr>\n<td>7. Google<br \/>\nWorkspace<\/td>\n<td>\u00a0 \u00a0 \u00a0 \u00a0 \u00a0 9<\/td>\n<td>Google Drive, Google Forms, Google Meet, Google Maps,<br \/>\nGtranslate, YouTube,&#8230;<\/td>\n<td>Upoznavanje s<br \/>\nGoogle<br \/>\naplikacijama u<br \/>\nsklopu<br \/>\nGoogle Workspacea<\/td>\n<\/tr>\n<tr>\n<td>8. Sigurnost na<br \/>\nInternetu<\/td>\n<td>\u00a0 \u00a0 \u00a0 \u00a0 \u00a010<\/td>\n<td>Modem, router, sigurnosne postavke,<br \/>\niskustva iz prakse, virtualne ma\u0161ine,<br \/>\nMega.nz<\/td>\n<td>Razumijevanje<br \/>\nosnovneinternetske klijent-<br \/>\nserverkomunikacije,<br \/>\nCloud<br \/>\ninfrastruktura,<br \/>\nVPN, Firewall,<br \/>\nDarkWeb, ToR i<br \/>\nsigurnosne<br \/>\npreporuke vezane<br \/>\nuz autentifikaciju<br \/>\n(NIS2 direktiva<br \/>\nEU-a),<br \/>\nrazlikovanje<br \/>\nanonimnosti I<br \/>\nprivatnosti<\/td>\n<\/tr>\n<tr>\n<td>Total<\/td>\n<td>\u00a0 \u00a0 \u00a0 \u00a0 65<\/td>\n<td><\/td>\n<td>Potpuna<br \/>\nosposobljenost za<br \/>\nkori\u0161tenje<br \/>\nnaj\u010de\u0161\u0107ih IT alata<br \/>\nu uredskom<br \/>\nposlovanju<\/td>\n<\/tr>\n<tr>\n<td><\/td>\n<td><\/td>\n<td><\/td>\n<td><\/td>\n<\/tr>\n<\/tbody>\n<\/table>\n<p>&nbsp;<\/p>","protected":false},"excerpt":{"rendered":"<p data-start=\"91\" data-end=\"174\"><strong data-start=\"91\" data-end=\"174\">Program informati\u010dke pismenosti \u2013 operativni sustav, uredske aplikacije i cloud<\/strong><\/p>\n<p data-start=\"176\" data-end=\"627\">Ovaj prakti\u010dni program osposobljavanja vodi polaznike kroz osnove i napredne vje\u0161tine rada na ra\u010dunalu, uklju\u010duju\u0107i Windows\/Linux operativne sustave, uredske aplikacije (Word, Excel, PowerPoint i njihove besplatne alternative) te rad u cloudu kroz Google Workspace alate.<\/p>\n<p data-start=\"629\" data-end=\"812\">Program traje <strong data-start=\"643\" data-end=\"654\">65 sati<\/strong>, a namijenjen je svim uzrastima \u2014 od onih koji tek ulaze u svijet ra\u010dunala do onih koji \u017eele unaprijediti svoje znanje kroz koncept <strong data-start=\"787\" data-end=\"811\">cjelo\u017eivotnog u\u010denja<\/strong>.<\/p>","protected":false},"featured_media":11505,"template":"","meta":{"om_disable_all_campaigns":false,"_monsterinsights_skip_tracking":false,"_monsterinsights_sitenote_active":false,"_monsterinsights_sitenote_note":"","_monsterinsights_sitenote_category":0,"_uf_show_specific_survey":0,"_uf_disable_surveys":false,"h5ap_radio_sources":[]},"product_brand":[],"product_cat":[325],"product_tag":[],"class_list":{"0":"post-11500","1":"product","2":"type-product","3":"status-publish","4":"has-post-thumbnail","6":"product_cat-pte-pripremni-tecaj-engleskog-jezika","8":"entry","9":"has-media","11":"first","12":"instock","13":"shipping-taxable","14":"purchasable","15":"product-type-simple","16":"has-product-nav","17":"col","18":"span_1_of_3","19":"owp-content-center","20":"owp-thumbs-layout-horizontal","21":"owp-btn-big","22":"owp-tabs-layout-section"},"_links":{"self":[{"href":"https:\/\/amorlingua.com\/en\/wp-json\/wp\/v2\/product\/11500","targetHints":{"allow":["GET"]}}],"collection":[{"href":"https:\/\/amorlingua.com\/en\/wp-json\/wp\/v2\/product"}],"about":[{"href":"https:\/\/amorlingua.com\/en\/wp-json\/wp\/v2\/types\/product"}],"wp:featuredmedia":[{"embeddable":true,"href":"https:\/\/amorlingua.com\/en\/wp-json\/wp\/v2\/media\/11505"}],"wp:attachment":[{"href":"https:\/\/amorlingua.com\/en\/wp-json\/wp\/v2\/media?parent=11500"}],"wp:term":[{"taxonomy":"product_brand","embeddable":true,"href":"https:\/\/amorlingua.com\/en\/wp-json\/wp\/v2\/product_brand?post=11500"},{"taxonomy":"product_cat","embeddable":true,"href":"https:\/\/amorlingua.com\/en\/wp-json\/wp\/v2\/product_cat?post=11500"},{"taxonomy":"product_tag","embeddable":true,"href":"https:\/\/amorlingua.com\/en\/wp-json\/wp\/v2\/product_tag?post=11500"}],"curies":[{"name":"wp","href":"https:\/\/api.w.org\/{rel}","templated":true}]}}