{"id":1141,"date":"2020-08-07T12:31:15","date_gmt":"2020-08-07T12:31:15","guid":{"rendered":"https:\/\/www.amorlingua.com\/?post_type=product&#038;p=1141"},"modified":"2025-08-07T13:05:13","modified_gmt":"2025-08-07T13:05:13","slug":"pripremni-ib-program","status":"publish","type":"product","link":"https:\/\/amorlingua.com\/en\/\u0161kola\/pripremni-ib-program\/","title":{"rendered":"IB preparation"},"content":{"rendered":"<div class=\"et_pb_section et_pb_section_3 et_section_regular\">\n<div class=\"et_pb_row et_pb_row_2\">\n<div class=\"et_pb_column et_pb_column_4_4 et_pb_column_4 et_pb_css_mix_blend_mode_passthrough et-last-child\">\n<div class=\"et_pb_module et_pb_text et_pb_text_3 et_pb_bg_layout_light et_pb_text_align_left\">\n<div class=\"et_pb_text_inner\">\n<h2>The preparatory IB program of Amor Lingua College was created for young people between 15-17 years of age who want to improve their skills and prepare for the IB program and IB diploma.<\/h2>\n<p>Age: 15-17 years<\/p>\n<p>Group: maximum 6 students - individualized classes<\/p>\n<p>Trajanje: 2 tjedna (ponedjeljak-petak)<\/p>\n<p>Number of lessons: 25<\/p>\n<p>Academic methodology in high-quality preparation for the IB degree with exceptional and experienced IB professors ensures mastery of the skills required for enrollment in the IB program.<\/p>\n<p>Specialized subjects: English literature, English language, mathematics, art, social and mathematical sciences<\/p>\n<p>Participants will learn more about the Theory of Knowledge (TOK) and how it can be applied in the IB program. Critical thinking and awareness of the international environment are elementary components of this theory.<\/p>\n<p>Creativity, Activity, Service (CAS) enrich this educational experience. CAS enables participants to solve problems in a team, develop new skills and new experience.<\/p>\n<\/div>\n<\/div>\n<p>&nbsp;<\/p>\n<h2>IB program u Oxfordu, UK<\/h2>\n<table width=\"1064\">\n<tbody>\n<tr>\n<td width=\"161\">AGE<\/td>\n<td width=\"576\">15-16 years old<\/td>\n<\/tr>\n<tr>\n<td width=\"161\">English level:<\/td>\n<td width=\"576\">B1 Mid-High (this is a guide, not a minimum requirement)<\/td>\n<\/tr>\n<tr>\n<td width=\"161\">Start dates:<\/td>\n<td width=\"576\">\u00a028 August 2025.\u00a0 &#8211; 3 WEEKS<\/td>\n<\/tr>\n<tr>\n<td width=\"161\">Length:<\/td>\n<td width=\"576\">1, 2 or 3 terms<\/td>\n<\/tr>\n<tr>\n<td width=\"161\">Class size:<\/td>\n<td width=\"576\">Maximum 15 students<\/td>\n<\/tr>\n<tr>\n<td width=\"161\">Lessons:<\/td>\n<td width=\"576\">30 hours of classroom lessons Monday to Friday<\/td>\n<\/tr>\n<tr>\n<td width=\"161\">Lesson length:<\/td>\n<td width=\"576\">55 minutes<\/td>\n<\/tr>\n<tr>\n<td width=\"161\">Course structure:<\/td>\n<td width=\"576\">7 subject areas plus Core Elements<\/td>\n<\/tr>\n<tr>\n<td width=\"161\">Sample timetable<\/td>\n<td width=\"576\"><a href=\"https:\/\/stclares.ac.uk\/app\/uploads\/Pre-IB-Sample-Timetable-2024-25.pdf\" target=\"_blank\" rel=\"noopener\">Pre-IB Sample Timetable<\/a><\/td>\n<\/tr>\n<\/tbody>\n<\/table>\n<div class=\"et_pb_module et_pb_text et_pb_text_3 et_pb_bg_layout_light et_pb_text_align_left\"><\/div>\n<\/div>\n<\/div>\n<\/div>","protected":false},"excerpt":{"rendered":"<p>Pripremni IB program U\u010dili\u0161ta Amor Lingua kreiran je za mlade izme\u0111u 15-17 godina koji \u017eele unaprijediti svoje vje\u0161tine i pripremiti se za IB program i IB diplomu. Uzrast: 15-17 godina Grupa: maksimalno 6 studenata &#8211; individualizirana nastava Trajanje: 2 tjedna (ponedjeljak-petak) Broj lekcija: 25 Akademska metodologija u visokokvalitetnoj pripremi za IB diplomu uz izuzetne i [&hellip;]<\/p>\n","protected":false},"featured_media":529,"template":"","meta":{"om_disable_all_campaigns":false,"_monsterinsights_skip_tracking":false,"_monsterinsights_sitenote_active":false,"_monsterinsights_sitenote_note":"","_monsterinsights_sitenote_category":0,"_uf_show_specific_survey":0,"_uf_disable_surveys":false,"h5ap_radio_sources":[]},"product_brand":[],"product_cat":[30],"product_tag":[203,275,213,276],"class_list":{"0":"post-1141","1":"product","2":"type-product","3":"status-publish","4":"has-post-thumbnail","6":"product_cat-specijalizirani-tecajevi","7":"product_tag-ib","8":"product_tag-ib-program","9":"product_tag-pripremni-tecaj","10":"product_tag-tecaj-za-ib","12":"entry","13":"has-media","15":"first","16":"outofstock","17":"shipping-taxable","18":"purchasable","19":"product-type-variable","20":"has-product-nav","21":"col","22":"span_1_of_3","23":"owp-content-center","24":"owp-thumbs-layout-horizontal","25":"owp-btn-big","26":"owp-tabs-layout-section","27":"has-no-thumbnails"},"_links":{"self":[{"href":"https:\/\/amorlingua.com\/en\/wp-json\/wp\/v2\/product\/1141","targetHints":{"allow":["GET"]}}],"collection":[{"href":"https:\/\/amorlingua.com\/en\/wp-json\/wp\/v2\/product"}],"about":[{"href":"https:\/\/amorlingua.com\/en\/wp-json\/wp\/v2\/types\/product"}],"wp:featuredmedia":[{"embeddable":true,"href":"https:\/\/amorlingua.com\/en\/wp-json\/wp\/v2\/media\/529"}],"wp:attachment":[{"href":"https:\/\/amorlingua.com\/en\/wp-json\/wp\/v2\/media?parent=1141"}],"wp:term":[{"taxonomy":"product_brand","embeddable":true,"href":"https:\/\/amorlingua.com\/en\/wp-json\/wp\/v2\/product_brand?post=1141"},{"taxonomy":"product_cat","embeddable":true,"href":"https:\/\/amorlingua.com\/en\/wp-json\/wp\/v2\/product_cat?post=1141"},{"taxonomy":"product_tag","embeddable":true,"href":"https:\/\/amorlingua.com\/en\/wp-json\/wp\/v2\/product_tag?post=1141"}],"curies":[{"name":"wp","href":"https:\/\/api.w.org\/{rel}","templated":true}]}}