{"id":11382,"date":"2024-11-26T10:31:49","date_gmt":"2024-11-26T10:31:49","guid":{"rendered":"https:\/\/www.amorlingua.com\/?post_type=product&#038;p=11382"},"modified":"2025-09-12T15:04:29","modified_gmt":"2025-09-12T15:04:29","slug":"japanski-jezik-grupa","status":"publish","type":"product","link":"https:\/\/amorlingua.com\/en\/\u0161kola\/japanski-jezik-grupa\/","title":{"rendered":"Japanski jezik"},"content":{"rendered":"<h2>Japanski jezik<\/h2>\n<p>70 sati certificiranog programa s izvanrednim profesorima u malim grupama!<\/p>\n<p><strong>Nau\u010di jedan od najpopularnijih jezika na svijetu \u2013 japanski jezik<\/strong><\/p>\n<p>Nakon \u0161to ste pogledali anime klasike i zavoljeli japansku kinematografiju, osje\u0107ate li da je japanski va\u0161 skriveni talent? Utvrdite nau\u010deno i istra\u017eite nepoznato na U\u010dili\u0161tu Amor Lingua!<\/p>\n<p>Japanski je jedan od najva\u017enijih jezika Azije, s vi\u0161e od 125 milijuna govornika. Koristi se u Japanu, zemlji tehnologije, kulture i inovacija, a njegovo poznavanje otvara vrata brojnim poslovnim i kulturnim prilikama. S razumijevanjem japanskog jezika ne\u0107ete samo pratiti svoje omiljene serije i filmove bez prijevoda, ve\u0107 \u0107ete pove\u0107ati svoje \u0161anse za karijeru u IT sektoru, turizmu i me\u0111unarodnoj trgovini.<\/p>\n<p>Na raspolaganju su vam brojne opcije u\u010denja japanskog jezika: op\u0107i, intenzivni, poslovni, specijalisti\u010dki, konverzacijski&#8230; Ako vam je te\u0161ko procijeniti koji te\u010daj je idealan za va\u0161e potrebe, na\u0161i jezi\u010dni savjetnici pomo\u0107i \u0107e vam u odabiru nakon analize i procjene va\u0161eg znanja i ciljeva.<\/p>\n<p><img fetchpriority=\"high\" decoding=\"async\" class=\"alignnone size-medium wp-image-1582\" src=\"https:\/\/amorlingua.com\/wp-content\/uploads\/2020\/10\/Fotosearch_k26664598-scaled-1-300x200.jpg\" alt=\"\" width=\"300\" height=\"200\" srcset=\"https:\/\/amorlingua.com\/wp-content\/uploads\/2020\/10\/Fotosearch_k26664598-scaled-1-300x200.jpg 300w, https:\/\/amorlingua.com\/wp-content\/uploads\/2020\/10\/Fotosearch_k26664598-scaled-1-1024x683.jpg 1024w, https:\/\/amorlingua.com\/wp-content\/uploads\/2020\/10\/Fotosearch_k26664598-scaled-1-768x512.jpg 768w, https:\/\/amorlingua.com\/wp-content\/uploads\/2020\/10\/Fotosearch_k26664598-scaled-1-1536x1025.jpg 1536w, https:\/\/amorlingua.com\/wp-content\/uploads\/2020\/10\/Fotosearch_k26664598-scaled-1-2048x1366.jpg 2048w, https:\/\/amorlingua.com\/wp-content\/uploads\/2020\/10\/Fotosearch_k26664598-scaled-1-600x400.jpg 600w\" sizes=\"(max-width: 300px) 100vw, 300px\" \/><\/p>\n<p><strong>Te\u010daj japanskog jezika uklju\u010duje:<\/strong><\/p>\n<ul>\n<li>Consulting with a language advisor - analysis of knowledge and goals and program selection<\/li>\n<li>Language testing so that we can place you in the appropriate group<\/li>\n<li>Opportunity to participate in extracurricular activities: Language coffee meetup, literary and film workshops\u2026<\/li>\n<li>Two exam deadlines<\/li>\n<li>Bilingual EU certificate after successfully passing the exam<\/li>\n<\/ul>\n<p><strong>Diplomirani profesori japanskog jezika i knji\u017eevnosti pripremili su nastavni program koji prati CEFR, odnosno ZEROJ (Zajedni\u010dki europski referentni okvir za jezike).<\/strong> According to this framework, we offer courses at all levels of language proficiency:<\/p>\n<p>A1 - Beginner<br \/>\nA2 - Elementary<br \/>\nB1 - Intermediate<br \/>\nB2 - Upper Intermediate<br \/>\nC1 - Advanced<br \/>\nC2 - Proficiency<\/p>\n<p><img decoding=\"async\" class=\"alignnone wp-image-11387 size-medium\" src=\"https:\/\/amorlingua.com\/wp-content\/uploads\/2024\/11\/Japan-2-300x200.jpg\" alt=\"\" width=\"300\" height=\"200\" srcset=\"https:\/\/amorlingua.com\/wp-content\/uploads\/2024\/11\/Japan-2-300x200.jpg 300w, https:\/\/amorlingua.com\/wp-content\/uploads\/2024\/11\/Japan-2-18x12.jpg 18w, https:\/\/amorlingua.com\/wp-content\/uploads\/2024\/11\/Japan-2-600x400.jpg 600w, https:\/\/amorlingua.com\/wp-content\/uploads\/2024\/11\/Japan-2.jpg 612w\" sizes=\"(max-width: 300px) 100vw, 300px\" \/><\/p>\n<p>Zanimljivi ud\u017ebenici i priru\u010dnici, video isje\u010dci, novinski \u010dlanci, pjesme, filmovi, aktualni i doga\u0111aji iz svakodnevnog \u017eivota, japanska kultura i obi\u010daji&#8230;Jezik je vi\u0161e od gramatike i rje\u010dnika!<\/p>\n<p>Male grupe, suvremene metode rada kroz kreativni pristup i interaktivna nastava u\u010denja japanskog jezika kroz razne aktivnosti osiguravaju kvalitetno, brzo i zabavno u\u010denje novog jezika. Strani jezik po\u010dinjete govoriti ve\u0107 od prvog susreta, a svoj napredak mo\u017eete osjetiti ve\u0107 nakon prvog dolaska.<\/p>\n<p>If you are not a beginner and want to enroll in one of the higher levels, you need to pass our classification exam first in order to place you in the appropriate group. The classification exam should not be taken by students who have passed an international exam or a certificate from another school of foreign languages in accordance with European and Croatian standards.<\/p>\n<p><img decoding=\"async\" class=\"alignnone wp-image-11384 size-medium\" src=\"https:\/\/amorlingua.com\/wp-content\/uploads\/2024\/11\/japanski-jezik-300x174.webp\" alt=\"japanski jezik\" width=\"300\" height=\"174\" srcset=\"https:\/\/amorlingua.com\/wp-content\/uploads\/2024\/11\/japanski-jezik-300x174.webp 300w, https:\/\/amorlingua.com\/wp-content\/uploads\/2024\/11\/japanski-jezik-18x10.webp 18w, https:\/\/amorlingua.com\/wp-content\/uploads\/2024\/11\/japanski-jezik.webp 568w\" sizes=\"(max-width: 300px) 100vw, 300px\" \/><\/p>\n<p><strong>College Amor Lingua together with <a href=\"https:\/\/etw.hr\/\" target=\"_blank\" rel=\"noopener\">Educational Travel Worldwide<\/a> agencijom organizira putovanja u Japan kako bi polaznici, osim u\u010denja japanskog jezika, mogli u potpunosti uroniti u japansku kulturu i obi\u010daje.<\/strong> Polaznici na taj na\u010din mogu komunicirati s velikim brojem izvornih govornika, posjetiti lokacije o kojima su u\u010dili na nastavi i upustiti se u japansku avanturu.<\/p>\n<p><strong>Godine iskustva i suradnje sa japanskom vrhunskom \u0161kolom Genki, u centru Japana koji omogu\u0107uje svim na\u0161im polaznicima upis na ljetne kampove, online, op\u0107e i ubrzane te\u010dajeve i akademske pripreme u najboljim jezi\u010dnim centrima u Japanu.<\/strong><\/p>\n<p>Kombinacija u\u010denja japanskog jezika u na\u0161oj \u0161koli i provedenih nekoliko tjedana u Japanu, me\u0111u izvornim govornicima, garantira izvrsno znanje i savr\u0161en izgovor!<\/p>\n<p><img loading=\"lazy\" decoding=\"async\" class=\"alignnone size-medium wp-image-105\" src=\"https:\/\/amorlingua.com\/wp-content\/uploads\/2020\/06\/pexels-photo-761993-209x300.jpeg\" alt=\"engleski jezik - program newborn child\" width=\"209\" height=\"300\" srcset=\"https:\/\/amorlingua.com\/wp-content\/uploads\/2020\/06\/pexels-photo-761993-209x300.jpeg 209w, https:\/\/amorlingua.com\/wp-content\/uploads\/2020\/06\/pexels-photo-761993-600x860.jpeg 600w, https:\/\/amorlingua.com\/wp-content\/uploads\/2020\/06\/pexels-photo-761993-714x1024.jpeg 714w, https:\/\/amorlingua.com\/wp-content\/uploads\/2020\/06\/pexels-photo-761993-768x1101.jpeg 768w, https:\/\/amorlingua.com\/wp-content\/uploads\/2020\/06\/pexels-photo-761993.jpeg 1046w\" sizes=\"(max-width: 209px) 100vw, 209px\" \/><\/p>\n<p>&nbsp;<\/p>\n<table width=\"680\">\n<tbody>\n<tr>\n<td width=\"208\"><strong>Course<\/strong><\/td>\n<td width=\"251\"><strong>Program description<\/strong><\/td>\n<td width=\"103\"><strong>Lessons<\/strong><\/td>\n<td width=\"118\"><strong>Cijena u eurima<\/strong><\/td>\n<\/tr>\n<tr>\n<td width=\"208\"><strong>General course<\/strong><\/td>\n<td width=\"251\">Classics are always in fashion<\/td>\n<td width=\"103\">60\/70 (year)<\/td>\n<td width=\"118\">240\/280<\/td>\n<\/tr>\n<tr>\n<td width=\"208\"><strong>Business course<\/strong><\/td>\n<td width=\"251\">To improve your target language with an emphasis on business vocabulary<\/td>\n<td width=\"103\">60\/70 (year)<\/td>\n<td width=\"118\">270\/305<\/td>\n<\/tr>\n<tr>\n<td width=\"208\"><strong>Intensive (accelerated) course<\/strong><\/td>\n<td width=\"251\">For emergencies, quick learning<\/td>\n<td width=\"103\">40 (2 weeks)<\/td>\n<td width=\"118\">180<\/td>\n<\/tr>\n<tr>\n<td width=\"208\"><strong>Conversation course<\/strong><\/td>\n<td width=\"251\">For the best possible pronunciation and successful learning<\/td>\n<td width=\"103\">60\/70 (year)<\/td>\n<td width=\"118\">240\/280<\/td>\n<\/tr>\n<tr>\n<td width=\"208\"><strong>Online group<\/strong><\/td>\n<td width=\"251\">For distance learning<\/td>\n<td width=\"103\">60\/70 (year)<\/td>\n<td width=\"118\">215<\/td>\n<\/tr>\n<tr>\n<td width=\"208\"><strong>Individual (live or online)<\/strong><\/td>\n<td width=\"251\">For an individual approach<\/td>\n<td width=\"103\">1<\/td>\n<td width=\"118\">18\/h<\/td>\n<\/tr>\n<tr>\n<td width=\"208\"><strong>Individual with native speaker (online)<\/strong><\/td>\n<td width=\"251\">For an individual international approach<\/td>\n<td width=\"103\">1<\/td>\n<td width=\"118\">28\/h<\/td>\n<\/tr>\n<tr>\n<td width=\"208\"><strong>Academic - preparatory for OSD and DAF<\/strong><\/td>\n<td width=\"251\">Za bolju budu\u0107nost, uspje\u0161ne upise na fakultet, srednje \u0161kole\u2026<\/td>\n<td width=\"103\">40 (2 weeks)<\/td>\n<td width=\"118\">2650<\/td>\n<\/tr>\n<tr>\n<td width=\"208\"><strong>Specialized in medical staff<\/strong><\/td>\n<td width=\"251\">For quality medical staff<\/td>\n<td width=\"103\">40 (2 weeks)<\/td>\n<td width=\"118\">355<\/td>\n<\/tr>\n<tr>\n<td width=\"208\"><strong>Specialized in tourism<\/strong><\/td>\n<td width=\"251\">For the most prepared tourism workers<\/td>\n<td width=\"103\">40 (2 weeks)<\/td>\n<td width=\"118\">240<\/td>\n<\/tr>\n<tr>\n<td width=\"208\"><strong>Specialized in catering<\/strong><\/td>\n<td width=\"251\">For the kindest caterers<\/td>\n<td width=\"103\">40 (2 weeks)<\/td>\n<td width=\"118\">240<\/td>\n<\/tr>\n<tr>\n<td width=\"208\"><strong>Taking exams \/ issuing certificates<\/strong><\/td>\n<td width=\"251\">For those who already know<\/td>\n<td width=\"103\">\/<\/td>\n<td width=\"118\">55<\/td>\n<\/tr>\n<\/tbody>\n<\/table>\n<p>&nbsp;<\/p>\n<p>U ponudi tako\u0111er imamo 1 na 1 edukacije po idu\u0107im paketima:<\/p>\n<ul>\n<li><b>Paket\u00a030 sati \u2013 600,00 EUR<br \/>\n<\/b><\/li>\n<li><b>Paket 50 sati \u2013 875,00 EUR<br \/>\n<\/b><\/li>\n<li><b>Paket 70 sati \u2013 1190,00 EUR<\/b><\/li>\n<li><b>Paket 130 sati \u2013 2.080,00 EUR\u00a0<\/b><\/li>\n<\/ul>\n<p>&nbsp;<\/p>\n<p><strong>Before the adventure of learning a language in our college, this is our first lesson:<\/strong><\/p>\n<ul>\n<li>\u3053\u3093\u306b\u3061\u306f! \u2013 Bok! (pri dolasku)<\/li>\n<li>\u3055\u3088\u3046\u306a\u3089! \u2013 Bok! (pri odlasku)<\/li>\n<li>\u304a\u306f\u3088\u3046\u3054\u3056\u3044\u307e\u3059! \u2013 Dobar dan!<\/li>\n<li>\u3053\u3093\u306b\u3061\u306f! \u2013 Dobra ve\u010der!<\/li>\n<li>\u304a\u3084\u3059\u307f\u306a\u3055\u3044! \u2013 Laku no\u0107!<\/li>\n<li>\u307e\u305f\u306d! \u2013 Vidimo se kasnije!<\/li>\n<li>\u3042\u306a\u305f\u306e\u540d\u524d\u306f\u4f55\u3067\u3059\u304b\uff1f \u2013 Kako se zove\u0161?<\/li>\n<li>\u79c1\u306e\u540d\u524d\u306f\u2026.\u3067\u3059\u3002\u2013 Zovem se\u2026.<\/li>\n<li>\u304a\u5143\u6c17\u3067\u3059\u304b\uff1f \u2013 Kako si?<\/li>\n<li>\u3068\u3066\u3082\u5143\u6c17\u3067\u3059\u3002\u2013 Vrlo dobro.<\/li>\n<li>\u3069\u3046\u3082\u3042\u308a\u304c\u3068\u3046\u3054\u3056\u3044\u307e\u3059\u3002\u2013 Puno hvala.<\/li>\n<li>\u3069\u3046\u3044\u305f\u3057\u307e\u3057\u3066\u3002\u2013 Nema na \u010demu.<\/li>\n<li>\u611b\u3057\u3066\u3044\u307e\u3059\u3002\u2013 Volim te.<\/li>\n<li>\u597d\u304d\u3067\u3059\u3002\u2013 Svi\u0111a\u0161 mi se.<\/li>\n<\/ul>\n<p>Kontakt: 099\/303-4232<\/p>\n<p>&nbsp;<\/p>\n<p>&nbsp;<\/p>","protected":false},"excerpt":{"rendered":"<p>Japanski jezik<\/p>\n<p>70 sati certificiranog programa s izvanrednim profesorima u malim grupama!<\/p>\n<p><strong>Nau\u010di jedan od najpopularnijih jezika na svijetu \u2013 japanski jezik<\/strong><\/p>","protected":false},"featured_media":11385,"template":"","meta":{"om_disable_all_campaigns":false,"_monsterinsights_skip_tracking":false,"_monsterinsights_sitenote_active":false,"_monsterinsights_sitenote_note":"","_monsterinsights_sitenote_category":0,"_uf_show_specific_survey":0,"_uf_disable_surveys":false,"h5ap_radio_sources":[]},"product_brand":[],"product_cat":[21],"product_tag":[412,413],"class_list":{"0":"post-11382","1":"product","2":"type-product","3":"status-publish","4":"has-post-thumbnail","6":"product_cat-skola-stranih-jezika","7":"product_tag-japanski","8":"product_tag-japanski-jezik","10":"entry","11":"has-media","13":"first","14":"instock","15":"shipping-taxable","16":"purchasable","17":"product-type-simple","18":"has-product-nav","19":"col","20":"span_1_of_3","21":"owp-content-center","22":"owp-thumbs-layout-horizontal","23":"owp-btn-big","24":"owp-tabs-layout-section"},"_links":{"self":[{"href":"https:\/\/amorlingua.com\/en\/wp-json\/wp\/v2\/product\/11382","targetHints":{"allow":["GET"]}}],"collection":[{"href":"https:\/\/amorlingua.com\/en\/wp-json\/wp\/v2\/product"}],"about":[{"href":"https:\/\/amorlingua.com\/en\/wp-json\/wp\/v2\/types\/product"}],"wp:featuredmedia":[{"embeddable":true,"href":"https:\/\/amorlingua.com\/en\/wp-json\/wp\/v2\/media\/11385"}],"wp:attachment":[{"href":"https:\/\/amorlingua.com\/en\/wp-json\/wp\/v2\/media?parent=11382"}],"wp:term":[{"taxonomy":"product_brand","embeddable":true,"href":"https:\/\/amorlingua.com\/en\/wp-json\/wp\/v2\/product_brand?post=11382"},{"taxonomy":"product_cat","embeddable":true,"href":"https:\/\/amorlingua.com\/en\/wp-json\/wp\/v2\/product_cat?post=11382"},{"taxonomy":"product_tag","embeddable":true,"href":"https:\/\/amorlingua.com\/en\/wp-json\/wp\/v2\/product_tag?post=11382"}],"curies":[{"name":"wp","href":"https:\/\/api.w.org\/{rel}","templated":true}]}}