{"id":11268,"date":"2024-07-29T12:43:49","date_gmt":"2024-07-29T12:43:49","guid":{"rendered":"https:\/\/www.amorlingua.com\/?post_type=product&#038;p=11268"},"modified":"2025-11-21T13:28:32","modified_gmt":"2025-11-21T13:28:32","slug":"spanjolski-jezik-grupa","status":"publish","type":"product","link":"https:\/\/amorlingua.com\/en\/\u0161kola\/spanjolski-jezik-grupa\/","title":{"rendered":"\u0160panjolski jezik &#8211; Grupa- Upisi u tijeku!"},"content":{"rendered":"<h2>Spanish language<\/h2>\n<p>70 sati programa s izvanrednim profesorima u malim grupama!<\/p>\n<h2><strong><a href=\"https:\/\/drive.google.com\/file\/d\/1bPea7nJC3r15gj18tdI9RRudx1w2rFjV\/view?usp=sharing\" target=\"_blank\" rel=\"noopener\">AMOR LINGUA COLLEGE<\/a><\/strong><\/h2>\n<h2><strong>Op\u0107i grupni te\u010daj na razini A1.1-A2.2\/B1.1 po\u010dinje 27.1.2026.\u00a0<\/strong><\/h2>\n<p><strong>Learn the happiest language in the world - Spanish language<\/strong><\/p>\n<p>After watching the Netflix hit series La Casa De Papel and numerous Spanish soap operas, you feel as if spanish is your mother tounge?<\/p>\n<p>\u0160panjolski je tre\u0107i jezik svijeta, nakon engleskog I kineskog. Govori se u \u010dak 44 dr\u017eave, a slu\u017ebeni je u 21 dr\u017eavi. Sa znanjem \u0161panjolskog jezika ne\u0107ete samo razumjeti svoje omiljene serije bez titlova, ve\u0107 \u0107e vam znanje ovog takozvanog \u201cnajsretnijeg\u201d jezika pove\u0107ati \u0161anse za zaposlenje u brojnim podru\u010djima, osobito u turizmu.<\/p>\n<p>There are many Spanish language learning options available to you: general, intensive, business, specialized, conversational\u2026 If you find it difficult to assess which course is ideal for your needs, our language advisors will help you choose after analyzing and assessing your knowledge and goals.<\/p>\n<p><img fetchpriority=\"high\" decoding=\"async\" class=\"alignnone size-medium wp-image-1582\" src=\"https:\/\/amorlingua.com\/wp-content\/uploads\/2020\/10\/Fotosearch_k26664598-scaled-1-300x200.jpg\" alt=\"\" width=\"300\" height=\"200\" srcset=\"https:\/\/amorlingua.com\/wp-content\/uploads\/2020\/10\/Fotosearch_k26664598-scaled-1-300x200.jpg 300w, https:\/\/amorlingua.com\/wp-content\/uploads\/2020\/10\/Fotosearch_k26664598-scaled-1-1024x683.jpg 1024w, https:\/\/amorlingua.com\/wp-content\/uploads\/2020\/10\/Fotosearch_k26664598-scaled-1-768x512.jpg 768w, https:\/\/amorlingua.com\/wp-content\/uploads\/2020\/10\/Fotosearch_k26664598-scaled-1-1536x1025.jpg 1536w, https:\/\/amorlingua.com\/wp-content\/uploads\/2020\/10\/Fotosearch_k26664598-scaled-1-2048x1366.jpg 2048w, https:\/\/amorlingua.com\/wp-content\/uploads\/2020\/10\/Fotosearch_k26664598-scaled-1-600x400.jpg 600w\" sizes=\"(max-width: 300px) 100vw, 300px\" \/><\/p>\n<p><strong>Spanish language course includes:<\/strong><\/p>\n<ul>\n<li>Consulting with a language advisor - analysis of knowledge and goals and program selection<\/li>\n<li>Language testing so that we can place you in the appropriate group<\/li>\n<li>Opportunity to participate in extracurricular activities: Language coffee meetup, literary and film workshops\u2026<\/li>\n<li>Two exam deadlines<\/li>\n<li>Potvrda nakon uspje\u0161no polo\u017eenog ispita<\/li>\n<\/ul>\n<p><strong>Diplomirani profesori \u0161panjolskog jezika i knji\u017eevnosti pripremili su nastavni program koji prati CEFR, odnosno ZEROJ (Zajedni\u010dki europski referentni okvir za jezike).<\/strong> According to this framework, we offer courses at all levels of language proficiency:<\/p>\n<p>A1 - Beginner<br \/>\nA2 - Elementary<br \/>\nB1 - Intermediate<br \/>\nB2 - Upper Intermediate<br \/>\nC1 - Advanced<br \/>\nC2 - Proficiency<\/p>\n<p><img decoding=\"async\" class=\"alignnone size-medium wp-image-540\" src=\"https:\/\/amorlingua.com\/wp-content\/uploads\/2020\/07\/te\u010dajevi-300x200.jpg\" alt=\"\" width=\"300\" height=\"200\" srcset=\"https:\/\/amorlingua.com\/wp-content\/uploads\/2020\/07\/te\u010dajevi-300x200.jpg 300w, https:\/\/amorlingua.com\/wp-content\/uploads\/2020\/07\/te\u010dajevi-600x400.jpg 600w, https:\/\/amorlingua.com\/wp-content\/uploads\/2020\/07\/te\u010dajevi-1024x683.jpg 1024w, https:\/\/amorlingua.com\/wp-content\/uploads\/2020\/07\/te\u010dajevi-768x512.jpg 768w, https:\/\/amorlingua.com\/wp-content\/uploads\/2020\/07\/te\u010dajevi.jpg 1200w\" sizes=\"(max-width: 300px) 100vw, 300px\" \/><\/p>\n<p>Interesting textbooks and manuals, videos, newspaper articles, poems, films, current and everyday events, Spanish culture and customs\u2026 Language is more than grammar and vocabulary!<\/p>\n<p>Small groups, modern methods of work through a creative approach and interactive teaching of Spanish language through various activities ensure quality, fast and fun way of learning a new language. You start speaking a foreign language from the first class, and you can feel your progress during and after the course.<\/p>\n<p>If you are not a beginner and want to enroll in one of the higher levels, you need to pass our classification exam first in order to place you in the appropriate group. The classification exam should not be taken by students who have passed an international exam or a certificate from another school of foreign languages in accordance with European and Croatian standards.<\/p>\n<p><img decoding=\"async\" class=\"alignnone size-medium wp-image-138\" src=\"https:\/\/amorlingua.com\/wp-content\/uploads\/2020\/06\/spain-flag-flutter-spanish-54097-300x225.jpeg\" alt=\"\u0161panjolski jezik\" width=\"300\" height=\"225\" srcset=\"https:\/\/amorlingua.com\/wp-content\/uploads\/2020\/06\/spain-flag-flutter-spanish-54097-300x225.jpeg 300w, https:\/\/amorlingua.com\/wp-content\/uploads\/2020\/06\/spain-flag-flutter-spanish-54097-600x450.jpeg 600w, https:\/\/amorlingua.com\/wp-content\/uploads\/2020\/06\/spain-flag-flutter-spanish-54097-1024x768.jpeg 1024w, https:\/\/amorlingua.com\/wp-content\/uploads\/2020\/06\/spain-flag-flutter-spanish-54097-768x576.jpeg 768w, https:\/\/amorlingua.com\/wp-content\/uploads\/2020\/06\/spain-flag-flutter-spanish-54097-1536x1152.jpeg 1536w, https:\/\/amorlingua.com\/wp-content\/uploads\/2020\/06\/spain-flag-flutter-spanish-54097.jpeg 2000w\" sizes=\"(max-width: 300px) 100vw, 300px\" \/><\/p>\n<p><strong>College Amor Lingua together with <a href=\"https:\/\/etw.hr\/\" target=\"_blank\" rel=\"noopener\">Educational Travel Worldwide<\/a> agency, organizes trips to Spain so that, in addition to learning the Spanish language, students can fully immerse themselves in Spanish culture and customs.<\/strong> In this way, participants can communicate with a large number of native speakers, visit the locations they learned about in class and embark on a Spanish adventure.<\/p>\n<p><strong>Over 25 years of experience and cooperation with high quality schools <a href=\"https:\/\/www.enforex.com\/spain.html\" target=\"_blank\" rel=\"noopener\">Enforex<\/a> and <a href=\"https:\/\/www.donquijote.org\/\" target=\"_blank\" rel=\"noopener\">Don Qujiot<\/a>, with centers in Spain, Argentina, Cuba, Columbia, Mexico... allows all of our students a possibility of enrollment in our summer camps, online, general, and intensive and academic preparations in the best language centers in Spain and Latin America.<\/strong><\/p>\n<p>The combination of learning Spanish at our school and spending few weeks in Spain or Latin America, among native speakers, guarantees excellent knowledge and perfect pronunciation!<\/p>\n<p><img loading=\"lazy\" decoding=\"async\" class=\"alignnone size-medium wp-image-105\" src=\"https:\/\/amorlingua.com\/wp-content\/uploads\/2020\/06\/pexels-photo-761993-209x300.jpeg\" alt=\"engleski jezik - program newborn child\" width=\"209\" height=\"300\" srcset=\"https:\/\/amorlingua.com\/wp-content\/uploads\/2020\/06\/pexels-photo-761993-209x300.jpeg 209w, https:\/\/amorlingua.com\/wp-content\/uploads\/2020\/06\/pexels-photo-761993-600x860.jpeg 600w, https:\/\/amorlingua.com\/wp-content\/uploads\/2020\/06\/pexels-photo-761993-714x1024.jpeg 714w, https:\/\/amorlingua.com\/wp-content\/uploads\/2020\/06\/pexels-photo-761993-768x1101.jpeg 768w, https:\/\/amorlingua.com\/wp-content\/uploads\/2020\/06\/pexels-photo-761993.jpeg 1046w\" sizes=\"(max-width: 209px) 100vw, 209px\" \/><\/p>\n<p><strong>Before the adventure of learning a language in our college, this is our first lesson:<\/strong><\/p>\n<ul>\n<li>\u00a1Hola! \u2013 Bok! (pri dolasku)<\/li>\n<li>\u00a1Adi\u00f3s! \u2013 Bok! (pri odlasku)<\/li>\n<li>\u00a1Buenos d\u00edas! \u2013 Dobar dan!<\/li>\n<li>\u00a1Buenas tardes! \u2013 Dobra ve\u010der!<\/li>\n<li>\u00a1Buenas noches! \u2013 Laku no\u0107!<\/li>\n<li>\u00a1Hasta luego! \u2013 Vidimo se kasnije!<\/li>\n<\/ul>\n<p>&nbsp;<\/p>\n<ul>\n<li>\u00bfC\u00f3mo te llamas? \u2013 Kako se zove\u0161?<\/li>\n<li>Me llamo\u2026. \u2013 Zovem se\u2026.<\/li>\n<li>\u00bfC\u00f3mo est\u00e1s? \u2013 Kako si?<\/li>\n<li>Muy bien. \u2013 Vrlo dobro.<\/li>\n<\/ul>\n<p>&nbsp;<\/p>\n<ul>\n<li>Muchas gracias. \u2013 Puno hvala.De nada. \u2013 Nema na \u010demu.<\/li>\n<li>Te amo. \u2013 Volim te.<\/li>\n<li>Me gustas. \u2013 Svi\u0111a\u0161 mi se.<\/li>\n<\/ul>\n<p>&nbsp;<\/p>\n<p>Kontakt: 099\/303-4232<\/p>","protected":false},"excerpt":{"rendered":"<p>Spanish language<\/p>\n<p>70 sati programa s izvanrednim profesorima u malim grupama!<\/p>\n<p><strong>Learn the happiest language in the world - Spanish language<\/strong><\/p>","protected":false},"featured_media":540,"template":"","meta":{"om_disable_all_campaigns":false,"_monsterinsights_skip_tracking":false,"_monsterinsights_sitenote_active":false,"_monsterinsights_sitenote_note":"","_monsterinsights_sitenote_category":0,"_uf_show_specific_survey":0,"_uf_disable_surveys":false,"h5ap_radio_sources":[]},"product_brand":[],"product_cat":[21],"product_tag":[73,72],"class_list":{"0":"post-11268","1":"product","2":"type-product","3":"status-publish","4":"has-post-thumbnail","6":"product_cat-skola-stranih-jezika","7":"product_tag-spanjolski","8":"product_tag-spanjolski-jezik","10":"entry","11":"has-media","13":"first","14":"instock","15":"shipping-taxable","16":"purchasable","17":"product-type-simple","18":"has-product-nav","19":"col","20":"span_1_of_3","21":"owp-content-center","22":"owp-thumbs-layout-horizontal","23":"owp-btn-big","24":"owp-tabs-layout-section"},"_links":{"self":[{"href":"https:\/\/amorlingua.com\/en\/wp-json\/wp\/v2\/product\/11268","targetHints":{"allow":["GET"]}}],"collection":[{"href":"https:\/\/amorlingua.com\/en\/wp-json\/wp\/v2\/product"}],"about":[{"href":"https:\/\/amorlingua.com\/en\/wp-json\/wp\/v2\/types\/product"}],"wp:featuredmedia":[{"embeddable":true,"href":"https:\/\/amorlingua.com\/en\/wp-json\/wp\/v2\/media\/540"}],"wp:attachment":[{"href":"https:\/\/amorlingua.com\/en\/wp-json\/wp\/v2\/media?parent=11268"}],"wp:term":[{"taxonomy":"product_brand","embeddable":true,"href":"https:\/\/amorlingua.com\/en\/wp-json\/wp\/v2\/product_brand?post=11268"},{"taxonomy":"product_cat","embeddable":true,"href":"https:\/\/amorlingua.com\/en\/wp-json\/wp\/v2\/product_cat?post=11268"},{"taxonomy":"product_tag","embeddable":true,"href":"https:\/\/amorlingua.com\/en\/wp-json\/wp\/v2\/product_tag?post=11268"}],"curies":[{"name":"wp","href":"https:\/\/api.w.org\/{rel}","templated":true}]}}